{"id":277,"date":"2024-05-03T19:52:48","date_gmt":"2024-05-03T22:52:48","guid":{"rendered":"https:\/\/www.usal.edu.ar\/internacional\/?page_id=277"},"modified":"2025-08-21T12:42:11","modified_gmt":"2025-08-21T15:42:11","slug":"aranceles","status":"publish","type":"page","link":"https:\/\/www.usal.edu.ar\/internacional\/estudiantes-usal\/programa-bilateral\/aranceles\/","title":{"rendered":"Aranceles &#8211; Programas (ISEP Y BILATERAL):\u00a0"},"content":{"rendered":"\n<p class=\"has-text-align-center has-secondary-color has-text-color has-link-color wp-elements-104553caa3ca96045f904b7c8589dd31\"><strong>INSCRIPCI\u00d3N (No reembolsable): <\/strong><\/p>\n\n\n\n<div class=\"wp-block-group has-global-padding is-layout-constrained wp-block-group-is-layout-constrained\">\n<p class=\"has-text-align-center\">1\u00b0 semestre 2026: $ARS 36.000<\/p>\n\n\n\n<p class=\"has-text-align-center\">2\u00b0 semestre 2026: $ARS 50.000<\/p>\n\n\n\n<p class=\"has-text-align-center\"><\/p>\n<\/div>\n\n\n\n<div class=\"wp-block-group has-global-padding is-layout-constrained wp-block-group-is-layout-constrained\">\n<p class=\"has-text-align-center\"><strong>ARANCEL DE ESTUDIO:<\/strong> Deber\u00e1 abonar las cuotas de tu carrera durante el tiempo que dure intercambio (febrero a julio \/ agosto a diciembre).<\/p>\n\n\n\n<p class=\"has-text-align-center\"><em><strong>Nota: a los alumnos becados se les suspende el beneficio hasta su regreso.<\/strong><\/em><\/p>\n<\/div>\n\n\n\n<p class=\"has-text-align-center has-secondary-color has-text-color has-link-color wp-elements-100accbb16931b1a1acbc82b2269611d\"><strong>Diferencias entre PROGRAMA ISEP y PROGRAMA BILATERAL:<\/strong><\/p>\n\n\n\n<p><\/p>\n\n\n\n<div class=\"wp-block-group has-global-padding is-layout-constrained wp-block-group-is-layout-constrained\">\n<figure class=\"wp-block-table\"><table class=\"has-border-color has-primary-border-color\" style=\"border-width:1px\"><tbody><tr><td><\/td><td><strong>ISEP<\/strong><\/td><td><strong>BILATERAL<\/strong><\/td><\/tr><tr><td>POSTULACI\u00d3N<\/td><td>USD 550<\/td><td>sin costo<\/td><\/tr><tr><td>ALOJAMIENTO Y COMIDAS<\/td><td>6 pagos de $ 600 USD (2025)<\/td><td>El estudiante afronta los gastos<\/td><\/tr><tr><td>SEGURO M\u00c9DICO<\/td><td>USD $ 29 (por semana)<\/td><td>Contrataci\u00f3n particular*<\/td><\/tr><\/tbody><\/table><\/figure>\n\n\n\n<p class=\"has-text-align-center\">*Debe cubrir evacuaci\u00f3n sanitaria y repatriaci\u00f3n de restos desde el momento de salida hasta el momento de llegada al pa\u00eds.<\/p>\n\n\n\n<p class=\"has-text-align-center\"><em>Nota: Si la universidad de destino exige contratar su seguro m\u00e9dico, el estudiante deber\u00e1 hacerlo.<\/em><\/p>\n<\/div>\n\n\n\n<p><\/p>\n\n\n\n<p class=\"has-text-align-center\"><strong>OTROS GASTOS:<\/strong> Pasajes a\u00e9reos, visa de estudios, libros y material de estudio, transporte, entretenimiento, viajes.<\/p>\n\n\n\n<p><\/p>\n\n\n\n<div class=\"wp-block-group has-global-padding is-layout-constrained wp-block-group-is-layout-constrained\">\n<p class=\"has-text-align-center\">Valores&nbsp;estimativos en concepto del pago de alojamiento y comidas del <strong>Programa Bilateral<\/strong>:<\/p>\n\n\n\n<p class=\"has-text-align-center\">Europa : \u20ac5000 \/ \u20ac6000 por semestre<\/p>\n\n\n\n<p class=\"has-text-align-center\">Estados Unidos: US$7000 por semestre<\/p>\n\n\n\n<p class=\"has-text-align-center\">Canad\u00e1 : US$6000 d\u00f3lares canadienses por semestre<\/p>\n\n\n\n<p class=\"has-text-align-center\">Australia: $9500 d\u00f3lares australianos por semestre<\/p>\n\n\n\n<p class=\"has-text-align-center\">Brasil: US$4000 d\u00f3lares por semestre<\/p>\n<\/div>\n","protected":false},"excerpt":{"rendered":"<p>INSCRIPCI\u00d3N (No reembolsable): 1\u00b0 semestre 2026: $ARS 36.000 2\u00b0 semestre 2026: $ARS 50.000 ARANCEL DE ESTUDIO: Deber\u00e1 abonar las cuotas de tu carrera durante el tiempo que dure intercambio (febrero a julio \/ agosto a diciembre). Nota: a los alumnos becados se les suspende el beneficio hasta su regreso. Diferencias entre PROGRAMA ISEP y PROGRAMA [&hellip;]<\/p>\n","protected":false},"author":5,"featured_media":0,"parent":273,"menu_order":0,"comment_status":"closed","ping_status":"closed","template":"","meta":{"_acf_changed":false,"footnotes":""},"class_list":["post-277","page","type-page","status-publish","hentry"],"acf":[],"_links":{"self":[{"href":"https:\/\/www.usal.edu.ar\/internacional\/wp-json\/wp\/v2\/pages\/277","targetHints":{"allow":["GET"]}}],"collection":[{"href":"https:\/\/www.usal.edu.ar\/internacional\/wp-json\/wp\/v2\/pages"}],"about":[{"href":"https:\/\/www.usal.edu.ar\/internacional\/wp-json\/wp\/v2\/types\/page"}],"author":[{"embeddable":true,"href":"https:\/\/www.usal.edu.ar\/internacional\/wp-json\/wp\/v2\/users\/5"}],"replies":[{"embeddable":true,"href":"https:\/\/www.usal.edu.ar\/internacional\/wp-json\/wp\/v2\/comments?post=277"}],"version-history":[{"count":16,"href":"https:\/\/www.usal.edu.ar\/internacional\/wp-json\/wp\/v2\/pages\/277\/revisions"}],"predecessor-version":[{"id":9283,"href":"https:\/\/www.usal.edu.ar\/internacional\/wp-json\/wp\/v2\/pages\/277\/revisions\/9283"}],"up":[{"embeddable":true,"href":"https:\/\/www.usal.edu.ar\/internacional\/wp-json\/wp\/v2\/pages\/273"}],"wp:attachment":[{"href":"https:\/\/www.usal.edu.ar\/internacional\/wp-json\/wp\/v2\/media?parent=277"}],"curies":[{"name":"wp","href":"https:\/\/api.w.org\/{rel}","templated":true}]}}