{"id":279,"date":"2024-05-03T19:53:05","date_gmt":"2024-05-03T22:53:05","guid":{"rendered":"https:\/\/www.usal.edu.ar\/internacional\/?page_id=279"},"modified":"2026-04-01T16:38:45","modified_gmt":"2026-04-01T19:38:45","slug":"plazos","status":"publish","type":"page","link":"https:\/\/www.usal.edu.ar\/internacional\/estudiantes-usal\/programa-bilateral\/plazos\/","title":{"rendered":"Plazos"},"content":{"rendered":"\n<p>Periodos de inscripci\u00f3n en la DCI por programa:<\/p>\n\n\n\n<div class=\"wp-block-group has-base-background-color has-background has-global-padding is-layout-constrained wp-block-group-is-layout-constrained\" style=\"border-style:none;border-width:0px\">\n<div class=\"wp-block-columns is-layout-flex wp-container-core-columns-is-layout-28f84493 wp-block-columns-is-layout-flex\">\n<div class=\"wp-block-column is-layout-flow wp-block-column-is-layout-flow\" style=\"flex-basis:100%\">\n<figure class=\"wp-block-table is-style-regular\"><table class=\"has-border-color has-secondary-border-color\"><tbody><tr><td><\/td><td><strong>Bilateral &amp; Becas<\/strong><\/td><td><strong>ISEP<\/strong><\/td><\/tr><tr><td><strong>1er semestre 2027<\/strong><\/td><td>15 de julio a 15 de septiembre<\/td><td>15 de mayo a 15 de agosto<\/td><\/tr><tr><td><strong>2do semestre 2027<\/strong><\/td><td>2 de noviembre al 5 de marzo<\/td><td>2 de noviembre al 20 de febrero<\/td><\/tr><\/tbody><\/table><\/figure>\n<\/div>\n<\/div>\n<\/div>\n\n\n\n<p><strong>BECA PITZER COLLEGE <\/strong><\/p>\n\n\n\n<ul class=\"wp-block-list\">\n<li>Inscripciones 1\u00b0 semestre 2027: 15 de mayo 2025 &#8211; 30 de julio 2025<\/li>\n\n\n\n<li>Inscripciones 2\u00b0 semestre 2027: 2 de noviembre 2025 &#8211; 30 de enero 2026<\/li>\n<\/ul>\n\n\n\n<div class=\"wp-block-group has-base-background-color has-background has-global-padding is-layout-constrained wp-block-group-is-layout-constrained\" style=\"border-style:none;border-width:0px\">\n<p><\/p>\n\n\n\n<p class=\"has-text-align-center\">Per\u00edodos de intercambio:<\/p>\n\n\n\n<p class=\"has-text-align-center\">Los meses de inicio y fin de intercambio var\u00edan seg\u00fan la regi\u00f3n, el pa\u00eds y la universidad extranjera.<\/p>\n\n\n\n<p class=\"has-text-align-center\">Las siguientes fechas son estimativas:<\/p>\n<\/div>\n\n\n\n<figure class=\"wp-block-table\"><table class=\"has-border-color has-secondary-border-color\"><tbody><tr><td>Europa<\/td><td>1\u00b0 semestre: enero\/febrero-mayo\/junio.<br>2\u00b0 semestre: septiembre\/octubre-diciembre\/enero.<br><em>Alemania:<br>1\u00b0 semestre: de abril a septiembre.<br>2\u00ba semestre: de octubre a marzo.<\/em><\/td><\/tr><tr><td>Estados Unidos, Canad\u00e1,<br>M\u00e9xico y Asia<\/td><td>1\u00ba semestre: enero\/febrero-mayo\/junio.<br>2\u00ba semestre: septiembre\/octubre-diciembre\/enero.<br><em>Alemania:<br>1\u00ba semestre: de abril a septiembre.<br>2\u00ba semestre: de octubre a marzo.<\/em><\/td><\/tr><tr><td>Brasil<\/td><td>1\u00ba semestre: de marzo a junio.<br>2\u00ba semestre: de agosto a diciembre.<\/td><\/tr><\/tbody><\/table><figcaption class=\"wp-element-caption\">*** En pa\u00edses del hemisferio norte el a\u00f1o acad\u00e9mico es invertido: el 1er semestre comienza en ago\/sept. <\/figcaption><\/figure>\n","protected":false},"excerpt":{"rendered":"<p>Periodos de inscripci\u00f3n en la DCI por programa: Bilateral &amp; Becas ISEP 1er semestre 2027 15 de julio a 15 de septiembre 15 de mayo a 15 de agosto 2do semestre 2027 2 de noviembre al 5 de marzo 2 de noviembre al 20 de febrero BECA PITZER COLLEGE Per\u00edodos de intercambio: Los meses de [&hellip;]<\/p>\n","protected":false},"author":5,"featured_media":0,"parent":273,"menu_order":0,"comment_status":"closed","ping_status":"closed","template":"","meta":{"_acf_changed":false,"footnotes":""},"class_list":["post-279","page","type-page","status-publish","hentry"],"acf":[],"_links":{"self":[{"href":"https:\/\/www.usal.edu.ar\/internacional\/wp-json\/wp\/v2\/pages\/279","targetHints":{"allow":["GET"]}}],"collection":[{"href":"https:\/\/www.usal.edu.ar\/internacional\/wp-json\/wp\/v2\/pages"}],"about":[{"href":"https:\/\/www.usal.edu.ar\/internacional\/wp-json\/wp\/v2\/types\/page"}],"author":[{"embeddable":true,"href":"https:\/\/www.usal.edu.ar\/internacional\/wp-json\/wp\/v2\/users\/5"}],"replies":[{"embeddable":true,"href":"https:\/\/www.usal.edu.ar\/internacional\/wp-json\/wp\/v2\/comments?post=279"}],"version-history":[{"count":17,"href":"https:\/\/www.usal.edu.ar\/internacional\/wp-json\/wp\/v2\/pages\/279\/revisions"}],"predecessor-version":[{"id":15684,"href":"https:\/\/www.usal.edu.ar\/internacional\/wp-json\/wp\/v2\/pages\/279\/revisions\/15684"}],"up":[{"embeddable":true,"href":"https:\/\/www.usal.edu.ar\/internacional\/wp-json\/wp\/v2\/pages\/273"}],"wp:attachment":[{"href":"https:\/\/www.usal.edu.ar\/internacional\/wp-json\/wp\/v2\/media?parent=279"}],"curies":[{"name":"wp","href":"https:\/\/api.w.org\/{rel}","templated":true}]}}