{"id":283,"date":"2024-05-03T19:53:39","date_gmt":"2024-05-03T22:53:39","guid":{"rendered":"https:\/\/www.usal.edu.ar\/internacional\/?page_id=283"},"modified":"2026-04-06T10:42:50","modified_gmt":"2026-04-06T13:42:50","slug":"inscripcion","status":"publish","type":"page","link":"https:\/\/www.usal.edu.ar\/internacional\/estudiantes-usal\/programa-bilateral\/inscripcion\/","title":{"rendered":"Inscripci\u00f3n"},"content":{"rendered":"\n<p><strong>\u00bfComo aplicar a un programa de intercambio?<\/strong><\/p>\n\n\n\n<ol class=\"wp-block-list\">\n<li><strong>Asesorate<\/strong> con la DCI para conocer los programas, las becas, los destinos disponibles de acuerdo con tu \u00e1rea de estudios y los requisitos. Completa el <a href=\"https:\/\/docs.google.com\/forms\/d\/e\/1FAIpQLSdH5QmJ51_UOsJQewBjFYzwBFpviQUo8E8nBC1s94PWLQPz4g\/viewform\" data-type=\"link\" data-id=\"https:\/\/docs.google.com\/forms\/d\/e\/1FAIpQLSdH5QmJ51_UOsJQewBjFYzwBFpviQUo8E8nBC1s94PWLQPz4g\/viewform\">Formulario de Primera Consulta<\/a> con tus datos, y agenda una reuni\u00f3n para asesoramiento personalizado. Comunicate al mail <strong><em>alumnosusal@usal.edu.ar<\/em><\/strong><\/li>\n<\/ol>\n\n\n\n<ol start=\"2\" class=\"wp-block-list\">\n<li><strong>Seleccion\u00e1<\/strong> las universidades de tu inter\u00e9s y reunite con tu <a href=\"https:\/\/www.usal.edu.ar\/internacional\/wp-content\/uploads\/sites\/7\/2026\/04\/Asesores-ACADEMICOS-2026.docx.pdf\" data-type=\"link\" data-id=\"https:\/\/www.usal.edu.ar\/internacional\/wp-content\/uploads\/sites\/7\/2024\/05\/Copia-de-ASESORES-ACADEMICOS-.docx-1.pdf\">asesor acad\u00e9mico<\/a> para que te apruebe la selecci\u00f3n de materias a convalidar.<\/li>\n<\/ol>\n\n\n\n<ol start=\"3\" class=\"wp-block-list\">\n<li><strong>Aplic\u00e1 <\/strong>al intercambio enviando los siguientes documentos a <strong><em>alumnosusal@usal.edu.ar<\/em><\/strong><\/li>\n<\/ol>\n\n\n\n<ul class=\"wp-block-list\">\n<li>PDF de la p\u00e1gina del pasaporte que muestra tu informaci\u00f3n personal y foto<\/li>\n\n\n\n<li>Ultimo comprobante de pago de la cuota de la USAL del mes en curso<\/li>\n\n\n\n<li>CV actualizado<\/li>\n\n\n\n<li>Carta de motivaci\u00f3n<\/li>\n\n\n\n<li>Listado de tres o cuatro universidades seleccionadas<\/li>\n\n\n\n<li>Certificaci\u00f3n de nivel de idioma* (en caso de ser requerido)<\/li>\n<\/ul>\n\n\n\n<p>*Las certificaciones de idioma y el puntaje m\u00ednimo requerido est\u00e1n sujetos a los requisitos de admisi\u00f3n de la universidad de destino.<\/p>\n\n\n\n<ol start=\"4\" class=\"wp-block-list\">\n<li><strong>Aguard\u00e1<\/strong> la comunicaci\u00f3n por parte de la DCI con resultado de la selecci\u00f3n.<\/li>\n<\/ol>\n\n\n\n<div class=\"wp-block-cover\" style=\"min-height:211px;aspect-ratio:unset;\"><img loading=\"lazy\" decoding=\"async\" width=\"1439\" height=\"378\" class=\"wp-block-cover__image-background wp-image-97\" alt=\"\" src=\"https:\/\/www.usal.edu.ar\/internacional\/wp-content\/uploads\/sites\/7\/2024\/02\/Group-16.png\" data-object-fit=\"cover\" srcset=\"https:\/\/www.usal.edu.ar\/internacional\/wp-content\/uploads\/sites\/7\/2024\/02\/Group-16.png 1439w, https:\/\/www.usal.edu.ar\/internacional\/wp-content\/uploads\/sites\/7\/2024\/02\/Group-16-300x79.png 300w, https:\/\/www.usal.edu.ar\/internacional\/wp-content\/uploads\/sites\/7\/2024\/02\/Group-16-1024x269.png 1024w, https:\/\/www.usal.edu.ar\/internacional\/wp-content\/uploads\/sites\/7\/2024\/02\/Group-16-768x202.png 768w\" sizes=\"auto, (max-width: 1439px) 100vw, 1439px\" \/><span aria-hidden=\"true\" class=\"wp-block-cover__background has-background-dim\"><\/span><div class=\"wp-block-cover__inner-container is-layout-flow wp-block-cover-is-layout-flow\">\n<p class=\"has-text-align-center has-base-color has-text-color has-link-color has-x-large-font-size wp-elements-ea67ab7db681badd58db08246d0eed43\"><a href=\"https:\/\/calendar.google.com\/calendar\/u\/0\/appointments\/schedules\/AcZssZ2Ms3oES7n3Va9xubKksOjRyHlBozupQsMI7m7JDexJkV7y-N6CI13D_DpXYwrbQUKck4ZbVRUM\" data-type=\"link\" data-id=\"https:\/\/calendar.google.com\/calendar\/u\/0\/appointments\/schedules\/AcZssZ2Ms3oES7n3Va9xubKksOjRyHlBozupQsMI7m7JDexJkV7y-N6CI13D_DpXYwrbQUKck4ZbVRUM\"><strong>Reserva tu cita de primera consulta<\/strong><\/a><\/p>\n<\/div><\/div>\n","protected":false},"excerpt":{"rendered":"<p>\u00bfComo aplicar a un programa de intercambio? *Las certificaciones de idioma y el puntaje m\u00ednimo requerido est\u00e1n sujetos a los requisitos de admisi\u00f3n de la universidad de destino.<\/p>\n","protected":false},"author":5,"featured_media":0,"parent":273,"menu_order":0,"comment_status":"closed","ping_status":"closed","template":"","meta":{"_acf_changed":false,"footnotes":""},"class_list":["post-283","page","type-page","status-publish","hentry"],"acf":[],"_links":{"self":[{"href":"https:\/\/www.usal.edu.ar\/internacional\/wp-json\/wp\/v2\/pages\/283","targetHints":{"allow":["GET"]}}],"collection":[{"href":"https:\/\/www.usal.edu.ar\/internacional\/wp-json\/wp\/v2\/pages"}],"about":[{"href":"https:\/\/www.usal.edu.ar\/internacional\/wp-json\/wp\/v2\/types\/page"}],"author":[{"embeddable":true,"href":"https:\/\/www.usal.edu.ar\/internacional\/wp-json\/wp\/v2\/users\/5"}],"replies":[{"embeddable":true,"href":"https:\/\/www.usal.edu.ar\/internacional\/wp-json\/wp\/v2\/comments?post=283"}],"version-history":[{"count":6,"href":"https:\/\/www.usal.edu.ar\/internacional\/wp-json\/wp\/v2\/pages\/283\/revisions"}],"predecessor-version":[{"id":15732,"href":"https:\/\/www.usal.edu.ar\/internacional\/wp-json\/wp\/v2\/pages\/283\/revisions\/15732"}],"up":[{"embeddable":true,"href":"https:\/\/www.usal.edu.ar\/internacional\/wp-json\/wp\/v2\/pages\/273"}],"wp:attachment":[{"href":"https:\/\/www.usal.edu.ar\/internacional\/wp-json\/wp\/v2\/media?parent=283"}],"curies":[{"name":"wp","href":"https:\/\/api.w.org\/{rel}","templated":true}]}}