{"id":285,"date":"2024-05-03T19:54:35","date_gmt":"2024-05-03T22:54:35","guid":{"rendered":"https:\/\/www.usal.edu.ar\/internacional\/?page_id=285"},"modified":"2024-05-28T11:51:29","modified_gmt":"2024-05-28T14:51:29","slug":"seleccion-de-candidatos","status":"publish","type":"page","link":"https:\/\/www.usal.edu.ar\/internacional\/estudiantes-usal\/programa-bilateral\/seleccion-de-candidatos\/","title":{"rendered":"Selecci\u00f3n de candidatos"},"content":{"rendered":"\n<p class=\"has-text-align-center\">Finalizado el plazo de inscripci\u00f3n, se evaluar\u00e1 si est\u00e1s en condiciones de ser postulado en base a tu perfil acad\u00e9mico, a\u00f1o de carrera, nivel de idioma extranjero que acredites, motivaci\u00f3n, aptitudes y compromiso durante el proceso, entre otros aspectos. En todos los casos, <strong>la asignaci\u00f3n de vacantes quedar\u00e1 supeditada a las plazas disponibles en la universidad de destino.\u00a0<\/strong><\/p>\n\n\n\n<p class=\"has-text-align-center\">En funci\u00f3n de los resultados obtenidos, la DCI te comunicar\u00e1 que has sido seleccionado como candidato\/a para realizar un intercambio en una de tus tres\/cuatro universidades preseleccionadas. En ese momento tendr\u00e1s la posibilidad de <strong>aceptar o rechazar la oferta.<\/strong><\/p>\n\n\n\n<p class=\"has-text-align-center\"> Nota: el otorgamiento de la plaza en competencia es decisi\u00f3n final y exclusiva del comit\u00e9 de selecci\u00f3n.<\/p>\n","protected":false},"excerpt":{"rendered":"<p>Finalizado el plazo de inscripci\u00f3n, se evaluar\u00e1 si est\u00e1s en condiciones de ser postulado en base a tu perfil acad\u00e9mico, a\u00f1o de carrera, nivel de idioma extranjero que acredites, motivaci\u00f3n, aptitudes y compromiso durante el proceso, entre otros aspectos. En todos los casos, la asignaci\u00f3n de vacantes quedar\u00e1 supeditada a las plazas disponibles en la [&hellip;]<\/p>\n","protected":false},"author":5,"featured_media":0,"parent":273,"menu_order":0,"comment_status":"closed","ping_status":"closed","template":"","meta":{"_acf_changed":false,"footnotes":""},"class_list":["post-285","page","type-page","status-publish","hentry"],"acf":[],"_links":{"self":[{"href":"https:\/\/www.usal.edu.ar\/internacional\/wp-json\/wp\/v2\/pages\/285","targetHints":{"allow":["GET"]}}],"collection":[{"href":"https:\/\/www.usal.edu.ar\/internacional\/wp-json\/wp\/v2\/pages"}],"about":[{"href":"https:\/\/www.usal.edu.ar\/internacional\/wp-json\/wp\/v2\/types\/page"}],"author":[{"embeddable":true,"href":"https:\/\/www.usal.edu.ar\/internacional\/wp-json\/wp\/v2\/users\/5"}],"replies":[{"embeddable":true,"href":"https:\/\/www.usal.edu.ar\/internacional\/wp-json\/wp\/v2\/comments?post=285"}],"version-history":[{"count":4,"href":"https:\/\/www.usal.edu.ar\/internacional\/wp-json\/wp\/v2\/pages\/285\/revisions"}],"predecessor-version":[{"id":1908,"href":"https:\/\/www.usal.edu.ar\/internacional\/wp-json\/wp\/v2\/pages\/285\/revisions\/1908"}],"up":[{"embeddable":true,"href":"https:\/\/www.usal.edu.ar\/internacional\/wp-json\/wp\/v2\/pages\/273"}],"wp:attachment":[{"href":"https:\/\/www.usal.edu.ar\/internacional\/wp-json\/wp\/v2\/media?parent=285"}],"curies":[{"name":"wp","href":"https:\/\/api.w.org\/{rel}","templated":true}]}}