{"id":287,"date":"2024-05-10T17:36:48","date_gmt":"2024-05-10T20:36:48","guid":{"rendered":"https:\/\/www.usal.edu.ar\/internacional\/?page_id=287"},"modified":"2024-05-23T16:21:39","modified_gmt":"2024-05-23T19:21:39","slug":"postulacion","status":"publish","type":"page","link":"https:\/\/www.usal.edu.ar\/internacional\/estudiantes-usal\/programa-bilateral\/postulacion\/","title":{"rendered":"Postulaci\u00f3n"},"content":{"rendered":"\n<p>\u00bfComo aplicar a un programa de intercambio, becas, rotaciones, etc.?&nbsp;<\/p>\n\n\n\n<ol class=\"wp-block-list\">\n<li>Asesorate con la DCI para saber los diferentes programas, las becas, los pa\u00edses disponibles para tu carrera y los requisitos. Comun\u00edcate al mail <a href=\"mailto:alumnosusal@usal.edu.ar\">alumnosusal@usal.edu.ar<\/a>, o al n\u00famero&nbsp; (54-11)&nbsp; 2821-1404&nbsp; (int. 2343\/2345)&nbsp;<\/li>\n<\/ol>\n\n\n\n<ol class=\"wp-block-list\" start=\"2\">\n<li>Selecciona las universidades de tu inter\u00e9s e investiga sus planes de estudio. Luego, reunite con tu <a href=\"https:\/\/www.usal.edu.ar\/internacional\/wp-content\/uploads\/sites\/7\/2024\/05\/Copia-de-ASESORES-ACADEMICOS-.docx-1.pdf\" data-type=\"link\" data-id=\"https:\/\/www.usal.edu.ar\/internacional\/wp-content\/uploads\/sites\/7\/2024\/05\/Copia-de-ASESORES-ACADEMICOS-.docx-1.pdf\">asesor acad\u00e9mico<\/a> para que te apruebe la selecci\u00f3n de materias a convalidar.<\/li>\n<\/ol>\n\n\n\n<ol class=\"wp-block-list\" start=\"3\">\n<li>Aplica al intercambio: env\u00eda los siguientes documentos en los plazos acordes a nuestro mail:<\/li>\n<\/ol>\n\n\n\n<ul class=\"wp-block-list\">\n<li>Foto de la primera p\u00e1gina de tu pasaporte<\/li>\n\n\n\n<li>Recibo de pago de la \u00faltima cuota de la USAL.<\/li>\n\n\n\n<li>CV<\/li>\n\n\n\n<li>Carta de motivaci\u00f3n<\/li>\n\n\n\n<li>Listado de universidades seleccionadas<\/li>\n\n\n\n<li>Certificado internacional de idioma (en caso necesario)*<\/li>\n<\/ul>\n\n\n\n<p>*Los ex\u00e1menes internacionales de idioma y el puntaje est\u00e1n sujetos a los requisitos de admisi\u00f3n de la universidad de inter\u00e9s del alumno.<\/p>\n\n\n\n<ol class=\"wp-block-list\" start=\"4\">\n<li>Aguarda el resultado de la selecci\u00f3n de parte de la DCI y la respuesta de la universidad en la que quedaste seleccionado.<\/li>\n<\/ol>\n","protected":false},"excerpt":{"rendered":"<p>\u00bfComo aplicar a un programa de intercambio, becas, rotaciones, etc.?&nbsp; *Los ex\u00e1menes internacionales de idioma y el puntaje est\u00e1n sujetos a los requisitos de admisi\u00f3n de la universidad de inter\u00e9s del alumno.<\/p>\n","protected":false},"author":5,"featured_media":0,"parent":273,"menu_order":0,"comment_status":"closed","ping_status":"closed","template":"","meta":{"_acf_changed":false,"footnotes":""},"class_list":["post-287","page","type-page","status-publish","hentry"],"acf":[],"_links":{"self":[{"href":"https:\/\/www.usal.edu.ar\/internacional\/wp-json\/wp\/v2\/pages\/287","targetHints":{"allow":["GET"]}}],"collection":[{"href":"https:\/\/www.usal.edu.ar\/internacional\/wp-json\/wp\/v2\/pages"}],"about":[{"href":"https:\/\/www.usal.edu.ar\/internacional\/wp-json\/wp\/v2\/types\/page"}],"author":[{"embeddable":true,"href":"https:\/\/www.usal.edu.ar\/internacional\/wp-json\/wp\/v2\/users\/5"}],"replies":[{"embeddable":true,"href":"https:\/\/www.usal.edu.ar\/internacional\/wp-json\/wp\/v2\/comments?post=287"}],"version-history":[{"count":3,"href":"https:\/\/www.usal.edu.ar\/internacional\/wp-json\/wp\/v2\/pages\/287\/revisions"}],"predecessor-version":[{"id":1806,"href":"https:\/\/www.usal.edu.ar\/internacional\/wp-json\/wp\/v2\/pages\/287\/revisions\/1806"}],"up":[{"embeddable":true,"href":"https:\/\/www.usal.edu.ar\/internacional\/wp-json\/wp\/v2\/pages\/273"}],"wp:attachment":[{"href":"https:\/\/www.usal.edu.ar\/internacional\/wp-json\/wp\/v2\/media?parent=287"}],"curies":[{"name":"wp","href":"https:\/\/api.w.org\/{rel}","templated":true}]}}