{"id":289,"date":"2024-05-10T17:36:48","date_gmt":"2024-05-10T20:36:48","guid":{"rendered":"https:\/\/www.usal.edu.ar\/internacional\/?page_id=289"},"modified":"2024-05-14T16:25:08","modified_gmt":"2024-05-14T19:25:08","slug":"pasaporte-visa-y-seguro-medico","status":"publish","type":"page","link":"https:\/\/www.usal.edu.ar\/internacional\/estudiantes-usal\/programa-bilateral\/pasaporte-visa-y-seguro-medico\/","title":{"rendered":"Pasaporte, visa y seguro m\u00e9dico"},"content":{"rendered":"\n<h4 class=\"wp-block-heading\"><strong>\u00bfTengo que realizar alg\u00fan tr\u00e1mite mientras aguardo?<\/strong><\/h4>\n\n\n\n<p>S\u00ed, en esta instancia deber\u00e1s prestar especial atenci\u00f3n a los siguientes temas:<\/p>\n\n\n\n<div class=\"wp-block-group has-global-padding is-layout-constrained wp-container-core-group-is-layout-e6038ede wp-block-group-is-layout-constrained\" style=\"padding-top:var(--wp--preset--spacing--30);padding-bottom:var(--wp--preset--spacing--30)\">\n<div id=\"titulo-expansible-ejemplo-1\" class=\"wp-block-group collapsible is-content-justification-left is-nowrap is-layout-flex wp-container-core-group-is-layout-2bddc4e0 wp-block-group-is-layout-flex\" style=\"border-bottom-color:var(--wp--preset--color--primary);border-bottom-width:3px;padding-top:10px;padding-right:10px;padding-bottom:10px;padding-left:10px\">\n<h5 class=\"wp-block-heading wp-container-content-9cfa9a5a\">Pasaporte<\/h5>\n<\/div>\n\n\n\n<div class=\"wp-block-group has-global-padding is-layout-constrained wp-block-group-is-layout-constrained\">\n<p>Verificar que tu pasaporte est\u00e9 vigente durante todo el tiempo que te encuentres realizando el intercambio. Aseg\u00farate que el pasaporte no tenga un plazo de vencimiento inferior a los seis meses desde el momento de tu regreso). Si estuvieras pensando en permanecer m\u00e1s tiempo luego del t\u00e9rmino de las clases, tambi\u00e9n deber\u00e1s considerar los plazos permitidos por la legislaci\u00f3n migratoria correspondiente.<\/p>\n\n\n\n<p>\u00bfViaj\u00e1s con pasaporte de otra nacionalidad?&nbsp;<\/p>\n\n\n\n<p>\u25baConfirm\u00e1 que el pasaporte est\u00e9 vigente por el periodo completo de intercambio.<\/p>\n\n\n\n<p>\u25baConfirm\u00e1 en el Consulado que corresponda si con dicho pasaporte se requiere o no una visa especial de estudiante.<\/p>\n\n\n\n<p>\u25baInformate en el Consulado que corresponde sobre los tr\u00e1mites que deber\u00e1s realizar al llegar al pa\u00eds de destino, si fuera el caso. (Por ejemplo: tr\u00e1mite de residencia).<\/p>\n<\/div>\n\n\n\n<div id=\"titulo-expansible-ejemplo-2\" class=\"wp-block-group collapsible is-content-justification-left is-nowrap is-layout-flex wp-container-core-group-is-layout-2bddc4e0 wp-block-group-is-layout-flex\" style=\"border-bottom-color:var(--wp--preset--color--primary);border-bottom-width:3px;padding-top:10px;padding-right:10px;padding-bottom:10px;padding-left:10px\">\n<h5 class=\"wp-block-heading wp-container-content-9cfa9a5a\">Visa<\/h5>\n<\/div>\n\n\n\n<div class=\"wp-block-group has-global-padding is-layout-constrained wp-block-group-is-layout-constrained\">\n<p>Deber\u00e1s comunicarte con el&nbsp;Consulado&nbsp;del pa\u00eds donde realizar\u00e1s tu intercambio e informarte respecto de la&nbsp;visa de estudiante&nbsp;que tendr\u00e1s que tramitar. Comenz\u00e1 a reunir la documentaci\u00f3n que te ser\u00e1 requerida para la obtenci\u00f3n de la visa o permiso de residencia (fotos, certificado de nacimiento, cuentas bancarias, carta de aceptaci\u00f3n de la Universidad, etc.).<\/p>\n\n\n\n<p><strong><em>El tr\u00e1mite para la obtenci\u00f3n de la visa es personal e indelegable.<\/em><\/strong><\/p>\n\n\n\n<p>Nota: un sitio \u00fatil para encontrar la localizaci\u00f3n de las representaciones consulares instaladas en la Argentina es&nbsp;<a href=\"https:\/\/www.cancilleria.gob.ar\/representaciones-extranjeras\" target=\"_blank\" rel=\"noreferrer noopener\">https:\/\/www.cancilleria.gob.ar\/es\/representaciones<\/a>.<\/p>\n\n\n\n<p><strong>Situaciones posibles:<\/strong><\/p>\n\n\n\n<p>\u25cf Algunas universidades demoran la entrega de la carta oficial de aceptaci\u00f3n por correo postal o la env\u00edan exclusivamente por correo electr\u00f3nico. Puede servir averiguar si es posible iniciar el tr\u00e1mite de visa con una copia.<\/p>\n\n\n\n<p>\u25cf Algunos consulados requieren tr\u00e1mites adicionales, por ejemplo: legalizaci\u00f3n del Ministerio de Educaci\u00f3n y por el de Relaciones Exteriores de ciertos documentos; presentaci\u00f3n de la copia del convenio de la USAL con la Universidad extranjera, etc. Es conveniente asesorarte si \u00e9ste es su caso.<\/p>\n<\/div>\n\n\n\n<div id=\"titulo-expansible-ejemplo-3\" class=\"wp-block-group collapsible is-content-justification-left is-nowrap is-layout-flex wp-container-core-group-is-layout-2bddc4e0 wp-block-group-is-layout-flex\" style=\"border-bottom-color:var(--wp--preset--color--primary);border-bottom-width:3px;padding-top:10px;padding-right:10px;padding-bottom:10px;padding-left:10px\">\n<h5 class=\"wp-block-heading wp-container-content-9cfa9a5a\">Seguro m\u00e9dico<\/h5>\n<\/div>\n\n\n\n<div class=\"wp-block-group has-global-padding is-layout-constrained wp-block-group-is-layout-constrained\">\n<p>Como alumno\/a de intercambio deber\u00e1s contratar un seguro m\u00e9dico de cobertura internacional cuyas prestaciones se extiendan desde el momento en el que inicies tu intercambio hasta tu regreso. Este deber\u00e1 incluir evacuaci\u00f3n m\u00e9dica y repatriaci\u00f3n. En forma adicional, deber\u00e1s contratar el seguro m\u00e9dico de la universidad anfitriona o programa si \u00e9sta lo requiriera (es fundamental confirmar si la universidad exigir\u00e1 la contrataci\u00f3n de un seguro espec\u00edfico adem\u00e1s del internacional).<\/p>\n\n\n\n<p>Te recomendamos informarte sobre los tipos de cobertura m\u00e9dica internacional, fechas l\u00edmite de contrataci\u00f3n, costos y modos de pago.<\/p>\n<\/div>\n<\/div>\n\n\n\n<p><\/p>\n","protected":false},"excerpt":{"rendered":"<p>\u00bfTengo que realizar alg\u00fan tr\u00e1mite mientras aguardo? S\u00ed, en esta instancia deber\u00e1s prestar especial atenci\u00f3n a los siguientes temas: Pasaporte Verificar que tu pasaporte est\u00e9 vigente durante todo el tiempo que te encuentres realizando el intercambio. Aseg\u00farate que el pasaporte no tenga un plazo de vencimiento inferior a los seis meses desde el momento de [&hellip;]<\/p>\n","protected":false},"author":5,"featured_media":0,"parent":273,"menu_order":0,"comment_status":"closed","ping_status":"closed","template":"","meta":{"_acf_changed":false,"footnotes":""},"class_list":["post-289","page","type-page","status-publish","hentry"],"acf":[],"_links":{"self":[{"href":"https:\/\/www.usal.edu.ar\/internacional\/wp-json\/wp\/v2\/pages\/289","targetHints":{"allow":["GET"]}}],"collection":[{"href":"https:\/\/www.usal.edu.ar\/internacional\/wp-json\/wp\/v2\/pages"}],"about":[{"href":"https:\/\/www.usal.edu.ar\/internacional\/wp-json\/wp\/v2\/types\/page"}],"author":[{"embeddable":true,"href":"https:\/\/www.usal.edu.ar\/internacional\/wp-json\/wp\/v2\/users\/5"}],"replies":[{"embeddable":true,"href":"https:\/\/www.usal.edu.ar\/internacional\/wp-json\/wp\/v2\/comments?post=289"}],"version-history":[{"count":6,"href":"https:\/\/www.usal.edu.ar\/internacional\/wp-json\/wp\/v2\/pages\/289\/revisions"}],"predecessor-version":[{"id":1102,"href":"https:\/\/www.usal.edu.ar\/internacional\/wp-json\/wp\/v2\/pages\/289\/revisions\/1102"}],"up":[{"embeddable":true,"href":"https:\/\/www.usal.edu.ar\/internacional\/wp-json\/wp\/v2\/pages\/273"}],"wp:attachment":[{"href":"https:\/\/www.usal.edu.ar\/internacional\/wp-json\/wp\/v2\/media?parent=289"}],"curies":[{"name":"wp","href":"https:\/\/api.w.org\/{rel}","templated":true}]}}