{"id":291,"date":"2024-05-10T17:36:48","date_gmt":"2024-05-10T20:36:48","guid":{"rendered":"https:\/\/www.usal.edu.ar\/internacional\/?page_id=291"},"modified":"2024-05-14T16:43:11","modified_gmt":"2024-05-14T19:43:11","slug":"durante-mi-intercambio","status":"publish","type":"page","link":"https:\/\/www.usal.edu.ar\/internacional\/estudiantes-usal\/programa-bilateral\/durante-mi-intercambio\/","title":{"rendered":"Durante mi intercambio"},"content":{"rendered":"\n<p>Una vez en la universidad anfitriona, deber\u00e1s prestar especial atenci\u00f3n a las siguientes recomendaciones:<\/p>\n\n\n\n<div class=\"wp-block-group has-global-padding is-layout-constrained wp-block-group-is-layout-constrained\">\n<div class=\"wp-block-group has-global-padding is-layout-constrained wp-container-core-group-is-layout-e6038ede wp-block-group-is-layout-constrained\" style=\"padding-top:var(--wp--preset--spacing--30);padding-bottom:var(--wp--preset--spacing--30)\">\n<div id=\"titulo-expansible-ejemplo-1\" class=\"wp-block-group collapsible is-content-justification-left is-nowrap is-layout-flex wp-container-core-group-is-layout-2bddc4e0 wp-block-group-is-layout-flex\" style=\"border-bottom-color:var(--wp--preset--color--primary);border-bottom-width:3px;padding-top:10px;padding-right:10px;padding-bottom:10px;padding-left:10px\">\n<h5 class=\"wp-block-heading wp-container-content-9cfa9a5a\">Comunicaci\u00f3n regular<\/h5>\n<\/div>\n\n\n\n<div class=\"wp-block-group has-global-padding is-layout-constrained wp-block-group-is-layout-constrained\">\n<p>Manten\u00e9 una comunicaci\u00f3n fluida durante el intercambio con tu familia, amigos\/as, el coordinador\/a anfitri\u00f3n\/a y con el asesor\/a de tu facultad USAL*.<\/p>\n\n\n\n<p>Averigu\u00e1 c\u00f3mo obtener tarjetas telef\u00f3nicas prepagas. Otra alternativa es contratar un servicio de telefon\u00eda m\u00f3vil.<\/p>\n\n\n\n<p><em>Cuando llegues a la universidad anfitriona, deber\u00e1s enviar un email al asesor\/a de la DCI con quien hubieras seguido todo el proceso de intercambio, informando tu direcci\u00f3n, tu n\u00famero telef\u00f3nico y tu correo electr\u00f3nico en caso de que habilites una nueva cuenta. Siempre podr\u00e1s contactarte con nosotros\/as, a trav\u00e9s del correo alumnosusal@usal.edu.ar<\/em><\/p>\n\n\n\n<p>*Podr\u00e1s contactarlo\/a en el caso de presentarse cambios en la selecci\u00f3n de materias que hubieras hecho en Buenos Aires con anterioridad<\/p>\n<\/div>\n\n\n\n<div id=\"titulo-expansible-ejemplo-2\" class=\"wp-block-group collapsible is-content-justification-left is-nowrap is-layout-flex wp-container-core-group-is-layout-2bddc4e0 wp-block-group-is-layout-flex\" style=\"border-bottom-color:var(--wp--preset--color--primary);border-bottom-width:3px;padding-top:10px;padding-right:10px;padding-bottom:10px;padding-left:10px\">\n<h5 class=\"wp-block-heading wp-container-content-9cfa9a5a\">Documentaci\u00f3n<\/h5>\n<\/div>\n\n\n\n<div class=\"wp-block-group has-global-padding is-layout-constrained wp-block-group-is-layout-constrained\">\n<p>Asesorate sobre la obtenci\u00f3n de los siguientes documentos fundamentales:<\/p>\n\n\n\n<p>Programa de las materias aprobadas (en hoja con membrete de la universidad anfitriona). Deber\u00e1 incluir la cantidad de horas semanales, la bibliograf\u00eda, la forma de evaluaci\u00f3n y toda aquella informaci\u00f3n que se solicite en tu Facultad. Deber\u00e1 estar firmado por el profesor\/a titular de la c\u00e1tedra o autoridad correspondiente; su obtenci\u00f3n es posible \u00fanicamente durante el periodo de intercambio.<\/p>\n\n\n\n<p>Certificado anal\u00edtico de calificaciones, que se env\u00eda a la Direcci\u00f3n de Cooperaci\u00f3n Internacional. Te sugerimos que, durante tu intercambio, confirmes con el coordinador\/a anfitri\u00f3n\/a si deber\u00e1s hacer alg\u00fan tr\u00e1mite para el env\u00edo del mencionado documento.<\/p>\n\n\n\n<p><em>Nota: ambos documentos te ser\u00e1n solicitados por la Facultad ante el pedido formal que hicieras para obtener equivalencias.&nbsp;<\/em><\/p>\n<\/div>\n\n\n\n<div id=\"titulo-expansible-ejemplo-3\" class=\"wp-block-group collapsible is-content-justification-left is-nowrap is-layout-flex wp-container-core-group-is-layout-2bddc4e0 wp-block-group-is-layout-flex\" style=\"border-bottom-color:var(--wp--preset--color--primary);border-bottom-width:3px;padding-top:10px;padding-right:10px;padding-bottom:10px;padding-left:10px\">\n<h5 class=\"wp-block-heading wp-container-content-9cfa9a5a\">Vacaciones y viajes<\/h5>\n<\/div>\n\n\n\n<div class=\"wp-block-group has-global-padding is-layout-constrained wp-block-group-is-layout-constrained\">\n<p>Informate con el coordinador\/a en la universidad destino si es necesario completar alg\u00fan formulario o realizar alg\u00fan tr\u00e1mite antes de salir de viaje.<\/p>\n\n\n\n<p>Si tuvieras pensado viajar una vez finalizado tu intercambio, ten\u00e9 presente la fecha de vencimiento de tu visa, de tu permiso de residencia y del seguro m\u00e9dico. Una vez que sepas tu fecha de regreso a Buenos Aires, informalo a la DCI.<\/p>\n<\/div>\n<\/div>\n\n\n\n<div class=\"wp-block-group has-global-padding is-layout-constrained wp-container-core-group-is-layout-e6038ede wp-block-group-is-layout-constrained\" style=\"padding-top:var(--wp--preset--spacing--30);padding-bottom:var(--wp--preset--spacing--30)\">\n<div id=\"titulo-expansible-ejemplo-1\" class=\"wp-block-group collapsible is-content-justification-left is-nowrap is-layout-flex wp-container-core-group-is-layout-2bddc4e0 wp-block-group-is-layout-flex\" style=\"border-bottom-color:var(--wp--preset--color--primary);border-bottom-width:3px;padding-top:10px;padding-right:10px;padding-bottom:10px;padding-left:10px\">\n<h5 class=\"wp-block-heading wp-container-content-9cfa9a5a\">Alojamiento y transporte<\/h5>\n<\/div>\n\n\n\n<div class=\"wp-block-group has-global-padding is-layout-constrained wp-block-group-is-layout-constrained\">\n<p>Confirm\u00e1 antes de tu partida qu\u00e9 cosas ser\u00e1n provistas en tu alojamiento y qu\u00e9 cosas no (s\u00e1banas, toallas, acolchado, utensilios de cocina, etc\u00e9tera).<\/p>\n\n\n\n<p>Dep\u00f3sito en garant\u00eda: informate si te cobrar\u00e1n un dep\u00f3sito en garant\u00eda al mudarte a tu nueva casa.<\/p>\n\n\n\n<p>En caso de que no te sientas a gusto en el alojamiento asignado, te sugerimos hablarlo con la persona responsable e informarte sobre las posibles alternativas.<\/p>\n\n\n\n<p>Ten\u00e9 presente cu\u00e1l es tu fecha de ingreso y de salida de tu residencia\/alojamiento.<\/p>\n\n\n\n<p>Si vas a vivir fuera del campus universitario, te recomendamos solicitar la asistencia del coordinador\/a en la universidad de destino o en la oficina designada para la b\u00fasqueda de alojamiento y de orientaci\u00f3n antes de firmar un contrato de alquiler.<\/p>\n\n\n\n<p>Informate si existen descuentos en el transporte para estudiantes universitarios. En grandes ciudades, es conveniente obtener una tarjeta de pase libre mensual que suele ser m\u00e1s econ\u00f3mica.<\/p>\n<\/div>\n\n\n\n<div id=\"titulo-expansible-ejemplo-2\" class=\"wp-block-group collapsible is-content-justification-left is-nowrap is-layout-flex wp-container-core-group-is-layout-2bddc4e0 wp-block-group-is-layout-flex\" style=\"border-bottom-color:var(--wp--preset--color--primary);border-bottom-width:3px;padding-top:10px;padding-right:10px;padding-bottom:10px;padding-left:10px\">\n<h5 class=\"wp-block-heading wp-container-content-9cfa9a5a\">Vida social y cultural<\/h5>\n<\/div>\n\n\n\n<div class=\"wp-block-group has-global-padding is-layout-constrained wp-block-group-is-layout-constrained\">\n<p>Informate respecto de las legislaciones, costumbres, gente y cultura del pa\u00eds donde vivir\u00e1s durante tu intercambio: religi\u00f3n, pol\u00edtica, deportes populares, festividades, comidas t\u00edpicas, etc\u00e9tera.<\/p>\n\n\n\n<p>Particip\u00e1, especialmente al principio del semestre, de las actividades sociales y culturales que organice la oficina internacional y la universidad en general.&nbsp;<\/p>\n<\/div>\n\n\n\n<div id=\"titulo-expansible-ejemplo-3\" class=\"wp-block-group collapsible is-content-justification-left is-nowrap is-layout-flex wp-container-core-group-is-layout-2bddc4e0 wp-block-group-is-layout-flex\" style=\"border-bottom-color:var(--wp--preset--color--primary);border-bottom-width:3px;padding-top:10px;padding-right:10px;padding-bottom:10px;padding-left:10px\">\n<h5 class=\"wp-block-heading wp-container-content-9cfa9a5a\">Comportamiento en la universidad<\/h5>\n<\/div>\n\n\n\n<div class=\"wp-block-group has-global-padding is-layout-constrained wp-block-group-is-layout-constrained\">\n<p>Como alumno\/a de intercambio, gozar\u00e1s de los mismos beneficios que los alumnos\/as regulares de la universidad anfitriona.<\/p>\n\n\n\n<p>Adem\u00e1s, deber\u00e1s respetar todas las reglas acad\u00e9micas y de comportamiento dispuestas por la universidad donde realizar\u00e1s tu intercambio.<\/p>\n<\/div>\n<\/div>\n<\/div>\n\n\n\n<p><\/p>\n\n\n\n<p><\/p>\n\n\n\n<p><\/p>\n\n\n\n<p><\/p>\n\n\n\n<p><\/p>\n\n\n\n<p><\/p>\n","protected":false},"excerpt":{"rendered":"<p>Una vez en la universidad anfitriona, deber\u00e1s prestar especial atenci\u00f3n a las siguientes recomendaciones: Comunicaci\u00f3n regular Manten\u00e9 una comunicaci\u00f3n fluida durante el intercambio con tu familia, amigos\/as, el coordinador\/a anfitri\u00f3n\/a y con el asesor\/a de tu facultad USAL*. Averigu\u00e1 c\u00f3mo obtener tarjetas telef\u00f3nicas prepagas. Otra alternativa es contratar un servicio de telefon\u00eda m\u00f3vil. Cuando llegues [&hellip;]<\/p>\n","protected":false},"author":5,"featured_media":0,"parent":273,"menu_order":0,"comment_status":"closed","ping_status":"closed","template":"","meta":{"_acf_changed":false,"footnotes":""},"class_list":["post-291","page","type-page","status-publish","hentry"],"acf":[],"_links":{"self":[{"href":"https:\/\/www.usal.edu.ar\/internacional\/wp-json\/wp\/v2\/pages\/291","targetHints":{"allow":["GET"]}}],"collection":[{"href":"https:\/\/www.usal.edu.ar\/internacional\/wp-json\/wp\/v2\/pages"}],"about":[{"href":"https:\/\/www.usal.edu.ar\/internacional\/wp-json\/wp\/v2\/types\/page"}],"author":[{"embeddable":true,"href":"https:\/\/www.usal.edu.ar\/internacional\/wp-json\/wp\/v2\/users\/5"}],"replies":[{"embeddable":true,"href":"https:\/\/www.usal.edu.ar\/internacional\/wp-json\/wp\/v2\/comments?post=291"}],"version-history":[{"count":9,"href":"https:\/\/www.usal.edu.ar\/internacional\/wp-json\/wp\/v2\/pages\/291\/revisions"}],"predecessor-version":[{"id":1115,"href":"https:\/\/www.usal.edu.ar\/internacional\/wp-json\/wp\/v2\/pages\/291\/revisions\/1115"}],"up":[{"embeddable":true,"href":"https:\/\/www.usal.edu.ar\/internacional\/wp-json\/wp\/v2\/pages\/273"}],"wp:attachment":[{"href":"https:\/\/www.usal.edu.ar\/internacional\/wp-json\/wp\/v2\/media?parent=291"}],"curies":[{"name":"wp","href":"https:\/\/api.w.org\/{rel}","templated":true}]}}