{"id":293,"date":"2024-05-10T17:36:48","date_gmt":"2024-05-10T20:36:48","guid":{"rendered":"https:\/\/www.usal.edu.ar\/internacional\/?page_id=293"},"modified":"2024-05-14T12:21:19","modified_gmt":"2024-05-14T15:21:19","slug":"talleres-pre-intercambio","status":"publish","type":"page","link":"https:\/\/www.usal.edu.ar\/internacional\/estudiantes-usal\/programa-bilateral\/talleres-pre-intercambio\/","title":{"rendered":"Talleres pre-intercambio"},"content":{"rendered":"\n<p class=\"has-text-align-center\"><strong>Programa de Orientaci\u00f3n de Intercambio<\/strong><\/p>\n\n\n\n<p class=\"has-text-align-center\">Un espacio de reflexi\u00f3n e intercambio de informaci\u00f3n junto a otros alumnos\/as de la USAL seleccionados\/as para tener una experiencia de estudio en el extranjero.&nbsp;<\/p>\n\n\n\n<p class=\"has-text-align-center\"><strong>Objetivos:<\/strong><\/p>\n\n\n\n<p class=\"has-text-align-center\">&#8211; Prepararte y acompa\u00f1arte para tu experiencia de intercambio en el extranjero.<\/p>\n\n\n\n<p class=\"has-text-align-center\">&#8211; Proveer herramientas que te permitan superar posibles contingencias, anticipando frustraciones y desarrollando un car\u00e1cter aut\u00f3nomo.<\/p>\n\n\n\n<p class=\"has-text-align-center\">&#8211; Generar un espacio de reflexi\u00f3n sobre las expectativas y objetivos personales perseguidos, y la funci\u00f3n del intercambio como catalizador de aprendizaje intercultural.<\/p>\n\n\n\n<p class=\"has-text-align-center\">&#8211; Maximizar el potencial acad\u00e9mico-profesional intr\u00ednseco en la experiencia de intercambio.&nbsp;<\/p>\n\n\n\n<p class=\"has-text-align-center\">&#8211; Brindarte informaci\u00f3n pr\u00e1ctica sobre documentos, tr\u00e1mites, funcionamiento de sistemas acad\u00e9micos, preparaci\u00f3n de log\u00edstica (hospedaje, transacciones monetarias, contrataci\u00f3n de servicios varios) de cara al intercambio.&nbsp;<\/p>\n\n\n\n<p class=\"has-text-align-center\"><strong>Ejes tem\u00e1ticos:<\/strong><\/p>\n\n\n\n<p class=\"has-text-align-center\">&#8211; Adaptaci\u00f3n, interculturalidad y shock cultural.<\/p>\n\n\n\n<p class=\"has-text-align-center\">&#8211; Organizaci\u00f3n pr\u00e1ctica antes del intercambio (log\u00edstica).<\/p>\n\n\n\n<p class=\"has-text-align-center\">&#8211; Organizaci\u00f3n acad\u00e9mico-administrativa.<\/p>\n","protected":false},"excerpt":{"rendered":"<p>Programa de Orientaci\u00f3n de Intercambio Un espacio de reflexi\u00f3n e intercambio de informaci\u00f3n junto a otros alumnos\/as de la USAL seleccionados\/as para tener una experiencia de estudio en el extranjero.&nbsp; Objetivos: &#8211; Prepararte y acompa\u00f1arte para tu experiencia de intercambio en el extranjero. &#8211; Proveer herramientas que te permitan superar posibles contingencias, anticipando frustraciones y [&hellip;]<\/p>\n","protected":false},"author":5,"featured_media":0,"parent":273,"menu_order":0,"comment_status":"closed","ping_status":"closed","template":"","meta":{"_acf_changed":false,"footnotes":""},"class_list":["post-293","page","type-page","status-publish","hentry"],"acf":[],"_links":{"self":[{"href":"https:\/\/www.usal.edu.ar\/internacional\/wp-json\/wp\/v2\/pages\/293","targetHints":{"allow":["GET"]}}],"collection":[{"href":"https:\/\/www.usal.edu.ar\/internacional\/wp-json\/wp\/v2\/pages"}],"about":[{"href":"https:\/\/www.usal.edu.ar\/internacional\/wp-json\/wp\/v2\/types\/page"}],"author":[{"embeddable":true,"href":"https:\/\/www.usal.edu.ar\/internacional\/wp-json\/wp\/v2\/users\/5"}],"replies":[{"embeddable":true,"href":"https:\/\/www.usal.edu.ar\/internacional\/wp-json\/wp\/v2\/comments?post=293"}],"version-history":[{"count":2,"href":"https:\/\/www.usal.edu.ar\/internacional\/wp-json\/wp\/v2\/pages\/293\/revisions"}],"predecessor-version":[{"id":1012,"href":"https:\/\/www.usal.edu.ar\/internacional\/wp-json\/wp\/v2\/pages\/293\/revisions\/1012"}],"up":[{"embeddable":true,"href":"https:\/\/www.usal.edu.ar\/internacional\/wp-json\/wp\/v2\/pages\/273"}],"wp:attachment":[{"href":"https:\/\/www.usal.edu.ar\/internacional\/wp-json\/wp\/v2\/media?parent=293"}],"curies":[{"name":"wp","href":"https:\/\/api.w.org\/{rel}","templated":true}]}}