{"id":295,"date":"2024-05-10T17:36:48","date_gmt":"2024-05-10T20:36:48","guid":{"rendered":"https:\/\/www.usal.edu.ar\/internacional\/?page_id=295"},"modified":"2024-05-14T16:35:29","modified_gmt":"2024-05-14T19:35:29","slug":"alojamiento-pasaje-y-presupuesto","status":"publish","type":"page","link":"https:\/\/www.usal.edu.ar\/internacional\/estudiantes-usal\/programa-bilateral\/alojamiento-pasaje-y-presupuesto\/","title":{"rendered":"Alojamiento, pasaje y presupuesto"},"content":{"rendered":"\n<p>Los siguientes puntos te ayudar\u00e1n a organizarte durante el periodo que se extiende entre el env\u00edo de tu postulaci\u00f3n y la aceptaci\u00f3n final por parte de la universidad de destino.<\/p>\n\n\n\n<div class=\"wp-block-group has-global-padding is-layout-constrained wp-container-core-group-is-layout-e6038ede wp-block-group-is-layout-constrained\" style=\"padding-top:var(--wp--preset--spacing--30);padding-bottom:var(--wp--preset--spacing--30)\">\n<div id=\"titulo-expansible-ejemplo-1\" class=\"wp-block-group collapsible is-content-justification-left is-nowrap is-layout-flex wp-container-core-group-is-layout-2bddc4e0 wp-block-group-is-layout-flex\" style=\"border-bottom-color:var(--wp--preset--color--primary);border-bottom-width:3px;padding-top:10px;padding-right:10px;padding-bottom:10px;padding-left:10px\">\n<h5 class=\"wp-block-heading wp-container-content-9cfa9a5a\">Alojamiento<\/h5>\n<\/div>\n\n\n\n<div class=\"wp-block-group has-global-padding is-layout-constrained wp-block-group-is-layout-constrained\">\n<ul class=\"wp-block-list\">\n<li>Investig\u00e1 el tipo de alojamiento de acuerdo con la universidad o programa de intercambio.&nbsp;<\/li>\n\n\n\n<li>Relev\u00e1 caracter\u00edsticas, fechas l\u00edmite de reserva (si correspondiera hacer un pago en adelanto en concepto de reserva, por ejemplo), costo y modos de pago.<\/li>\n<\/ul>\n<\/div>\n\n\n\n<div id=\"titulo-expansible-ejemplo-2\" class=\"wp-block-group collapsible is-content-justification-left is-nowrap is-layout-flex wp-container-core-group-is-layout-2bddc4e0 wp-block-group-is-layout-flex\" style=\"border-bottom-color:var(--wp--preset--color--primary);border-bottom-width:3px;padding-top:10px;padding-right:10px;padding-bottom:10px;padding-left:10px\">\n<h5 class=\"wp-block-heading wp-container-content-9cfa9a5a\">Pasaje<\/h5>\n<\/div>\n\n\n\n<div class=\"wp-block-group has-global-padding is-layout-constrained wp-block-group-is-layout-constrained\">\n<p>Conocemos los beneficios de comprar los pasajes a\u00e9reos con la mayor antelaci\u00f3n posible, pero dado que tu solicitud de intercambio a\u00fan no est\u00e1 confirmada, es conveniente aguardar la respuesta definitiva (carta de aceptaci\u00f3n) de la universidad extranjera para hacerlo.<\/p>\n<\/div>\n\n\n\n<div id=\"titulo-expansible-ejemplo-3\" class=\"wp-block-group collapsible is-content-justification-left is-nowrap is-layout-flex wp-container-core-group-is-layout-2bddc4e0 wp-block-group-is-layout-flex\" style=\"border-bottom-color:var(--wp--preset--color--primary);border-bottom-width:3px;padding-top:10px;padding-right:10px;padding-bottom:10px;padding-left:10px\">\n<h5 class=\"wp-block-heading wp-container-content-9cfa9a5a\">Presupuesto<\/h5>\n<\/div>\n\n\n\n<div class=\"wp-block-group has-global-padding is-layout-constrained wp-block-group-is-layout-constrained\">\n<p>Te sugerimos armar un presupuesto teniendo en cuenta gastos personales, comidas, traslados, viajes planeados, costo de vida en el pa\u00eds de destino, etc\u00e9tera. Es muy recomendable contactarse con alumnos\/as que ya han realizado un intercambio en el pa\u00eds para informarte de primera mano sobre el costo de vida.<\/p>\n\n\n\n<p>Nota:<strong>&nbsp;<\/strong>si recibir\u00e1s una beca o un estipendio en efectivo para realizar tu intercambio, deber\u00e1s tener en cuenta que, en la mayor\u00eda de los casos, este beneficio no se recibe inmediatamente a tu llegada al pa\u00eds anfitri\u00f3n. Por ello, deber\u00e1s hacerte cargo de los gastos hasta tanto se efectivice la beca o el estipendio correspondiente. Tendr\u00e1s que informarte cu\u00e1ndo recibir\u00e1s el pago y qu\u00e9 tr\u00e1mites deber\u00e1s realizar para formalizarlo.&nbsp;<\/p>\n\n\n\n<p>Tambi\u00e9n pod\u00e9s informarte sobre este tema en el sitio web de ISEP:&nbsp;<a href=\"http:\/\/isep.org\/students\/Placed\/country_handbooks.asp\" target=\"_blank\" rel=\"noreferrer noopener\">http:\/\/isep.org\/students\/Placed\/country_handbooks.asp<\/a><\/p>\n<\/div>\n<\/div>\n","protected":false},"excerpt":{"rendered":"<p>Los siguientes puntos te ayudar\u00e1n a organizarte durante el periodo que se extiende entre el env\u00edo de tu postulaci\u00f3n y la aceptaci\u00f3n final por parte de la universidad de destino. Alojamiento Pasaje Conocemos los beneficios de comprar los pasajes a\u00e9reos con la mayor antelaci\u00f3n posible, pero dado que tu solicitud de intercambio a\u00fan no est\u00e1 [&hellip;]<\/p>\n","protected":false},"author":5,"featured_media":0,"parent":273,"menu_order":0,"comment_status":"closed","ping_status":"closed","template":"","meta":{"_acf_changed":false,"footnotes":""},"class_list":["post-295","page","type-page","status-publish","hentry"],"acf":[],"_links":{"self":[{"href":"https:\/\/www.usal.edu.ar\/internacional\/wp-json\/wp\/v2\/pages\/295","targetHints":{"allow":["GET"]}}],"collection":[{"href":"https:\/\/www.usal.edu.ar\/internacional\/wp-json\/wp\/v2\/pages"}],"about":[{"href":"https:\/\/www.usal.edu.ar\/internacional\/wp-json\/wp\/v2\/types\/page"}],"author":[{"embeddable":true,"href":"https:\/\/www.usal.edu.ar\/internacional\/wp-json\/wp\/v2\/users\/5"}],"replies":[{"embeddable":true,"href":"https:\/\/www.usal.edu.ar\/internacional\/wp-json\/wp\/v2\/comments?post=295"}],"version-history":[{"count":4,"href":"https:\/\/www.usal.edu.ar\/internacional\/wp-json\/wp\/v2\/pages\/295\/revisions"}],"predecessor-version":[{"id":1106,"href":"https:\/\/www.usal.edu.ar\/internacional\/wp-json\/wp\/v2\/pages\/295\/revisions\/1106"}],"up":[{"embeddable":true,"href":"https:\/\/www.usal.edu.ar\/internacional\/wp-json\/wp\/v2\/pages\/273"}],"wp:attachment":[{"href":"https:\/\/www.usal.edu.ar\/internacional\/wp-json\/wp\/v2\/media?parent=295"}],"curies":[{"name":"wp","href":"https:\/\/api.w.org\/{rel}","templated":true}]}}