{"id":297,"date":"2024-05-10T17:36:48","date_gmt":"2024-05-10T20:36:48","guid":{"rendered":"https:\/\/www.usal.edu.ar\/internacional\/?page_id=297"},"modified":"2024-05-14T16:44:35","modified_gmt":"2024-05-14T19:44:35","slug":"al-terminar-mi-intercambio","status":"publish","type":"page","link":"https:\/\/www.usal.edu.ar\/internacional\/estudiantes-usal\/programa-bilateral\/al-terminar-mi-intercambio\/","title":{"rendered":"Al terminar mi intercambio"},"content":{"rendered":"\n<p><strong>De regreso en Buenos Aires:<\/strong><\/p>\n\n\n\n<div class=\"wp-block-group has-global-padding is-layout-constrained wp-block-group-is-layout-constrained\">\n<p>Si te fueras a reincorporar a la Facultad para seguir cursando, antes de regresar a la USAL, solicit\u00e1 una entrevista v\u00eda email con tu asesor\/a acad\u00e9mico\/a para reunirte con \u00e9l\/ella a tu llegada. No te olvides de traer los programas de las materias que cursaste firmados por los\/as docentes.<\/p>\n\n\n\n<p>Solicit\u00e1 en la universidad anfitriona los tr\u00e1mites correspondientes para la emisi\u00f3n del anal\u00edtico oficial de calificaciones.<\/p>\n\n\n\n<p>A tu regreso, tendr\u00e1s una entrevista post intercambio en nuestra oficina, donde podr\u00e1s contarnos acerca de tu experiencia, tus evaluaciones, logros, dificultades, etc\u00e9tera.<\/p>\n\n\n\n<p><em>Deber\u00e1s completar una encuesta de evaluaci\u00f3n post intercambio que enviaremos a tu cuenta de correo electr\u00f3nico y, tambi\u00e9n, redactar un testimonio de la experiencia del intercambio.<\/em><\/p>\n\n\n\n<p>No te olvides de dirigirte al Departamento de Cobranzas para corroborar que tu estado acad\u00e9mico-administrativo sea el correcto.<\/p>\n<\/div>\n","protected":false},"excerpt":{"rendered":"<p>De regreso en Buenos Aires: Si te fueras a reincorporar a la Facultad para seguir cursando, antes de regresar a la USAL, solicit\u00e1 una entrevista v\u00eda email con tu asesor\/a acad\u00e9mico\/a para reunirte con \u00e9l\/ella a tu llegada. No te olvides de traer los programas de las materias que cursaste firmados por los\/as docentes. Solicit\u00e1 [&hellip;]<\/p>\n","protected":false},"author":5,"featured_media":0,"parent":273,"menu_order":0,"comment_status":"closed","ping_status":"closed","template":"","meta":{"_acf_changed":false,"footnotes":""},"class_list":["post-297","page","type-page","status-publish","hentry"],"acf":[],"_links":{"self":[{"href":"https:\/\/www.usal.edu.ar\/internacional\/wp-json\/wp\/v2\/pages\/297","targetHints":{"allow":["GET"]}}],"collection":[{"href":"https:\/\/www.usal.edu.ar\/internacional\/wp-json\/wp\/v2\/pages"}],"about":[{"href":"https:\/\/www.usal.edu.ar\/internacional\/wp-json\/wp\/v2\/types\/page"}],"author":[{"embeddable":true,"href":"https:\/\/www.usal.edu.ar\/internacional\/wp-json\/wp\/v2\/users\/5"}],"replies":[{"embeddable":true,"href":"https:\/\/www.usal.edu.ar\/internacional\/wp-json\/wp\/v2\/comments?post=297"}],"version-history":[{"count":4,"href":"https:\/\/www.usal.edu.ar\/internacional\/wp-json\/wp\/v2\/pages\/297\/revisions"}],"predecessor-version":[{"id":1117,"href":"https:\/\/www.usal.edu.ar\/internacional\/wp-json\/wp\/v2\/pages\/297\/revisions\/1117"}],"up":[{"embeddable":true,"href":"https:\/\/www.usal.edu.ar\/internacional\/wp-json\/wp\/v2\/pages\/273"}],"wp:attachment":[{"href":"https:\/\/www.usal.edu.ar\/internacional\/wp-json\/wp\/v2\/media?parent=297"}],"curies":[{"name":"wp","href":"https:\/\/api.w.org\/{rel}","templated":true}]}}