{"id":301,"date":"2024-05-10T17:36:48","date_gmt":"2024-05-10T20:36:48","guid":{"rendered":"https:\/\/www.usal.edu.ar\/internacional\/?page_id=301"},"modified":"2024-05-23T15:57:07","modified_gmt":"2024-05-23T18:57:07","slug":"programa-isep","status":"publish","type":"page","link":"https:\/\/www.usal.edu.ar\/internacional\/estudiantes-usal\/programa-bilateral\/programa-isep\/","title":{"rendered":"Programa ISEP"},"content":{"rendered":"\n<figure class=\"wp-block-image aligncenter size-full is-resized\"><img loading=\"lazy\" decoding=\"async\" width=\"225\" height=\"225\" src=\"https:\/\/www.usal.edu.ar\/internacional\/wp-content\/uploads\/sites\/7\/2024\/05\/images-8.png\" alt=\"\" class=\"wp-image-1157\" style=\"width:176px;height:auto\" srcset=\"https:\/\/www.usal.edu.ar\/internacional\/wp-content\/uploads\/sites\/7\/2024\/05\/images-8.png 225w, https:\/\/www.usal.edu.ar\/internacional\/wp-content\/uploads\/sites\/7\/2024\/05\/images-8-150x150.png 150w\" sizes=\"auto, (max-width: 225px) 100vw, 225px\" \/><\/figure>\n\n\n\n<p class=\"has-text-align-center has-large-font-size\"><strong>\u00bfQu\u00e9 es ISEP?<\/strong><\/p>\n\n\n\n<p class=\"has-text-align-center\">ISEP es una red de alrededor de 300 universidades en todo el mundo. <strong><a href=\"https:\/\/www.usal.edu.ar\/internacional\/wp-content\/uploads\/sites\/7\/2024\/05\/ISEP-International-Catalog-2023.pdf\" data-type=\"link\" data-id=\"https:\/\/www.usal.edu.ar\/internacional\/wp-content\/uploads\/sites\/7\/2024\/05\/ISEP-International-Catalog-2023.pdf\">ISEP Exchange<\/a><\/strong>&nbsp;es un programa que propone realizar un intercambio en el exterior con los <a href=\"https:\/\/www.usal.edu.ar\/internacional\/estudiantes-usal\/programa-bilateral\/aranceles\/\" data-type=\"link\" data-id=\"https:\/\/www.usal.edu.ar\/internacional\/estudiantes-usal\/programa-bilateral\/aranceles\/\"><strong>costos<\/strong><\/a> de vida de tu pa\u00eds de origen. Es por esto que a trav\u00e9s de \u00e9ste programa el<strong> alojamiento<\/strong> y la <strong>comida<\/strong> que tengas en tu intercambio se puede financiar en pesos argentinos, al equivalente del dolar oficial y cuotas. El monto es el mismo sin importar el pa\u00eds de destino. Adem\u00e1s, los servicios de alojamiento y comida ya est\u00e1 pre-establecidos y organizados en cada universidad.<\/p>\n\n\n\n<p class=\"has-text-align-center has-large-font-size\"><strong>\u00bfC\u00f3mo funciona?<\/strong><\/p>\n\n\n\n<p class=\"has-text-align-center\">Para realizar un intercambio a trav\u00e9s del programa ISEP, deber\u00e1s aplicar primero a trav\u00e9s de la DCI, siguiendo los <a href=\"https:\/\/www.usal.edu.ar\/internacional\/estudiantes-usal\/programa-bilateral\/requisitos\/\" data-type=\"link\" data-id=\"https:\/\/www.usal.edu.ar\/internacional\/estudiantes-usal\/programa-bilateral\/requisitos\/\"><strong>requisitos<\/strong><\/a> y <a href=\"https:\/\/www.usal.edu.ar\/internacional\/estudiantes-usal\/programa-bilateral\/plazos\/\" data-type=\"link\" data-id=\"https:\/\/www.usal.edu.ar\/internacional\/estudiantes-usal\/programa-bilateral\/plazos\/\"><strong>plazos<\/strong><\/a> establecidos por la DCI y ISEP. <\/p>\n\n\n\n<p class=\"has-text-align-center\">Si fuiste seleccionado por la DCI, luego te postularas a trav\u00e9s de la plataforma ISEP, donde deber\u00e1s elegir m\u00ednimo 3 programas de los disponibles. Luego, en base a tu perfil, cupos disponibles y demanda, ISEP te nominar\u00e1 a una de tus universidades elegidas. <\/p>\n\n\n\n<p class=\"has-text-align-center has-x-large-font-size\"><strong>Podes ver la oferta de universidades ISEP haciendo&nbsp;<\/strong><strong><a href=\"https:\/\/www.isepstudyabroad.org\/\" target=\"_blank\" rel=\"noreferrer noopener\">click aqu\u00ed<\/a><\/strong>.<\/p>\n\n\n\n<p class=\"has-text-align-center\">En la pagina web de ISEP podr\u00e1s encontrar el buscador de programas correspondientes a la USAL, donde podr\u00e1s buscar seg\u00fan:<\/p>\n\n\n\n<figure class=\"wp-block-image size-large is-resized\"><img loading=\"lazy\" decoding=\"async\" width=\"1024\" height=\"576\" src=\"https:\/\/www.usal.edu.ar\/internacional\/wp-content\/uploads\/sites\/7\/2024\/05\/Ano-academico-1024x576.jpg\" alt=\"\" class=\"wp-image-1145\" style=\"width:898px;height:auto\" srcset=\"https:\/\/www.usal.edu.ar\/internacional\/wp-content\/uploads\/sites\/7\/2024\/05\/Ano-academico-1024x576.jpg 1024w, https:\/\/www.usal.edu.ar\/internacional\/wp-content\/uploads\/sites\/7\/2024\/05\/Ano-academico-300x169.jpg 300w, https:\/\/www.usal.edu.ar\/internacional\/wp-content\/uploads\/sites\/7\/2024\/05\/Ano-academico-768x432.jpg 768w, https:\/\/www.usal.edu.ar\/internacional\/wp-content\/uploads\/sites\/7\/2024\/05\/Ano-academico-1536x864.jpg 1536w, https:\/\/www.usal.edu.ar\/internacional\/wp-content\/uploads\/sites\/7\/2024\/05\/Ano-academico.jpg 1920w\" sizes=\"auto, (max-width: 1024px) 100vw, 1024px\" \/><\/figure>\n\n\n\n<div class=\"wp-block-group has-global-padding is-layout-constrained wp-block-group-is-layout-constrained\">\n<div class=\"wp-block-cover is-light has-base-color has-text-color has-link-color wp-elements-e2abef3b317a359a6e3d4d21ccd1d47c\" style=\"min-height:215px;aspect-ratio:unset;\"><span aria-hidden=\"true\" class=\"wp-block-cover__background has-background-dim-0 has-background-dim\"><\/span><img loading=\"lazy\" decoding=\"async\" width=\"1439\" height=\"378\" class=\"wp-block-cover__image-background wp-image-97\" alt=\"\" src=\"https:\/\/www.usal.edu.ar\/internacional\/wp-content\/uploads\/sites\/7\/2024\/02\/Group-16.png\" data-object-fit=\"cover\" srcset=\"https:\/\/www.usal.edu.ar\/internacional\/wp-content\/uploads\/sites\/7\/2024\/02\/Group-16.png 1439w, https:\/\/www.usal.edu.ar\/internacional\/wp-content\/uploads\/sites\/7\/2024\/02\/Group-16-300x79.png 300w, https:\/\/www.usal.edu.ar\/internacional\/wp-content\/uploads\/sites\/7\/2024\/02\/Group-16-1024x269.png 1024w, https:\/\/www.usal.edu.ar\/internacional\/wp-content\/uploads\/sites\/7\/2024\/02\/Group-16-768x202.png 768w\" sizes=\"auto, (max-width: 1439px) 100vw, 1439px\" \/><div class=\"wp-block-cover__inner-container has-global-padding is-layout-constrained wp-block-cover-is-layout-constrained\">\n<p class=\"has-text-align-center has-base-color has-text-color has-link-color has-x-large-font-size wp-elements-d9286ec94f7b09d09f7b1bfccecbe446\" style=\"letter-spacing:-1px\"><strong><a href=\"https:\/\/calendar.google.com\/calendar\/u\/0\/appointments\/schedules\/AcZssZ2Ms3oES7n3Va9xubKksOjRyHlBozupQsMI7m7JDexJkV7y-N6CI13D_DpXYwrbQUKck4ZbVRUM\" target=\"_blank\" rel=\"noreferrer noopener\">Reserva tu cita de primera consulta<\/a><\/strong><\/p>\n<\/div><\/div>\n\n\n\n<p class=\"has-text-align-center\"><\/p>\n<\/div>\n","protected":false},"excerpt":{"rendered":"<p>\u00bfQu\u00e9 es ISEP? ISEP es una red de alrededor de 300 universidades en todo el mundo. ISEP Exchange&nbsp;es un programa que propone realizar un intercambio en el exterior con los costos de vida de tu pa\u00eds de origen. Es por esto que a trav\u00e9s de \u00e9ste programa el alojamiento y la comida que tengas en [&hellip;]<\/p>\n","protected":false},"author":5,"featured_media":0,"parent":273,"menu_order":0,"comment_status":"closed","ping_status":"closed","template":"","meta":{"_acf_changed":false,"footnotes":""},"class_list":["post-301","page","type-page","status-publish","hentry"],"acf":[],"_links":{"self":[{"href":"https:\/\/www.usal.edu.ar\/internacional\/wp-json\/wp\/v2\/pages\/301","targetHints":{"allow":["GET"]}}],"collection":[{"href":"https:\/\/www.usal.edu.ar\/internacional\/wp-json\/wp\/v2\/pages"}],"about":[{"href":"https:\/\/www.usal.edu.ar\/internacional\/wp-json\/wp\/v2\/types\/page"}],"author":[{"embeddable":true,"href":"https:\/\/www.usal.edu.ar\/internacional\/wp-json\/wp\/v2\/users\/5"}],"replies":[{"embeddable":true,"href":"https:\/\/www.usal.edu.ar\/internacional\/wp-json\/wp\/v2\/comments?post=301"}],"version-history":[{"count":18,"href":"https:\/\/www.usal.edu.ar\/internacional\/wp-json\/wp\/v2\/pages\/301\/revisions"}],"predecessor-version":[{"id":1792,"href":"https:\/\/www.usal.edu.ar\/internacional\/wp-json\/wp\/v2\/pages\/301\/revisions\/1792"}],"up":[{"embeddable":true,"href":"https:\/\/www.usal.edu.ar\/internacional\/wp-json\/wp\/v2\/pages\/273"}],"wp:attachment":[{"href":"https:\/\/www.usal.edu.ar\/internacional\/wp-json\/wp\/v2\/media?parent=301"}],"curies":[{"name":"wp","href":"https:\/\/api.w.org\/{rel}","templated":true}]}}