{"id":303,"date":"2024-05-10T17:36:48","date_gmt":"2024-05-10T20:36:48","guid":{"rendered":"https:\/\/www.usal.edu.ar\/internacional\/?page_id=303"},"modified":"2026-03-19T12:44:46","modified_gmt":"2026-03-19T15:44:46","slug":"rotacion-practicas","status":"publish","type":"page","link":"https:\/\/www.usal.edu.ar\/internacional\/estudiantes-usal\/programa-bilateral\/rotacion-practicas\/","title":{"rendered":"Rotaciones y pr\u00e1cticas pre-profesionales"},"content":{"rendered":"\n<div class=\"wp-block-group has-global-padding is-layout-constrained wp-block-group-is-layout-constrained\">\n<p class=\"has-text-align-center\"><strong>La USAL ofrece a sus estudiantes la posibilidad de realizar pr\u00e1cticas preprofesionales en el exterior de acuerdo con cada carrera<\/strong>. <\/p>\n\n\n\n<p class=\"has-text-align-center\"><strong>Requisitos:<\/strong> cumplir con los <strong><a href=\"https:\/\/www.usal.edu.ar\/internacional\/estudiantes-usal\/programa-bilateral\/requisitos\/\" data-type=\"link\" data-id=\"https:\/\/www.usal.edu.ar\/internacional\/wp-admin\/post.php?post=275&amp;action=edit\">requisitos<\/a><\/strong> generales para realizar un intercambio y los requisitos acad\u00e9micos establecidos por cada Facultad seg\u00fan \u00e1rea de estudios.<\/p>\n<\/div>\n\n\n\n<p><\/p>\n\n\n\n<div class=\"wp-block-group has-global-padding is-layout-constrained wp-block-group-is-layout-constrained\">\n<div class=\"wp-block-group alignwide has-global-padding is-layout-constrained wp-container-core-group-is-layout-e6038ede wp-block-group-is-layout-constrained\" style=\"padding-top:var(--wp--preset--spacing--30);padding-bottom:var(--wp--preset--spacing--30)\">\n<div id=\"titulo-expansible-ejemplo-1\" class=\"wp-block-group collapsible is-content-justification-left is-nowrap is-layout-flex wp-container-core-group-is-layout-2bddc4e0 wp-block-group-is-layout-flex\" style=\"border-bottom-color:var(--wp--preset--color--primary);border-bottom-width:3px;padding-top:10px;padding-right:10px;padding-bottom:10px;padding-left:10px\">\n<h5 class=\"wp-block-heading has-large-font-size wp-container-content-9cfa9a5a\"><strong><a href=\"https:\/\/dci.usal.edu.ar\/archivos\/dci\/imagenes\/socios_rotaciones_medicina_2022.pptx.pdf\" data-type=\"link\" data-id=\"https:\/\/dci.usal.edu.ar\/archivos\/dci\/imagenes\/socios_rotaciones_medicina_2022.pptx.pdf\" target=\"_blank\" rel=\"noreferrer noopener\">Medicina<\/a><\/strong> <\/h5>\n<\/div>\n\n\n\n<div class=\"wp-block-group has-global-padding is-layout-constrained wp-block-group-is-layout-constrained\">\n<p><strong>Rotaciones m\u00e9dicas en el extranjero (materia electiva)<\/strong>. Destinos a trav\u00e9s de la USAL*:<\/p>\n\n\n\n<p><a href=\"https:\/\/www.uic.es\/es\/facultad-de-medicina-y-ciencias-de-la-salud\" target=\"_blank\" rel=\"noreferrer noopener\">Universidad Internacional de Catalunya (UIC)<\/a>&nbsp;&nbsp;<\/p>\n\n\n\n<p><a href=\"http:\/\/www.dre.unal.edu.co\/nc\/esx\/movilidad\/entrante.html\" target=\"_blank\" rel=\"noreferrer noopener\">Universidad Nacional de Colombia<\/a><\/p>\n\n\n\n<p><a href=\"http:\/\/som.georgetown.edu\/medicaleducation\/curriculum\/electives\/\" target=\"_blank\" rel=\"noreferrer noopener\">Georgetown University<\/a><\/p>\n\n\n\n<p><a href=\"https:\/\/upaep.mx\/licenciaturas\/medicina\">Universidad Popular Aut\u00f3noma del Estado de Puebla (UPAEP)<\/a>&nbsp;&nbsp;<\/p>\n\n\n\n<p><a href=\"https:\/\/www.umontpellier.fr\/\">Universit\u00e9 de Montpellier <\/a><\/p>\n\n\n\n<p><a href=\"https:\/\/www.us.es\/\">Universidad de Sevilla<\/a><\/p>\n\n\n\n<p><a href=\"https:\/\/www.unime.it\/\" data-type=\"link\" data-id=\"https:\/\/www.unime.it\/\">Universit\u00e1 Degli Studi di Messina <\/a><\/p>\n\n\n\n<p><a href=\"https:\/\/www.icesi.edu.co\/\" data-type=\"link\" data-id=\"https:\/\/www.icesi.edu.co\/\">ICESI <\/a><\/p>\n\n\n\n<p>&#8211; Duraci\u00f3n: m\u00ednimo 4 semanas, m\u00e1ximo 12.&nbsp;<\/p>\n\n\n\n<p><strong>Importante:<\/strong> El n\u00famero de cupos de cada destino es limitado. La aceptaci\u00f3n por parte de las Universidades de destino puede tardar semanas o meses.<br>El alojamiento, transporte, alimentos, costos de seguro m\u00e9dico y\/o VISA estar\u00e1n a cargo de los alumnos.<\/p>\n\n\n\n<p><br>*Los\/as estudiantes tienen la posibilidad de rotar en destinos por fuera de los de la USAL. En el caso, las aplicaciones deber\u00e1n ser gestionadas por los propios\/as interesados\/as de manera independiente y, autorizadas por el Internado Rotatorio de la Facultad de Medicina. <\/p>\n\n\n\n<p><\/p>\n\n\n\n<p><strong>Documentos de postulaci\u00f3n:<\/strong> <\/p>\n\n\n\n<p>Depender\u00e1 de cada Universidad\/hospital destino. Desde la DCI, se brindar\u00e1 la informaci\u00f3n necesaria.<\/p>\n\n\n\n<p><\/p>\n\n\n\n<p><strong>Proceso de inscripci\u00f3n:<\/strong><\/p>\n\n\n\n<p>Solicitar una entrevista informativa con la DCI, consultando destinos y especialidades disponibles. <\/p>\n\n\n\n<p>La DCI junto con la Facultad de Medicina seleccionaran los candidatos\/as que se postular\u00e1n desde la USAL para el a\u00f1o siguiente.&nbsp;<\/p>\n\n\n\n<p>Se postular\u00e1n a los candidatos\/as a los distintos destinos, al menos, con&nbsp;<strong>tres meses&nbsp;<\/strong>de anticipaci\u00f3n a la fecha de inicio de la rotaci\u00f3n.<\/p>\n\n\n\n<p><\/p>\n<\/div>\n\n\n\n<div id=\"titulo-expansible-ejemplo-2\" class=\"wp-block-group collapsible is-content-justification-left is-nowrap is-layout-flex wp-container-core-group-is-layout-2bddc4e0 wp-block-group-is-layout-flex\" style=\"border-bottom-color:var(--wp--preset--color--primary);border-bottom-width:3px;padding-top:10px;padding-right:10px;padding-bottom:10px;padding-left:10px\">\n<h5 class=\"wp-block-heading has-large-font-size wp-container-content-9cfa9a5a\"><strong><a href=\"https:\/\/dcii.usal.edu.ar\/archivos\/dcii\/imagenes\/practicas_de_veterinaria_pfo_0.pdf\" data-type=\"link\" data-id=\"https:\/\/dcii.usal.edu.ar\/archivos\/dcii\/imagenes\/practicas_de_veterinaria_pfo_0.pdf\" target=\"_blank\" rel=\"noreferrer noopener\">Veterinaria<\/a><\/strong><\/h5>\n<\/div>\n\n\n\n<div class=\"wp-block-group has-global-padding is-layout-constrained wp-block-group-is-layout-constrained\">\n<p>Los\/as alumnos\/as de la USAL pueden realizar sus pr\u00e1cticas de Veterinaria como parte de la PFO (Pr\u00e1ctica Final Orientada) en el \u00faltimo a\u00f1o de la carrera.<\/p>\n\n\n\n<p>Duraci\u00f3n de la pr\u00e1ctica: doscientas horas.<\/p>\n\n\n\n<p>Las instituciones socias de la USAL son:<\/p>\n\n\n\n<p><a href=\"https:\/\/www.unizar.es\/\">Universidad de Zaragoza<\/a>&nbsp;(Espa\u00f1a)<\/p>\n\n\n\n<p><a href=\"https:\/\/unal.edu.co\/\">Universidad Nacional de Colombia<\/a>&nbsp;(sede Bogot\u00e1)<\/p>\n\n\n\n<p><a href=\"https:\/\/www.upaep.mx\/\">Universidad Popular Aut\u00f3noma del Estado de Puebla<\/a>&nbsp;(M\u00e9xico)<\/p>\n\n\n\n<p><\/p>\n\n\n\n<p><strong>Proceso de aplicaci\u00f3n:<\/strong><\/p>\n\n\n\n<p>1. El alumno\/a debe contactarse con las coordinadoras acad\u00e9micas de la Escuela de Veterinaria para evaluar su proyecto de pr\u00e1ctica en el extranjero.<\/p>\n\n\n\n<p>2. Con previo aval desde la Escuela de Veterinaria, deber\u00e1 comunicarse luego con la DCI, quien le brindar\u00e1 la informaci\u00f3n sobre las oportunidades de pr\u00e1cticas en las universidades socias.<\/p>\n\n\n\n<p>3. La DCI es la responsable de postular a el\/la estudiante ante la universidad extranjera, por medio del env\u00edo de los documentos requeridos en los plazos estipulados. <\/p>\n\n\n\n<p><\/p>\n\n\n\n<p><strong>Conoce las universidades y las opciones de pr\u00e1cticas en el extranjero haciendo&nbsp;<a href=\"https:\/\/dcii.usal.edu.ar\/archivos\/dcii\/imagenes\/practicas_de_veterinaria_pfo_0.pdf\" target=\"_blank\" rel=\"noreferrer noopener\">click aqu\u00ed<\/a>.<\/strong><\/p>\n\n\n\n<p><\/p>\n<\/div>\n\n\n\n<div id=\"titulo-expansible-ejemplo-3\" class=\"wp-block-group collapsible is-content-justification-left is-nowrap is-layout-flex wp-container-core-group-is-layout-2bddc4e0 wp-block-group-is-layout-flex\" style=\"border-bottom-color:var(--wp--preset--color--primary);border-bottom-width:3px;padding-top:10px;padding-right:10px;padding-bottom:10px;padding-left:10px\">\n<h5 class=\"wp-block-heading has-primary-color has-text-color has-link-color has-large-font-size wp-elements-e1b35c88f4d9979c66bd59ffc1ce583c wp-container-content-9cfa9a5a\"><strong>Turismo<\/strong><\/h5>\n<\/div>\n\n\n\n<div class=\"wp-block-group has-global-padding is-layout-constrained wp-block-group-is-layout-constrained\">\n<div class=\"wp-block-group has-global-padding is-layout-constrained wp-block-group-is-layout-constrained\">\n<p>Requisitos:<\/p>\n\n\n\n<p><\/p>\n\n\n\n<ul class=\"wp-block-list\">\n<li>Tener primer y segundo a\u00f1o de la carrera de Turismo aprobados (finales inclusive) al momento de la inscripci\u00f3n<\/li>\n\n\n\n<li>Cumplir con los requisitos acad\u00e9micos establecidos por la Facultad de Historia, Geograf\u00eda y Turismo para la realizaci\u00f3n de pr\u00e1cticas pre-profesionales, y con cualquier requisito espec\u00edfico de la Universidad de destino<\/li>\n<\/ul>\n<\/div>\n\n\n\n<p><\/p>\n\n\n\n<p><strong>Las instituciones socias de la USAL son:<\/strong><\/p>\n\n\n\n<p><\/p>\n\n\n\n<ul class=\"wp-block-list\">\n<li><strong><u><a href=\"https:\/\/www.deusto.es\/es\/inicio?_gl=1*1pa9rqb*_up*MQ..*_ga*MTc5NDQxNTUzNy4xNzE1NjE2MTE5*_ga_ZVJ1XGGKPL*MTcxNTYxNjExOS4xLjEuMTcxNTYxNjE0OC4wLjAuMA..\" data-type=\"link\" data-id=\"https:\/\/www.deusto.es\/es\/inicio?_gl=1*1pa9rqb*_up*MQ..*_ga*MTc5NDQxNTUzNy4xNzE1NjE2MTE5*_ga_ZVJ1XGGKPL*MTcxNTYxNjExOS4xLjEuMTcxNTYxNjE0OC4wLjAuMA..\">Universidad de Deusto (Espa\u00f1a)<\/a><\/u><\/strong><\/li>\n<\/ul>\n\n\n\n<p>&#8211;&nbsp;<strong>Modalidad de pr\u00e1cticas:<\/strong>&nbsp;Dentro del marco del intercambio. Los alumnos deben matricularse en dos cursos de 150 horas cada uno: Pr\u00e1cticas I y Pr\u00e1cticas II (no son remuneradas).<\/p>\n\n\n\n<p>&#8211;&nbsp;<strong>Cantidad de horas totales de pr\u00e1ctica:<\/strong>&nbsp;300 horas. Se aconseja matricularse en uno o dos cursos adicionales para cumplir con el requisito de alumno full-time en la Universidad de destino.<\/p>\n\n\n\n<p>&#8211;&nbsp;<strong>Per\u00edodo:&nbsp;<\/strong>Febrero-Junio<\/p>\n\n\n\n<p>&#8211;&nbsp;<strong>Fecha l\u00edmite de aplicaci\u00f3n:<\/strong>&nbsp;30 de mayo<\/p>\n\n\n\n<p>&#8211;&nbsp;<strong>\u00c1reas:<\/strong>&nbsp;Alojamiento \u2013 Restauraci\u00f3n \u2013 Intermediaci\u00f3n \u2013 Planificaci\u00f3n y Gesti\u00f3n de Destinos Tur\u00edsticos \u2013 Productos, servicios y actividades tur\u00edsticas \u2013 Transporte y Log\u00edstica \u2013 Formaci\u00f3n, Investigaci\u00f3n y Consultor\u00eda.<\/p>\n\n\n\n<p>&#8211;&nbsp;<strong>Requisito espec\u00edfico:<\/strong>&nbsp;opciones restringidas por requerimiento de idioma vasco en algunos establecimientos donde se desarrollan las pr\u00e1cticas.<\/p>\n\n\n\n<p>&#8211;&nbsp;<strong>R\u00e9gimen de alojamiento y comida:&nbsp;<\/strong>por cuenta del estudiante.<\/p>\n\n\n\n<p><\/p>\n\n\n\n<ul class=\"wp-block-list\">\n<li><strong><u><a href=\"https:\/\/www.iup.edu\/index.html\" data-type=\"link\" data-id=\"https:\/\/www.iup.edu\/index.html\">Indiana University of Pennsylvania (Estados Unidos)<\/a><\/u><\/strong><\/li>\n<\/ul>\n\n\n\n<p>&#8211;&nbsp;<strong>Modalidad de pr\u00e1cticas:<\/strong>&nbsp;Dentro del marco del intercambio. Los alumnos podr\u00e1n realizar pr\u00e1cticas dentro del campus universitario en paralelo a su intercambio.<\/p>\n\n\n\n<p>&#8211;&nbsp;<strong>Cantidad de horas totales de pr\u00e1ctica:&nbsp;<\/strong>Hasta 20 horas por semana.<\/p>\n\n\n\n<p>&#8211;&nbsp;<strong>Per\u00edodo:&nbsp;<\/strong>enero-mayo \/ agosto-diciembre<\/p>\n\n\n\n<p>&#8211;&nbsp;<strong>Fecha l\u00edmite de aplicaci\u00f3n:<\/strong>&nbsp;30 de mayo \/ 30 de octubre<\/p>\n\n\n\n<p>&#8211;&nbsp;<strong>\u00c1reas:<\/strong>&nbsp;Gastronom\u00eda<\/p>\n\n\n\n<p>&#8211;&nbsp;<strong>Requisito espec\u00edfico:&nbsp;<\/strong>acreditar nivel avanzado de ingl\u00e9s (posibilidad de realizar programa puente: tomar materias de idioma y cursos afines a la carrera)<\/p>\n\n\n\n<p>&#8211;&nbsp;<strong>R\u00e9gimen de alojamiento y comida:<\/strong>&nbsp;en campus universitario. Beca disponible para alumnos con promedio desde los 8 puntos.<\/p>\n\n\n\n<p><\/p>\n\n\n\n<ul class=\"wp-block-list\">\n<li><strong><u><a href=\"http:\/\/www.udg.mx\/\" data-type=\"link\" data-id=\"http:\/\/www.udg.mx\/\">Universidad de Guadalajara<\/a><\/u><\/strong><\/li>\n<\/ul>\n\n\n\n<p>&#8211;&nbsp;<strong>Modalidad de pr\u00e1cticas:<\/strong>&nbsp;Dentro del marco del intercambio.&nbsp;<\/p>\n\n\n\n<p>&#8211;&nbsp;<strong>Cantidad de horas totales de pr\u00e1ctica:<\/strong>&nbsp;Se acuerdan con el supervisor de las pr\u00e1cticas en la Universidad de destino. Se aconseja matricularse en uno o dos cursos adicionales para cumplir con el requisito de alumno full-time en la Universidad de destino.<\/p>\n\n\n\n<p>&#8211;&nbsp;<strong>Per\u00edodo:&nbsp;<\/strong>febrero-julio; agosto-enero<\/p>\n\n\n\n<p>&#8211;&nbsp;<strong>Fecha l\u00edmite de aplicaci\u00f3n:<\/strong>&nbsp;30 de mayo \/ 30 de octubre<\/p>\n\n\n\n<p>&#8211;&nbsp;<strong>Requisito espec\u00edfico:<\/strong>&nbsp;&nbsp;Se necesita un plan de trabajo para enviar al jefe de departamento.<\/p>\n\n\n\n<p>&#8211;&nbsp;<strong>R\u00e9gimen de alojamiento y comida:&nbsp;<\/strong>por cuenta del estudiante.<\/p>\n<\/div>\n<\/div>\n<\/div>\n\n\n\n<p><br><\/p>\n\n\n\n<div class=\"wp-block-group has-global-padding is-layout-constrained wp-block-group-is-layout-constrained\">\n<div class=\"wp-block-cover is-light has-base-color has-text-color has-link-color wp-elements-a1ab76b2ff06c10f04555a3cbe6276be\" style=\"min-height:215px;aspect-ratio:unset;\"><img loading=\"lazy\" decoding=\"async\" width=\"1439\" height=\"378\" class=\"wp-block-cover__image-background wp-image-97\" alt=\"\" src=\"https:\/\/www.usal.edu.ar\/internacional\/wp-content\/uploads\/sites\/7\/2024\/02\/Group-16.png\" data-object-fit=\"cover\" srcset=\"https:\/\/www.usal.edu.ar\/internacional\/wp-content\/uploads\/sites\/7\/2024\/02\/Group-16.png 1439w, https:\/\/www.usal.edu.ar\/internacional\/wp-content\/uploads\/sites\/7\/2024\/02\/Group-16-300x79.png 300w, https:\/\/www.usal.edu.ar\/internacional\/wp-content\/uploads\/sites\/7\/2024\/02\/Group-16-1024x269.png 1024w, https:\/\/www.usal.edu.ar\/internacional\/wp-content\/uploads\/sites\/7\/2024\/02\/Group-16-768x202.png 768w\" sizes=\"auto, (max-width: 1439px) 100vw, 1439px\" \/><span aria-hidden=\"true\" class=\"wp-block-cover__background has-background-dim-0 has-background-dim\"><\/span><div class=\"wp-block-cover__inner-container has-global-padding is-layout-constrained wp-block-cover-is-layout-constrained\">\n<p class=\"has-text-align-center has-x-large-font-size\" style=\"letter-spacing:-1px\"><strong><a href=\"https:\/\/calendar.google.com\/calendar\/u\/0\/appointments\/schedules\/AcZssZ2Ms3oES7n3Va9xubKksOjRyHlBozupQsMI7m7JDexJkV7y-N6CI13D_DpXYwrbQUKck4ZbVRUM\" target=\"_blank\" rel=\"noreferrer noopener\">Reserva tu cita de primera consulta<\/a><\/strong><\/p>\n<\/div><\/div>\n<\/div>\n","protected":false},"excerpt":{"rendered":"<p>La USAL ofrece a sus estudiantes la posibilidad de realizar pr\u00e1cticas preprofesionales en el exterior de acuerdo con cada carrera. Requisitos: cumplir con los requisitos generales para realizar un intercambio y los requisitos acad\u00e9micos establecidos por cada Facultad seg\u00fan \u00e1rea de estudios. Medicina Rotaciones m\u00e9dicas en el extranjero (materia electiva). Destinos a trav\u00e9s de la [&hellip;]<\/p>\n","protected":false},"author":5,"featured_media":0,"parent":273,"menu_order":0,"comment_status":"closed","ping_status":"closed","template":"","meta":{"_acf_changed":false,"footnotes":""},"class_list":["post-303","page","type-page","status-publish","hentry"],"acf":[],"_links":{"self":[{"href":"https:\/\/www.usal.edu.ar\/internacional\/wp-json\/wp\/v2\/pages\/303","targetHints":{"allow":["GET"]}}],"collection":[{"href":"https:\/\/www.usal.edu.ar\/internacional\/wp-json\/wp\/v2\/pages"}],"about":[{"href":"https:\/\/www.usal.edu.ar\/internacional\/wp-json\/wp\/v2\/types\/page"}],"author":[{"embeddable":true,"href":"https:\/\/www.usal.edu.ar\/internacional\/wp-json\/wp\/v2\/users\/5"}],"replies":[{"embeddable":true,"href":"https:\/\/www.usal.edu.ar\/internacional\/wp-json\/wp\/v2\/comments?post=303"}],"version-history":[{"count":24,"href":"https:\/\/www.usal.edu.ar\/internacional\/wp-json\/wp\/v2\/pages\/303\/revisions"}],"predecessor-version":[{"id":15518,"href":"https:\/\/www.usal.edu.ar\/internacional\/wp-json\/wp\/v2\/pages\/303\/revisions\/15518"}],"up":[{"embeddable":true,"href":"https:\/\/www.usal.edu.ar\/internacional\/wp-json\/wp\/v2\/pages\/273"}],"wp:attachment":[{"href":"https:\/\/www.usal.edu.ar\/internacional\/wp-json\/wp\/v2\/media?parent=303"}],"curies":[{"name":"wp","href":"https:\/\/api.w.org\/{rel}","templated":true}]}}