{"id":327,"date":"2024-05-03T20:10:58","date_gmt":"2024-05-03T23:10:58","guid":{"rendered":"https:\/\/www.usal.edu.ar\/internacional\/?page_id=327"},"modified":"2024-05-22T17:38:02","modified_gmt":"2024-05-22T20:38:02","slug":"estudiantes-extranjeros-de-carrera-completa","status":"publish","type":"page","link":"https:\/\/www.usal.edu.ar\/internacional\/estudiantes-extranjeros-de-carrera-completa\/","title":{"rendered":"Estudiantes extranjeros de carrera completa"},"content":{"rendered":"\n<div class=\"wp-block-group has-background has-global-padding is-layout-constrained wp-block-group-is-layout-constrained\" style=\"background-color:#eeeeee;padding-top:var(--wp--preset--spacing--30);padding-bottom:var(--wp--preset--spacing--30)\">\n<h5 class=\"wp-block-heading has-text-align-center has-large-font-size\">Si est\u00e1s pensando estudiar tu carrera de grado o posgrado en la USAL, esta secci\u00f3n es para vos.<\/h5>\n\n\n\n<div class=\"wp-block-group is-content-justification-center is-layout-flex wp-container-core-group-is-layout-e35d8016 wp-block-group-is-layout-flex\" style=\"padding-top:var(--wp--preset--spacing--30);padding-right:var(--wp--preset--spacing--30);padding-bottom:var(--wp--preset--spacing--30);padding-left:var(--wp--preset--spacing--30)\">\n<div class=\"wp-block-group clickeable tarjeta-blanca alturas-iguales has-border-color has-base-background-color has-background is-vertical is-content-justification-center is-nowrap is-layout-flex wp-container-core-group-is-layout-7e079dd8 wp-block-group-is-layout-flex\" style=\"border-color:#dcdcdc;border-width:2px;border-radius:10px;padding-top:15px;padding-right:15px;padding-bottom:15px;padding-left:15px\">\n<div class=\"wp-block-group has-primary-background-color has-background has-global-padding is-layout-constrained wp-container-core-group-is-layout-326015d3 wp-block-group-is-layout-constrained\" style=\"border-radius:100%;padding-top:10px;padding-right:10px;padding-bottom:10px;padding-left:10px\">\n<figure class=\"wp-block-image aligncenter size-full is-resized wp-duotone-rgb255255255-ffffff-1\"><img loading=\"lazy\" decoding=\"async\" width=\"500\" height=\"500\" src=\"https:\/\/www.usal.edu.ar\/internacional\/wp-content\/uploads\/sites\/7\/2024\/05\/image2_white_full.png\" alt=\"\" class=\"wp-image-1356\" style=\"width:100px\" srcset=\"https:\/\/www.usal.edu.ar\/internacional\/wp-content\/uploads\/sites\/7\/2024\/05\/image2_white_full.png 500w, https:\/\/www.usal.edu.ar\/internacional\/wp-content\/uploads\/sites\/7\/2024\/05\/image2_white_full-300x300.png 300w, https:\/\/www.usal.edu.ar\/internacional\/wp-content\/uploads\/sites\/7\/2024\/05\/image2_white_full-150x150.png 150w\" sizes=\"auto, (max-width: 500px) 100vw, 500px\" \/><\/figure>\n<\/div>\n\n\n\n<h5 class=\"wp-block-heading has-text-align-center\">Informes y<br> Admisi\u00f3n<\/h5>\n\n\n\n<div style=\"height:0px\" aria-hidden=\"true\" class=\"wp-block-spacer wp-container-content-ae35ab75\"><\/div>\n\n\n\n<div class=\"wp-block-group is-content-justification-center is-nowrap is-layout-flex wp-container-core-group-is-layout-06d12f70 wp-block-group-is-layout-flex\">\n<p class=\"has-text-align-center has-primary-color has-text-color has-link-color has-x-small-font-size wp-elements-1542230a947c0804f5b86f88007cbbc3\" style=\"text-decoration:none\"><a href=\"https:\/\/www.usal.edu.ar\/internacional\/estudiantes-extranjeros-de-carrera-completa\/informes-y-admision\/\" data-type=\"page\" data-id=\"329\">Ver m\u00e1s<\/a><\/p>\n\n\n\n<figure class=\"wp-block-image size-full\"><a href=\"#\"><img loading=\"lazy\" decoding=\"async\" width=\"16\" height=\"16\" src=\"https:\/\/www.usal.edu.ar\/internacional\/wp-content\/uploads\/sites\/7\/2024\/05\/right-arrow-green-circle-20570.png\" alt=\"\" class=\"wp-image-423\" \/><\/a><\/figure>\n<\/div>\n<\/div>\n\n\n\n<div class=\"wp-block-group clickeable tarjeta-blanca alturas-iguales has-border-color has-base-background-color has-background is-vertical is-content-justification-center is-nowrap is-layout-flex wp-container-core-group-is-layout-7e079dd8 wp-block-group-is-layout-flex\" style=\"border-color:#dcdcdc;border-width:2px;border-radius:10px;padding-top:15px;padding-right:15px;padding-bottom:15px;padding-left:15px\">\n<div class=\"wp-block-group has-primary-background-color has-background has-global-padding is-layout-constrained wp-container-core-group-is-layout-174be915 wp-block-group-is-layout-constrained\" style=\"border-radius:100%;padding-top:20px;padding-right:20px;padding-bottom:20px;padding-left:20px\">\n<figure class=\"wp-block-image aligncenter size-full is-resized wp-duotone-rgb255255255-ffffff-2\"><img loading=\"lazy\" decoding=\"async\" width=\"500\" height=\"500\" src=\"https:\/\/www.usal.edu.ar\/internacional\/wp-content\/uploads\/sites\/7\/2024\/05\/image1_white_full.png\" alt=\"\" class=\"wp-image-1357\" style=\"width:80px\" srcset=\"https:\/\/www.usal.edu.ar\/internacional\/wp-content\/uploads\/sites\/7\/2024\/05\/image1_white_full.png 500w, https:\/\/www.usal.edu.ar\/internacional\/wp-content\/uploads\/sites\/7\/2024\/05\/image1_white_full-300x300.png 300w, https:\/\/www.usal.edu.ar\/internacional\/wp-content\/uploads\/sites\/7\/2024\/05\/image1_white_full-150x150.png 150w\" sizes=\"auto, (max-width: 500px) 100vw, 500px\" \/><\/figure>\n<\/div>\n\n\n\n<h5 class=\"wp-block-heading has-text-align-center\">Tr\u00e1mites<\/h5>\n\n\n\n<div style=\"height:0px\" aria-hidden=\"true\" class=\"wp-block-spacer wp-container-content-ae35ab75\"><\/div>\n\n\n\n<div class=\"wp-block-group is-content-justification-center is-nowrap is-layout-flex wp-container-core-group-is-layout-06d12f70 wp-block-group-is-layout-flex\">\n<p class=\"has-text-align-center has-primary-color has-text-color has-link-color has-x-small-font-size wp-elements-ccd2baaac52399988d72e0e237dd85b2\" style=\"text-decoration:none\"><a href=\"https:\/\/www.usal.edu.ar\/internacional\/estudiantes-extranjeros-de-carrera-completa\/tramites\/\" data-type=\"link\" data-id=\"https:\/\/www.usal.edu.ar\/internacional\/estudiantes-extranjeros-de-carrera-completa\/tramites\/\">Ver m\u00e1s <\/a><\/p>\n\n\n\n<figure class=\"wp-block-image size-full\"><a href=\"#\"><img loading=\"lazy\" decoding=\"async\" width=\"16\" height=\"16\" src=\"https:\/\/www.usal.edu.ar\/internacional\/wp-content\/uploads\/sites\/7\/2024\/05\/right-arrow-green-circle-20570.png\" alt=\"\" class=\"wp-image-423\" \/><\/a><\/figure>\n<\/div>\n<\/div>\n<\/div>\n<\/div>\n\n\n\n<div class=\"wp-block-group has-global-padding is-layout-constrained wp-block-group-is-layout-constrained\">\n<p class=\"has-medium-font-size\">Estudia en Argentina &#8211; Video oficial <\/p>\n\n\n\n<figure class=\"wp-block-embed aligncenter is-type-video is-provider-youtube wp-block-embed-youtube wp-embed-aspect-16-9 wp-has-aspect-ratio\"><div class=\"wp-block-embed__wrapper\">\n<iframe loading=\"lazy\" title=\"ESTUDIA EN ARGENTINA\" width=\"500\" height=\"281\" src=\"https:\/\/www.youtube.com\/embed\/8nDzijdEJl4?feature=oembed\" frameborder=\"0\" allow=\"accelerometer; autoplay; clipboard-write; encrypted-media; gyroscope; picture-in-picture; web-share\" referrerpolicy=\"strict-origin-when-cross-origin\" allowfullscreen><\/iframe> \n<\/div><\/figure>\n<\/div>\n","protected":false},"excerpt":{"rendered":"<p>Si est\u00e1s pensando estudiar tu carrera de grado o posgrado en la USAL, esta secci\u00f3n es para vos. Informes y Admisi\u00f3n Ver m\u00e1s Tr\u00e1mites Ver m\u00e1s Estudia en Argentina &#8211; Video oficial<\/p>\n","protected":false},"author":5,"featured_media":0,"parent":0,"menu_order":0,"comment_status":"closed","ping_status":"closed","template":"","meta":{"_acf_changed":false,"footnotes":""},"class_list":["post-327","page","type-page","status-publish","hentry"],"acf":[],"_links":{"self":[{"href":"https:\/\/www.usal.edu.ar\/internacional\/wp-json\/wp\/v2\/pages\/327","targetHints":{"allow":["GET"]}}],"collection":[{"href":"https:\/\/www.usal.edu.ar\/internacional\/wp-json\/wp\/v2\/pages"}],"about":[{"href":"https:\/\/www.usal.edu.ar\/internacional\/wp-json\/wp\/v2\/types\/page"}],"author":[{"embeddable":true,"href":"https:\/\/www.usal.edu.ar\/internacional\/wp-json\/wp\/v2\/users\/5"}],"replies":[{"embeddable":true,"href":"https:\/\/www.usal.edu.ar\/internacional\/wp-json\/wp\/v2\/comments?post=327"}],"version-history":[{"count":16,"href":"https:\/\/www.usal.edu.ar\/internacional\/wp-json\/wp\/v2\/pages\/327\/revisions"}],"predecessor-version":[{"id":1516,"href":"https:\/\/www.usal.edu.ar\/internacional\/wp-json\/wp\/v2\/pages\/327\/revisions\/1516"}],"wp:attachment":[{"href":"https:\/\/www.usal.edu.ar\/internacional\/wp-json\/wp\/v2\/media?parent=327"}],"curies":[{"name":"wp","href":"https:\/\/api.w.org\/{rel}","templated":true}]}}