{"id":341,"date":"2024-05-10T17:36:49","date_gmt":"2024-05-10T20:36:49","guid":{"rendered":"https:\/\/www.usal.edu.ar\/internacional\/?page_id=341"},"modified":"2026-02-20T10:26:57","modified_gmt":"2026-02-20T13:26:57","slug":"redes","status":"publish","type":"page","link":"https:\/\/www.usal.edu.ar\/internacional\/cooperacion-internacional\/redes\/","title":{"rendered":"\ud83c\udf10 Redes"},"content":{"rendered":"\n<div class=\"wp-block-group is-layout-flow wp-block-group-is-layout-flow\">\n<p>Somos parte de distintas redes nacionales e internacionales que integran instituciones de educaci\u00f3n superior de Argentina y otros pa\u00edses. Estas redes impulsan programas, convocatorias y acciones destinadas a promover la internacionalizaci\u00f3n, la cooperaci\u00f3n acad\u00e9mica y el fortalecimiento institucional de sus miembros..<\/p>\n<\/div>\n\n\n\n<h3 class=\"wp-block-heading\">\ud83c\udf0e <strong>Redes Internacionales<\/strong><\/h3>\n\n\n\n<p>Integramos redes de alcance internacional que promueven la cooperaci\u00f3n acad\u00e9mica, el intercambio de conocimientos y el fortalecimiento de v\u00ednculos entre instituciones de educaci\u00f3n superior de distintas regiones del mundo.<\/p>\n\n\n\n<p><strong>Estas redes son:<\/strong><\/p>\n\n\n\n<p><strong>RUC<\/strong> \u2013 <em>Red Universitaria para el Cuidado de la Casa Com\u00fan<\/em><br>Iniciativa internacional que articula instituciones universitarias comprometidas con la sustentabilidad, el cuidado ambiental y la promoci\u00f3n de la ecolog\u00eda integral.<br>\ud83d\udd17 Sitio oficial: <a class=\"\" href=\"https:\/\/www.redruc.org\/\">https:\/\/www.redruc.org\/<\/a><\/p>\n\n\n\n<p><strong>BCI<\/strong> \u2013 <em>Bureau de Coop\u00e9ration Interuniversitaire<\/em> (ex CREPUQ)<br>Red de colaboraci\u00f3n universitaria que re\u00fane instituciones de educaci\u00f3n superior, fomentando la cooperaci\u00f3n acad\u00e9mica y la internacionalizaci\u00f3n.<br>\ud83d\udd17 Sitio oficial: <a class=\"\" href=\"https:\/\/www.bci-qc.ca\/\">https:\/\/www.bci-qc.ca\/<\/a><\/p>\n\n\n\n<p><strong>ODUCAL<\/strong> \u2013 <em>Organizaci\u00f3n de Universidades Cat\u00f3licas de Am\u00e9rica Latina y el Caribe<\/em><br>Asociaci\u00f3n que integra universidades cat\u00f3licas de la regi\u00f3n, promoviendo proyectos conjuntos de docencia, investigaci\u00f3n y extensi\u00f3n en clave de identidad y compromiso social.<br>\ud83d\udd17 Sitio oficial: <a class=\"\" href=\"https:\/\/oducal.com\/\">https:\/\/oducal.com\/<\/a><\/p>\n\n\n\n<p><strong>ISEP<\/strong> \u2013 <em>International Student Exchange Program<\/em><br>Red internacional de intercambio acad\u00e9mico que conecta universidades de todo el mundo, facilitando la movilidad estudiantil y docente.<br>\ud83d\udd17 Sitio oficial: <a class=\"\" href=\"https:\/\/www.isepstudyabroad.org\/\">https:\/\/www.isepstudyabroad.org\/<\/a><\/p>\n\n\n\n<p><strong>OUI-IOHE<\/strong> \u2013 <em>Organizaci\u00f3n Universitaria Interamericana \/ Inter-American Organization for Higher Education<\/em><br>Red que promueve la colaboraci\u00f3n acad\u00e9mica, la internacionalizaci\u00f3n y la formaci\u00f3n de redes universitarias en todo el continente americano.<br>\ud83d\udd17 Sitio oficial: <a class=\"\" href=\"https:\/\/oui-iohe.org\/es\/\">https:\/\/oui-iohe.org\/es\/<\/a><\/p>\n\n\n\n<p><strong>AUF<\/strong> \u2013 <em>Agence Universitaire de la Francophonie<\/em><br>Organizaci\u00f3n internacional que agrupa universidades de expresi\u00f3n francesa alrededor del mundo, promoviendo la movilidad acad\u00e9mica, la investigaci\u00f3n y la cooperaci\u00f3n internacional.<br>\ud83d\udd17 Sitio oficial: <a class=\"\" href=\"https:\/\/www.auf.org\/\">https:\/\/www.auf.org\/<\/a><\/p>\n\n\n\n<p><strong>FIUC<\/strong> \u2013 <em>Federaci\u00f3n Internacional de Universidades Cat\u00f3licas<\/em><br>Red global de universidades cat\u00f3licas que favorece el intercambio acad\u00e9mico y la cooperaci\u00f3n institucional en \u00e1reas de docencia, investigaci\u00f3n y responsabilidad social.<br>\ud83d\udd17 Sitio oficial: <a class=\"\" href=\"https:\/\/fiuc-ifcu.org\/es\/inicio\/\">https:\/\/fiuc-ifcu.org\/es\/inicio\/<\/a><\/p>\n\n\n\n<p><strong>IAU<\/strong> \u2013 <em>International Association of Universities<\/em><br>Asociaci\u00f3n mundial de instituciones de educaci\u00f3n superior y sus organizaciones, dedicada a la cooperaci\u00f3n y al fortalecimiento de los sistemas universitarios a nivel global.<br>\ud83d\udd17 Sitio oficial: <a class=\"\" href=\"https:\/\/www.iau-aiu.net\/\">https:\/\/www.iau-aiu.net\/<\/a><\/p>\n\n\n\n<p><strong>IAUP<\/strong> \u2013 <em>International Association of University Presidents<\/em><br>Red de presidentes y rectores universitarios de todo el mundo que promueve el di\u00e1logo institucional, el intercambio de buenas pr\u00e1cticas y la cooperaci\u00f3n internacional.<br>\ud83d\udd17 Sitio oficial: <a class=\"\" href=\"https:\/\/www.iaup.org\/\">https:\/\/www.iaup.org\/<\/a><\/p>\n\n\n\n<p><strong>International Institute for Peace, Vienna<\/strong><br>Organizaci\u00f3n acad\u00e9mica y de investigaci\u00f3n con sede en Viena, dedicada a promover la paz, los derechos humanos y el di\u00e1logo intercultural a nivel internacional.<br>\ud83d\udd17 Sitio oficial: <a class=\"\" href=\"https:\/\/www.iipvienna.com\/\">https:\/\/www.iipvienna.com\/<\/a><\/p>\n\n\n\n<p><strong>RUCSAL<\/strong> \u2013 <em>Red de Universidades Cat\u00f3licas del Sur de Am\u00e9rica Latina<\/em><br>Espacio de articulaci\u00f3n entre universidades cat\u00f3licas del sur del continente para el desarrollo de acciones acad\u00e9micas y de compromiso social conjunto.<br>\ud83d\udd17 Sitio oficial: <a class=\"\">https:\/\/www.ucatolica.edu.uy\/rucsal\/<\/a><\/p>\n\n\n\n<p><strong>ICUDDR<\/strong> \u2013 <em>International Consortium of Universities for Drug Demand Reduction<\/em><br>Consorcio internacional de universidades que trabajan en la reducci\u00f3n de la demanda de drogas mediante programas educativos y de formaci\u00f3n de profesionales.<br>\ud83d\udd17 Sitio oficial: <a class=\"\" href=\"https:\/\/icuddr.org\/\">https:\/\/icuddr.org\/<\/a><\/p>\n\n\n\n<p><strong>Aula Zambrano<\/strong><br>Iniciativa acad\u00e9mica internacional orientada a la promoci\u00f3n de espacios de reflexi\u00f3n y di\u00e1logo interdisciplinario sobre temas sociales, filos\u00f3ficos y educativos.<br>\ud83d\udd17 Sitio oficial: <a class=\"\" href=\"https:\/\/www.uma.es\/amzet\/\">https:\/\/www.uma.es\/amzet\/<\/a><\/p>\n\n\n\n<p><strong>Red Solidaris<\/strong><br>Red de colaboraci\u00f3n universitaria internacional que promueve el compromiso social, la educaci\u00f3n solidaria y la cooperaci\u00f3n para el desarrollo.<br>\ud83d\udd17 Sitio oficial: <a class=\"\" href=\"https:\/\/www.red-solidaria.org\/\">https:\/\/www.red-solidaria.org\/<\/a><\/p>\n\n\n\n<p><strong>Grupo de Universidades Iberoamericanas La R\u00e1bida<\/strong><br>Asociaci\u00f3n acad\u00e9mica que re\u00fane universidades de Iberoam\u00e9rica con el objetivo de fomentar la cooperaci\u00f3n cient\u00edfica, acad\u00e9mica y cultural, promoviendo actividades de formaci\u00f3n, investigaci\u00f3n y extensi\u00f3n conjunta.<br>\ud83d\udd17 Sitio oficial: <a class=\"\" href=\"https:\/\/www.grupolarabida.org\/\">https:\/\/www.grupolarabida.org\/<\/a><\/p>\n\n\n\n<p><strong>Red Internacional de atenci\u00f3n integral al estudiante<\/strong><br>Promover un espacio de acompa\u00f1amiento integral a los alumnos y potenciales estudiantes, as\u00ed como tambi\u00e9n, generar un impacto en el desarrollo acad\u00e9mico, emocional, social y profesional de los mismos..<\/p>\n\n\n\n<p><strong>AUSJAL (Asociaci\u00f3n de Universidades Confiadas a la Compa\u00f1\u00eda de Jes\u00fas en Am\u00e9rica Latina)<\/strong><br>Red de universidades jesuitas de Am\u00e9rica Latina que promueve la colaboraci\u00f3n acad\u00e9mica, la investigaci\u00f3n conjunta, la formaci\u00f3n integral y el compromiso social, inspirada en la tradici\u00f3n educativa de la Compa\u00f1\u00eda de Jes\u00fas.<br>\ud83d\udd17 Sitio oficial: <a href=\"https:\/\/www.ausjal.org\/\">https:\/\/www.ausjal.org\/<\/a><\/p>\n\n\n\n<p><br><\/p>\n\n\n\n<p><\/p>\n","protected":false},"excerpt":{"rendered":"<p>Somos parte de distintas redes nacionales e internacionales que integran instituciones de educaci\u00f3n superior de Argentina y otros pa\u00edses. Estas redes impulsan programas, convocatorias y acciones destinadas a promover la internacionalizaci\u00f3n, la cooperaci\u00f3n acad\u00e9mica y el fortalecimiento institucional de sus miembros.. \ud83c\udf0e Redes Internacionales Integramos redes de alcance internacional que promueven la cooperaci\u00f3n acad\u00e9mica, el [&hellip;]<\/p>\n","protected":false},"author":5,"featured_media":0,"parent":335,"menu_order":0,"comment_status":"closed","ping_status":"closed","template":"","meta":{"_acf_changed":false,"footnotes":""},"class_list":["post-341","page","type-page","status-publish","hentry"],"acf":[],"_links":{"self":[{"href":"https:\/\/www.usal.edu.ar\/internacional\/wp-json\/wp\/v2\/pages\/341","targetHints":{"allow":["GET"]}}],"collection":[{"href":"https:\/\/www.usal.edu.ar\/internacional\/wp-json\/wp\/v2\/pages"}],"about":[{"href":"https:\/\/www.usal.edu.ar\/internacional\/wp-json\/wp\/v2\/types\/page"}],"author":[{"embeddable":true,"href":"https:\/\/www.usal.edu.ar\/internacional\/wp-json\/wp\/v2\/users\/5"}],"replies":[{"embeddable":true,"href":"https:\/\/www.usal.edu.ar\/internacional\/wp-json\/wp\/v2\/comments?post=341"}],"version-history":[{"count":11,"href":"https:\/\/www.usal.edu.ar\/internacional\/wp-json\/wp\/v2\/pages\/341\/revisions"}],"predecessor-version":[{"id":15297,"href":"https:\/\/www.usal.edu.ar\/internacional\/wp-json\/wp\/v2\/pages\/341\/revisions\/15297"}],"up":[{"embeddable":true,"href":"https:\/\/www.usal.edu.ar\/internacional\/wp-json\/wp\/v2\/pages\/335"}],"wp:attachment":[{"href":"https:\/\/www.usal.edu.ar\/internacional\/wp-json\/wp\/v2\/media?parent=341"}],"curies":[{"name":"wp","href":"https:\/\/api.w.org\/{rel}","templated":true}]}}