{"id":343,"date":"2024-05-10T17:36:49","date_gmt":"2024-05-10T20:36:49","guid":{"rendered":"https:\/\/www.usal.edu.ar\/internacional\/?page_id=343"},"modified":"2025-05-19T16:41:38","modified_gmt":"2025-05-19T19:41:38","slug":"nawa","status":"publish","type":"page","link":"https:\/\/www.usal.edu.ar\/internacional\/cooperacion-internacional\/nawa\/","title":{"rendered":"\ud83c\udf31 Proyecto NAWA"},"content":{"rendered":"\n<p><\/p>\n\n\n\n<h4 class=\"wp-block-heading\">\ud83c\udf31 <strong>Proyecto NAWA \u2013 Producci\u00f3n Ecol\u00f3gica e Innovadora de Bioestimulantes<\/strong><\/h4>\n\n\n\n<p><strong>Internacionalizaci\u00f3n de la Investigaci\u00f3n Agraria<\/strong><br><strong>Desde 2022 | Financiado por la Agencia Nacional de Polonia para el Intercambio Acad\u00e9mico (NAWA)<\/strong><\/p>\n\n\n\n<hr class=\"wp-block-separator has-alpha-channel-opacity\" \/>\n\n\n\n<h4 class=\"wp-block-heading\">\ud83c\udfaf <strong>Objetivo del Proyecto<\/strong><\/h4>\n\n\n\n<p>Fomentar la <strong>colaboraci\u00f3n acad\u00e9mica y cient\u00edfica internacional<\/strong> entre universidades de Europa y Am\u00e9rica Latina, enfoc\u00e1ndose en el <strong>desarrollo de herramientas sostenibles para la agricultura<\/strong>, especialmente bioestimulantes naturales.<\/p>\n\n\n\n<hr class=\"wp-block-separator has-alpha-channel-opacity\" \/>\n\n\n\n<h4 class=\"wp-block-heading\">\ud83e\uddea <strong>Tem\u00e1tica Principal<\/strong><\/h4>\n\n\n\n<ul class=\"wp-block-list\">\n<li>Desarrollo y aplicaci\u00f3n de <strong>bioestimulantes<\/strong>: productos naturales que favorecen el crecimiento, desarrollo y rendimiento de las plantas <strong>sin impactar negativamente el medioambiente<\/strong>.<\/li>\n\n\n\n<li>Investigaci\u00f3n conjunta en cultivos clave como <strong>la soja<\/strong>.<\/li>\n\n\n\n<li>Difusi\u00f3n de resultados y buenas pr\u00e1cticas en agricultura ecol\u00f3gica.<\/li>\n<\/ul>\n\n\n\n<figure class=\"wp-block-image aligncenter size-full\"><img loading=\"lazy\" decoding=\"async\" width=\"561\" height=\"70\" src=\"https:\/\/www.usal.edu.ar\/internacional\/wp-content\/uploads\/sites\/7\/2024\/05\/logo-komputer.png\" alt=\"\" class=\"wp-image-948\" srcset=\"https:\/\/www.usal.edu.ar\/internacional\/wp-content\/uploads\/sites\/7\/2024\/05\/logo-komputer.png 561w, https:\/\/www.usal.edu.ar\/internacional\/wp-content\/uploads\/sites\/7\/2024\/05\/logo-komputer-300x37.png 300w\" sizes=\"auto, (max-width: 561px) 100vw, 561px\" \/><\/figure>\n\n\n\n<h4 class=\"wp-block-heading\">\ud83c\udf0d <strong>Universidades Participantes y Coordinadores<\/strong><\/h4>\n\n\n\n<ul class=\"wp-block-list\">\n<li>\ud83c\uddf5\ud83c\uddf1 <strong>Universidad de Ciencias de la Vida en Lublin<\/strong> (Polonia)\n<ul class=\"wp-block-list\">\n<li>Coordinador: <strong>Dr. Slawomir Kocira<\/strong><\/li>\n<\/ul>\n<\/li>\n\n\n\n<li>\ud83c\udde8\ud83c\uddff <strong>Universidad de Bohemia del Sur en \u010cesk\u00e9 Bud\u011bjovice<\/strong> (Rep\u00fablica Checa)\n<ul class=\"wp-block-list\">\n<li>Coordinadora: <strong>Dra. Andrea Bohat\u00e1<\/strong><\/li>\n<\/ul>\n<\/li>\n\n\n\n<li>\ud83c\uddf8\ud83c\uddf0 <strong>Universidad de Agricultura de Eslovaquia en Nitra<\/strong> (Eslovaquia)\n<ul class=\"wp-block-list\">\n<li>Coordinador: <strong>Pavol Findura<\/strong><\/li>\n<\/ul>\n<\/li>\n\n\n\n<li>\ud83c\udde6\ud83c\uddf7 <strong>Universidad del Salvador \u2013 Facultad de Ciencias Agrarias y Veterinarias<\/strong> (Argentina)\n<ul class=\"wp-block-list\">\n<li>Coordinadora: <strong>Dra. M. Cecilia P\u00e9rez Piz\u00e1<\/strong><\/li>\n<\/ul>\n<\/li>\n<\/ul>\n\n\n\n<hr class=\"wp-block-separator has-alpha-channel-opacity\" \/>\n\n\n\n<h4 class=\"wp-block-heading\">\ud83e\udd1d <strong>Impacto del Proyecto<\/strong><\/h4>\n\n\n\n<ul class=\"wp-block-list\">\n<li>Promueve el <strong>intercambio cient\u00edfico y acad\u00e9mico<\/strong> entre Europa Central y Am\u00e9rica del Sur.<\/li>\n\n\n\n<li>Fortalece <strong>alianzas estrat\u00e9gicas a largo plazo<\/strong> en el campo de la agricultura sostenible.<\/li>\n\n\n\n<li>Apunta a <strong>formar capacidades locales<\/strong> y globales para el desarrollo de pr\u00e1cticas agr\u00edcolas innovadoras y responsables.<\/li>\n<\/ul>\n\n\n\n<figure class=\"wp-block-gallery has-nested-images columns-default is-cropped wp-block-gallery-1 is-layout-flex wp-block-gallery-is-layout-flex\">\n<figure class=\"wp-block-image size-large\"><img loading=\"lazy\" decoding=\"async\" width=\"606\" height=\"450\" data-id=\"945\" src=\"https:\/\/www.usal.edu.ar\/internacional\/wp-content\/uploads\/sites\/7\/2024\/05\/1-IMG_0539.jpg\" alt=\"\" class=\"wp-image-945\" srcset=\"https:\/\/www.usal.edu.ar\/internacional\/wp-content\/uploads\/sites\/7\/2024\/05\/1-IMG_0539.jpg 606w, https:\/\/www.usal.edu.ar\/internacional\/wp-content\/uploads\/sites\/7\/2024\/05\/1-IMG_0539-300x223.jpg 300w\" sizes=\"auto, (max-width: 606px) 100vw, 606px\" \/><\/figure>\n\n\n\n<figure class=\"wp-block-image size-large\"><img loading=\"lazy\" decoding=\"async\" width=\"900\" height=\"395\" data-id=\"944\" src=\"https:\/\/www.usal.edu.ar\/internacional\/wp-content\/uploads\/sites\/7\/2024\/05\/1-IMG_0097.jpg\" alt=\"\" class=\"wp-image-944\" srcset=\"https:\/\/www.usal.edu.ar\/internacional\/wp-content\/uploads\/sites\/7\/2024\/05\/1-IMG_0097.jpg 900w, https:\/\/www.usal.edu.ar\/internacional\/wp-content\/uploads\/sites\/7\/2024\/05\/1-IMG_0097-300x132.jpg 300w, https:\/\/www.usal.edu.ar\/internacional\/wp-content\/uploads\/sites\/7\/2024\/05\/1-IMG_0097-768x337.jpg 768w\" sizes=\"auto, (max-width: 900px) 100vw, 900px\" \/><\/figure>\n<\/figure>\n","protected":false},"excerpt":{"rendered":"<p>\ud83c\udf31 Proyecto NAWA \u2013 Producci\u00f3n Ecol\u00f3gica e Innovadora de Bioestimulantes Internacionalizaci\u00f3n de la Investigaci\u00f3n AgrariaDesde 2022 | Financiado por la Agencia Nacional de Polonia para el Intercambio Acad\u00e9mico (NAWA) \ud83c\udfaf Objetivo del Proyecto Fomentar la colaboraci\u00f3n acad\u00e9mica y cient\u00edfica internacional entre universidades de Europa y Am\u00e9rica Latina, enfoc\u00e1ndose en el desarrollo de herramientas sostenibles para [&hellip;]<\/p>\n","protected":false},"author":5,"featured_media":0,"parent":335,"menu_order":0,"comment_status":"closed","ping_status":"closed","template":"","meta":{"_acf_changed":false,"footnotes":""},"class_list":["post-343","page","type-page","status-publish","hentry"],"acf":[],"_links":{"self":[{"href":"https:\/\/www.usal.edu.ar\/internacional\/wp-json\/wp\/v2\/pages\/343","targetHints":{"allow":["GET"]}}],"collection":[{"href":"https:\/\/www.usal.edu.ar\/internacional\/wp-json\/wp\/v2\/pages"}],"about":[{"href":"https:\/\/www.usal.edu.ar\/internacional\/wp-json\/wp\/v2\/types\/page"}],"author":[{"embeddable":true,"href":"https:\/\/www.usal.edu.ar\/internacional\/wp-json\/wp\/v2\/users\/5"}],"replies":[{"embeddable":true,"href":"https:\/\/www.usal.edu.ar\/internacional\/wp-json\/wp\/v2\/comments?post=343"}],"version-history":[{"count":4,"href":"https:\/\/www.usal.edu.ar\/internacional\/wp-json\/wp\/v2\/pages\/343\/revisions"}],"predecessor-version":[{"id":8775,"href":"https:\/\/www.usal.edu.ar\/internacional\/wp-json\/wp\/v2\/pages\/343\/revisions\/8775"}],"up":[{"embeddable":true,"href":"https:\/\/www.usal.edu.ar\/internacional\/wp-json\/wp\/v2\/pages\/335"}],"wp:attachment":[{"href":"https:\/\/www.usal.edu.ar\/internacional\/wp-json\/wp\/v2\/media?parent=343"}],"curies":[{"name":"wp","href":"https:\/\/api.w.org\/{rel}","templated":true}]}}