{"id":344,"date":"2024-05-10T17:36:49","date_gmt":"2024-05-10T20:36:49","guid":{"rendered":"https:\/\/www.usal.edu.ar\/internacional\/?page_id=344"},"modified":"2025-05-19T16:45:08","modified_gmt":"2025-05-19T19:45:08","slug":"ministerio-de-educacion","status":"publish","type":"page","link":"https:\/\/www.usal.edu.ar\/internacional\/cooperacion-internacional\/ministerio-de-educacion\/","title":{"rendered":"\ud83c\udde6\ud83c\uddf7 Ministerio de Educaci\u00f3n de la Naci\u00f3n \u2013 Proyectos de Internacionalizaci\u00f3n Universitaria"},"content":{"rendered":"\n<div class=\"wp-block-group has-global-padding is-layout-constrained wp-block-group-is-layout-constrained\">\n<div class=\"wp-block-group has-global-padding is-layout-constrained wp-block-group-is-layout-constrained\">\n<p><strong>Participaci\u00f3n de la USAL desde 2007<\/strong><br>A trav\u00e9s de la <strong>Secretar\u00eda de Pol\u00edticas Universitarias (SPU)<\/strong><\/p>\n<\/div>\n\n\n\n<div class=\"wp-block-columns is-layout-flex wp-container-core-columns-is-layout-28f84493 wp-block-columns-is-layout-flex\">\n<div class=\"wp-block-column is-layout-flow wp-block-column-is-layout-flow\">\n<p class=\"has-text-align-center has-text-color has-link-color has-x-large-font-size wp-elements-9a17b11b486212ad0256b1bb3213855d\" style=\"color:#08b889;font-style:normal;font-weight:700\">1<\/p>\n\n\n\n<p class=\"has-text-align-center has-small-font-size\" style=\"font-style:normal;font-weight:700\">Proyecto <br>PIESCI<\/p>\n<\/div>\n\n\n\n<div class=\"wp-block-column is-layout-flow wp-block-column-is-layout-flow\">\n<p class=\"has-text-align-center has-text-color has-link-color has-x-large-font-size wp-elements-01a7be4c0b4be6c1684ad47374f6f36b\" style=\"color:#08b889;font-style:normal;font-weight:700\">8<\/p>\n\n\n\n<p class=\"has-text-align-center has-small-font-size\" style=\"font-style:normal;font-weight:700\">Proyectos <br>Redes<\/p>\n<\/div>\n\n\n\n<div class=\"wp-block-column is-layout-flow wp-block-column-is-layout-flow\">\n<p class=\"has-text-align-center has-text-color has-link-color has-x-large-font-size wp-elements-1e2bac31815026478ab983f80328ffb8\" style=\"color:#08b889;font-style:normal;font-weight:700\">3<\/p>\n\n\n\n<p class=\"has-text-align-center has-small-font-size\" style=\"font-style:normal;font-weight:700\">Proyectos <br>Misiones<\/p>\n<\/div>\n<\/div>\n<\/div>\n\n\n\n<h4 class=\"wp-block-heading\">\ud83c\udfaf <strong>Objetivo General<\/strong><\/h4>\n\n\n\n<p>Impulsar el fortalecimiento de la <strong>internacionalizaci\u00f3n<\/strong> de la educaci\u00f3n superior argentina mediante el financiamiento de <strong>misiones acad\u00e9micas<\/strong>, <strong>proyectos de redes interinstitucionales<\/strong> y el desarrollo de <strong>capacidades internas<\/strong> en las universidades.<\/p>\n\n\n\n<hr class=\"wp-block-separator has-alpha-channel-opacity\" \/>\n\n\n\n<h4 class=\"wp-block-heading\">\ud83d\udccc <strong>Tipos de Proyectos Presentados por USAL<\/strong><\/h4>\n\n\n\n<h4 class=\"wp-block-heading\">1\ufe0f\u20e3 <strong>Proyecto PIESCI<\/strong><\/h4>\n\n\n\n<p><strong>Programa de Internacionalizaci\u00f3n de la Educaci\u00f3n Superior y Cooperaci\u00f3n Internacional<\/strong><\/p>\n\n\n\n<ul class=\"wp-block-list\">\n<li><strong>Objetivo del proyecto USAL:<\/strong><br><strong>Fortalecimiento de RRHH y Capacitaci\u00f3n<\/strong><br>Apuesta a mejorar las competencias institucionales y profesionales para la internacionalizaci\u00f3n universitaria.<\/li>\n<\/ul>\n\n\n\n<hr class=\"wp-block-separator has-alpha-channel-opacity\" \/>\n\n\n\n<h4 class=\"wp-block-heading\">\ud83d\udd17 <strong>Proyectos REDES \u2013 Cooperaci\u00f3n interuniversitaria<\/strong><\/h4>\n\n\n\n<p><strong>Total de proyectos presentados por USAL: 8<\/strong><\/p>\n\n\n\n<h4 class=\"wp-block-heading\">\ud83d\udfe9 Redes VIII<\/h4>\n\n\n\n<ul class=\"wp-block-list\">\n<li><em>Red interinstitucional para el fortalecimiento de la formaci\u00f3n de grado en turismo<\/em><\/li>\n\n\n\n<li><em>Criterios de sustentabilidad en \u00e1reas naturales y rurales orientados al desarrollo local y la aplicaci\u00f3n de buenas pr\u00e1cticas en turismo \u2013 2.\u00aa etapa<\/em><\/li>\n<\/ul>\n\n\n\n<h4 class=\"wp-block-heading\">\ud83d\udfe8 Redes VII<\/h4>\n\n\n\n<ul class=\"wp-block-list\">\n<li><em>Pol\u00edticas identitarias de los c\u00e1nones literarios argentino-brasile\u00f1o: \u00bfuna forma de exclusi\u00f3n cultural?<\/em><\/li>\n\n\n\n<li><em>Las relaciones entre Argentina y el Sudeste Asi\u00e1tico. An\u00e1lisis para una inserci\u00f3n internacional a trav\u00e9s del fortalecimiento de las vinculaciones Sur-Sur<\/em><\/li>\n\n\n\n<li><em>Desarrollo acad\u00e9mico de la Red Universitaria de Promoci\u00f3n de Posgrados en Asia (RUPPA)<\/em><\/li>\n\n\n\n<li><em>Criterios de sustentabilidad en \u00e1reas naturales y rurales orientados al desarrollo local y la aplicaci\u00f3n de buenas pr\u00e1cticas en turismo<\/em><\/li>\n<\/ul>\n\n\n\n<h4 class=\"wp-block-heading\">\ud83d\udfe6 Redes V<\/h4>\n\n\n\n<ul class=\"wp-block-list\">\n<li><em>Seminario de formaci\u00f3n acerca de la elaboraci\u00f3n de tesis de postgraduaci\u00f3n. Diagn\u00f3stico y soluciones<\/em><\/li>\n\n\n\n<li><em>Observatorio sobre la calidad de los contenidos de la comunicaci\u00f3n p\u00fablica<\/em><\/li>\n<\/ul>\n\n\n\n<hr class=\"wp-block-separator has-alpha-channel-opacity\" \/>\n\n\n\n<h4 class=\"wp-block-heading\">\ud83c\udf0d <strong>Proyectos de MISIONES \u2013 Internacionalizaci\u00f3n activa<\/strong><\/h4>\n\n\n\n<p><strong>Total de misiones presentadas por USAL: 3<\/strong><\/p>\n\n\n\n<h4 class=\"wp-block-heading\">\ud83d\udfeb Misiones VII<\/h4>\n\n\n\n<ul class=\"wp-block-list\">\n<li><em>Conformaci\u00f3n de la Red Universitaria de Posgrados Especializados en Am\u00e9rica Latina (RUPEAL): Misi\u00f3n de universidades argentinas a la Universidad Nacional de Colombia<\/em><\/li>\n\n\n\n<li><em>Ampliaci\u00f3n y profundizaci\u00f3n de la Red Universitaria de Promoci\u00f3n de Posgrados en Asia (RUPPA)<\/em><\/li>\n<\/ul>\n\n\n\n<h4 class=\"wp-block-heading\">\u2b1c Misiones V<\/h4>\n\n\n\n<ul class=\"wp-block-list\">\n<li><em>RUPPA \u2013 Red Universitaria de Promoci\u00f3n de Posgrados en Asia<\/em><\/li>\n<\/ul>\n\n\n\n<hr class=\"wp-block-separator has-alpha-channel-opacity\" \/>\n\n\n\n<h4 class=\"wp-block-heading\">\ud83c\udf10 <strong>Impacto General<\/strong><\/h4>\n\n\n\n<ul class=\"wp-block-list\">\n<li>Fortalecimiento de <strong>alianzas internacionales estrat\u00e9gicas<\/strong>.<\/li>\n\n\n\n<li>Expansi\u00f3n de redes regionales como <strong>RUPPA<\/strong> y <strong>RUPEAL<\/strong>.<\/li>\n\n\n\n<li>Promoci\u00f3n de <strong>postgrados internacionales<\/strong> y actualizaci\u00f3n curricular.<\/li>\n\n\n\n<li>Incorporaci\u00f3n de <strong>tem\u00e1ticas clave<\/strong> como sustentabilidad, turismo, comunicaci\u00f3n p\u00fablica, y relaciones Sur-Sur.<\/li>\n<\/ul>\n\n\n\n<hr class=\"wp-block-separator has-alpha-channel-opacity\" \/>\n\n\n\n<h4 class=\"wp-block-heading\">\ud83d\udce9 <strong>M\u00e1s Informaci\u00f3n y Contacto<\/strong><\/h4>\n\n\n\n<p><strong>Direcci\u00f3n de Cooperaci\u00f3n Internacional (USAL)<\/strong><br>\ud83d\udce7 <a>internacional@usal.edu.ar<\/a><\/p>\n","protected":false},"excerpt":{"rendered":"<p>Participaci\u00f3n de la USAL desde 2007A trav\u00e9s de la Secretar\u00eda de Pol\u00edticas Universitarias (SPU) 1 Proyecto PIESCI 8 Proyectos Redes 3 Proyectos Misiones \ud83c\udfaf Objetivo General Impulsar el fortalecimiento de la internacionalizaci\u00f3n de la educaci\u00f3n superior argentina mediante el financiamiento de misiones acad\u00e9micas, proyectos de redes interinstitucionales y el desarrollo de capacidades internas en las [&hellip;]<\/p>\n","protected":false},"author":5,"featured_media":0,"parent":335,"menu_order":0,"comment_status":"closed","ping_status":"closed","template":"","meta":{"_acf_changed":false,"footnotes":""},"class_list":["post-344","page","type-page","status-publish","hentry"],"acf":[],"_links":{"self":[{"href":"https:\/\/www.usal.edu.ar\/internacional\/wp-json\/wp\/v2\/pages\/344","targetHints":{"allow":["GET"]}}],"collection":[{"href":"https:\/\/www.usal.edu.ar\/internacional\/wp-json\/wp\/v2\/pages"}],"about":[{"href":"https:\/\/www.usal.edu.ar\/internacional\/wp-json\/wp\/v2\/types\/page"}],"author":[{"embeddable":true,"href":"https:\/\/www.usal.edu.ar\/internacional\/wp-json\/wp\/v2\/users\/5"}],"replies":[{"embeddable":true,"href":"https:\/\/www.usal.edu.ar\/internacional\/wp-json\/wp\/v2\/comments?post=344"}],"version-history":[{"count":10,"href":"https:\/\/www.usal.edu.ar\/internacional\/wp-json\/wp\/v2\/pages\/344\/revisions"}],"predecessor-version":[{"id":8777,"href":"https:\/\/www.usal.edu.ar\/internacional\/wp-json\/wp\/v2\/pages\/344\/revisions\/8777"}],"up":[{"embeddable":true,"href":"https:\/\/www.usal.edu.ar\/internacional\/wp-json\/wp\/v2\/pages\/335"}],"wp:attachment":[{"href":"https:\/\/www.usal.edu.ar\/internacional\/wp-json\/wp\/v2\/media?parent=344"}],"curies":[{"name":"wp","href":"https:\/\/api.w.org\/{rel}","templated":true}]}}