{"id":9258,"date":"2025-08-18T14:42:55","date_gmt":"2025-08-18T17:42:55","guid":{"rendered":"https:\/\/www.usal.edu.ar\/internacional\/?page_id=9258"},"modified":"2025-08-18T14:42:55","modified_gmt":"2025-08-18T17:42:55","slug":"%f0%9f%93%91-proyectos-korea-foundation","status":"publish","type":"page","link":"https:\/\/www.usal.edu.ar\/internacional\/cooperacion-internacional\/%f0%9f%93%91-proyectos-korea-foundation\/","title":{"rendered":"\ud83d\udcd1 Proyectos Korea Foundation"},"content":{"rendered":"\n<p><\/p>\n\n\n\n<p>En esta secci\u00f3n se presentan los proyectos obtenidos por la Universidad en el marco de las convocatorias de la <strong>Korea Foundation<\/strong> y la <strong>Academia de Estudios Coreanos (\ud55c\uad6d\ud559\uc911\uc559\uc5f0\uad6c\uc6d0)<\/strong>, Ministerio de Educaci\u00f3n de Corea del Sur.<\/p>\n\n\n\n<hr class=\"wp-block-separator has-alpha-channel-opacity\" \/>\n\n\n\n<h2 class=\"wp-block-heading\">\ud83d\udd39 Proyecto vigente<\/h2>\n\n\n\n<p><strong>2024\u20132029 \u2013 Core Program for Korean Studies<\/strong><br><strong>T\u00edtulo:<\/strong> <em>Consolidation of the only Master&#8217;s Degree in Korean Studies and Research Center in Korean Studies in Argentina. Networks, innovation and academic excellence in Latin America<\/em><br><strong>C\u00f3digo:<\/strong> AKS-2024-OLU-2250001<br><strong>Instituci\u00f3n financiadora:<\/strong> Academia de Estudios Coreanos (\ud55c\uad6d\ud559\uc911\uc559\uc5f0\uad6c\uc6d0), Ministerio de Educaci\u00f3n (\uad50\uc721\ubd80) de Corea del Sur.<\/p>\n\n\n\n<hr class=\"wp-block-separator has-alpha-channel-opacity\" \/>\n\n\n\n<h2 class=\"wp-block-heading\">\ud83d\udd39 Proyectos finalizados<\/h2>\n\n\n\n<ul class=\"wp-block-list\">\n<li><strong>2024 \u2013 Support for Policy-Oriented Research program<\/strong><br><strong>Proyecto:<\/strong> <em>South Korea and the governance of lithium. Formulation, adoption and implementation of policymaking instruments and strategies to deepen South Korean investments in the lithium triangle<\/em><br><strong>Directora:<\/strong> Dra. Mar\u00eda del Pilar \u00c1lvarez<\/li>\n\n\n\n<li><strong>2024\u20132025 \u2013 Research Grant<\/strong><br><strong>Proyecto:<\/strong> <em>Indigenization Theological Movements in South Korea and Argentina. History and legacy of the Minjung theology and the theology of Culture in a comparative perspective<\/em><br><strong>Director:<\/strong> Dr. Pablo Forni<br><strong>Co-Investigadora:<\/strong> Dra. Mar\u00eda del Pilar \u00c1lvarez<br><strong>Instituci\u00f3n financiadora:<\/strong> Academy of Korean Studies<br><strong>C\u00f3digo:<\/strong> AKS2024-R008<\/li>\n\n\n\n<li><strong>2019\u20132022 \u2013 Seed Program for Korean Studies (\ud574\uc678\ud55c\uad6d\ud559 \uc528\uc557\ud615)<\/strong><br><strong>Proyecto:<\/strong> AKS-2019-INC-2230003<br><strong>Instituci\u00f3n financiadora:<\/strong> Academia de Estudios Coreanos (\ud55c\uad6d\ud559\uc911\uc559\uc5f0\uad6c\uc6d0 \u2013 \u97d3\u570b\u7cbe\u795e\u6587\u5316\u784f\u7a76\u9662), Ministerio de Educaci\u00f3n (\uad50\uc721\ubd80) de Corea del Sur<\/li>\n\n\n\n<li><strong>2016\u20132019 \u2013 Seed Program for Korean Studies (\ud574\uc678\ud55c\uad6d\ud559 \uc528\uc557\ud615)<\/strong><br><strong>Proyecto:<\/strong> AKS-2016-INC-2230005<br><strong>Instituci\u00f3n financiadora:<\/strong> Academia de Estudios Coreanos (\ud55c\uad6d\ud559\uc911\uc559\uc5f0\uad6c\uc6d0 \u2013 \u97d3\u570b\u7cbe\u795e\u6587\u5316\u784f\u7a76\u9662), Ministerio de Educaci\u00f3n (\uad50\uc721\ubd80) de Corea del Sur<\/li>\n<\/ul>\n","protected":false},"excerpt":{"rendered":"<p>En esta secci\u00f3n se presentan los proyectos obtenidos por la Universidad en el marco de las convocatorias de la Korea Foundation y la Academia de Estudios Coreanos (\ud55c\uad6d\ud559\uc911\uc559\uc5f0\uad6c\uc6d0), Ministerio de Educaci\u00f3n de Corea del Sur. \ud83d\udd39 Proyecto vigente 2024\u20132029 \u2013 Core Program for Korean StudiesT\u00edtulo: Consolidation of the only Master&#8217;s Degree in Korean Studies and [&hellip;]<\/p>\n","protected":false},"author":21,"featured_media":0,"parent":335,"menu_order":0,"comment_status":"closed","ping_status":"closed","template":"","meta":{"_acf_changed":false,"footnotes":""},"class_list":["post-9258","page","type-page","status-publish","hentry"],"acf":[],"_links":{"self":[{"href":"https:\/\/www.usal.edu.ar\/internacional\/wp-json\/wp\/v2\/pages\/9258","targetHints":{"allow":["GET"]}}],"collection":[{"href":"https:\/\/www.usal.edu.ar\/internacional\/wp-json\/wp\/v2\/pages"}],"about":[{"href":"https:\/\/www.usal.edu.ar\/internacional\/wp-json\/wp\/v2\/types\/page"}],"author":[{"embeddable":true,"href":"https:\/\/www.usal.edu.ar\/internacional\/wp-json\/wp\/v2\/users\/21"}],"replies":[{"embeddable":true,"href":"https:\/\/www.usal.edu.ar\/internacional\/wp-json\/wp\/v2\/comments?post=9258"}],"version-history":[{"count":1,"href":"https:\/\/www.usal.edu.ar\/internacional\/wp-json\/wp\/v2\/pages\/9258\/revisions"}],"predecessor-version":[{"id":9259,"href":"https:\/\/www.usal.edu.ar\/internacional\/wp-json\/wp\/v2\/pages\/9258\/revisions\/9259"}],"up":[{"embeddable":true,"href":"https:\/\/www.usal.edu.ar\/internacional\/wp-json\/wp\/v2\/pages\/335"}],"wp:attachment":[{"href":"https:\/\/www.usal.edu.ar\/internacional\/wp-json\/wp\/v2\/media?parent=9258"}],"curies":[{"name":"wp","href":"https:\/\/api.w.org\/{rel}","templated":true}]}}