{"id":2,"date":"2024-03-08T21:54:18","date_gmt":"2024-03-08T20:54:18","guid":{"rendered":"https:\/\/www.usal.edu.ar\/investigacion\/?page_id=2"},"modified":"2025-07-17T17:03:10","modified_gmt":"2025-07-17T20:03:10","slug":"inicio","status":"publish","type":"page","link":"https:\/\/www.usal.edu.ar\/investigacion\/","title":{"rendered":"Direcci\u00f3n de Investigaci\u00f3n"},"content":{"rendered":"\n<div class=\"wp-block-group has-global-padding is-layout-constrained wp-container-core-group-is-layout-92b9201d wp-block-group-is-layout-constrained\">\n<p>El Vicerrectorado de Investigaci\u00f3n y Desarrollo (VRID) dicta las pol\u00edticas referidas a la investigaci\u00f3n, concibi\u00e9ndola como un servicio a la comunidad, entendiendo que los nuevos conocimientos son la base de los cambios sociales y productivos. <\/p>\n\n\n\n<p>Con el impulso de las propias Unidades Acad\u00e9micas se han venido desarrollando acciones conducentes a concretar proyectos de investigaci\u00f3n uni y multidisciplinarios, asoci\u00e1ndolos a la docencia de grado y postgrado y vinculando este accionar, para potenciarlo, con otras instituciones acad\u00e9micas del \u00e1mbito nacional e internacional.<br><br>La Direcci\u00f3n de Investigaci\u00f3n (DI) del VRID brinda soporte a las distintas Unidades de investigaci\u00f3n de la USAL y a sus investigadores para el desarrollo de proyectos y programas unidisciplinarios y multidisciplinarios de investigaci\u00f3n, nacionales e internacionales, como as\u00ed tambi\u00e9n, apoyo y orientaci\u00f3n con relaci\u00f3n a las entidades<br>nacionales generadoras de recursos para la investigaci\u00f3n.<br><br>En este marco, con el fin de fortalecer la dimensi\u00f3n investigaci\u00f3n de nuestra universidad, todos los a\u00f1os desde la DI se gestionan las convocatorias de proyectos de investigaci\u00f3n y se brindan capacitaciones destinadas a los investigadores USAL.<br>Asimismo, se difunden los resultados mediante publicaciones propias de esta Direcci\u00f3n como son el Anuario y la Revista Vestigium.<br><br>A partir del a\u00f1o 2022 se realizan las Jornadas Institucionales de Investigaci\u00f3n que permiten un encuentro e intercambio de saberes de las diversas disciplinas.<\/p>\n\n\n\n<figure class=\"wp-block-image aligncenter size-full\"><img loading=\"lazy\" decoding=\"async\" width=\"533\" height=\"214\" src=\"https:\/\/www.usal.edu.ar\/investigacion\/wp-content\/uploads\/sites\/8\/2024\/06\/di.jpg\" alt=\"\" class=\"wp-image-133\" srcset=\"https:\/\/www.usal.edu.ar\/investigacion\/wp-content\/uploads\/sites\/8\/2024\/06\/di.jpg 533w, https:\/\/www.usal.edu.ar\/investigacion\/wp-content\/uploads\/sites\/8\/2024\/06\/di-300x120.jpg 300w\" sizes=\"auto, (max-width: 533px) 100vw, 533px\" \/><\/figure>\n\n\n\n<p><\/p>\n<\/div>\n\n\n\n<div class=\"wp-block-group has-background has-global-padding is-layout-constrained wp-container-core-group-is-layout-6d1ff264 wp-block-group-is-layout-constrained\" style=\"background-color:#e2eae8;margin-top:var(--wp--preset--spacing--medium);padding-top:var(--wp--preset--spacing--30);padding-right:var(--wp--preset--spacing--30);padding-bottom:var(--wp--preset--spacing--30);padding-left:var(--wp--preset--spacing--30)\">\n<div class=\"wp-block-columns alignwide is-layout-flex wp-container-core-columns-is-layout-658170e2 wp-block-columns-is-layout-flex\">\n<div class=\"wp-block-column is-layout-flow wp-block-column-is-layout-flow\">\n<div class=\"wp-block-group has-background is-vertical is-content-justification-center is-layout-flex wp-container-core-group-is-layout-f4fa03df wp-block-group-is-layout-flex\" style=\"border-radius:20px;background-color:#ecf1f0;padding-top:5px;padding-right:5px;padding-bottom:5px;padding-left:5px\">\n<figure class=\"wp-block-image size-full is-resized wp-duotone-rgba000053-7f7f7f-1\"><img decoding=\"async\" src=\"https:\/\/www.usal.edu.ar\/investigacion\/wp-content\/themes\/usalwww\/assets\/images\/location.png\" alt=\"\" class=\"wp-image-1243\" style=\"width:20px;height:undefinedpx\" \/><\/figure>\n\n\n\n<p class=\"has-contrast-color has-text-color has-x-small-font-size\" style=\"letter-spacing:-0.5px\"><strong>Direcci\u00f3n<\/strong><\/p>\n\n\n\n<p class=\"has-text-align-center has-primary-color has-text-color has-link-color wp-elements-be7533dd8164f688fa756feb6271cfb5\" style=\"font-size:12px\">Rodr\u00edguez Pe\u00f1a 770, 3er Piso, Argentina<a href=\"https:\/\/goo.gl\/maps\/WR7pwzFwFj9hzWbU9\" target=\"_blank\" rel=\"noreferrer noopener\"><br>Ciudad Aut\u00f3noma de Buenos Aires<\/a>, Argentina<\/p>\n\n\n\n<p class=\"has-primary-color has-text-color has-link-color wp-elements-cf477bf79a191f262bc15b1876a11f66\" style=\"font-size:12px\"><strong>+54 11 6074-0542<\/strong><\/p>\n\n\n\n<p class=\"has-text-align-right has-primary-color has-text-color has-link-color wp-elements-bf5ebaed141550cc6a1966d86c11bee7\" style=\"font-size:12px\"><a href=\"mailto:info@usal.edu.ar\" target=\"_blank\" rel=\"noreferrer noopener\"><strong>investigaci\u00f3n@usal.edu.ar<\/strong><\/a><\/p>\n<\/div>\n<\/div>\n<\/div>\n\n\n\n<div class=\"wp-block-group alignwide is-content-justification-center is-nowrap is-layout-flex wp-container-core-group-is-layout-49f5674e wp-block-group-is-layout-flex\">\n<p>\u00a9 2025 Universidad del Salvador. Todos los derechos reservados.<\/p>\n<\/div>\n<\/div>\n","protected":false},"excerpt":{"rendered":"<p>El Vicerrectorado de Investigaci\u00f3n y Desarrollo (VRID) dicta las pol\u00edticas referidas a la investigaci\u00f3n, concibi\u00e9ndola como un servicio a la comunidad, entendiendo que los nuevos conocimientos son la base de los cambios sociales y productivos. Con el impulso de las propias Unidades Acad\u00e9micas se han venido desarrollando acciones conducentes a concretar proyectos de investigaci\u00f3n uni [&hellip;]<\/p>\n","protected":false},"author":5,"featured_media":8,"parent":0,"menu_order":0,"comment_status":"closed","ping_status":"closed","template":"","meta":{"footnotes":""},"class_list":["post-2","page","type-page","status-publish","has-post-thumbnail","hentry"],"_links":{"self":[{"href":"https:\/\/www.usal.edu.ar\/investigacion\/wp-json\/wp\/v2\/pages\/2","targetHints":{"allow":["GET"]}}],"collection":[{"href":"https:\/\/www.usal.edu.ar\/investigacion\/wp-json\/wp\/v2\/pages"}],"about":[{"href":"https:\/\/www.usal.edu.ar\/investigacion\/wp-json\/wp\/v2\/types\/page"}],"author":[{"embeddable":true,"href":"https:\/\/www.usal.edu.ar\/investigacion\/wp-json\/wp\/v2\/users\/5"}],"replies":[{"embeddable":true,"href":"https:\/\/www.usal.edu.ar\/investigacion\/wp-json\/wp\/v2\/comments?post=2"}],"version-history":[{"count":13,"href":"https:\/\/www.usal.edu.ar\/investigacion\/wp-json\/wp\/v2\/pages\/2\/revisions"}],"predecessor-version":[{"id":990,"href":"https:\/\/www.usal.edu.ar\/investigacion\/wp-json\/wp\/v2\/pages\/2\/revisions\/990"}],"wp:featuredmedia":[{"embeddable":true,"href":"https:\/\/www.usal.edu.ar\/investigacion\/wp-json\/wp\/v2\/media\/8"}],"wp:attachment":[{"href":"https:\/\/www.usal.edu.ar\/investigacion\/wp-json\/wp\/v2\/media?parent=2"}],"curies":[{"name":"wp","href":"https:\/\/api.w.org\/{rel}","templated":true}]}}