{"id":54,"date":"2024-07-12T13:54:35","date_gmt":"2024-07-12T16:54:35","guid":{"rendered":"https:\/\/www.usal.edu.ar\/juridicas\/?page_id=54"},"modified":"2024-08-05T13:42:06","modified_gmt":"2024-08-05T16:42:06","slug":"resena","status":"publish","type":"page","link":"https:\/\/www.usal.edu.ar\/juridicas\/resena\/","title":{"rendered":"Rese\u00f1a"},"content":{"rendered":"\n<p><\/p>\n\n\n\n<p>La Facultad de Ciencias Jur\u00eddicas, Pol\u00edticas y Sociales del Salvador fue fundada por la Compa\u00f1\u00eda de Jes\u00fas el 20 de abril de 1957, siendo su primera sede el Colegio del Salvador. En esa fecha se organiza y constituye la Escuela de Abogac\u00eda y comienza a funcionar el primer a\u00f1o de estudios. Se adopt\u00f3 el Plan de estudios de Carrera de Abogac\u00eda de la \u201cUniversidad Nacional Local\u201d, sin perjuicio de la incorporaci\u00f3n de las asignaturas que se juzgaron necesarias agregar.&nbsp;<\/p>\n\n\n\n<p><strong>LA FACULTAD CRECE\u2026<\/strong><\/p>\n\n\n\n<p>El 7 de abril de 1960 se cre\u00f3 la Escuela de Notariado y Procuraci\u00f3n y en el a\u00f1o 1962, la Facultad alcanz\u00f3 su desenvolvimiento total, que comprend\u00eda los cinco a\u00f1os de la Escuela de Abogac\u00eda y los tres de la Escuela de Notariado. En 1965 se crea el Doctorado en Jurisprudencia y el de Derecho Notarial y Registral. Un a\u00f1o m\u00e1s tarde, el de Derecho Penal y Ciencias Penales. Finalmente, en 1970 se instituye el Doctorado en Ciencias Jur\u00eddicas.<\/p>\n\n\n\n<p>El 8 de mayo de 1968 la Facultad de Ciencias Jur\u00eddicas, Pol\u00edticas y Sociales cambia su denominaci\u00f3n por Facultad de Ciencias Jur\u00eddicas.<\/p>\n\n\n\n<p>La Extensi\u00f3n Universitaria comienza en febrero de 1975 cuando&nbsp;se crea el IDIE (Instituto de Docencia, Investigaci\u00f3n y Extensi\u00f3n),&nbsp;para propiciar y organizar tareas de investigaci\u00f3n y extensi\u00f3n, y coordinar los institutos de la Facultad&nbsp;<\/p>\n\n\n\n<p><strong>DE LOS INSTITUTOS, CENTROS Y ESCUELAS<\/strong><\/p>\n\n\n\n<p>Instituto de Derecho Comercial (noviembre de 1976)<\/p>\n\n\n\n<p>Instituto de Econom\u00eda Aplicada (abril de 1977)<\/p>\n\n\n\n<p>Institutos de Derecho Romano y del Derecho del Trabajo y de la Seguridad Social (septiembre de 1977)<\/p>\n\n\n\n<p>Institutos de Derecho Internacional y de Derecho Civil (octubre de 1977)<\/p>\n\n\n\n<p>Instituto de Derecho Pol\u00edtico (diciembre de 1977)<\/p>\n\n\n\n<p>Escuela de T\u00e9cnicas Forenses (1979)<\/p>\n\n\n\n<p>Centro de Institutos de Investigaci\u00f3n en Ciencias Jur\u00eddicas (junio de 1983) que asume la coordinaci\u00f3n de la actividad de los distintos Institutos de la Facultad.<\/p>\n\n\n\n<p>Instituto de Derecho e Historia Constitucional (agosto de 1983)<\/p>\n\n\n\n<p>Instituto de Derecho Natural (septiembre de 1983)<\/p>\n\n\n\n<p>Instituto de Derecho Aeron\u00e1utico y Espacial (mayo de 1984)<\/p>\n\n\n\n<p>Instituto de Investigaci\u00f3n en Ciencias Jur\u00eddicas, creado por la Resoluci\u00f3n Rectoral N\u00ba 571\/12 con el fin de centralizar la investigaci\u00f3n realizada por los distintos Institutos de la Unidad (desde 2012). En la actualidad, el Instituto cuenta con Seminarios Permanentes de Investigaci\u00f3n en Pol\u00edtica Criminal, Historia del Derecho, Derecho Pol\u00edtico y Sociedad en el mundo contempor\u00e1neo, Derecho Econ\u00f3mico y de la Integraci\u00f3n, sobre Derecho Humanos a una Alimentaci\u00f3n Adecuada, entre otros, y cuya finalidad esencial es buscar el estudio permanente y profundizado de un \u00e1rea tem\u00e1tica de particular relevancia para la ciencia jur\u00eddica.<\/p>\n\n\n\n<p><strong>PLAN DE ESTUDIOS<\/strong><\/p>\n\n\n\n<p>En 1994 se reforma el Plan de Estudios de la carrera, vigente desde el a\u00f1o 1974. En ese mismo a\u00f1o, se inicia el dictado de la carrera de Abogac\u00eda en el Campus Nuestra Se\u00f1ora del Pilar.<\/p>\n\n\n\n<p>En el a\u00f1o 2004 nuevamente se actualiza el Plan de Estudios de la Carrera de Abogac\u00eda, manteniendo la estructura b\u00e1sica tradicional, pero modernizando el r\u00e9gimen de cursada.<\/p>\n\n\n\n<p>En el a\u00f1o 2005 inicia sus clases la primera promoci\u00f3n del Programa Integrado Franco-Argentino de Abogac\u00eda, USAL- Universit\u00e9 Paris I Pante\u00f3n-Sorbonne, primera oportunidad en la historia en que la Sorbona de Par\u00eds accede al dictado de la diplomatura en Derecho en forma \u00edntegra en un pa\u00eds del continente americano, sin obligaci\u00f3n acad\u00e9mica de cursar estudios en Francia. Las obligaciones acad\u00e9micas de Derecho franc\u00e9s son dictadas por profesores de la Sorbona en conjunto con profesores de otras Universidades francesas, que conforman el Programa de La Condamine.<\/p>\n\n\n\n<p>En el a\u00f1o 2018, en vistas a las modificaciones y evoluciones jur\u00eddicas vividas en el pa\u00eds ya nivel internacional, para impartir la ense\u00f1anza del derecho con arreglo a las nuevas orientaciones de las normas vigentes, se modific\u00f3 el Plan de Estudios de la carrera de Abogac\u00eda.<\/p>\n\n\n\n<p><\/p>\n\n\n\n<p><strong>NUESTROS DECANOS EN M\u00c1S DE 65 A\u00d1OS DE TRAYECTORIA<\/strong><\/p>\n\n\n\n<p>Pedro I. Benvenuto (1957-1959)<\/p>\n\n\n\n<p>R.P. Dr. Vicente Alonso S.J. (1959-1965)<\/p>\n\n\n\n<p>Jos\u00e9 M. Mustapich (1965-1968)<\/p>\n\n\n\n<p>Federico Videla Escalada (1968-1971)<\/p>\n\n\n\n<p>Carlos Font\u00e1n Balestra (1971-1973)<\/p>\n\n\n\n<p>Carlos Manuel Grecco (1973-1975)<\/p>\n\n\n\n<p>Manuel I. Adrogu\u00e9 (1975-1976)<\/p>\n\n\n\n<p>Eduardo J. Laje (1976)<\/p>\n\n\n\n<p>Ricardo Levene (h) (1976-1982)<\/p>\n\n\n\n<p>Pr\u00e1xedes Mateo Sagasta (1982 a 2012)<\/p>\n\n\n\n<p>Carlos Ignacio Salvadores de Arzuaga (2012 al 2018)<\/p>\n\n\n\n<p>Livia Mercedes Uriol (desde 2018)<\/p>\n\n\n\n<p><strong>DOCTORADOS HONORIS CAUSAE<\/strong><\/p>\n\n\n\n<p>1991: Guillermo Borda<\/p>\n\n\n\n<p>1992: Ricardo Levene (h.)<\/p>\n\n\n\n<p>2007: Ignacio Berdugo<\/p>\n\n\n\n<p>2008: Nelly Louz\u00e1n de Solimano, V\u00edctor Irurz\u00fan y Augusto Morello<\/p>\n\n\n\n<p>2014: Asdr\u00fabal Aguiar Aranguren, Julio C\u00e9sar Rivera, Fernando Barrancos y Vedia y Abelardo Levaggi<\/p>\n\n\n\n<p>2017: Ra\u00fal Leopoldo Canosa Usera y Ricardo Alonso Garc\u00eda<\/p>\n\n\n\n<p>2018: Andrea Romano<\/p>\n\n\n\n<p><strong>PROFESORES HONORARIOS<\/strong><\/p>\n\n\n\n<p>Julio Cesar Cueto R\u00faa, Julien McDonell, Gabriel Wilner, Alessandro Pizzorusso, Mar\u00eda Eugenia Gim\u00e9nez, Jos\u00e9 Ignacio Rubio de Urqu\u00eda y Ra\u00fal Canosa Usera<\/p>\n","protected":false},"excerpt":{"rendered":"<p>La Facultad de Ciencias Jur\u00eddicas, Pol\u00edticas y Sociales del Salvador fue fundada por la Compa\u00f1\u00eda de Jes\u00fas el 20 de abril de 1957, siendo su primera sede el Colegio del Salvador. En esa fecha se organiza y constituye la Escuela de Abogac\u00eda y comienza a funcionar el primer a\u00f1o de estudios. Se adopt\u00f3 el Plan [&hellip;]<\/p>\n","protected":false},"author":5,"featured_media":0,"parent":0,"menu_order":0,"comment_status":"closed","ping_status":"closed","template":"","meta":{"_acf_changed":false,"footnotes":""},"class_list":["post-54","page","type-page","status-publish","hentry"],"acf":[],"_links":{"self":[{"href":"https:\/\/www.usal.edu.ar\/juridicas\/wp-json\/wp\/v2\/pages\/54","targetHints":{"allow":["GET"]}}],"collection":[{"href":"https:\/\/www.usal.edu.ar\/juridicas\/wp-json\/wp\/v2\/pages"}],"about":[{"href":"https:\/\/www.usal.edu.ar\/juridicas\/wp-json\/wp\/v2\/types\/page"}],"author":[{"embeddable":true,"href":"https:\/\/www.usal.edu.ar\/juridicas\/wp-json\/wp\/v2\/users\/5"}],"replies":[{"embeddable":true,"href":"https:\/\/www.usal.edu.ar\/juridicas\/wp-json\/wp\/v2\/comments?post=54"}],"version-history":[{"count":4,"href":"https:\/\/www.usal.edu.ar\/juridicas\/wp-json\/wp\/v2\/pages\/54\/revisions"}],"predecessor-version":[{"id":458,"href":"https:\/\/www.usal.edu.ar\/juridicas\/wp-json\/wp\/v2\/pages\/54\/revisions\/458"}],"wp:attachment":[{"href":"https:\/\/www.usal.edu.ar\/juridicas\/wp-json\/wp\/v2\/media?parent=54"}],"curies":[{"name":"wp","href":"https:\/\/api.w.org\/{rel}","templated":true}]}}