{"id":56,"date":"2024-07-12T13:54:45","date_gmt":"2024-07-12T16:54:45","guid":{"rendered":"https:\/\/www.usal.edu.ar\/juridicas\/?page_id=56"},"modified":"2024-08-11T13:59:13","modified_gmt":"2024-08-11T16:59:13","slug":"autoridades","status":"publish","type":"page","link":"https:\/\/www.usal.edu.ar\/juridicas\/autoridades\/","title":{"rendered":"Autoridades"},"content":{"rendered":"\n<div class=\"wp-block-columns alignwide is-layout-flex wp-container-core-columns-is-layout-bd33f0e5 wp-block-columns-is-layout-flex\" style=\"padding-top:0;padding-right:0;padding-bottom:0;padding-left:0\">\n<div class=\"wp-block-column is-vertically-aligned-top has-global-padding is-layout-constrained wp-block-column-is-layout-constrained\">\n<div class=\"wp-block-group is-vertical is-content-justification-center is-layout-flex wp-container-core-group-is-layout-7128f10e wp-block-group-is-layout-flex\" style=\"border-radius:5px\">\n<figure class=\"wp-block-image size-thumbnail is-resized is-style-rounded img-mini-autoridad wp-duotone-unset-1\"><img loading=\"lazy\" decoding=\"async\" width=\"150\" height=\"150\" src=\"https:\/\/www.usal.edu.ar\/juridicas\/wp-content\/uploads\/sites\/13\/2024\/07\/LIVIA-URIOL-e1721997592638-150x150.png\" alt=\"\" class=\"wp-image-406\" style=\"aspect-ratio:1;object-fit:cover;width:100px;height:auto\" \/><\/figure>\n\n\n\n<p class=\"has-text-align-center\"><strong><strong>Decana<\/strong><\/strong><\/p>\n\n\n\n<p class=\"has-text-align-center has-text-color has-link-color wp-elements-9d7dbfe811d05230afb2798c0072d8dd wp-container-content-9cfa9a5a\" style=\"color:#3f3f3f\">Mag. Livia Uriol&nbsp;<\/p>\n<\/div>\n<\/div>\n<\/div>\n\n\n\n<div class=\"wp-block-columns alignwide is-layout-flex wp-container-core-columns-is-layout-bd33f0e5 wp-block-columns-is-layout-flex\" style=\"padding-top:0;padding-right:0;padding-bottom:0;padding-left:0\">\n<div class=\"wp-block-column is-vertically-aligned-top has-global-padding is-layout-constrained wp-block-column-is-layout-constrained\"><\/div>\n\n\n\n<div class=\"wp-block-column is-vertically-aligned-top has-global-padding is-layout-constrained wp-block-column-is-layout-constrained\">\n<div class=\"wp-block-group is-vertical is-content-justification-center is-layout-flex wp-container-core-group-is-layout-7128f10e wp-block-group-is-layout-flex\" style=\"border-radius:5px\">\n<figure class=\"wp-block-image size-thumbnail is-resized img-mini-autoridad is-style-rounded\"><img loading=\"lazy\" decoding=\"async\" width=\"150\" height=\"150\" src=\"https:\/\/www.usal.edu.ar\/juridicas\/wp-content\/uploads\/sites\/13\/2024\/07\/ELEONORA-CANO-e1721758584473-150x150.jpg\" alt=\"\" class=\"wp-image-347\" style=\"object-fit:cover;width:100px;height:100px\" \/><\/figure>\n\n\n\n<p class=\"has-text-align-center\"><strong>Secretaria Acad\u00e9mica<\/strong><\/p>\n\n\n\n<p class=\"has-text-align-center\">Abog. Esp. Eleonora Cano<\/p>\n<\/div>\n<\/div>\n\n\n\n<div class=\"wp-block-column is-vertically-aligned-top has-global-padding is-layout-constrained wp-block-column-is-layout-constrained\"><\/div>\n<\/div>\n\n\n\n<div class=\"wp-block-group has-global-padding is-layout-constrained wp-container-core-group-is-layout-5c446005 wp-block-group-is-layout-constrained\" style=\"padding-top:var(--wp--preset--spacing--30);padding-bottom:var(--wp--preset--spacing--30)\">\n<div class=\"wp-block-group has-global-padding is-layout-constrained wp-block-group-is-layout-constrained\">\n<div class=\"wp-block-group alignwide has-global-padding is-layout-constrained wp-block-group-is-layout-constrained\">\n<div class=\"wp-block-columns alignwide is-layout-flex wp-container-core-columns-is-layout-b920a999 wp-block-columns-is-layout-flex\" style=\"padding-top:var(--wp--preset--spacing--30);padding-right:0;padding-bottom:var(--wp--preset--spacing--30);padding-left:0\">\n<div class=\"wp-block-column is-vertically-aligned-top is-vertical is-content-justification-center is-layout-flex wp-container-core-column-is-layout-7128f10e wp-block-column-is-layout-flex\" style=\"border-radius:5px\">\n<div class=\"wp-block-group is-vertical is-content-justification-center is-layout-flex wp-container-core-group-is-layout-7128f10e wp-block-group-is-layout-flex\" style=\"border-radius:5px\">\n<figure class=\"wp-block-image size-full is-resized is-style-rounded img-mini-autoridad\"><img loading=\"lazy\" decoding=\"async\" width=\"400\" height=\"600\" src=\"https:\/\/www.usal.edu.ar\/juridicas\/wp-content\/uploads\/sites\/13\/2024\/07\/MARTINA-ROJO.jpg\" alt=\"\" class=\"wp-image-346\" style=\"object-fit:cover;width:100px;height:100px\" srcset=\"https:\/\/www.usal.edu.ar\/juridicas\/wp-content\/uploads\/sites\/13\/2024\/07\/MARTINA-ROJO.jpg 400w, https:\/\/www.usal.edu.ar\/juridicas\/wp-content\/uploads\/sites\/13\/2024\/07\/MARTINA-ROJO-200x300.jpg 200w\" sizes=\"auto, (max-width: 400px) 100vw, 400px\" \/><\/figure>\n\n\n\n<p class=\"has-text-align-center\"><strong>Directora del Programa Integrado  Franco- Argentin de Abogac\u00eda y Asuntos Internacionales<\/strong><\/p>\n\n\n\n<div class=\"wp-block-group alignwide has-text-color has-link-color wp-elements-300d22cbaa27123bb6abbc3b9a3a614a wp-container-content-9cfa9a5a is-content-justification-center is-nowrap is-layout-flex wp-container-core-group-is-layout-23441af8 wp-block-group-is-layout-flex\" style=\"color:#3f3f3f\">\n<p class=\"has-text-align-center has-text-color has-link-color wp-elements-eb1903f003ea54dc1eca9d3fb9b35938\" style=\"color:#3f3f3f\">Mag. Martina Lourdes Rojo (LLM)<\/p>\n<\/div>\n<\/div>\n<\/div>\n\n\n\n<div class=\"wp-block-column is-layout-flow wp-block-column-is-layout-flow\">\n<div class=\"wp-block-group is-vertical is-content-justification-center is-layout-flex wp-container-core-group-is-layout-7128f10e wp-block-group-is-layout-flex\" style=\"border-radius:5px\">\n<figure class=\"wp-block-image size-full is-resized is-style-rounded img-mini-autoridad\"><img loading=\"lazy\" decoding=\"async\" width=\"240\" height=\"320\" src=\"https:\/\/www.usal.edu.ar\/juridicas\/wp-content\/uploads\/sites\/13\/2024\/08\/barocelli.jpg\" alt=\"\" class=\"wp-image-456\" style=\"object-fit:cover;width:100px;height:100px\" srcset=\"https:\/\/www.usal.edu.ar\/juridicas\/wp-content\/uploads\/sites\/13\/2024\/08\/barocelli.jpg 240w, https:\/\/www.usal.edu.ar\/juridicas\/wp-content\/uploads\/sites\/13\/2024\/08\/barocelli-225x300.jpg 225w\" sizes=\"auto, (max-width: 240px) 100vw, 240px\" \/><\/figure>\n\n\n\n<p class=\"has-text-align-center\"><strong>Director de Abogac\u00eda <\/strong><\/p>\n\n\n\n<p class=\"has-text-align-center has-text-color has-link-color wp-elements-06374cde6a85568bd2d2d54d5b9678e0\" style=\"color:#3f3f3f\">Dr. Sergio Sebasti\u00e1n Barocelli<\/p>\n<\/div>\n<\/div>\n\n\n\n<div class=\"wp-block-column is-vertical is-content-justification-center is-layout-flex wp-container-core-column-is-layout-7128f10e wp-block-column-is-layout-flex\" style=\"border-radius:5px\">\n<figure class=\"wp-block-image size-full is-resized is-style-rounded\"><img loading=\"lazy\" decoding=\"async\" width=\"200\" height=\"259\" src=\"https:\/\/www.usal.edu.ar\/juridicas\/wp-content\/uploads\/sites\/13\/2024\/07\/GUILLERMO-JENSEN.jpg\" alt=\"\" class=\"wp-image-340\" style=\"aspect-ratio:1;object-fit:cover;width:100px;height:auto\" \/><\/figure>\n\n\n\n<p class=\"has-text-align-center\"><strong>Director Instituto de Investigaci\u00f3n en Ciencias Jur\u00eddicas<\/strong><\/p>\n\n\n\n<div class=\"wp-block-group alignwide has-text-color has-link-color wp-elements-6a2dc1cd521efa0e5e7db81391d3a02a wp-container-content-9cfa9a5a is-content-justification-center is-nowrap is-layout-flex wp-container-core-group-is-layout-23441af8 wp-block-group-is-layout-flex\" style=\"color:#3f3f3f\">\n<p class=\"has-text-align-center has-text-color has-link-color wp-elements-83e5a0a17b704400437523293d1c4600\" style=\"color:#3f3f3f\">Dr. Guillermo Jensen<\/p>\n<\/div>\n<\/div>\n\n\n\n<div class=\"wp-block-column is-vertically-aligned-top has-global-padding is-layout-constrained wp-block-column-is-layout-constrained\">\n<div class=\"wp-block-group is-vertical is-content-justification-center is-layout-flex wp-container-core-group-is-layout-7128f10e wp-block-group-is-layout-flex\" style=\"border-radius:5px\">\n<figure class=\"wp-block-image size-full is-resized is-style-rounded img-mini-autoridad\"><img loading=\"lazy\" decoding=\"async\" width=\"450\" height=\"600\" src=\"https:\/\/www.usal.edu.ar\/juridicas\/wp-content\/uploads\/sites\/13\/2024\/07\/ARMANDO-RICCI.jpeg\" alt=\"\" class=\"wp-image-345\" style=\"object-fit:cover;width:100px;height:100px\" srcset=\"https:\/\/www.usal.edu.ar\/juridicas\/wp-content\/uploads\/sites\/13\/2024\/07\/ARMANDO-RICCI.jpeg 450w, https:\/\/www.usal.edu.ar\/juridicas\/wp-content\/uploads\/sites\/13\/2024\/07\/ARMANDO-RICCI-225x300.jpeg 225w\" sizes=\"auto, (max-width: 450px) 100vw, 450px\" \/><\/figure>\n\n\n\n<p class=\"has-text-align-center\"><strong>Director de Posgrado<\/strong><\/p>\n\n\n\n<div class=\"wp-block-group alignwide has-text-color has-link-color wp-elements-70b4e854fc6d7fcdfdde6e0ca90986b0 wp-container-content-9cfa9a5a is-content-justification-center is-nowrap is-layout-flex wp-container-core-group-is-layout-23441af8 wp-block-group-is-layout-flex\" style=\"color:#3f3f3f\">\n<p class=\"has-text-align-center has-text-color has-link-color wp-elements-263fa25df663f3202204b45b594a6615\" style=\"color:#3f3f3f\">Mag. Armando Ricci<\/p>\n<\/div>\n<\/div>\n<\/div>\n<\/div>\n<\/div>\n\n\n\n<div class=\"wp-block-columns is-layout-flex wp-container-core-columns-is-layout-2a603fc4 wp-block-columns-is-layout-flex\" style=\"margin-top:var(--wp--preset--spacing--30);margin-bottom:var(--wp--preset--spacing--30)\">\n<div class=\"wp-block-column is-vertically-aligned-top has-global-padding is-layout-constrained wp-container-core-column-is-layout-3be804cf wp-block-column-is-layout-constrained\" style=\"border-style:none;border-width:0px;padding-top:0;padding-bottom:0\">\n<div class=\"wp-block-group is-vertical is-content-justification-center is-layout-flex wp-container-core-group-is-layout-7128f10e wp-block-group-is-layout-flex\" style=\"border-radius:5px\">\n<figure class=\"wp-block-image size-full is-resized is-style-rounded img-mini-autoridad\"><img loading=\"lazy\" decoding=\"async\" width=\"343\" height=\"364\" src=\"https:\/\/www.usal.edu.ar\/juridicas\/wp-content\/uploads\/sites\/13\/2024\/07\/AMPARO-VALLADARES-CANALS-USAL-e1721997773344.jpg\" alt=\"\" class=\"wp-image-339\" style=\"object-fit:cover;width:100px;height:100px\" srcset=\"https:\/\/www.usal.edu.ar\/juridicas\/wp-content\/uploads\/sites\/13\/2024\/07\/AMPARO-VALLADARES-CANALS-USAL-e1721997773344.jpg 343w, https:\/\/www.usal.edu.ar\/juridicas\/wp-content\/uploads\/sites\/13\/2024\/07\/AMPARO-VALLADARES-CANALS-USAL-e1721997773344-283x300.jpg 283w\" sizes=\"auto, (max-width: 343px) 100vw, 343px\" \/><\/figure>\n\n\n\n<div class=\"wp-block-group alignwide is-content-justification-center is-nowrap is-layout-flex wp-container-core-group-is-layout-23441af8 wp-block-group-is-layout-flex\">\n<p class=\"has-text-align-center\"><strong>Prosecretaria Acad\u00e9mica<\/strong><\/p>\n<\/div>\n\n\n\n<p>Mag. Amparo Valladares Canals<\/p>\n<\/div>\n<\/div>\n<\/div>\n<\/div>\n<\/div>\n\n\n\n<div class=\"wp-block-group is-vertical is-layout-flex wp-container-core-group-is-layout-fe9cc265 wp-block-group-is-layout-flex\">\n<p class=\"has-text-align-center\"><strong>Colaboradores Acad\u00e9micos<\/strong><\/p>\n<\/div>\n\n\n\n<div class=\"wp-block-group alignwide has-global-padding is-layout-constrained wp-block-group-is-layout-constrained\">\n<div class=\"wp-block-columns alignwide is-layout-flex wp-container-core-columns-is-layout-b920a999 wp-block-columns-is-layout-flex\" style=\"padding-top:var(--wp--preset--spacing--30);padding-right:0;padding-bottom:var(--wp--preset--spacing--30);padding-left:0\">\n<div class=\"wp-block-column is-vertically-aligned-top is-vertical is-content-justification-center is-layout-flex wp-container-core-column-is-layout-7128f10e wp-block-column-is-layout-flex\" style=\"border-radius:5px\">\n<div class=\"wp-block-group is-vertical is-content-justification-center is-layout-flex wp-container-core-group-is-layout-7128f10e wp-block-group-is-layout-flex\" style=\"border-radius:5px\">\n<figure class=\"wp-block-image size-full is-resized is-style-rounded img-mini-autoridad\"><img loading=\"lazy\" decoding=\"async\" width=\"400\" height=\"600\" src=\"https:\/\/www.usal.edu.ar\/juridicas\/wp-content\/uploads\/sites\/13\/2024\/07\/HORACIO-GLADE.jpg\" alt=\"\" class=\"wp-image-341\" style=\"object-fit:cover;width:100px;height:100px\" srcset=\"https:\/\/www.usal.edu.ar\/juridicas\/wp-content\/uploads\/sites\/13\/2024\/07\/HORACIO-GLADE.jpg 400w, https:\/\/www.usal.edu.ar\/juridicas\/wp-content\/uploads\/sites\/13\/2024\/07\/HORACIO-GLADE-200x300.jpg 200w\" sizes=\"auto, (max-width: 400px) 100vw, 400px\" \/><\/figure>\n\n\n\n<p><\/p>\n\n\n\n<p class=\"has-text-align-center has-text-color has-link-color wp-elements-9c6ba1037fc515f7ae4bb4aebd2a7bba\" style=\"color:#3f3f3f\">Dr. Horacio Glade<\/p>\n<\/div>\n<\/div>\n\n\n\n<div class=\"wp-block-column is-vertical is-content-justification-center is-layout-flex wp-container-core-column-is-layout-7128f10e wp-block-column-is-layout-flex\" style=\"border-radius:5px\">\n<figure class=\"wp-block-image size-thumbnail is-resized is-style-rounded\"><img loading=\"lazy\" decoding=\"async\" width=\"150\" height=\"150\" src=\"https:\/\/www.usal.edu.ar\/juridicas\/wp-content\/uploads\/sites\/13\/2024\/07\/VANESA-LOPEZ-e1721997846133-150x150.jpg\" alt=\"\" class=\"wp-image-344\" style=\"aspect-ratio:1;object-fit:cover;width:100px\" \/><\/figure>\n\n\n\n<p><\/p>\n\n\n\n<p class=\"has-text-align-center has-text-color has-link-color wp-elements-4e1d17f5acce1580f7dca7844d23c0f9\" style=\"color:#3f3f3f\">Abog. Vanesa L\u00f3pez<\/p>\n<\/div>\n\n\n\n<div class=\"wp-block-column is-layout-flow wp-block-column-is-layout-flow\">\n<div class=\"wp-block-group is-vertical is-content-justification-center is-layout-flex wp-container-core-group-is-layout-7128f10e wp-block-group-is-layout-flex\" style=\"border-radius:5px\">\n<figure class=\"wp-block-image size-thumbnail is-resized is-style-rounded img-mini-autoridad\"><img loading=\"lazy\" decoding=\"async\" width=\"150\" height=\"150\" src=\"https:\/\/www.usal.edu.ar\/juridicas\/wp-content\/uploads\/sites\/13\/2024\/07\/ROMINA-ROBERTO-e1721758732651-150x150.jpg\" alt=\"\" class=\"wp-image-343\" style=\"object-fit:cover;width:100px;height:100px\" \/><\/figure>\n\n\n\n<p><\/p>\n\n\n\n<p class=\"has-text-align-center\">Abog. Romina Roberto<\/p>\n<\/div>\n<\/div>\n\n\n\n<div class=\"wp-block-column is-vertically-aligned-top has-global-padding is-layout-constrained wp-block-column-is-layout-constrained\">\n<div class=\"wp-block-group is-vertical is-content-justification-center is-layout-flex wp-container-core-group-is-layout-7128f10e wp-block-group-is-layout-flex\" style=\"border-radius:5px\">\n<figure class=\"wp-block-image size-thumbnail is-resized is-style-rounded img-mini-autoridad\"><img loading=\"lazy\" decoding=\"async\" width=\"150\" height=\"150\" src=\"https:\/\/www.usal.edu.ar\/juridicas\/wp-content\/uploads\/sites\/13\/2024\/07\/MARIANELA-NIZZO-e1721758653645-150x150.jpg\" alt=\"\" class=\"wp-image-342\" style=\"object-fit:cover;width:100px;height:100px\" \/><\/figure>\n<\/div>\n\n\n\n<p><\/p>\n\n\n\n<p class=\"has-text-align-center\">Abog. Marianela Nizzo Miguens<\/p>\n<\/div>\n<\/div>\n<\/div>\n\n\n\n<div class=\"wp-block-group has-global-padding is-layout-constrained wp-block-group-is-layout-constrained\">\n<p><strong>CONSEJO ACAD\u00c9MICO<\/strong><\/p>\n<\/div>\n\n\n\n<p><strong>Graciela Martinez Cuerda<\/strong><\/p>\n\n\n\n<p><strong>Manuel O. Cobas<\/strong><\/p>\n\n\n\n<p><strong>Guillermo Borda<\/strong><\/p>\n\n\n\n<p><strong>Miguel \u00c1ngel Almeyra<\/strong><\/p>\n\n\n\n<p><strong>Andrea Schvindt<\/strong><\/p>\n\n\n\n<p><strong>Jos\u00e9 Antonio Barb\u00f3n Lacambra<\/strong><\/p>\n\n\n\n<p><strong>Elizabeth Ortega<\/strong><\/p>\n","protected":false},"excerpt":{"rendered":"<p>Decana Mag. Livia Uriol&nbsp; Secretaria Acad\u00e9mica Abog. Esp. Eleonora Cano Directora del Programa Integrado Franco- Argentin de Abogac\u00eda y Asuntos Internacionales Mag. Martina Lourdes Rojo (LLM) Director de Abogac\u00eda Dr. Sergio Sebasti\u00e1n Barocelli Director Instituto de Investigaci\u00f3n en Ciencias Jur\u00eddicas Dr. Guillermo Jensen Director de Posgrado Mag. Armando Ricci Prosecretaria Acad\u00e9mica Mag. Amparo Valladares Canals [&hellip;]<\/p>\n","protected":false},"author":5,"featured_media":0,"parent":0,"menu_order":0,"comment_status":"closed","ping_status":"closed","template":"","meta":{"_acf_changed":false,"footnotes":""},"class_list":["post-56","page","type-page","status-publish","hentry"],"acf":[],"_links":{"self":[{"href":"https:\/\/www.usal.edu.ar\/juridicas\/wp-json\/wp\/v2\/pages\/56","targetHints":{"allow":["GET"]}}],"collection":[{"href":"https:\/\/www.usal.edu.ar\/juridicas\/wp-json\/wp\/v2\/pages"}],"about":[{"href":"https:\/\/www.usal.edu.ar\/juridicas\/wp-json\/wp\/v2\/types\/page"}],"author":[{"embeddable":true,"href":"https:\/\/www.usal.edu.ar\/juridicas\/wp-json\/wp\/v2\/users\/5"}],"replies":[{"embeddable":true,"href":"https:\/\/www.usal.edu.ar\/juridicas\/wp-json\/wp\/v2\/comments?post=56"}],"version-history":[{"count":19,"href":"https:\/\/www.usal.edu.ar\/juridicas\/wp-json\/wp\/v2\/pages\/56\/revisions"}],"predecessor-version":[{"id":488,"href":"https:\/\/www.usal.edu.ar\/juridicas\/wp-json\/wp\/v2\/pages\/56\/revisions\/488"}],"wp:attachment":[{"href":"https:\/\/www.usal.edu.ar\/juridicas\/wp-json\/wp\/v2\/media?parent=56"}],"curies":[{"name":"wp","href":"https:\/\/api.w.org\/{rel}","templated":true}]}}