{"id":58,"date":"2024-07-12T13:55:01","date_gmt":"2024-07-12T16:55:01","guid":{"rendered":"https:\/\/www.usal.edu.ar\/juridicas\/?page_id=58"},"modified":"2025-02-25T15:34:36","modified_gmt":"2025-02-25T18:34:36","slug":"cuerpo-docente","status":"publish","type":"page","link":"https:\/\/www.usal.edu.ar\/juridicas\/cuerpo-docente\/","title":{"rendered":"Cuerpo docente"},"content":{"rendered":"\n<div class=\"wp-block-group has-global-padding is-layout-constrained wp-block-group-is-layout-constrained\">\n<p><\/p>\n\n\n\n<p><\/p>\n\n\n\n<div class=\"wp-block-group has-global-padding is-layout-constrained wp-container-core-group-is-layout-e6038ede wp-block-group-is-layout-constrained\" style=\"padding-top:var(--wp--preset--spacing--30);padding-bottom:var(--wp--preset--spacing--30)\">\n<div class=\"wp-block-group collapsible is-content-justification-left is-nowrap is-layout-flex wp-container-core-group-is-layout-2bddc4e0 wp-block-group-is-layout-flex\" style=\"border-bottom-color:var(--wp--preset--color--primary);border-bottom-width:3px;padding-top:10px;padding-right:10px;padding-bottom:10px;padding-left:10px\">\n<h5 class=\"wp-block-heading wp-container-content-9cfa9a5a\"><strong>ABOGACIA Y PROGRAMA FRANCO ARGENTINO<\/strong><\/h5>\n<\/div>\n\n\n\n<div class=\"wp-block-group has-global-padding is-layout-constrained wp-block-group-is-layout-constrained\">\n<p>ABARRATEGUI FERN\u00c1NDEZ Mar\u00eda In\u00e9s<\/p>\n\n\n\n<p>AGUIRRE R\u00c9BORA Eloy<\/p>\n\n\n\n<p>ALES URIA ACEVEDO Mercedes<\/p>\n\n\n\n<p>ALMEYRA Miguel \u00c1ngel<\/p>\n\n\n\n<p>ALVAREZ Germ\u00e1n<\/p>\n\n\n\n<p>ALVAREZ ECHAG\u00dcE Juan Manuel<\/p>\n\n\n\n<p>ANGELOZ&nbsp;Graciela A.<\/p>\n\n\n\n<p>APOLO&nbsp;Jorge<\/p>\n\n\n\n<p>ARRAGA PENIDO Mario<\/p>\n\n\n\n<p>AZURMENDI, M\u00f3nica<\/p>\n\n\n\n<p>BAIGORRIA Alfredo<\/p>\n\n\n\n<p>BAIGORRIA Claudia<\/p>\n\n\n\n<p>BALBI Silvia<\/p>\n\n\n\n<p>BARBON LACAMBRA Jos\u00e9<\/p>\n\n\n\n<p>BAROCELLI Sebasti\u00e1n<\/p>\n\n\n\n<p>BARROETAVE\u00d1A, Diego<\/p>\n\n\n\n<p>BELLORIO Dino<\/p>\n\n\n\n<p>BORDA Guillermo A.<\/p>\n\n\n\n<p>BRUNO DOS SANTOS Marcelo<\/p>\n\n\n\n<p>CAFFERATTA N\u00e9stor<\/p>\n\n\n\n<p>CANO Eleonora<\/p>\n\n\n\n<p>CARNEMOLLA Fernando<\/p>\n\n\n\n<p>CARRACEDO Gustavo<\/p>\n\n\n\n<p>CARRERA GONZALEZ Xavier<\/p>\n\n\n\n<p>CASANOVAS&nbsp;Jorge<\/p>\n\n\n\n<p>CASTRILLO Carlos<\/p>\n\n\n\n<p>CELAYA Guillermo<\/p>\n\n\n\n<p>CIOTTI Pablo<\/p>\n\n\n\n<p>CORTI Horacio<\/p>\n\n\n\n<p>COSTA Jos\u00e9 Carlos<\/p>\n\n\n\n<p>COSTANTINI Luciana<\/p>\n\n\n\n<p>CURTO Jorge Christian<\/p>\n\n\n\n<p>D\u00b4ALOTTA Jorge<\/p>\n\n\n\n<p>DACUNTO Claudia<\/p>\n\n\n\n<p>DE BRITO Sol<\/p>\n\n\n\n<p>DE DIOS Miguel \u00c1ngel<\/p>\n\n\n\n<p>DELUCA Santiago<\/p>\n\n\n\n<p>DEVIA Leila<\/p>\n\n\n\n<p>DIAZ JAUSORO Eugenio<\/p>\n\n\n\n<p>DOBOVSEK Jos\u00e9<\/p>\n\n\n\n<p>DUBOIS Christophe Daniel<\/p>\n\n\n\n<p>ESPOSITO Andrea N.<\/p>\n\n\n\n<p>FISSORE Gabriel<\/p>\n\n\n\n<p>FRANCESCHI&nbsp;Ver\u00f3nica<\/p>\n\n\n\n<p>FRONTERA Juan Carlos<\/p>\n\n\n\n<p>FUNES&nbsp;Saturnino<\/p>\n\n\n\n<p>GAIDO Lucio<\/p>\n\n\n\n<p>GAIG&nbsp;Alberto<\/p>\n\n\n\n<p>GALLO QUINTIAN Gonzalo<\/p>\n\n\n\n<p>GLADE Horacio<\/p>\n\n\n\n<p>GOMEZ Hern\u00e1n<\/p>\n\n\n\n<p>GONZALEZ Gustavo<\/p>\n\n\n\n<p>GONZALEZ CUIDET Mar\u00eda Eugenia<\/p>\n\n\n\n<p>GONZALEZ ILLING Adri\u00e1n<\/p>\n\n\n\n<p>GONZALEZ SABORIDO Juan Bautista<\/p>\n\n\n\n<p>GRISOLIA Julio A.<\/p>\n\n\n\n<p>GUAIA Carlos<\/p>\n\n\n\n<p>JENSEN Guillermo<\/p>\n\n\n\n<p>LAGUZZI Eduardo<\/p>\n\n\n\n<p>LAMASTRA Tom\u00e1s<\/p>\n\n\n\n<p>LANDI Osvaldo<\/p>\n\n\n\n<p>LEGUIZAM\u00d3N Mar\u00eda P\u00eda<\/p>\n\n\n\n<p>LEVENE (N) Ricardo<\/p>\n\n\n\n<p>LLERA Carlos<\/p>\n\n\n\n<p>LUCERO Lourdes<\/p>\n\n\n\n<p>LUCERO SCHMIDT Fernando<\/p>\n\n\n\n<p>MARCONI Guillermo<\/p>\n\n\n\n<p>MARTINEZ CUERDA Graciela<\/p>\n\n\n\n<p>MARUGO Daniel S.<\/p>\n\n\n\n<p>MASCIOTRA Mario<\/p>\n\n\n\n<p>MASSA&nbsp;Graciela<\/p>\n\n\n\n<p>MASSERDOTTI Alfredo<\/p>\n\n\n\n<p>MICHILINI Jos\u00e9 Antonio<\/p>\n\n\n\n<p>MORALEJO IBA\u00d1EZ Miriam<\/p>\n\n\n\n<p>MOSCA Daniela<\/p>\n\n\n\n<p>MOYA DOMINGUEZ Mar\u00eda Teresa<\/p>\n\n\n\n<p>MURCIA&nbsp;Diego<\/p>\n\n\n\n<p>OLAZA PALLERO Sandro<\/p>\n\n\n\n<p>OMS Erick<\/p>\n\n\n\n<p>ORTEGA Elizabeth<\/p>\n\n\n\n<p>PEREZ COLMAN Juan Carlos<\/p>\n\n\n\n<p>PETRINELLI Ra\u00fal<\/p>\n\n\n\n<p>PIANA Ricardo<\/p>\n\n\n\n<p>POLICASTRO Patricia<\/p>\n\n\n\n<p>PONTFERRADA Patricio<\/p>\n\n\n\n<p>PONTIGGIA&nbsp;Viviana<\/p>\n\n\n\n<p>RENART Fernando<\/p>\n\n\n\n<p>REPETTO ROLON Miguel<\/p>\n\n\n\n<p>RICCI Armando<\/p>\n\n\n\n<p>ROBERTO Romina<\/p>\n\n\n\n<p>ROJO Martina L.<\/p>\n\n\n\n<p>ROMERO VILLANUEVA Horacio<\/p>\n\n\n\n<p>RUSSO Mart\u00edn<\/p>\n\n\n\n<p>SAAD&nbsp;Rosa<\/p>\n\n\n\n<p>SABAT MART\u00cdNEZ Jos\u00e9 M.<\/p>\n\n\n\n<p>SALANDIN Gabriel H.<\/p>\n\n\n\n<p>SALVADORES DE ARZUAGA Carlos I.<\/p>\n\n\n\n<p>SANCHEZ RODRIGUEZ Marcelo<\/p>\n\n\n\n<p>SANTAGATI&nbsp;Claudio Jes\u00fas<\/p>\n\n\n\n<p>SARAVIA Adolfo<\/p>\n\n\n\n<p>SCHVINDTT Andrea<\/p>\n\n\n\n<p>SILVA TAMAYO Gustavo<\/p>\n\n\n\n<p>SOMOVILLA Claudia<\/p>\n\n\n\n<p>SOTO Alfredo Mario<\/p>\n\n\n\n<p>TARRAUBELLA Mar\u00eda Patricia<\/p>\n\n\n\n<p>TATO Nicol\u00e1s<\/p>\n\n\n\n<p>TOCALINI Andr\u00e9s<\/p>\n\n\n\n<p>TONON Mat\u00edas<\/p>\n\n\n\n<p>TORRES Silvina<\/p>\n\n\n\n<p>TRESENZA Alejandro<\/p>\n\n\n\n<p>TRIGIANI Carolina<\/p>\n\n\n\n<p>TURANO Fabricio<\/p>\n\n\n\n<p>UNREIN&nbsp;Gabriel<\/p>\n\n\n\n<p>URIOL, Livia<\/p>\n\n\n\n<p>VALLADARES CANALS, Amparo<\/p>\n\n\n\n<p>VASSALLO Carlos<\/p>\n\n\n\n<p>VAZQUEZ Gonzalo J.<\/p>\n\n\n\n<p>WITEMBURG Guillermo<\/p>\n<\/div>\n\n\n\n<div class=\"wp-block-group collapsible is-content-justification-left is-nowrap is-layout-flex wp-container-core-group-is-layout-2bddc4e0 wp-block-group-is-layout-flex\" style=\"border-bottom-color:var(--wp--preset--color--primary);border-bottom-width:3px;padding-top:10px;padding-right:10px;padding-bottom:10px;padding-left:10px\">\n<h5 class=\"wp-block-heading wp-container-content-9cfa9a5a\">ESPECIALIZACION EN CONTRATOS Y DERECHO DE DA\u00d1OS<\/h5>\n<\/div>\n\n\n\n<div class=\"wp-block-group has-global-padding is-layout-constrained wp-block-group-is-layout-constrained\">\n<p>ALFERILLO Pascual<\/p>\n\n\n\n<p>BARB\u00d3N LACAMBRA&nbsp;Jos\u00e9<\/p>\n\n\n\n<p>BAROCELLI&nbsp;Sergio Sebasti\u00e1n<\/p>\n\n\n\n<p>COBAS&nbsp;Manuel<\/p>\n\n\n\n<p>DE DIOS&nbsp;Miguel \u00c1ngel<\/p>\n\n\n\n<p>ESPER&nbsp;Mariano<\/p>\n\n\n\n<p>FRONTERA&nbsp;Juan Carlos<\/p>\n\n\n\n<p>GALV\u00c9Z Eduardo<\/p>\n\n\n\n<p>GARRIDO CORDOBERA Lidia<\/p>\n\n\n\n<p>GUAIA&nbsp;Carlos<\/p>\n\n\n\n<p>KRIEGER Walter<\/p>\n\n\n\n<p>LLOBERA Hugo<\/p>\n\n\n\n<p>PARRA Ricardo<\/p>\n\n\n\n<p>PRIETO MOLINERO Ramiro<\/p>\n\n\n\n<p>RIVERA Julio<\/p>\n<\/div>\n\n\n\n<div class=\"wp-block-group collapsible is-content-justification-left is-nowrap is-layout-flex wp-container-core-group-is-layout-2bddc4e0 wp-block-group-is-layout-flex\" style=\"border-bottom-color:var(--wp--preset--color--primary);border-bottom-width:3px;padding-top:10px;padding-right:10px;padding-bottom:10px;padding-left:10px\">\n<h5 class=\"wp-block-heading wp-container-content-9cfa9a5a\">ESPECIALIZACION EN DERECHO PENAL<\/h5>\n<\/div>\n\n\n\n<div class=\"wp-block-group has-global-padding is-layout-constrained wp-block-group-is-layout-constrained\">\n<p>ANIT\u00daA Ignacio<\/p>\n\n\n\n<p>ABOSO, Gustavo<\/p>\n\n\n\n<p>BURGUE\u00d1O Pablo<\/p>\n\n\n\n<p>CARBALLIDO CALATAYUD Carolina<\/p>\n\n\n\n<p>CEVASCO Luis<\/p>\n\n\n\n<p>GABRIELLI Omar<\/p>\n\n\n\n<p>GONZALEZ CUIDET M. Eugenia<\/p>\n\n\n\n<p>LLERA Carlos <\/p>\n\n\n\n<p>MONSALVE M. Jimena <\/p>\n\n\n\n<p>PROVITOLA M. Alejandra <\/p>\n\n\n\n<p>ROMERO VILLANUEVA Horacio<\/p>\n\n\n\n<p>SOMOVILLA Claudia<\/p>\n\n\n\n<p>TORRE Ra\u00fal<\/p>\n<\/div>\n\n\n\n<div class=\"wp-block-group collapsible is-content-justification-left is-nowrap is-layout-flex wp-container-core-group-is-layout-2bddc4e0 wp-block-group-is-layout-flex\" style=\"border-bottom-color:var(--wp--preset--color--primary);border-bottom-width:3px;padding-top:10px;padding-right:10px;padding-bottom:10px;padding-left:10px\">\n<h5 class=\"wp-block-heading wp-container-content-9cfa9a5a\">ESPECIALIZACION EN DERECHO PROCESAL<\/h5>\n<\/div>\n\n\n\n<div class=\"wp-block-group has-global-padding is-layout-constrained wp-block-group-is-layout-constrained\">\n<p>BAROCELLI Sergio Sebasti\u00e1n<\/p>\n\n\n\n<p>BORGNA Pablo S.<\/p>\n\n\n\n<p>BRUNO DOS SANTOS Marcelo<\/p>\n\n\n\n<p>CARNEMOLLA Fernando<\/p>\n\n\n\n<p>CASAZZA Soledad<\/p>\n\n\n\n<p>DE GIOVANNI Pablo<\/p>\n\n\n\n<p>FERRER ARROYO Francisco<\/p>\n\n\n\n<p>FRANCESCHI Ver\u00f3nica<\/p>\n\n\n\n<p>G\u00d3MEZ ZAVAGL\u00cdA Trist\u00e1n<\/p>\n\n\n\n<p>GRISOLIA Julio<\/p>\n\n\n\n<p>KRIEGER Walter<\/p>\n\n\n\n<p>LANDI Osvaldo A.<\/p>\n\n\n\n<p>L\u00d3PEZ ALDUNCIN Mar\u00eda de las Mercedes<\/p>\n\n\n\n<p>PEREIRA Manuel<\/p>\n\n\n\n<p>PETRINELLI Ra\u00fal<\/p>\n\n\n\n<p>PITA Mar\u00eda Claudia<\/p>\n\n\n\n<p>RASTELLINO B\u00e1rbara<\/p>\n\n\n\n<p>SALVIA Sebasti\u00e1n<\/p>\n\n\n\n<p>UICICH Rodolfo<\/p>\n<\/div>\n\n\n\n<div class=\"wp-block-group collapsible is-content-justification-left is-nowrap is-layout-flex wp-container-core-group-is-layout-2bddc4e0 wp-block-group-is-layout-flex\" style=\"border-bottom-color:var(--wp--preset--color--primary);border-bottom-width:3px;padding-top:10px;padding-right:10px;padding-bottom:10px;padding-left:10px\">\n<h5 class=\"wp-block-heading wp-container-content-9cfa9a5a\">MARTILLERO Y CORREDOR UNIVERSITARIO<\/h5>\n<\/div>\n\n\n\n<div class=\"wp-block-group has-global-padding is-layout-constrained wp-block-group-is-layout-constrained\">\n<p>AGRA Paula Florencia<\/p>\n\n\n\n<p>ALVAREZ German Norlindo<\/p>\n\n\n\n<p>BAIGORRIA Eduardo Mariano<\/p>\n\n\n\n<p>BARROS VAZQUEZ \u00c1lvaro Francisco<\/p>\n\n\n\n<p>BOLL\u00d3N Alfredo Ezequiel<\/p>\n\n\n\n<p>CAPACCIO Humberto V\u00edctor<\/p>\n\n\n\n<p>COSENTINO Leandro<\/p>\n\n\n\n<p>DE CARIA Juan Carlos<\/p>\n\n\n\n<p>DI NUNZIO Adri\u00e1n<\/p>\n\n\n\n<p>FIGUEROA Oscar G.<\/p>\n\n\n\n<p>GAIDO Lucio Miguel<\/p>\n\n\n\n<p>GALDO Viviana Rosa<\/p>\n\n\n\n<p>LUCERO Lourdes<\/p>\n\n\n\n<p>MARTORELL Gast\u00f3n Federico<\/p>\n\n\n\n<p>MILI\u00c1 Daniel Alberto<\/p>\n\n\n\n<p>PEREZ Daniel<\/p>\n\n\n\n<p>PIAZZA \u00c1ngel Oscar<\/p>\n\n\n\n<p>SANCHEZ RODRIGUEZ Marcelo<\/p>\n\n\n\n<p>SCARPATTI Victoria<\/p>\n\n\n\n<p>SCHVINDTT Andrea Karina<\/p>\n\n\n\n<p>VALLINA Liliana M\u00f3nica<\/p>\n\n\n\n<p>WOSCOBOINIK Gerardo<\/p>\n<\/div>\n\n\n\n<div class=\"wp-block-group collapsible is-content-justification-left is-nowrap is-layout-flex wp-container-core-group-is-layout-2bddc4e0 wp-block-group-is-layout-flex\" style=\"border-bottom-color:var(--wp--preset--color--primary);border-bottom-width:3px;padding-top:10px;padding-right:10px;padding-bottom:10px;padding-left:10px\">\n<h5 class=\"wp-block-heading wp-container-content-9cfa9a5a\">NOTARIADO &#8211; CICLO DE COMPLEMENTACI\u00d3N<\/h5>\n<\/div>\n\n\n\n<div class=\"wp-block-group has-global-padding is-layout-constrained wp-block-group-is-layout-constrained\">\n<p>GISSARA Karina Andrea<\/p>\n\n\n\n<p>ILLESCAS Santiago Eduardo<\/p>\n\n\n\n<p>PETRINELLI Ra\u00fal Ernesto<\/p>\n\n\n\n<p>del RIO Mariela<\/p>\n\n\n\n<p>RODR\u00cdGUEZ Carola Mar\u00eda<\/p>\n\n\n\n<p>BURGUE\u00d1O Raquel<\/p>\n\n\n\n<p>CERPA JU\u00c1REZ&nbsp;Albina<\/p>\n\n\n\n<p>CESARETTI Mar\u00eda<\/p>\n\n\n\n<p>GRILLO Sebasti\u00e1n<\/p>\n<\/div>\n\n\n\n<div class=\"wp-block-group collapsible is-content-justification-left is-nowrap is-layout-flex wp-container-core-group-is-layout-2bddc4e0 wp-block-group-is-layout-flex\" style=\"border-bottom-color:var(--wp--preset--color--primary);border-bottom-width:3px;padding-top:10px;padding-right:10px;padding-bottom:10px;padding-left:10px\">\n<h5 class=\"wp-block-heading wp-container-content-9cfa9a5a\"><strong>PROFESORES EMERITOS:<\/strong><\/h5>\n<\/div>\n\n\n\n<div class=\"wp-block-group listado_publicaciones_1 has-global-padding is-layout-constrained wp-container-core-group-is-layout-7db9d80f wp-block-group-is-layout-constrained\" style=\"padding-right:0;padding-left:0\">\n<h3 class=\"wp-block-heading has-text-align-center titulo_anio has-base-color has-primary-background-color has-text-color has-background has-link-color wp-elements-78067de83af05dd6d20b38ca1f0acd53\" style=\"padding-top:0px;padding-right:var(--wp--preset--spacing--30);padding-bottom:0px;padding-left:var(--wp--preset--spacing--30)\">2011<\/h3>\n\n\n\n<div class=\"wp-block-group has-global-padding is-layout-constrained wp-container-core-group-is-layout-440eec6e wp-block-group-is-layout-constrained\" style=\"padding-top:5px;padding-right:var(--wp--preset--spacing--30);padding-bottom:5px;padding-left:var(--wp--preset--spacing--30)\">\n<p><\/p>\n\n\n\n<p class=\"has-text-align-center\">Miguel Angel Almeyra<\/p>\n\n\n\n<p class=\"has-text-align-center\">Carlos &nbsp;Baccioli<\/p>\n\n\n\n<p class=\"has-text-align-center\">Marta Bellusci<\/p>\n\n\n\n<p class=\"has-text-align-center\">Juan Octavio Gauna&nbsp;(fallecido)<\/p>\n\n\n\n<p class=\"has-text-align-center\">Abelardo Levaggi<\/p>\n\n\n\n<p class=\"has-text-align-center\">Nelly Dora Louzan de Solimano &nbsp;(fallecida)<\/p>\n\n\n\n<p class=\"has-text-align-center\">Matilde Graciela Mart\u00ednez Cuerda<\/p>\n\n\n\n<p class=\"has-text-align-center\">Antonio Anselmo Martino<\/p>\n\n\n\n<p class=\"has-text-align-center\">Gustavo Mitchell Wagner<\/p>\n\n\n\n<p class=\"has-text-align-center\">Bernardino Montejano<\/p>\n\n\n\n<p class=\"has-text-align-center\">Alicia Mariana Perugini Zanetti<\/p>\n\n\n\n<p class=\"has-text-align-center\">Adolfo Armando Rivas<\/p>\n\n\n\n<p class=\"has-text-align-center\">Jos\u00e9 Mar\u00eda Sabat<\/p>\n\n\n\n<p class=\"has-text-align-center\">Adolfo Saravia<\/p>\n<\/div>\n\n\n\n<h3 class=\"wp-block-heading has-text-align-center titulo_anio has-base-color has-primary-background-color has-text-color has-background has-link-color wp-elements-cc87342543744d2185535ba3a11fc73c\" style=\"padding-top:0px;padding-right:var(--wp--preset--spacing--30);padding-bottom:0px;padding-left:var(--wp--preset--spacing--30)\">2012<\/h3>\n\n\n\n<div class=\"wp-block-group has-global-padding is-layout-constrained wp-block-group-is-layout-constrained\">\n<p><\/p>\n\n\n\n<p class=\"has-text-align-center\">Mario Masciotra<\/p>\n<\/div>\n\n\n\n<h3 class=\"wp-block-heading has-text-align-center titulo_anio has-base-color has-primary-background-color has-text-color has-background has-link-color wp-elements-08197fbb934a1d5f7b4547a3a15886d8\" style=\"padding-top:0px;padding-right:var(--wp--preset--spacing--30);padding-bottom:0px;padding-left:var(--wp--preset--spacing--30)\">2013<\/h3>\n\n\n\n<div class=\"wp-block-group has-global-padding is-layout-constrained wp-block-group-is-layout-constrained\">\n<p><\/p>\n\n\n\n<p class=\"has-text-align-center\">Eduardo Joaqu\u00edn Boneo Villegas<\/p>\n\n\n\n<p class=\"has-text-align-center\">Manuel Osvaldo Cobas<\/p>\n\n\n\n<p class=\"has-text-align-center\">Mario Alberto Fornaciari&nbsp;(fallecido)<\/p>\n\n\n\n<p class=\"has-text-align-center\">Guillermo Moglia Claps (fallecido)<\/p>\n\n\n\n<p class=\"has-text-align-center\">Pr\u00e1xedes Sagasta (fallecido)<\/p>\n<\/div>\n\n\n\n<h3 class=\"wp-block-heading has-text-align-center titulo_anio has-base-color has-primary-background-color has-text-color has-background has-link-color wp-elements-7e54d65b82cfdbdc4f7e36f5807859ba\" style=\"padding-top:0px;padding-right:var(--wp--preset--spacing--30);padding-bottom:0px;padding-left:var(--wp--preset--spacing--30)\">2014<\/h3>\n\n\n\n<div class=\"wp-block-group has-global-padding is-layout-constrained wp-block-group-is-layout-constrained\">\n<p><\/p>\n\n\n\n<p class=\"has-text-align-center\">Mario Arraga Penido<\/p>\n\n\n\n<p class=\"has-text-align-center\">Jos\u00e9 Osvaldo Casas (fallecido)<\/p>\n\n\n\n<p class=\"has-text-align-center\">Pablo Mar\u00eda Corna&nbsp;(fallecido)<\/p>\n<\/div>\n\n\n\n<h3 class=\"wp-block-heading has-text-align-center titulo_anio has-base-color has-primary-background-color has-text-color has-background has-link-color wp-elements-a08904d253fa8bbeca85f2cdd9db643a\" style=\"padding-top:0px;padding-right:var(--wp--preset--spacing--30);padding-bottom:0px;padding-left:var(--wp--preset--spacing--30)\">2015<\/h3>\n\n\n\n<div class=\"wp-block-group has-global-padding is-layout-constrained wp-block-group-is-layout-constrained\">\n<p><\/p>\n\n\n\n<p class=\"has-text-align-center\">Sergio Villamayor Aleman<\/p>\n\n\n\n<p class=\"has-text-align-center\">Dino Belorio Clabot<\/p>\n<\/div>\n\n\n\n<h3 class=\"wp-block-heading has-text-align-center titulo_anio has-base-color has-primary-background-color has-text-color has-background has-link-color wp-elements-4046d6360d3c5242f102beeaed26bc37\" style=\"padding-top:0px;padding-right:var(--wp--preset--spacing--30);padding-bottom:0px;padding-left:var(--wp--preset--spacing--30)\">2016<\/h3>\n\n\n\n<div class=\"wp-block-group has-global-padding is-layout-constrained wp-block-group-is-layout-constrained\">\n<p><\/p>\n\n\n\n<p class=\"has-text-align-center\">Miguel Angel Caminos&nbsp;(fallecido)<\/p>\n\n\n\n<p class=\"has-text-align-center\">Ignacio Gutierrez Zald\u00edvar<\/p>\n<\/div>\n\n\n\n<h3 class=\"wp-block-heading has-text-align-center titulo_anio has-base-color has-primary-background-color has-text-color has-background has-link-color wp-elements-632c65fbfb13b384bd56a7d65ebf82fd\" style=\"padding-top:0px;padding-right:var(--wp--preset--spacing--30);padding-bottom:0px;padding-left:var(--wp--preset--spacing--30)\">2017<\/h3>\n\n\n\n<div class=\"wp-block-group has-global-padding is-layout-constrained wp-block-group-is-layout-constrained\">\n<p><\/p>\n\n\n\n<p class=\"has-text-align-center\">Jorge Maiorano<\/p>\n\n\n\n<p class=\"has-text-align-center\">Armando Baistrocchi<\/p>\n<\/div>\n\n\n\n<h3 class=\"wp-block-heading has-text-align-center titulo_anio has-base-color has-primary-background-color has-text-color has-background has-link-color wp-elements-7e656ee510cfa2912d15132956c25be5\" style=\"padding-top:0px;padding-right:var(--wp--preset--spacing--30);padding-bottom:0px;padding-left:var(--wp--preset--spacing--30)\">2018<\/h3>\n\n\n\n<div class=\"wp-block-group has-global-padding is-layout-constrained wp-block-group-is-layout-constrained\">\n<p><\/p>\n\n\n\n<p class=\"has-text-align-center\">Ram\u00f3n Ger\u00f3nimo Brenna<\/p>\n\n\n\n<p class=\"has-text-align-center\">Ricardo Levene (n)<\/p>\n<\/div>\n\n\n\n<h3 class=\"wp-block-heading has-text-align-center titulo_anio has-base-color has-primary-background-color has-text-color has-background has-link-color wp-elements-2859c1fe204986640d4dfacf9160d455\" style=\"padding-top:0px;padding-right:var(--wp--preset--spacing--30);padding-bottom:0px;padding-left:var(--wp--preset--spacing--30)\">2020<\/h3>\n\n\n\n<div class=\"wp-block-group has-global-padding is-layout-constrained wp-block-group-is-layout-constrained\">\n<p><\/p>\n\n\n\n<p class=\"has-text-align-center\">Jos\u00e9 Dobovsek<\/p>\n\n\n\n<p class=\"has-text-align-center\">Luis Jorge Cevasco<\/p>\n\n\n\n<p class=\"has-text-align-center\">Alfredo Ezequiel Boll\u00f3n<\/p>\n<\/div>\n\n\n\n<h3 class=\"wp-block-heading has-text-align-center titulo_anio has-base-color has-primary-background-color has-text-color has-background has-link-color wp-elements-f67dc1b80324fdaa3121139c78807564\" style=\"padding-top:0px;padding-right:var(--wp--preset--spacing--30);padding-bottom:0px;padding-left:var(--wp--preset--spacing--30)\">2021<\/h3>\n\n\n\n<div class=\"wp-block-group has-global-padding is-layout-constrained wp-block-group-is-layout-constrained\">\n<p><\/p>\n\n\n\n<p class=\"has-text-align-center\">Jos\u00e9 Carlos Costa<\/p>\n<\/div>\n\n\n\n<h3 class=\"wp-block-heading has-text-align-center titulo_anio has-base-color has-primary-background-color has-text-color has-background has-link-color wp-elements-3380b42015df024bfe9afccceb9bd530\" style=\"padding-top:0px;padding-right:var(--wp--preset--spacing--30);padding-bottom:0px;padding-left:var(--wp--preset--spacing--30)\">2022<\/h3>\n\n\n\n<div class=\"wp-block-group has-global-padding is-layout-constrained wp-block-group-is-layout-constrained\">\n<p><\/p>\n\n\n\n<p class=\"has-text-align-center\">Ra\u00fal Osvaldo Torre<\/p>\n\n\n\n<p class=\"has-text-align-center\">Carlos Mar\u00eda Vassallo<\/p>\n\n\n\n<p class=\"has-text-align-center\">Gerardo Woscoboinik<\/p>\n<\/div>\n\n\n\n<h3 class=\"wp-block-heading has-text-align-center titulo_anio has-base-color has-primary-background-color has-text-color has-background has-link-color wp-elements-088610a3e88dd85656323ae9c77dda83\" style=\"padding-top:0px;padding-right:var(--wp--preset--spacing--30);padding-bottom:0px;padding-left:var(--wp--preset--spacing--30)\">2023<\/h3>\n\n\n\n<div class=\"wp-block-group has-global-padding is-layout-constrained wp-block-group-is-layout-constrained\">\n<p><\/p>\n\n\n\n<p class=\"has-text-align-center\">Guillermo Borda<\/p>\n<\/div>\n<\/div>\n<\/div>\n<\/div>\n","protected":false},"excerpt":{"rendered":"<p>ABOGACIA Y PROGRAMA FRANCO ARGENTINO ABARRATEGUI FERN\u00c1NDEZ Mar\u00eda In\u00e9s AGUIRRE R\u00c9BORA Eloy ALES URIA ACEVEDO Mercedes ALMEYRA Miguel \u00c1ngel ALVAREZ Germ\u00e1n ALVAREZ ECHAG\u00dcE Juan Manuel ANGELOZ&nbsp;Graciela A. APOLO&nbsp;Jorge ARRAGA PENIDO Mario AZURMENDI, M\u00f3nica BAIGORRIA Alfredo BAIGORRIA Claudia BALBI Silvia BARBON LACAMBRA Jos\u00e9 BAROCELLI Sebasti\u00e1n BARROETAVE\u00d1A, Diego BELLORIO Dino BORDA Guillermo A. BRUNO DOS SANTOS Marcelo [&hellip;]<\/p>\n","protected":false},"author":5,"featured_media":0,"parent":0,"menu_order":0,"comment_status":"closed","ping_status":"closed","template":"","meta":{"_acf_changed":false,"footnotes":""},"class_list":["post-58","page","type-page","status-publish","hentry"],"acf":[],"_links":{"self":[{"href":"https:\/\/www.usal.edu.ar\/juridicas\/wp-json\/wp\/v2\/pages\/58","targetHints":{"allow":["GET"]}}],"collection":[{"href":"https:\/\/www.usal.edu.ar\/juridicas\/wp-json\/wp\/v2\/pages"}],"about":[{"href":"https:\/\/www.usal.edu.ar\/juridicas\/wp-json\/wp\/v2\/types\/page"}],"author":[{"embeddable":true,"href":"https:\/\/www.usal.edu.ar\/juridicas\/wp-json\/wp\/v2\/users\/5"}],"replies":[{"embeddable":true,"href":"https:\/\/www.usal.edu.ar\/juridicas\/wp-json\/wp\/v2\/comments?post=58"}],"version-history":[{"count":12,"href":"https:\/\/www.usal.edu.ar\/juridicas\/wp-json\/wp\/v2\/pages\/58\/revisions"}],"predecessor-version":[{"id":1533,"href":"https:\/\/www.usal.edu.ar\/juridicas\/wp-json\/wp\/v2\/pages\/58\/revisions\/1533"}],"wp:attachment":[{"href":"https:\/\/www.usal.edu.ar\/juridicas\/wp-json\/wp\/v2\/media?parent=58"}],"curies":[{"name":"wp","href":"https:\/\/api.w.org\/{rel}","templated":true}]}}