{"id":64,"date":"2024-07-12T13:55:52","date_gmt":"2024-07-12T16:55:52","guid":{"rendered":"https:\/\/www.usal.edu.ar\/juridicas\/?page_id=64"},"modified":"2025-08-04T10:34:33","modified_gmt":"2025-08-04T13:34:33","slug":"reglamento","status":"publish","type":"page","link":"https:\/\/www.usal.edu.ar\/juridicas\/reglamento\/","title":{"rendered":"Reglamentos"},"content":{"rendered":"\n<p><\/p>\n\n\n\n<h3 class=\"wp-block-heading has-text-align-center titulo_anio has-primary-color has-base-background-color has-text-color has-background has-link-color wp-elements-043aa2cb5e0393ffc945bd94c89b3783\" style=\"padding-top:0px;padding-right:var(--wp--preset--spacing--30);padding-bottom:0px;padding-left:var(--wp--preset--spacing--30)\"><\/h3>\n\n\n\n<div class=\"wp-block-group has-global-padding is-layout-constrained wp-container-core-group-is-layout-e6038ede wp-block-group-is-layout-constrained\" style=\"padding-top:var(--wp--preset--spacing--30);padding-bottom:var(--wp--preset--spacing--30)\">\n<div class=\"wp-block-group collapsible is-content-justification-left is-nowrap is-layout-flex wp-container-core-group-is-layout-2bddc4e0 wp-block-group-is-layout-flex\" style=\"border-bottom-color:var(--wp--preset--color--primary);border-bottom-width:3px;padding-top:10px;padding-right:10px;padding-bottom:10px;padding-left:10px\">\n<h5 class=\"wp-block-heading wp-container-content-9cfa9a5a\">Reglamentaci\u00f3n General de la Facultad de Ciencias Jur\u00eddicas<\/h5>\n<\/div>\n\n\n\n<div class=\"wp-block-group has-global-padding is-layout-constrained wp-block-group-is-layout-constrained\">\n<div class=\"wp-block-group has-global-padding is-layout-constrained wp-container-core-group-is-layout-92b9201d wp-block-group-is-layout-constrained\">\n<div class=\"wp-block-group has-global-padding is-layout-constrained wp-container-core-group-is-layout-e7a8db7c wp-block-group-is-layout-constrained\" style=\"margin-top:0;margin-bottom:0\">\n<p><a href=\"https:\/\/www.usal.edu.ar\/juridicas\/wp-content\/uploads\/sites\/13\/2024\/07\/codigo_de_convivencia_-_fcj-usal-2018_1.pdf\" data-type=\"attachment\" data-id=\"363\">Disposici\u00f3n Decanal 88\/2018 &#8211; C\u00f3digo de Conviencia<\/a><\/p>\n\n\n\n<p><a href=\"https:\/\/www.usal.edu.ar\/juridicas\/wp-content\/uploads\/sites\/13\/2024\/07\/disposicion_ndeg_4-20_bis_usal_ciencias_juridicas.pdf\" data-type=\"attachment\" data-id=\"362\">Disposici\u00f3n Decanal 4 bis\/20&nbsp; &#8211; Observatorio de Inclusi\u00f3n educativa de la Facultad de Ciencias Jur\u00eddicas<\/a><\/p>\n\n\n\n<p><a href=\"https:\/\/www.usal.edu.ar\/juridicas\/wp-content\/uploads\/sites\/13\/2025\/08\/DD-67-2025-REGLAMENTO-CLINICAS-JURIDICAS.pdf\">Disposici\u00f3n Decanal 67\/2025 &#8211; Reglamento de Funcionamiento de las Cl\u00ednicas Jur\u00eddicas de la Facultad<br>de Ciencias Jur\u00eddicas de la Universidad del Salvador<\/a><\/p>\n<\/div>\n<\/div>\n<\/div>\n\n\n\n<div class=\"wp-block-group collapsible is-content-justification-left is-nowrap is-layout-flex wp-container-core-group-is-layout-2bddc4e0 wp-block-group-is-layout-flex\" style=\"border-bottom-color:var(--wp--preset--color--primary);border-bottom-width:3px;padding-top:10px;padding-right:10px;padding-bottom:10px;padding-left:10px\">\n<h5 class=\"wp-block-heading wp-container-content-9cfa9a5a\">Reglamentaci\u00f3n Carreras de Grado<\/h5>\n<\/div>\n\n\n\n<div class=\"wp-block-group has-global-padding is-layout-constrained wp-block-group-is-layout-constrained\">\n<div class=\"wp-block-group has-global-padding is-layout-constrained wp-container-core-group-is-layout-92b9201d wp-block-group-is-layout-constrained\">\n<div class=\"wp-block-group has-global-padding is-layout-constrained wp-block-group-is-layout-constrained\">\n<p><a href=\"https:\/\/www.usal.edu.ar\/wp-content\/uploads\/2023\/08\/RR-No-152-14-Reglamento-General-Pregrado-y-Grado.pdf\" data-type=\"link\" data-id=\"https:\/\/www.usal.edu.ar\/wp-content\/uploads\/2023\/08\/RR-No-152-14-Reglamento-General-Pregrado-y-Grado.pdf\" target=\"_blank\" rel=\"noreferrer noopener\">Resoluci\u00f3n Rectoral 152\/14 Reglamento General de Estudios de Carreras de Grado<\/a><\/p>\n<\/div>\n\n\n\n<p><a href=\"https:\/\/www.usal.edu.ar\/juridicas\/wp-content\/uploads\/sites\/13\/2024\/07\/dd_256-18-b-_reglamento_de_la_carrera_de_abogacia_rr_40-_14-1.pdf\" data-type=\"attachment\" data-id=\"361\">Disposici\u00f3n Decanal 256\/18 &#8211;&nbsp;Reglamento para la carrera de Abogac\u00eda plan 40\/14<\/a><\/p>\n\n\n\n<p><a href=\"https:\/\/www.usal.edu.ar\/juridicas\/wp-content\/uploads\/sites\/13\/2024\/07\/dd_52-20-2.pdf\" data-type=\"attachment\" data-id=\"360\">Disposici\u00f3n Decanal 52\/20 Reglamento de la Carrera de Abogac\u00eda RR 839\/18<\/a><\/p>\n\n\n\n<p><a href=\"https:\/\/www.usal.edu.ar\/juridicas\/wp-content\/uploads\/sites\/13\/2024\/07\/r.r._no_236-20_1.pdf\" data-type=\"attachment\" data-id=\"364\">Resoluci\u00f3n Rectoral N\u00ba 236\/20 &#8211; Modificaciones al plan de estudios integrado franco \u2013 argentino para la carrera de Abogac\u00eda<\/a><\/p>\n\n\n\n<p><a href=\"https:\/\/www.usal.edu.ar\/juridicas\/wp-content\/uploads\/sites\/13\/2024\/07\/dd_correccion_correlatividadesnuevoplanfranco.pdf\" data-type=\"attachment\" data-id=\"373\">Disposici\u00f3n Decanal 6\/21 sobre R\u00e9gimen de Correlatividades del Plan integrado franco-argentino de la Carrera de Abogac\u00eda&nbsp;<\/a><\/p>\n<\/div>\n<\/div>\n\n\n\n<div class=\"wp-block-group collapsible is-content-justification-left is-nowrap is-layout-flex wp-container-core-group-is-layout-2bddc4e0 wp-block-group-is-layout-flex\" style=\"border-bottom-color:var(--wp--preset--color--primary);border-bottom-width:3px;padding-top:10px;padding-right:10px;padding-bottom:10px;padding-left:10px\">\n<h5 class=\"wp-block-heading wp-container-content-9cfa9a5a\">Reglamentaci\u00f3n carrera de Martillero y Corredor Universitario<\/h5>\n<\/div>\n\n\n\n<div class=\"wp-block-group has-global-padding is-layout-constrained wp-block-group-is-layout-constrained\">\n<p><a href=\"https:\/\/www.usal.edu.ar\/juridicas\/wp-content\/uploads\/sites\/13\/2024\/07\/reglamento_martillero001.pdf\" data-type=\"attachment\" data-id=\"359\">Disposici\u00f3n Decanal 286\/19 Reglamento General para la Carrera de Martillero y Corredor Universitario<\/a><\/p>\n<\/div>\n\n\n\n<div class=\"wp-block-group collapsible is-content-justification-left is-nowrap is-layout-flex wp-container-core-group-is-layout-2bddc4e0 wp-block-group-is-layout-flex\" style=\"border-bottom-color:var(--wp--preset--color--primary);border-bottom-width:3px;padding-top:10px;padding-right:10px;padding-bottom:10px;padding-left:10px\">\n<h5 class=\"wp-block-heading wp-container-content-9cfa9a5a\">Reglamentaci\u00f3n de Carreras Posgrado<\/h5>\n<\/div>\n\n\n\n<div class=\"wp-block-group has-global-padding is-layout-constrained wp-container-core-group-is-layout-92b9201d wp-block-group-is-layout-constrained\">\n<p><a href=\"https:\/\/www.usal.edu.ar\/wp-content\/uploads\/2024\/05\/Reglamento-General-Estudios-de-Posgrado_RR196-24.pdf\" data-type=\"link\" data-id=\"https:\/\/www.usal.edu.ar\/wp-content\/uploads\/2024\/05\/Reglamento-General-Estudios-de-Posgrado_RR196-24.pdf\">Reglamento General de Estudios de Posgrados<\/a><\/p>\n\n\n\n<p><strong>Especializaciones<\/strong><\/p>\n\n\n\n<p><a href=\"https:\/\/www.usal.edu.ar\/juridicas\/wp-content\/uploads\/sites\/13\/2024\/07\/procesal_reglamento.pdf\" data-type=\"attachment\" data-id=\"371\">Reglamento de Gobierno y Estudio de la Especializaci\u00f3n en Derecho Procesal<\/a><\/p>\n\n\n\n<p><a href=\"https:\/\/www.usal.edu.ar\/juridicas\/wp-content\/uploads\/sites\/13\/2024\/07\/especializacion_en_derecho_penal_dd_122-20.pdf\" data-type=\"attachment\" data-id=\"370\">Reglamento de Gobierno y Estudio de la Especializaci\u00f3n en Derecho Penal<\/a><\/p>\n\n\n\n<p><a href=\"https:\/\/www.usal.edu.ar\/juridicas\/wp-content\/uploads\/sites\/13\/2024\/07\/especializacion_en_contratos_y_derecho_de_danos.pdf\" data-type=\"attachment\" data-id=\"369\">Reglamento de Gobierno y Estudio de la Especializaci\u00f3n en Contratos y Derecho de Da\u00f1os<\/a><\/p>\n\n\n\n<p><a href=\"https:\/\/www.usal.edu.ar\/juridicas\/wp-content\/uploads\/sites\/13\/2024\/07\/procesal_constitucional.pdf\" data-type=\"attachment\" data-id=\"368\">Reglamento de Gobierno y Estudio de la Especializaci\u00f3n en Derecho Procesal Constitucional<\/a><\/p>\n\n\n\n<p><strong>MAESTRIAS<\/strong><\/p>\n\n\n\n<p><a href=\"https:\/\/www.usal.edu.ar\/juridicas\/wp-content\/uploads\/sites\/13\/2024\/07\/reglamento_mcl-2015.pdf\" data-type=\"attachment\" data-id=\"365\">Reglamento General de Estudio de la Maestr\u00eda en Ciencia de la Legislaci\u00f3n<\/a><\/p>\n\n\n\n<p><strong>DOCTORADOS<\/strong><\/p>\n\n\n\n<p><a href=\"https:\/\/www.usal.edu.ar\/juridicas\/wp-content\/uploads\/sites\/13\/2024\/07\/doctorado_en_ciencias_juridicas_dd_84-23.pdf\" data-type=\"attachment\" data-id=\"367\">Reglamento de Gobierno y Estudio del Doctorado en Ciencias Jur\u00eddicas<\/a><\/p>\n\n\n\n<p><a href=\"https:\/\/www.usal.edu.ar\/juridicas\/wp-content\/uploads\/sites\/13\/2024\/07\/doctorado_en_derecho_penal_y_ciencias_penales_168-23.pdf\" data-type=\"attachment\" data-id=\"366\">Reglamento de Gobierno y Estudio del Doctorado en Derecho Penal y Ciencias Penales<\/a><\/p>\n<\/div>\n\n\n\n<div class=\"wp-block-group collapsible is-content-justification-left is-nowrap is-layout-flex wp-container-core-group-is-layout-2bddc4e0 wp-block-group-is-layout-flex\" style=\"border-bottom-color:var(--wp--preset--color--primary);border-bottom-width:3px;padding-top:10px;padding-right:10px;padding-bottom:10px;padding-left:10px\">\n<h5 class=\"wp-block-heading wp-container-content-9cfa9a5a\">Reglamentaci\u00f3n Diplomaturas<\/h5>\n<\/div>\n\n\n\n<p><a href=\"https:\/\/www.usal.edu.ar\/wp-content\/uploads\/2023\/08\/Reglamento-Diplomaturas-RR-537-19.pdf\">Reglamento de Diplomaturas<\/a><\/p>\n<\/div>\n","protected":false},"excerpt":{"rendered":"<p>Reglamentaci\u00f3n General de la Facultad de Ciencias Jur\u00eddicas Disposici\u00f3n Decanal 88\/2018 &#8211; C\u00f3digo de Conviencia Disposici\u00f3n Decanal 4 bis\/20&nbsp; &#8211; Observatorio de Inclusi\u00f3n educativa de la Facultad de Ciencias Jur\u00eddicas Disposici\u00f3n Decanal 67\/2025 &#8211; Reglamento de Funcionamiento de las Cl\u00ednicas Jur\u00eddicas de la Facultadde Ciencias Jur\u00eddicas de la Universidad del Salvador Reglamentaci\u00f3n Carreras de Grado [&hellip;]<\/p>\n","protected":false},"author":5,"featured_media":0,"parent":0,"menu_order":0,"comment_status":"closed","ping_status":"closed","template":"","meta":{"_acf_changed":false,"footnotes":""},"class_list":["post-64","page","type-page","status-publish","hentry"],"acf":[],"_links":{"self":[{"href":"https:\/\/www.usal.edu.ar\/juridicas\/wp-json\/wp\/v2\/pages\/64","targetHints":{"allow":["GET"]}}],"collection":[{"href":"https:\/\/www.usal.edu.ar\/juridicas\/wp-json\/wp\/v2\/pages"}],"about":[{"href":"https:\/\/www.usal.edu.ar\/juridicas\/wp-json\/wp\/v2\/types\/page"}],"author":[{"embeddable":true,"href":"https:\/\/www.usal.edu.ar\/juridicas\/wp-json\/wp\/v2\/users\/5"}],"replies":[{"embeddable":true,"href":"https:\/\/www.usal.edu.ar\/juridicas\/wp-json\/wp\/v2\/comments?post=64"}],"version-history":[{"count":18,"href":"https:\/\/www.usal.edu.ar\/juridicas\/wp-json\/wp\/v2\/pages\/64\/revisions"}],"predecessor-version":[{"id":2285,"href":"https:\/\/www.usal.edu.ar\/juridicas\/wp-json\/wp\/v2\/pages\/64\/revisions\/2285"}],"wp:attachment":[{"href":"https:\/\/www.usal.edu.ar\/juridicas\/wp-json\/wp\/v2\/media?parent=64"}],"curies":[{"name":"wp","href":"https:\/\/api.w.org\/{rel}","templated":true}]}}