{"id":1090,"date":"2024-08-15T20:15:09","date_gmt":"2024-08-15T23:15:09","guid":{"rendered":"https:\/\/www.usal.edu.ar\/lenguas\/?page_id=1090"},"modified":"2025-11-17T08:52:25","modified_gmt":"2025-11-17T11:52:25","slug":"diplomaturas","status":"publish","type":"page","link":"https:\/\/www.usal.edu.ar\/lenguas\/diplomaturas\/","title":{"rendered":"Diplomaturas"},"content":{"rendered":"\n<figure class=\"wp-block-table\"><table><tbody><tr><td><img decoding=\"async\" src=\"https:\/\/www.usal.edu.ar\/lenguas\/wp-content\/uploads\/sites\/14\/2024\/09\/british_flag-300x179.jpg\" alt=\"\" style=\"width: 120px\"><\/td><td><a href=\"https:\/\/www.usal.edu.ar\/lenguas\/diplomatura-universitaria-superior-en-estudios-avanzados-de-lengua-inglesa\/\">Diplomatura Universitaria Superior en Estudios Avanzados de Lengua Inglesa<\/a>&nbsp;(R. R. No.299\/20)<\/td><td rowspan=\"3\"><a href=\"https:\/\/servicios.usal.edu.ar\/PreInscripcion\/checkDoc.php\" target=\"_blank\" rel=\"noreferrer noopener\"><\/a><\/td><\/tr><tr><td><img decoding=\"async\" style=\"width: 120px\" src=\"https:\/\/lenguas.usal.edu.ar\/archivos\/lenguas\/imagenes\/british_flag.jpg\" alt=\"\"><img decoding=\"async\" style=\"width: 120px\" src=\"https:\/\/www.usal.edu.ar\/lenguas\/wp-content\/uploads\/sites\/14\/2024\/09\/british_flag-300x179.jpg\" alt=\"\"><\/td><td><a href=\"https:\/\/www.usal.edu.ar\/lenguas\/diplomatura-universitaria-superior-en-fonetica-y-fonologia-inglesas-r-r-no-30-21\/\">Diplomatura Universitaria Superior en Fon\u00e9tica y Fonolog\u00eda Inglesas<\/a>&nbsp;(R. R. No.30\/21)<\/td><\/tr><tr><td><img decoding=\"async\" src=\"https:\/\/www.usal.edu.ar\/lenguas\/wp-content\/uploads\/sites\/14\/2024\/07\/banderastodas0.jpg\" alt=\"\" style=\"width: 120px\"><\/td><td><a href=\"https:\/\/www.usal.edu.ar\/lenguas\/diplomatura-universitaria-en-didactica-de-las-lenguas-extranjeras\/\" data-type=\"post\" data-id=\"1107\">Diplomatura Universitaria en Did\u00e1ctica de las Lenguas Extranjeras<\/a>&nbsp;(R. R. No.29\/21)<\/td><\/tr><tr><td><img decoding=\"async\" src=\"https:\/\/www.usal.edu.ar\/lenguas\/wp-content\/uploads\/sites\/14\/2024\/07\/ireflag.png\" alt=\"\" style=\"width: 120px\"><\/td><td><a href=\"https:\/\/www.usal.edu.ar\/lenguas\/diplomatura-estudios-irlandeses\/\" data-type=\"post\" data-id=\"752\">Diplomatura Universitaria en Estudios Irlandeses<\/a>&nbsp;(R. R. No.300\/20)&nbsp;(2do. cuatrimestre)<\/td><td rowspan=\"2\">Abierta la\u00a0<a href=\"https:\/\/preinscripcion.usal.edu.ar\/preinscripcion\/usal\/alta_usuario\" target=\"_blank\" rel=\"noreferrer noopener\">preinscripci\u00f3n<\/a>\u00a02025<\/td><\/tr><tr><td><img decoding=\"async\" src=\"https:\/\/www.usal.edu.ar\/lenguas\/wp-content\/uploads\/sites\/14\/2024\/07\/banderaitalia-1.jpg\" alt=\"\" style=\"width: 120px\"><\/td><td><a href=\"https:\/\/www.usal.edu.ar\/lenguas\/diplomatura-universitaria-en-lengua-y-cultura-italianas-a-distancia\/\" data-type=\"post\" data-id=\"1106\">Diplomatura Universitaria en Lengua y Cultura Italianas<\/a>&nbsp;(R. R. NO.168\/20)&nbsp;(1er.&nbsp;cuatrimestre)<\/td><\/tr><tr><td><img decoding=\"async\" src=\"https:\/\/www.usal.edu.ar\/lenguas\/wp-content\/uploads\/sites\/14\/2024\/07\/banderaitalia-1.jpg\" alt=\"\" style=\"width: 120px\"><\/td><td><a href=\"https:\/\/www.usal.edu.ar\/lenguas\/diplomatura-formacion-lengua-italiana\/\" data-type=\"post\" data-id=\"606\">Diplomatura Universitaria en Formaci\u00f3n en Lengua Italiana<\/a>&nbsp;(R. R. No.06\/21) (2do. cuatrimestre)<\/td><td><\/td><\/tr><tr><td><img decoding=\"async\" style=\"width: 120px\" src=\"https:\/\/lenguas.usal.edu.ar\/archivos\/lenguas\/imagenes\/banderainglesaauriculares1.jpg\" alt=\"\"><img decoding=\"async\" style=\"width: 120px\" src=\"https:\/\/www.usal.edu.ar\/lenguas\/wp-content\/uploads\/sites\/14\/2024\/09\/british_flag-300x179.jpg\" alt=\"\"><\/td><td><a href=\"https:\/\/www.usal.edu.ar\/lenguas\/diplomatura-universitaria-en-tecnicas-de-la-interpretacion-en-ingles\/\" data-type=\"post\" data-id=\"1105\">Diplomatura Universitaria en T\u00e9cnicas de la Interpretaci\u00f3n en ingl\u00e9s<\/a>&nbsp;(R. R. No.568\/20)<\/td><td><\/td><\/tr><tr><td><img decoding=\"async\" style=\"width: 120px\" src=\"https:\/\/lenguas.usal.edu.ar\/archivos\/lenguas\/imagenes\/british_flag.jpg\" alt=\"\"><img decoding=\"async\" style=\"width: 120px\" src=\"https:\/\/www.usal.edu.ar\/lenguas\/wp-content\/uploads\/sites\/14\/2024\/09\/british_flag-300x179.jpg\" alt=\"\"><\/td><td><a href=\"https:\/\/www.usal.edu.ar\/lenguas\/diplomatura-universitaria-en-traduccion-inversa-al-ingles\/\" data-type=\"post\" data-id=\"1104\">Diplomatura Universitaria en Traducci\u00f3n Inversa al &nbsp;ingl\u00e9s, oral y escrita<\/a>&nbsp;(R. R. No.458\/21)<\/td><td><\/td><\/tr><\/tbody><\/table><\/figure>\n\n\n\n<p><em>*Las Diplomaturas constituyen un t\u00edtulo propio de la USAL y, por lo tanto, no otorgan t\u00edtulo de grado habilitante para el ejercicio profesional.<\/em><\/p>\n","protected":false},"excerpt":{"rendered":"<p>Diplomatura Universitaria Superior en Estudios Avanzados de Lengua Inglesa&nbsp;(R. R. No.299\/20) Diplomatura Universitaria Superior en Fon\u00e9tica y Fonolog\u00eda Inglesas&nbsp;(R. R. No.30\/21) Diplomatura Universitaria en Did\u00e1ctica de las Lenguas Extranjeras&nbsp;(R. R. No.29\/21) Diplomatura Universitaria en Estudios Irlandeses&nbsp;(R. R. No.300\/20)&nbsp;(2do. cuatrimestre) Abierta la\u00a0preinscripci\u00f3n\u00a02025 Diplomatura Universitaria en Lengua y Cultura Italianas&nbsp;(R. R. NO.168\/20)&nbsp;(1er.&nbsp;cuatrimestre) Diplomatura Universitaria en Formaci\u00f3n en [&hellip;]<\/p>\n","protected":false},"author":42,"featured_media":0,"parent":0,"menu_order":0,"comment_status":"closed","ping_status":"closed","template":"","meta":{"_acf_changed":false,"footnotes":""},"class_list":["post-1090","page","type-page","status-publish","hentry"],"acf":[],"_links":{"self":[{"href":"https:\/\/www.usal.edu.ar\/lenguas\/wp-json\/wp\/v2\/pages\/1090","targetHints":{"allow":["GET"]}}],"collection":[{"href":"https:\/\/www.usal.edu.ar\/lenguas\/wp-json\/wp\/v2\/pages"}],"about":[{"href":"https:\/\/www.usal.edu.ar\/lenguas\/wp-json\/wp\/v2\/types\/page"}],"author":[{"embeddable":true,"href":"https:\/\/www.usal.edu.ar\/lenguas\/wp-json\/wp\/v2\/users\/42"}],"replies":[{"embeddable":true,"href":"https:\/\/www.usal.edu.ar\/lenguas\/wp-json\/wp\/v2\/comments?post=1090"}],"version-history":[{"count":10,"href":"https:\/\/www.usal.edu.ar\/lenguas\/wp-json\/wp\/v2\/pages\/1090\/revisions"}],"predecessor-version":[{"id":4308,"href":"https:\/\/www.usal.edu.ar\/lenguas\/wp-json\/wp\/v2\/pages\/1090\/revisions\/4308"}],"wp:attachment":[{"href":"https:\/\/www.usal.edu.ar\/lenguas\/wp-json\/wp\/v2\/media?parent=1090"}],"curies":[{"name":"wp","href":"https:\/\/api.w.org\/{rel}","templated":true}]}}