{"id":2012,"date":"2024-09-08T08:57:05","date_gmt":"2024-09-08T11:57:05","guid":{"rendered":"https:\/\/www.usal.edu.ar\/lenguas\/?page_id=2012"},"modified":"2026-02-17T09:35:01","modified_gmt":"2026-02-17T12:35:01","slug":"centro-idiomas-materias-facultades","status":"publish","type":"page","link":"https:\/\/www.usal.edu.ar\/lenguas\/centro-idiomas-materias-facultades\/","title":{"rendered":"Materias de idiomas &#8211; Facultades"},"content":{"rendered":"\n<figure class=\"wp-block-image alignleft size-full is-resized\"><img loading=\"lazy\" decoding=\"async\" width=\"600\" height=\"400\" src=\"https:\/\/www.usal.edu.ar\/lenguas\/wp-content\/uploads\/sites\/14\/2024\/07\/01_horarios.jpg\" alt=\"\" class=\"wp-image-826\" style=\"width:101px;height:auto\" srcset=\"https:\/\/www.usal.edu.ar\/lenguas\/wp-content\/uploads\/sites\/14\/2024\/07\/01_horarios.jpg 600w, https:\/\/www.usal.edu.ar\/lenguas\/wp-content\/uploads\/sites\/14\/2024\/07\/01_horarios-300x200.jpg 300w\" sizes=\"auto, (max-width: 600px) 100vw, 600px\" \/><\/figure>\n\n\n\n<h4 class=\"wp-block-heading\">Horarios de materias de Idiomas de carreras de grado que se dictan en 2026 <strong>(en preparaci\u00f3n)<\/strong>:\u00a0<\/h4>\n\n\n\n<figure class=\"wp-block-table aligncenter\"><table><tbody><tr><td class=\"has-text-align-left\" data-align=\"left\"> <img loading=\"lazy\" decoding=\"async\" width=\"26\" height=\"26\" class=\"wp-image-2375\" style=\"width: 26px\" src=\"https:\/\/www.usal.edu.ar\/lenguas\/wp-content\/uploads\/sites\/14\/2024\/11\/FAA.png\" alt=\"\"> <a href=\"https:\/\/www.usal.edu.ar\/lenguas\/facultad-de-arte-y-arquitectura\/\">Facultad de Arte y Arquitectura<\/a><\/td><td class=\"has-text-align-left\" data-align=\"left\"><img loading=\"lazy\" decoding=\"async\" width=\"27\" height=\"27\" class=\"wp-image-2379\" style=\"width: 27px\" src=\"https:\/\/www.usal.edu.ar\/lenguas\/wp-content\/uploads\/sites\/14\/2024\/11\/FCAV.png\" alt=\"\"> <a href=\"https:\/\/www.usal.edu.ar\/lenguas\/facultad-de-ciencias-agrarias-y-veterinarias\/\">Facultad de Ciencias Agrarias y Veterinarias<\/a><\/td><\/tr><tr><td class=\"has-text-align-left\" data-align=\"left\"><img loading=\"lazy\" decoding=\"async\" width=\"25\" height=\"25\" class=\"wp-image-2376\" style=\"width: 25px\" src=\"https:\/\/www.usal.edu.ar\/lenguas\/wp-content\/uploads\/sites\/14\/2024\/11\/FCEE.png\" alt=\"\"> <a href=\"https:\/\/www.usal.edu.ar\/lenguas\/facultad-de-ciencias-economicas-y-empresariales\/\">Facultad de Ciencias Econ\u00f3micas y Empresariales<\/a><\/td><td class=\"has-text-align-left\" data-align=\"left\"><img loading=\"lazy\" decoding=\"async\" width=\"26\" height=\"26\" class=\"wp-image-2378\" style=\"width: 26px\" src=\"https:\/\/www.usal.edu.ar\/lenguas\/wp-content\/uploads\/sites\/14\/2024\/11\/FCJ.png\" alt=\"\"> <a href=\"https:\/\/www.usal.edu.ar\/lenguas\/facultad-de-ciencias-juridicas\/\">Facultad de Ciencias Jur\u00eddicas<\/a><\/td><\/tr><tr><td class=\"has-text-align-left\" data-align=\"left\"><img decoding=\"async\" class=\"wp-image-2380\" style=\"width: 25px\" src=\"https:\/\/www.usal.edu.ar\/lenguas\/wp-content\/uploads\/sites\/14\/2025\/02\/FCSEC.png\" alt=\"\"> <a href=\"https:\/\/www.usal.edu.ar\/lenguas\/idiomas-facultad-de-ciencias-sociales-educacion-y-comunicacion\/\">Facultad de Ciencias Sociales, Educaci\u00f3n y Comunicaci\u00f3n<\/a><\/td><td class=\"has-text-align-left\" data-align=\"left\"><img loading=\"lazy\" decoding=\"async\" width=\"26\" height=\"26\" class=\"wp-image-2381\" style=\"width: 26px\" src=\"https:\/\/www.usal.edu.ar\/lenguas\/wp-content\/uploads\/sites\/14\/2024\/11\/FFHLEO.png\" alt=\"\"> <a href=\"https:\/\/www.usal.edu.ar\/lenguas\/facultad-de-filosofia-historia-letras-y-estudios-orientales\/\">Facultad de Filosof\u00eda, Historia, Letras y Estudios Orientales<\/a><\/td><\/tr><tr><td class=\"has-text-align-left\" data-align=\"left\"><img loading=\"lazy\" decoding=\"async\" width=\"25\" height=\"26\" class=\"wp-image-2382\" style=\"width: 25px\" src=\"https:\/\/www.usal.edu.ar\/lenguas\/wp-content\/uploads\/sites\/14\/2024\/11\/FI.png\" alt=\"\"> <a href=\"https:\/\/www.usal.edu.ar\/lenguas\/facultad-de-ingenieria\/\">Facultad de Ingenier\u00eda<\/a><\/td><td class=\"has-text-align-left\" data-align=\"left\"><img loading=\"lazy\" decoding=\"async\" width=\"31\" height=\"31\" class=\"wp-image-2385\" style=\"width: 31px\" src=\"https:\/\/www.usal.edu.ar\/lenguas\/wp-content\/uploads\/sites\/14\/2024\/11\/FPP.png\" alt=\"\"><a href=\"https:\/\/www.usal.edu.ar\/lenguas\/facultad-de-psicologia-y-psicopedagogia\/\">Facultad de Psicolog\u00eda y Psicopedagog\u00eda<\/a><\/td><\/tr><tr><td class=\"has-text-align-left\" data-align=\"left\"><img loading=\"lazy\" decoding=\"async\" width=\"25\" height=\"26\" class=\"wp-image-2384\" style=\"width: 25px\" src=\"https:\/\/www.usal.edu.ar\/lenguas\/wp-content\/uploads\/sites\/14\/2024\/11\/FM.png\" alt=\"\"> <a href=\"https:\/\/www.usal.edu.ar\/lenguas\/facultad-de-medicina\/\">Facultad de Medicina<\/a><\/td><td class=\"has-text-align-left\" data-align=\"left\"> <img loading=\"lazy\" decoding=\"async\" width=\"25\" height=\"25\" class=\"wp-image-2383\" style=\"width: 25px\" src=\"https:\/\/www.usal.edu.ar\/lenguas\/wp-content\/uploads\/sites\/14\/2024\/11\/ELM.png\" alt=\"\"> <a href=\"https:\/\/www.usal.edu.ar\/lenguas\/idiomas-escuela-de-lenguas-modernas\/\">Escuela de Lenguas Modernas<\/a><\/td><\/tr><\/tbody><\/table><\/figure>\n\n\n\n<h5 class=\"wp-block-heading\"><strong>Consultas e informes<\/strong>: <a href=\"mailto:idiomas@usal.edu.ar\">idiomas@usal.edu.ar<\/a><\/h5>\n\n\n\n<p>.<\/p>\n\n\n\n<div data-wp-interactive=\"core\/file\" class=\"wp-block-file\"><object data-wp-bind--hidden=\"!state.hasPdfPreview\" hidden class=\"wp-block-file__embed\" data=\"https:\/\/www.usal.edu.ar\/lenguas\/wp-content\/uploads\/sites\/14\/2025\/08\/Horarios-2025-idiomas.pdf\" type=\"application\/pdf\" style=\"width:100%;height:600px\" aria-label=\"Incrustado de Horarios 2025 - idiomas.\"><\/object><a id=\"wp-block-file--media-aa8e6c52-d826-40c7-901e-f043c9e5f5c4\" href=\"https:\/\/www.usal.edu.ar\/lenguas\/wp-content\/uploads\/sites\/14\/2025\/08\/Horarios-2025-idiomas.pdf\">Horarios 2025 &#8211; idiomas<\/a><a href=\"https:\/\/www.usal.edu.ar\/lenguas\/wp-content\/uploads\/sites\/14\/2025\/08\/Horarios-2025-idiomas.pdf\" class=\"wp-block-file__button wp-element-button\" download aria-describedby=\"wp-block-file--media-aa8e6c52-d826-40c7-901e-f043c9e5f5c4\">Descarga<\/a><\/div>\n\n\n\n<figure class=\"wp-block-image alignleft size-large is-resized\"><img decoding=\"async\" src=\"https:\/\/www.usal.edu.ar\/lenguas\/wp-content\/uploads\/sites\/14\/2024\/07\/05_finales.jpg\" alt=\"\" style=\"width:99px;height:auto\" \/><\/figure>\n\n\n\n<h4 class=\"wp-block-heading\">Ex\u00e1menes FEBRERO 2026 <a href=\"https:\/\/www.usal.edu.ar\/lenguas\/fechas-de-examenes-feb-mar-2025\/\" target=\"_blank\" rel=\"noreferrer noopener\"><strong>Ver fechas<\/strong><\/a> <strong>(informadas por las facultades)<\/strong><\/h4>\n\n\n\n<p class=\"has-text-align-center\"><a href=\"https:\/\/www.usal.edu.ar\/lenguas\/examenes-internacionales-reconocidos-por-la-usal\/\">EX\u00c1MENES INTERNACIONALES<\/a><\/p>\n\n\n\n<p class=\"has-text-align-center\">(Consultar n\u00f3mina de certificaci\u00f3n)<\/p>\n","protected":false},"excerpt":{"rendered":"<p>Horarios de materias de Idiomas de carreras de grado que se dictan en 2026 (en preparaci\u00f3n):\u00a0 Facultad de Arte y Arquitectura Facultad de Ciencias Agrarias y Veterinarias Facultad de Ciencias Econ\u00f3micas y Empresariales Facultad de Ciencias Jur\u00eddicas Facultad de Ciencias Sociales, Educaci\u00f3n y Comunicaci\u00f3n Facultad de Filosof\u00eda, Historia, Letras y Estudios Orientales Facultad de Ingenier\u00eda [&hellip;]<\/p>\n","protected":false},"author":42,"featured_media":0,"parent":0,"menu_order":0,"comment_status":"closed","ping_status":"closed","template":"","meta":{"_acf_changed":false,"footnotes":""},"class_list":["post-2012","page","type-page","status-publish","hentry"],"acf":[],"_links":{"self":[{"href":"https:\/\/www.usal.edu.ar\/lenguas\/wp-json\/wp\/v2\/pages\/2012","targetHints":{"allow":["GET"]}}],"collection":[{"href":"https:\/\/www.usal.edu.ar\/lenguas\/wp-json\/wp\/v2\/pages"}],"about":[{"href":"https:\/\/www.usal.edu.ar\/lenguas\/wp-json\/wp\/v2\/types\/page"}],"author":[{"embeddable":true,"href":"https:\/\/www.usal.edu.ar\/lenguas\/wp-json\/wp\/v2\/users\/42"}],"replies":[{"embeddable":true,"href":"https:\/\/www.usal.edu.ar\/lenguas\/wp-json\/wp\/v2\/comments?post=2012"}],"version-history":[{"count":33,"href":"https:\/\/www.usal.edu.ar\/lenguas\/wp-json\/wp\/v2\/pages\/2012\/revisions"}],"predecessor-version":[{"id":4549,"href":"https:\/\/www.usal.edu.ar\/lenguas\/wp-json\/wp\/v2\/pages\/2012\/revisions\/4549"}],"wp:attachment":[{"href":"https:\/\/www.usal.edu.ar\/lenguas\/wp-json\/wp\/v2\/media?parent=2012"}],"curies":[{"name":"wp","href":"https:\/\/api.w.org\/{rel}","templated":true}]}}