{"id":3215,"date":"2025-04-14T16:39:34","date_gmt":"2025-04-14T19:39:34","guid":{"rendered":"https:\/\/www.usal.edu.ar\/lenguas\/?page_id=3215"},"modified":"2025-06-18T11:02:48","modified_gmt":"2025-06-18T14:02:48","slug":"catedra-extracurricular-de-historia-lengua-y-cultura-polaca","status":"publish","type":"page","link":"https:\/\/www.usal.edu.ar\/lenguas\/catedra-extracurricular-de-historia-lengua-y-cultura-polaca\/","title":{"rendered":"C\u00e1tedra Extracurricular de Historia, Lengua y Cultura Polaca"},"content":{"rendered":"\n<p class=\"has-text-align-center\">Vicerrectorado de Investigaci\u00f3n y Desarrollo, creada mediante <a href=\"https:\/\/www.usal.edu.ar\/lenguas\/wp-content\/uploads\/sites\/14\/2025\/04\/R.R.-No-66-04.pdf\">R. R. No. 66\/04<\/a>.<\/p>\n\n\n\n<figure class=\"wp-block-image alignleft size-large is-resized\"><img loading=\"lazy\" decoding=\"async\" width=\"1024\" height=\"767\" src=\"https:\/\/www.usal.edu.ar\/lenguas\/wp-content\/uploads\/sites\/14\/2025\/04\/CatedraPolacaBanderas-1024x767.jpg\" alt=\"\" class=\"wp-image-3219\" style=\"width:131px;height:auto\" srcset=\"https:\/\/www.usal.edu.ar\/lenguas\/wp-content\/uploads\/sites\/14\/2025\/04\/CatedraPolacaBanderas-1024x767.jpg 1024w, https:\/\/www.usal.edu.ar\/lenguas\/wp-content\/uploads\/sites\/14\/2025\/04\/CatedraPolacaBanderas-300x225.jpg 300w, https:\/\/www.usal.edu.ar\/lenguas\/wp-content\/uploads\/sites\/14\/2025\/04\/CatedraPolacaBanderas-768x576.jpg 768w, https:\/\/www.usal.edu.ar\/lenguas\/wp-content\/uploads\/sites\/14\/2025\/04\/CatedraPolacaBanderas.jpg 1441w\" sizes=\"auto, (max-width: 1024px) 100vw, 1024px\" \/><\/figure>\n\n\n\n<figure class=\"wp-block-image alignright size-large is-resized\"><img loading=\"lazy\" decoding=\"async\" width=\"1024\" height=\"767\" src=\"https:\/\/www.usal.edu.ar\/lenguas\/wp-content\/uploads\/sites\/14\/2025\/04\/CatedraPolacaBanderas-1024x767.jpg\" alt=\"\" class=\"wp-image-3219\" style=\"width:131px;height:auto\" srcset=\"https:\/\/www.usal.edu.ar\/lenguas\/wp-content\/uploads\/sites\/14\/2025\/04\/CatedraPolacaBanderas-1024x767.jpg 1024w, https:\/\/www.usal.edu.ar\/lenguas\/wp-content\/uploads\/sites\/14\/2025\/04\/CatedraPolacaBanderas-300x225.jpg 300w, https:\/\/www.usal.edu.ar\/lenguas\/wp-content\/uploads\/sites\/14\/2025\/04\/CatedraPolacaBanderas-768x576.jpg 768w, https:\/\/www.usal.edu.ar\/lenguas\/wp-content\/uploads\/sites\/14\/2025\/04\/CatedraPolacaBanderas.jpg 1441w\" sizes=\"auto, (max-width: 1024px) 100vw, 1024px\" \/><\/figure>\n\n\n\n<figure class=\"wp-block-table\"><table><tbody><tr><td class=\"has-text-align-center\" data-align=\"center\"><strong><strong><a href=\"#presentacion\">Presentaci\u00f3n<\/a><\/strong><\/strong><\/td><td class=\"has-text-align-center\" data-align=\"center\"><strong><a href=\"#objetivos\">Objetivos<\/a><\/strong><\/td><td class=\"has-text-align-center\" data-align=\"center\"><strong><a href=\"#comisionacademica\">Comisi\u00f3n Acad\u00e9mica Permanente<\/a><\/strong><\/td><td class=\"has-text-align-center\" data-align=\"center\"><strong><a href=\"#unejecutora\">Unidad Ejecutora<\/a><\/strong><\/td><td class=\"has-text-align-center\" data-align=\"center\"><strong><a href=\"#actividades\">Actividades<\/a><\/strong><\/td><\/tr><\/tbody><\/table><\/figure>\n\n\n\n<p><\/p>\n\n\n\n<h3 class=\"wp-block-heading\">AGENDA<\/h3>\n\n\n\n<p><strong>Mi\u00e9rcoles 18\/6 y 25\/6 de 2025<\/strong>, Clases sobre el polaco dentro del proyecto NAWA, a cargo del Dr hab. Janusz Bie\u0144 &#8211; Actividad VIRTUAL no arancelada, 18 h<\/p>\n\n\n\n<figure class=\"wp-block-embed is-type-wp-embed is-provider-escuela-de-lenguas-modernas wp-block-embed-escuela-de-lenguas-modernas\"><div class=\"wp-block-embed__wrapper\">\n<blockquote class=\"wp-embedded-content\" data-secret=\"QL7idi3UQj\"><a href=\"https:\/\/www.usal.edu.ar\/lenguas\/clases-sobre-el-polaco-dentro-del-proyecto-nawa\/\">Clases sobre el polaco dentro del proyecto NAWA<\/a><\/blockquote><iframe loading=\"lazy\" class=\"wp-embedded-content\" sandbox=\"allow-scripts\" security=\"restricted\" style=\"position: absolute; visibility: hidden;\" title=\"\u00abClases sobre el polaco dentro del proyecto NAWA\u00bb \u2014 Escuela de Lenguas Modernas\" src=\"https:\/\/www.usal.edu.ar\/lenguas\/clases-sobre-el-polaco-dentro-del-proyecto-nawa\/embed\/#?secret=brztq2pCCE#?secret=QL7idi3UQj\" data-secret=\"QL7idi3UQj\" width=\"500\" height=\"282\" frameborder=\"0\" marginwidth=\"0\" marginheight=\"0\" scrolling=\"no\"><\/iframe>\n<\/div><\/figure>\n\n\n\n<p><strong>Mi\u00e9rcoles 16\/7\u200b, 20\/8\u200b, 17\/9\u200b, 22\/10\u200b, 19\/11 de 2025<\/strong>, Ciclo de clases magistrales a cargo de Witold Roman Star\u017ca-Kopyty\u0144ski &#8211; Aula Magna, Lavalle 1854, CABA &#8211; Actividad PRESENCIAL no arancelada (con streaming), 19 h<\/p>\n\n\n\n<figure class=\"wp-block-embed is-type-wp-embed is-provider-escuela-de-lenguas-modernas wp-block-embed-escuela-de-lenguas-modernas\"><div class=\"wp-block-embed__wrapper\">\n<blockquote class=\"wp-embedded-content\" data-secret=\"scwLSwVR5c\"><a href=\"https:\/\/www.usal.edu.ar\/lenguas\/ciclo-de-clases-magistrales-2o-cuatrimestre\/\">Ciclo de clases magistrales &#8211; C\u00e1tedra Polaca (17\/9)<\/a><\/blockquote><iframe loading=\"lazy\" class=\"wp-embedded-content\" sandbox=\"allow-scripts\" security=\"restricted\" style=\"position: absolute; visibility: hidden;\" title=\"\u00abCiclo de clases magistrales &#8211; C\u00e1tedra Polaca (17\/9)\u00bb \u2014 Escuela de Lenguas Modernas\" src=\"https:\/\/www.usal.edu.ar\/lenguas\/ciclo-de-clases-magistrales-2o-cuatrimestre\/embed\/#?secret=n3Cj9p4cpw#?secret=scwLSwVR5c\" data-secret=\"scwLSwVR5c\" width=\"500\" height=\"282\" frameborder=\"0\" marginwidth=\"0\" marginheight=\"0\" scrolling=\"no\"><\/iframe>\n<\/div><\/figure>\n\n\n\n<p><strong>Lunes 12 de mayo de 2025<\/strong>, Aula Magna Escuela de Lenguas Modernas, Lavalle 1854 &#8211; 18 h<\/p>\n\n\n\n<figure class=\"wp-block-embed is-type-wp-embed is-provider-escuela-de-lenguas-modernas wp-block-embed-escuela-de-lenguas-modernas\"><div class=\"wp-block-embed__wrapper\">\n<blockquote class=\"wp-embedded-content\" data-secret=\"PAnCIwK0LO\"><a href=\"https:\/\/www.usal.edu.ar\/lenguas\/el-vocabulario-polaco-mas-reciente\/\">\u00abEl vocabulario polaco m\u00e1s reciente\u00bb (Proyecto NAWA)<\/a><\/blockquote><iframe loading=\"lazy\" class=\"wp-embedded-content\" sandbox=\"allow-scripts\" security=\"restricted\" style=\"position: absolute; visibility: hidden;\" title=\"\u00ab\u00abEl vocabulario polaco m\u00e1s reciente\u00bb (Proyecto NAWA)\u00bb \u2014 Escuela de Lenguas Modernas\" src=\"https:\/\/www.usal.edu.ar\/lenguas\/el-vocabulario-polaco-mas-reciente\/embed\/#?secret=bLcAj2QkWn#?secret=PAnCIwK0LO\" data-secret=\"PAnCIwK0LO\" width=\"500\" height=\"282\" frameborder=\"0\" marginwidth=\"0\" marginheight=\"0\" scrolling=\"no\"><\/iframe>\n<\/div><\/figure>\n\n\n\n<p><a id=\"presentacion\"><\/a><\/p>\n\n\n\n<figure class=\"wp-block-image aligncenter size-large is-resized\"><img loading=\"lazy\" decoding=\"async\" width=\"1024\" height=\"136\" src=\"https:\/\/www.usal.edu.ar\/lenguas\/wp-content\/uploads\/sites\/14\/2025\/04\/GuardaCatedraPolaca-1024x136.jpg\" alt=\"\" class=\"wp-image-3220\" style=\"width:486px;height:auto\" srcset=\"https:\/\/www.usal.edu.ar\/lenguas\/wp-content\/uploads\/sites\/14\/2025\/04\/GuardaCatedraPolaca-1024x136.jpg 1024w, https:\/\/www.usal.edu.ar\/lenguas\/wp-content\/uploads\/sites\/14\/2025\/04\/GuardaCatedraPolaca-300x40.jpg 300w, https:\/\/www.usal.edu.ar\/lenguas\/wp-content\/uploads\/sites\/14\/2025\/04\/GuardaCatedraPolaca-768x102.jpg 768w, https:\/\/www.usal.edu.ar\/lenguas\/wp-content\/uploads\/sites\/14\/2025\/04\/GuardaCatedraPolaca-1536x204.jpg 1536w, https:\/\/www.usal.edu.ar\/lenguas\/wp-content\/uploads\/sites\/14\/2025\/04\/GuardaCatedraPolaca.jpg 1698w\" sizes=\"auto, (max-width: 1024px) 100vw, 1024px\" \/><\/figure>\n\n\n\n<h5 class=\"wp-block-heading\"><strong>Presentaci\u00f3n<\/strong><\/h5>\n\n\n\n<p>Uno de los desaf\u00edos m\u00e1s importantes del siglo XXI ser\u00e1 la recreaci\u00f3n de condiciones de posibilidad para el fortalecimiento de la paz y el desarrollo humano, como condici\u00f3n necesaria para preservar el futuro desenvolvimiento de la humanidad.<\/p>\n\n\n\n<p>Dentro de este marco, existen distintas estrategias para aproximarnos a este objetivo, entre ellas se encuentran los emprendimientos relacionados con la generaci\u00f3n del di\u00e1logo, la cooperaci\u00f3n y el intercambio, entre pueblos y culturas, de sus valores, aspiraciones, conocimientos, patrimonios culturales y visiones del g\u00e9nero humano y su destino ecum\u00e9nico.<\/p>\n\n\n\n<p>En funci\u00f3n de ello y de la existencia en nuestro pa\u00eds de una importante comunidad de origen polaco arraigada en nuestra patria, la Embajada de Polonia y la Asociaci\u00f3n Cultural Argentino-Polaca deciden crear esta C\u00e1tedra, en colaboraci\u00f3n con la Universidad del Salvador, para fortalecer la cooperaci\u00f3n, el di\u00e1logo y el intercambio econ\u00f3mico y cultural entre Polonia y Argentina, como&nbsp; asimismo brindar un servicio a&nbsp;&nbsp; la&nbsp; comunidad&nbsp; polaca&nbsp;&nbsp; y sus descendientes&nbsp; radicados&nbsp; en la Argentina&nbsp; que&nbsp; a trav\u00e9s de una rearticulaci\u00f3n de su cultura&nbsp; permita&nbsp; intensificar la&nbsp; integraci\u00f3n con su pa\u00eds de&nbsp; adopci\u00f3n o nacimiento.<\/p>\n\n\n\n<figure class=\"wp-block-image aligncenter size-large is-resized\"><img loading=\"lazy\" decoding=\"async\" width=\"1024\" height=\"136\" src=\"https:\/\/www.usal.edu.ar\/lenguas\/wp-content\/uploads\/sites\/14\/2025\/04\/GuardaCatedraPolaca-1024x136.jpg\" alt=\"\" class=\"wp-image-3220\" style=\"width:486px;height:auto\" srcset=\"https:\/\/www.usal.edu.ar\/lenguas\/wp-content\/uploads\/sites\/14\/2025\/04\/GuardaCatedraPolaca-1024x136.jpg 1024w, https:\/\/www.usal.edu.ar\/lenguas\/wp-content\/uploads\/sites\/14\/2025\/04\/GuardaCatedraPolaca-300x40.jpg 300w, https:\/\/www.usal.edu.ar\/lenguas\/wp-content\/uploads\/sites\/14\/2025\/04\/GuardaCatedraPolaca-768x102.jpg 768w, https:\/\/www.usal.edu.ar\/lenguas\/wp-content\/uploads\/sites\/14\/2025\/04\/GuardaCatedraPolaca-1536x204.jpg 1536w, https:\/\/www.usal.edu.ar\/lenguas\/wp-content\/uploads\/sites\/14\/2025\/04\/GuardaCatedraPolaca.jpg 1698w\" sizes=\"auto, (max-width: 1024px) 100vw, 1024px\" \/><\/figure>\n\n\n\n<p><a id=\"objetivos\"><\/a><\/p>\n\n\n\n<h5 class=\"wp-block-heading\"><strong>Objetivo General<\/strong><\/h5>\n\n\n\n<p>C\u00e1tedra Extracurricular&nbsp; para el estudio de la historia, la lengua y la cultura polaca, con la colaboraci\u00f3n del Vicerrectorado de Investigaci\u00f3n y Desarrollo (VRID) de la Universidad del Salvador, Argentina.<\/p>\n\n\n\n<h5 class=\"wp-block-heading\">Objetivos<\/h5>\n\n\n\n<ul class=\"wp-block-list\">\n<li>Promover y difundir la historia, el turismo y la cultura de Polonia en el \u00e1mbito&nbsp; de la Universidad del Salvador. <\/li>\n\n\n\n<li>Posibilitar una jornada de especializaci\u00f3n en el tema a los docentes y sus auxiliares acad\u00e9micos. <\/li>\n\n\n\n<li>Ofrecer a los alumnos de la Facultad de Filosof\u00eda, Historia y Letras la posibilidad de tomar contacto con&nbsp; especialistas sobre&nbsp; temas puntuales&nbsp; como&nbsp; la historia, el arte y el turismo en Polonia. <\/li>\n\n\n\n<li>Abrir estas Jornadas al p\u00fablico en general para permitir la difusi\u00f3n de la Rep\u00fablica Polaca y su cultura&nbsp; a la comunidad en&nbsp; general.&nbsp;&nbsp;&nbsp;&nbsp;&nbsp;&nbsp;&nbsp;&nbsp;<\/li>\n<\/ul>\n\n\n\n<figure class=\"wp-block-image aligncenter size-large is-resized\"><img loading=\"lazy\" decoding=\"async\" width=\"1024\" height=\"136\" src=\"https:\/\/www.usal.edu.ar\/lenguas\/wp-content\/uploads\/sites\/14\/2025\/04\/GuardaCatedraPolaca-1024x136.jpg\" alt=\"\" class=\"wp-image-3220\" style=\"width:486px;height:auto\" srcset=\"https:\/\/www.usal.edu.ar\/lenguas\/wp-content\/uploads\/sites\/14\/2025\/04\/GuardaCatedraPolaca-1024x136.jpg 1024w, https:\/\/www.usal.edu.ar\/lenguas\/wp-content\/uploads\/sites\/14\/2025\/04\/GuardaCatedraPolaca-300x40.jpg 300w, https:\/\/www.usal.edu.ar\/lenguas\/wp-content\/uploads\/sites\/14\/2025\/04\/GuardaCatedraPolaca-768x102.jpg 768w, https:\/\/www.usal.edu.ar\/lenguas\/wp-content\/uploads\/sites\/14\/2025\/04\/GuardaCatedraPolaca-1536x204.jpg 1536w, https:\/\/www.usal.edu.ar\/lenguas\/wp-content\/uploads\/sites\/14\/2025\/04\/GuardaCatedraPolaca.jpg 1698w\" sizes=\"auto, (max-width: 1024px) 100vw, 1024px\" \/><\/figure>\n\n\n\n<p><a id=\"comisionacademica\"><\/a><\/p>\n\n\n\n<h5 class=\"wp-block-heading\"><strong>Comisi\u00f3n Acad\u00e9mica Permanente<\/strong><\/h5>\n\n\n\n<p>Esta Comisi\u00f3n estar\u00e1 constituida por el se\u00f1or Embajador de Polonia en la Argentina y el se\u00f1or Presidente del&nbsp; Asociaci\u00f3n Cultural Argentino-Polaca.&nbsp;<\/p>\n\n\n\n<figure class=\"wp-block-image aligncenter size-large is-resized\"><img loading=\"lazy\" decoding=\"async\" width=\"1024\" height=\"136\" src=\"https:\/\/www.usal.edu.ar\/lenguas\/wp-content\/uploads\/sites\/14\/2025\/04\/GuardaCatedraPolaca-1024x136.jpg\" alt=\"\" class=\"wp-image-3220\" style=\"width:486px;height:auto\" srcset=\"https:\/\/www.usal.edu.ar\/lenguas\/wp-content\/uploads\/sites\/14\/2025\/04\/GuardaCatedraPolaca-1024x136.jpg 1024w, https:\/\/www.usal.edu.ar\/lenguas\/wp-content\/uploads\/sites\/14\/2025\/04\/GuardaCatedraPolaca-300x40.jpg 300w, https:\/\/www.usal.edu.ar\/lenguas\/wp-content\/uploads\/sites\/14\/2025\/04\/GuardaCatedraPolaca-768x102.jpg 768w, https:\/\/www.usal.edu.ar\/lenguas\/wp-content\/uploads\/sites\/14\/2025\/04\/GuardaCatedraPolaca-1536x204.jpg 1536w, https:\/\/www.usal.edu.ar\/lenguas\/wp-content\/uploads\/sites\/14\/2025\/04\/GuardaCatedraPolaca.jpg 1698w\" sizes=\"auto, (max-width: 1024px) 100vw, 1024px\" \/><\/figure>\n\n\n\n<p><a id=\"unejecutora\"><\/a><\/p>\n\n\n\n<h5 class=\"wp-block-heading\"><strong>U<\/strong>nidad <strong>E<\/strong>jecutora<\/h5>\n\n\n\n<p>La Unidad Ejecutora estar\u00e1 conformada por un aporte de Polonia y por una contraparte de Argentina.<\/p>\n\n\n\n<p>En el primer&nbsp; a\u00f1o,&nbsp; el aporte de Polonia constar\u00e1 de la actividad de un profesor en lengua polaca, con permanencia de dos meses en el pa\u00eds para la ense\u00f1anza de la lengua y culturas polacas&nbsp; y una personalidad notable de las ciencias&nbsp; a los fines de desarrollar&nbsp; una serie de conferencias en&nbsp;&nbsp; el pa\u00eds .<\/p>\n\n\n\n<p>Establecer\u00e1 tambi\u00e9n un premio&nbsp; a&nbsp; un trabajo de Investigaci\u00f3n&nbsp; que consistir\u00e1 en una beca de perfeccionamiento en&nbsp; Polonia&nbsp; que incluya la residencia y los vi\u00e1ticos&nbsp; correspondientes&nbsp; durante&nbsp; un&nbsp; semestre acad\u00e9mico&nbsp; en una Universidad&nbsp; u Organismo de Investigaci\u00f3n Polaco a determinar .<\/p>\n\n\n\n<p>En el caso de publicaciones de los seminarios o conferencias&nbsp; proveer\u00e1&nbsp; los fondos para su publicaci\u00f3n conforme el presupuesto&nbsp; que se&nbsp; apruebe&nbsp; y la traducci\u00f3n al idioma Polaco .<\/p>\n\n\n\n<figure class=\"wp-block-image aligncenter size-large is-resized\"><img loading=\"lazy\" decoding=\"async\" width=\"1024\" height=\"136\" src=\"https:\/\/www.usal.edu.ar\/lenguas\/wp-content\/uploads\/sites\/14\/2025\/04\/GuardaCatedraPolaca-1024x136.jpg\" alt=\"\" class=\"wp-image-3220\" style=\"width:486px;height:auto\" srcset=\"https:\/\/www.usal.edu.ar\/lenguas\/wp-content\/uploads\/sites\/14\/2025\/04\/GuardaCatedraPolaca-1024x136.jpg 1024w, https:\/\/www.usal.edu.ar\/lenguas\/wp-content\/uploads\/sites\/14\/2025\/04\/GuardaCatedraPolaca-300x40.jpg 300w, https:\/\/www.usal.edu.ar\/lenguas\/wp-content\/uploads\/sites\/14\/2025\/04\/GuardaCatedraPolaca-768x102.jpg 768w, https:\/\/www.usal.edu.ar\/lenguas\/wp-content\/uploads\/sites\/14\/2025\/04\/GuardaCatedraPolaca-1536x204.jpg 1536w, https:\/\/www.usal.edu.ar\/lenguas\/wp-content\/uploads\/sites\/14\/2025\/04\/GuardaCatedraPolaca.jpg 1698w\" sizes=\"auto, (max-width: 1024px) 100vw, 1024px\" \/><\/figure>\n\n\n\n<p><a id=\"actividades\"><\/a><\/p>\n\n\n\n<h5 class=\"wp-block-heading\"><strong>Actividades<\/strong><\/h5>\n\n\n\n<p>La C\u00e1tedra realizar\u00e1 las siguientes actividades:<\/p>\n\n\n\n<ul class=\"wp-block-list\">\n<li>Cursos y seminarios sobre historia, cultura y lengua polaca.<\/li>\n\n\n\n<li>&nbsp;Cursos y seminarios&nbsp; de actualizaci\u00f3n en&nbsp; Ciencias , Econom\u00eda y Pol\u00edtica<\/li>\n\n\n\n<li>Creaci\u00f3n y desarrollo de programas de investigaci\u00f3n sobre historia, cultura y conocimientos en general.<\/li>\n\n\n\n<li>An\u00e1lisis e investigaci\u00f3n sobre mecanismos de cooperaci\u00f3n cient\u00edfica, t\u00e9cnica y econ\u00f3mica entre ambos pa\u00edses.<\/li>\n\n\n\n<li>Actividades de intercambio educativo y cultural y cient\u00edfico&nbsp; entre ambos pa\u00edses.<\/li>\n\n\n\n<li>Publicaciones .<\/li>\n<\/ul>\n\n\n\n<figure class=\"wp-block-image aligncenter size-large is-resized\"><img loading=\"lazy\" decoding=\"async\" width=\"1024\" height=\"136\" src=\"https:\/\/www.usal.edu.ar\/lenguas\/wp-content\/uploads\/sites\/14\/2025\/04\/GuardaCatedraPolaca-1024x136.jpg\" alt=\"\" class=\"wp-image-3220\" style=\"width:486px;height:auto\" srcset=\"https:\/\/www.usal.edu.ar\/lenguas\/wp-content\/uploads\/sites\/14\/2025\/04\/GuardaCatedraPolaca-1024x136.jpg 1024w, https:\/\/www.usal.edu.ar\/lenguas\/wp-content\/uploads\/sites\/14\/2025\/04\/GuardaCatedraPolaca-300x40.jpg 300w, https:\/\/www.usal.edu.ar\/lenguas\/wp-content\/uploads\/sites\/14\/2025\/04\/GuardaCatedraPolaca-768x102.jpg 768w, https:\/\/www.usal.edu.ar\/lenguas\/wp-content\/uploads\/sites\/14\/2025\/04\/GuardaCatedraPolaca-1536x204.jpg 1536w, https:\/\/www.usal.edu.ar\/lenguas\/wp-content\/uploads\/sites\/14\/2025\/04\/GuardaCatedraPolaca.jpg 1698w\" sizes=\"auto, (max-width: 1024px) 100vw, 1024px\" \/><\/figure>\n","protected":false},"excerpt":{"rendered":"<p>Vicerrectorado de Investigaci\u00f3n y Desarrollo, creada mediante R. R. No. 66\/04. Presentaci\u00f3n Objetivos Comisi\u00f3n Acad\u00e9mica Permanente Unidad Ejecutora Actividades AGENDA Mi\u00e9rcoles 18\/6 y 25\/6 de 2025, Clases sobre el polaco dentro del proyecto NAWA, a cargo del Dr hab. Janusz Bie\u0144 &#8211; Actividad VIRTUAL no arancelada, 18 h Mi\u00e9rcoles 16\/7\u200b, 20\/8\u200b, 17\/9\u200b, 22\/10\u200b, 19\/11 de [&hellip;]<\/p>\n","protected":false},"author":42,"featured_media":0,"parent":0,"menu_order":0,"comment_status":"closed","ping_status":"closed","template":"","meta":{"_acf_changed":false,"footnotes":""},"class_list":["post-3215","page","type-page","status-publish","hentry"],"acf":[],"_links":{"self":[{"href":"https:\/\/www.usal.edu.ar\/lenguas\/wp-json\/wp\/v2\/pages\/3215","targetHints":{"allow":["GET"]}}],"collection":[{"href":"https:\/\/www.usal.edu.ar\/lenguas\/wp-json\/wp\/v2\/pages"}],"about":[{"href":"https:\/\/www.usal.edu.ar\/lenguas\/wp-json\/wp\/v2\/types\/page"}],"author":[{"embeddable":true,"href":"https:\/\/www.usal.edu.ar\/lenguas\/wp-json\/wp\/v2\/users\/42"}],"replies":[{"embeddable":true,"href":"https:\/\/www.usal.edu.ar\/lenguas\/wp-json\/wp\/v2\/comments?post=3215"}],"version-history":[{"count":13,"href":"https:\/\/www.usal.edu.ar\/lenguas\/wp-json\/wp\/v2\/pages\/3215\/revisions"}],"predecessor-version":[{"id":3665,"href":"https:\/\/www.usal.edu.ar\/lenguas\/wp-json\/wp\/v2\/pages\/3215\/revisions\/3665"}],"wp:attachment":[{"href":"https:\/\/www.usal.edu.ar\/lenguas\/wp-json\/wp\/v2\/media?parent=3215"}],"curies":[{"name":"wp","href":"https:\/\/api.w.org\/{rel}","templated":true}]}}