{"id":63,"date":"2024-07-12T15:27:38","date_gmt":"2024-07-12T18:27:38","guid":{"rendered":"https:\/\/www.usal.edu.ar\/lenguas\/?page_id=63"},"modified":"2025-06-08T17:02:14","modified_gmt":"2025-06-08T20:02:14","slug":"ingreso","status":"publish","type":"page","link":"https:\/\/www.usal.edu.ar\/lenguas\/ingreso\/","title":{"rendered":"Ingreso"},"content":{"rendered":"\n<figure class=\"wp-block-image alignright\"><a href=\"https:\/\/www.usal.edu.ar\/lenguas\/preguntas-frecuentes\" target=\"_blank\" rel=\"noreferrer noopener\"><img decoding=\"async\" src=\"https:\/\/www.usal.edu.ar\/lenguas\/wp-content\/uploads\/sites\/14\/2024\/07\/preguntas.png\" alt=\"PREGUNTAS FRECUENTES\" title=\"PREGUNTAS FRECUENTES\" \/><\/a><\/figure>\n\n\n\n<h4 class=\"wp-block-heading\"><strong>Condiciones de Ingreso a la Escuela<\/strong><\/h4>\n\n\n\n<p>SOLICIT\u00c1 una ENTREVISTA VIRTUAL para CONOCER NUESTRAS CARRERAS.<\/p>\n\n\n\n<figure class=\"wp-block-table\"><table><tbody><tr><td>MAIL:<\/td><td><a href=\"mailto:ingresolenguas@usal.edu.ar?subject=Solicitud%20de%20entrevista%20de%20ingreso\">ingresolenguas@usal.edu.ar<\/a><\/td><td>Horario: de 10 a 19 h<\/td><\/tr><\/tbody><\/table><\/figure>\n\n\n\n<p>Informaci\u00f3n sobre el&nbsp;<strong><a href=\"https:\/\/www.usal.edu.ar\/lenguas\/curso-y-examen-de-ingreso\/\">CURSO y EXAMEN de INGRESO (ingl\u00e9s)<\/a><\/strong><\/p>\n\n\n\n<h4 class=\"wp-block-heading\"><strong>Pueden ingresar:<\/strong><\/h4>\n\n\n\n<p>Bachilleres, Bachilleres Especializados, Peritos Mercantiles, T\u00e9cnicos y otros con certificado final de estudios de nivel medio.<\/p>\n\n\n\n<h4 class=\"wp-block-heading\"><strong>Requisitos preinscripci\u00f3n:<\/strong><\/h4>\n\n\n\n<figure class=\"wp-block-image alignleft size-full\"><img loading=\"lazy\" decoding=\"async\" width=\"38\" height=\"39\" src=\"https:\/\/www.usal.edu.ar\/lenguas\/wp-content\/uploads\/sites\/14\/2024\/07\/w_check-2.jpg\" alt=\"\" class=\"wp-image-632\" \/><\/figure>\n\n\n\n<p>T\u00edtulo certificado \u00fanico de estudios secundarios (original debidamente legalizado), o constancia de alumno del \u00faltimo a\u00f1o del colegio secundario; <br><\/p>\n\n\n\n<figure class=\"wp-block-image alignleft size-full\"><img loading=\"lazy\" decoding=\"async\" width=\"38\" height=\"39\" src=\"https:\/\/www.usal.edu.ar\/lenguas\/wp-content\/uploads\/sites\/14\/2024\/07\/w_check-2.jpg\" alt=\"\" class=\"wp-image-632\" \/><\/figure>\n\n\n\n<p>1 Foto 4&#215;4 o similar (fondo blanco o claro); <br><\/p>\n\n\n\n<figure class=\"wp-block-image alignleft size-full\"><img loading=\"lazy\" decoding=\"async\" width=\"38\" height=\"39\" src=\"https:\/\/www.usal.edu.ar\/lenguas\/wp-content\/uploads\/sites\/14\/2024\/07\/w_check-2.jpg\" alt=\"\" class=\"wp-image-632\" \/><\/figure>\n\n\n\n<p>Foto DNI (frente y reverso); <br><\/p>\n\n\n\n<figure class=\"wp-block-image alignleft size-full\"><img loading=\"lazy\" decoding=\"async\" width=\"38\" height=\"39\" src=\"https:\/\/www.usal.edu.ar\/lenguas\/wp-content\/uploads\/sites\/14\/2024\/07\/w_check-2.jpg\" alt=\"\" class=\"wp-image-632\" \/><\/figure>\n\n\n\n<p>Abonar aranceles correspondientes.<\/p>\n\n\n\n<h4 class=\"wp-block-heading\"><strong>Una vez inscripto deber\u00e1s:<\/strong><\/h4>\n\n\n\n<figure class=\"wp-block-image alignleft size-full is-resized\"><img loading=\"lazy\" decoding=\"async\" width=\"600\" height=\"357\" src=\"https:\/\/www.usal.edu.ar\/lenguas\/wp-content\/uploads\/sites\/14\/2024\/07\/british_flag-1.jpg\" alt=\"\" class=\"wp-image-556\" style=\"width:45px;height:auto\" srcset=\"https:\/\/www.usal.edu.ar\/lenguas\/wp-content\/uploads\/sites\/14\/2024\/07\/british_flag-1.jpg 600w, https:\/\/www.usal.edu.ar\/lenguas\/wp-content\/uploads\/sites\/14\/2024\/07\/british_flag-1-300x179.jpg 300w\" sizes=\"auto, (max-width: 600px) 100vw, 600px\" \/><\/figure>\n\n\n\n<figure class=\"wp-block-image alignright size-full is-resized\"><img loading=\"lazy\" decoding=\"async\" width=\"572\" height=\"600\" src=\"https:\/\/www.usal.edu.ar\/lenguas\/wp-content\/uploads\/sites\/14\/2024\/07\/usalpath-1.png\" alt=\"\" class=\"wp-image-623\" style=\"width:50px;height:auto\" srcset=\"https:\/\/www.usal.edu.ar\/lenguas\/wp-content\/uploads\/sites\/14\/2024\/07\/usalpath-1.png 572w, https:\/\/www.usal.edu.ar\/lenguas\/wp-content\/uploads\/sites\/14\/2024\/07\/usalpath-1-286x300.png 286w\" sizes=\"auto, (max-width: 572px) 100vw, 572px\" \/><\/figure>\n\n\n\n<figure class=\"wp-block-image alignright size-full is-resized\"><img loading=\"lazy\" decoding=\"async\" width=\"312\" height=\"144\" src=\"https:\/\/www.usal.edu.ar\/lenguas\/wp-content\/uploads\/sites\/14\/2024\/07\/ote_approved_test_centre_logo-1.png\" alt=\"\" class=\"wp-image-621\" style=\"width:119px;height:auto\" srcset=\"https:\/\/www.usal.edu.ar\/lenguas\/wp-content\/uploads\/sites\/14\/2024\/07\/ote_approved_test_centre_logo-1.png 312w, https:\/\/www.usal.edu.ar\/lenguas\/wp-content\/uploads\/sites\/14\/2024\/07\/ote_approved_test_centre_logo-1-300x138.png 300w\" sizes=\"auto, (max-width: 312px) 100vw, 312px\" \/><\/figure>\n\n\n\n<p><strong><u>Aprobar el examen de ingreso obligatorio<\/u>\u00a0<\/strong>(<a href=\"https:\/\/www.usal.edu.ar\/lenguas\/curso-y-examen-de-ingreso\/\">m\u00e1s Informaci\u00f3n<\/a>) o el Oxford Test of English (B2 o superior &#8211;\u00a0Marco Com\u00fan Europeo de Referencia para las lenguas &#8211; MCER)\u00a0o el B2 Competency de Path International Examinations.\u00a0<em><strong>La Escuela ofrece un <u>Curso de ingreso virtual optativo<\/u> preparatorio para el examen de ingreso.<\/strong><\/em><\/p>\n\n\n\n<hr class=\"wp-block-separator has-alpha-channel-opacity\" \/>\n\n\n\n<figure class=\"wp-block-image alignleft is-resized\"><img decoding=\"async\" src=\"https:\/\/www.usal.edu.ar\/lenguas\/wp-content\/uploads\/sites\/14\/2024\/07\/banderaitalia.jpg\" alt=\"\" style=\"width:45px;height:auto\" \/><\/figure>\n\n\n\n<p>Contar con el <strong>aval del nivel de idioma<\/strong> por el Director o docente a cargo.\u00a0<em><strong>La Escuela ofrece un\u00a0<u>Curso nivelatorio virtual de italiano<\/u>\u00a0para los ingresantes a las carreras de italiano.<\/strong><\/em><img decoding=\"async\" src=\"\/archivos\/lenguas\/imagenes\/brasil.png\" alt=\"\"><\/p>\n\n\n\n<figure class=\"wp-block-image alignleft size-full is-resized\"><img loading=\"lazy\" decoding=\"async\" width=\"268\" height=\"188\" src=\"https:\/\/www.usal.edu.ar\/lenguas\/wp-content\/uploads\/sites\/14\/2024\/07\/brasil.png\" alt=\"\" class=\"wp-image-629\" style=\"width:45px;height:auto\" \/><\/figure>\n\n\n\n<p>Contar con el <strong>aval del nivel de idioma<\/strong> por el Director o docente a cargo.<\/p>\n\n\n\n<p><strong>Importante: *<\/strong><em>Los aspirantes que no tengan el espa\u00f1ol como lengua materna, deber\u00e1n rendir una prueba de suficiencia de idioma espa\u00f1ol, cualquiera sea el idioma que elijan<\/em>.<strong>*<\/strong><\/p>\n\n\n\n<h4 class=\"wp-block-heading\"><strong>Para completar el ingreso deber\u00e1s:<\/strong><\/h4>\n\n\n\n<figure class=\"wp-block-image alignleft size-full\"><img loading=\"lazy\" decoding=\"async\" width=\"38\" height=\"39\" src=\"https:\/\/www.usal.edu.ar\/lenguas\/wp-content\/uploads\/sites\/14\/2024\/07\/w_check-2.jpg\" alt=\"\" class=\"wp-image-632\" \/><\/figure>\n\n\n\n<p>Elegir d\u00eda y horario para realizar el Curso de Ambientaci\u00f3n Universitaria CAU&nbsp;(obligatorio), a cargo del Centro de Orientaci\u00f3n, Ambientaci\u00f3n e Ingreso, dirigido a transmitir los fundamentos acad\u00e9micos que sustentan la tarea de formaci\u00f3n integral emprendida por la Universidad, y que les permiten a los interesados una decisi\u00f3n consciente en la elecci\u00f3n de la Instituci\u00f3n en que cursar\u00e1n sus estudios.<\/p>\n\n\n\n<figure class=\"wp-block-image alignleft size-full\"><img loading=\"lazy\" decoding=\"async\" width=\"38\" height=\"39\" src=\"https:\/\/www.usal.edu.ar\/lenguas\/wp-content\/uploads\/sites\/14\/2024\/07\/w_check-2.jpg\" alt=\"\" class=\"wp-image-632\" \/><\/figure>\n\n\n\n<p>Dirigirte a la Facultad y elegir el turno&nbsp;para cursar (s\u00f3lo en el caso de las carreras en ingl\u00e9s de la sede CABA. Los traductorados de portugu\u00e9s e italiano s\u00f3lo se dictan en el turno noche).<\/p>\n\n\n\n<figure class=\"wp-block-image alignleft size-full\"><img loading=\"lazy\" decoding=\"async\" width=\"38\" height=\"39\" src=\"https:\/\/www.usal.edu.ar\/lenguas\/wp-content\/uploads\/sites\/14\/2024\/07\/w_check-2.jpg\" alt=\"\" class=\"wp-image-632\" \/><\/figure>\n\n\n\n<p>Una vez que apruebes el examen de ingreso, deber\u00e1s completar el Curso de Nivelaci\u00f3n Universitario: Lenguaje Cient\u00edfico y Acad\u00e9mico. Su objetivo es compartir conceptos y actividades de lecto-comprensi\u00f3n para introducirte en las particularidades del discurso cient\u00edfico acad\u00e9mico. Estos conocimientos potenciar\u00e1n tus habilidades para alcanzar un pensamiento cr\u00edtico y reflexivo a lo largo de tu carrera universitaria.<\/p>\n\n\n\n<figure class=\"wp-block-image alignleft size-full\"><img loading=\"lazy\" decoding=\"async\" width=\"38\" height=\"39\" src=\"https:\/\/www.usal.edu.ar\/lenguas\/wp-content\/uploads\/sites\/14\/2024\/07\/w_check-2.jpg\" alt=\"\" class=\"wp-image-632\" \/><\/figure>\n\n\n\n<p>En marzo y en agosto se realiza un encuentro-taller de Iniciaci\u00f3n, de car\u00e1cter obligatorio, destinado a facilitar el conocimiento m\u00ednimo e indispensable para iniciar tus estudios universitarios.&nbsp;En este curso tendr\u00e1s la oportunidad de conocer a las autoridades y director de tu carrera y nuestra metodolog\u00eda de trabajo. Asimismo, conocer\u00e1s las reglamentaciones vigentes que regular\u00e1n tu relaci\u00f3n como alumno con la USAL y todos los servicios que te brinda nuestra Universidad como complemento de la formaci\u00f3n acad\u00e9mica.<\/p>\n\n\n\n<figure class=\"wp-block-embed is-type-rich is-provider-gestor-del-servicio wp-block-embed-gestor-del-servicio wp-embed-aspect-16-9 wp-has-aspect-ratio\"><div class=\"wp-block-embed__wrapper\">\n<iframe loading=\"lazy\" title=\"Promoci\u00f3n e Ingreso  - COURSES OF STUDIES\" width=\"500\" height=\"281\" src=\"https:\/\/www.youtube.com\/embed\/jVL61WPLYhs?feature=oembed\" frameborder=\"0\" allow=\"accelerometer; autoplay; clipboard-write; encrypted-media; gyroscope; picture-in-picture; web-share\" referrerpolicy=\"strict-origin-when-cross-origin\" allowfullscreen><\/iframe>\n<\/div><\/figure>\n\n\n\n<figure class=\"wp-block-embed is-type-rich is-provider-gestor-del-servicio wp-block-embed-gestor-del-servicio wp-embed-aspect-16-9 wp-has-aspect-ratio\"><div class=\"wp-block-embed__wrapper\">\n<iframe loading=\"lazy\" title=\"Promoci\u00f3n e Ingreso CORSI DI STUDI\" width=\"500\" height=\"281\" src=\"https:\/\/www.youtube.com\/embed\/JUNYdAkj7Xc?feature=oembed\" frameborder=\"0\" allow=\"accelerometer; autoplay; clipboard-write; encrypted-media; gyroscope; picture-in-picture; web-share\" referrerpolicy=\"strict-origin-when-cross-origin\" allowfullscreen><\/iframe>\n<\/div><\/figure>\n\n\n\n<h5 class=\"wp-block-heading\"><strong>Las carreras se cursan en:<\/strong><\/h5>\n\n\n\n<figure class=\"wp-block-image\"><img decoding=\"async\" src=\"https:\/\/www.usal.edu.ar\/lenguas\/wp-content\/uploads\/sites\/14\/2024\/07\/sede_centro.png\" alt=\"\" \/><\/figure>\n\n\n\n<p>Lavalle 1854 \u2013 CABA &#8211; Tel.:(54-11) 2206-4780&nbsp;&nbsp;&#8211;&nbsp; E-mail: <a href=\"mailto:lenguas@usal.edu.ar\">lenguas@usal.edu.ar<\/a><\/p>\n\n\n\n<p><strong>TRADUCTORADO CIENT\u00cdFICO LITERARIO EN INGLES \/&nbsp;<\/strong><strong>TRADUCTORADO P\u00daBLICO EN INGLES<\/strong>&gt;br&gt;Horario de clases:&nbsp;Turno Ma\u00f1ana: 08 a 14 h &#8211; Turno Noche: 18 a 23 h<\/p>\n\n\n\n<p><strong>LICENCIATURA EN LENGUA INGLESA<\/strong><br>Horario de clases:&nbsp;Turno Ma\u00f1ana: 08 a 14 h<\/p>\n\n\n\n<p><strong>LICENCIATURA EN INTERPRETACI\u00d3N DE CONFERENCIAS&nbsp;<\/strong><strong>EN INGLES<\/strong><br>Horario de clases:&nbsp;Turno Noche: 18 a 23 h<\/p>\n\n\n\n<p><strong>TRADUCTORADO CIENT\u00cdFICO LITERARIO \u00d3&nbsp;<\/strong><strong>P\u00daBLICO EN ITALIANO \u00d3 PORTUGU\u00c9S<\/strong><br>Horario de clases:&nbsp;Turno Noche: 18 a 23 h<\/p>\n\n\n\n<figure class=\"wp-block-image\"><img decoding=\"async\" src=\"https:\/\/www.usal.edu.ar\/lenguas\/wp-content\/uploads\/sites\/14\/2024\/07\/sede_pilar.png\" alt=\"\" \/><\/figure>\n\n\n\n<p>Campus \u201cNtra. Sra. del Pilar\u201d.&nbsp;Champagnat 1599 \u2013 Ruta Panamericana Acceso Norte &#8211; Km.54.5 \u2013 (B1630AHU)&nbsp; Pilar Bs. As.&nbsp;Tel.:0230-4431260\/1\/2 &#8211; E-mail:&nbsp;<a href=\"mailto:lenguaspilar@usal.edu.ar\">lenguaspilar@usal.edu.ar<\/a><\/p>\n\n\n\n<p><strong>TRADUCTORADO CIENT\u00cdFICO LITERARIO EN INGLES \/&nbsp;<\/strong><strong>TRADUCTORADO P\u00daBLICO EN INGLES \/&nbsp;<\/strong><strong>LICENCIATURA EN LENGUA INGLESA \/&nbsp;<\/strong><strong>LICENCIATURA EN INTERPRETACI\u00d3N DE CONFERENCIAS&nbsp;<\/strong><strong>EN INGLES<\/strong><br>Horario de clases:Turno Ma\u00f1ana: 9 a 14 h<\/p>\n","protected":false},"excerpt":{"rendered":"<p>Condiciones de Ingreso a la Escuela SOLICIT\u00c1 una ENTREVISTA VIRTUAL para CONOCER NUESTRAS CARRERAS. MAIL: ingresolenguas@usal.edu.ar Horario: de 10 a 19 h Informaci\u00f3n sobre el&nbsp;CURSO y EXAMEN de INGRESO (ingl\u00e9s) Pueden ingresar: Bachilleres, Bachilleres Especializados, Peritos Mercantiles, T\u00e9cnicos y otros con certificado final de estudios de nivel medio. Requisitos preinscripci\u00f3n: T\u00edtulo certificado \u00fanico de estudios [&hellip;]<\/p>\n","protected":false},"author":5,"featured_media":0,"parent":0,"menu_order":0,"comment_status":"closed","ping_status":"closed","template":"","meta":{"_acf_changed":false,"footnotes":""},"class_list":["post-63","page","type-page","status-publish","hentry"],"acf":[],"_links":{"self":[{"href":"https:\/\/www.usal.edu.ar\/lenguas\/wp-json\/wp\/v2\/pages\/63","targetHints":{"allow":["GET"]}}],"collection":[{"href":"https:\/\/www.usal.edu.ar\/lenguas\/wp-json\/wp\/v2\/pages"}],"about":[{"href":"https:\/\/www.usal.edu.ar\/lenguas\/wp-json\/wp\/v2\/types\/page"}],"author":[{"embeddable":true,"href":"https:\/\/www.usal.edu.ar\/lenguas\/wp-json\/wp\/v2\/users\/5"}],"replies":[{"embeddable":true,"href":"https:\/\/www.usal.edu.ar\/lenguas\/wp-json\/wp\/v2\/comments?post=63"}],"version-history":[{"count":24,"href":"https:\/\/www.usal.edu.ar\/lenguas\/wp-json\/wp\/v2\/pages\/63\/revisions"}],"predecessor-version":[{"id":3638,"href":"https:\/\/www.usal.edu.ar\/lenguas\/wp-json\/wp\/v2\/pages\/63\/revisions\/3638"}],"wp:attachment":[{"href":"https:\/\/www.usal.edu.ar\/lenguas\/wp-json\/wp\/v2\/media?parent=63"}],"curies":[{"name":"wp","href":"https:\/\/api.w.org\/{rel}","templated":true}]}}