{"id":736,"date":"2024-07-25T17:15:31","date_gmt":"2024-07-25T20:15:31","guid":{"rendered":"https:\/\/www.usal.edu.ar\/lenguas\/?page_id=736"},"modified":"2025-07-31T11:38:30","modified_gmt":"2025-07-31T14:38:30","slug":"curso-y-examen-de-ingreso","status":"publish","type":"page","link":"https:\/\/www.usal.edu.ar\/lenguas\/curso-y-examen-de-ingreso\/","title":{"rendered":"Curso y examen de ingreso"},"content":{"rendered":"\n<figure class=\"wp-block-image alignright is-resized\"><img decoding=\"async\" src=\"https:\/\/www.usal.edu.ar\/lenguas\/wp-content\/uploads\/sites\/14\/2024\/07\/indice.png\" alt=\"\" style=\"width:113px;height:auto\" \/><\/figure>\n\n\n\n<figure class=\"wp-block-table\"><table><tbody><tr><td><img decoding=\"async\" alt=\"\" src=\"https:\/\/www.usal.edu.ar\/lenguas\/wp-content\/uploads\/sites\/14\/2024\/07\/british_flag-1-300x179.jpg\"><\/td><td><strong>TRADUCTORADO P\u00daBLICO DE INGL\u00c9S<\/strong> <strong>TRADUCTORADO&nbsp;CIENT\u00cdFICO LITERARIO EN INGL\u00c9S<\/strong> <strong>LICENCIATURA EN LENGUA INGLESA<\/strong> <strong>LICENCIATURA EN INTERPRETACI\u00d3N DE CONFERENCIAS EN INGL\u00c9S<\/strong><\/td><\/tr><\/tbody><\/table><\/figure>\n\n\n\n<p><strong><u>GRADO Y NIVEL DE CONOCIMIENTO PREVIO<\/u><\/strong><strong>:&nbsp;B2 (Marco Com\u00fan Europeo de Referencia para las lenguas &#8211; MCER)<\/strong><\/p>\n\n\n\n<p><strong><u>OPCIONES DE INGRESO:<\/u><\/strong><\/p>\n\n\n\n<p>Los aspirantes podr\u00e1n elegir las siguientes opciones:<\/p>\n\n\n\n<p>a)&nbsp;&nbsp;&nbsp;&nbsp;&nbsp;&nbsp;&nbsp;Curso de ingreso virtual optativo&nbsp;(con examen eliminatorio al concluir el mismo)<\/p>\n\n\n\n<p>b)\u00a0\u00a0\u00a0\u00a0\u00a0\u00a0\u00a0Examen eliminatorio directo\u00a0(<a href=\"https:\/\/www.usal.edu.ar\/lenguas\/fechas-de-curso-y-examen-de-ingreso\/\" target=\"_blank\" rel=\"noreferrer noopener\">VER FECHAS<\/a>)<\/p>\n\n\n\n<p><em><strong>En caso de no aprobar el examen de ingreso, el aspirante tendr\u00e1 la posibilidad rendirlo por segunda y \u00faltima vez en alguna de las fechas disponibles subsiguientes.<\/strong><\/em><\/p>\n\n\n\n<p><em><strong>Si el examen de ingreso resultara desaprobado por segunda vez, el proceso de inscripci\u00f3n deber\u00e1 iniciarse nuevamente, con su correspondiente pago de aranceles, en el ciclo lectivo posterior.<\/strong><\/em><\/p>\n\n\n\n<hr class=\"wp-block-separator has-alpha-channel-opacity\" \/>\n\n\n\n<h5 class=\"wp-block-heading\">Ingreso en MARZO, 1\u00ba cuatrimestre para ambas sedes (CABA y Pilar)<\/h5>\n\n\n\n<p><strong>OPCI\u00d3N A:&nbsp;<\/strong><em>CURSO VIRTUAL DE NIVELACI\u00d3N PARA EL EXAMEN DE INGRESO<\/em>&nbsp;&#8211; OPTATIVO&nbsp;(con examen obligatorio y eliminatorio al concluir el mismo).-<\/p>\n\n\n\n<p>1\u00ba \u00a0Turno:\u00a0noviembre\u00a0y rendir el examen de ingreso eliminatorio al finalizar el curso\u00a0\u00a0(<a href=\"https:\/\/www.usal.edu.ar\/lenguas\/fechas-de-curso-y-examen-de-ingreso\/\" target=\"_blank\" rel=\"noreferrer noopener\">VER FECHAS<\/a>)<\/p>\n\n\n\n<p>2\u00ba \u00a0Turno:\u00a0febrero\u00a0y rendir el \u00a0examen de ingreso eliminatorio al finalizar el curso\u00a0(<a href=\"https:\/\/www.usal.edu.ar\/lenguas\/fechas-de-curso-y-examen-de-ingreso\/\" target=\"_blank\" rel=\"noreferrer noopener\">VER FECHAS<\/a>)<\/p>\n\n\n\n<p>Asignatura: Lengua Inglesa<\/p>\n\n\n\n<p><strong>OPCI\u00d3N B:&nbsp;<\/strong><em>EXAMEN DE INGRESO OBLIGATORIO.-<\/em><\/p>\n\n\n\n<p>Fechas de ex\u00e1menes:\u00a0\u00a0<a href=\"https:\/\/www.usal.edu.ar\/lenguas\/fechas-de-curso-y-examen-de-ingreso\/\" target=\"_blank\" rel=\"noreferrer noopener\">VER FECHAS<\/a>\u00a0&#8211;\u00a0Turno ma\u00f1ana: 10 h \u00a0&#8211; Turno noche: 18 h\u00a0<\/p>\n\n\n\n<p>R\u00e9gimen de evaluaci\u00f3n: oral y escrito (ver modelo de examen m\u00e1s abajo)<\/p>\n\n\n\n<hr class=\"wp-block-separator has-alpha-channel-opacity\" \/>\n\n\n\n<h5 class=\"wp-block-heading\">Ingreso en AGOSTO, 2\u00ba cuatrimestre para ambas sedes (CABA y Pilar)<\/h5>\n\n\n\n<p>Deber\u00e1s solicitar entrevista personal obligatoria, previa a la inscripci\u00f3n.<\/p>\n\n\n\n<p><strong>OPCI\u00d3N A:&nbsp;<\/strong><em>CURSO VIRTUAL DE NIVELACI\u00d3N PARA EL EXAMEN DE INGRESO<\/em>&nbsp;&#8211; OPTATIVO&nbsp;(con examen obligatorio y eliminatorio al concluir el mismo).-<\/p>\n\n\n\n<p>Turno \u00fanico:\u00a0julio y rendir el examen de ingreso eliminatorio al finalizar el curso\u00a0\u00a0(<a href=\"https:\/\/www.usal.edu.ar\/lenguas\/fechas-de-curso-y-examen-de-ingreso\/\" target=\"_blank\" rel=\"noreferrer noopener\">VER FECHAS<\/a>)<\/p>\n\n\n\n<p>Asignatura: Lengua Inglesa<\/p>\n\n\n\n<p><strong>OPCI\u00d3N B:&nbsp;<\/strong><em>EXAMEN DE INGRESO OBLIGATORIO.-<\/em><\/p>\n\n\n\n<p>Turno \u00fanico:\u00a0\u00a0<a href=\"https:\/\/www.usal.edu.ar\/lenguas\/fechas-de-curso-y-examen-de-ingreso\/\" target=\"_blank\" rel=\"noreferrer noopener\">VER FECHAS<\/a>\u00a0&#8211;\u00a010 h o 18 h<\/p>\n\n\n\n<p>R\u00e9gimen de evaluaci\u00f3n: oral y escrito (ver modelo de examen m\u00e1s abajo)<\/p>\n\n\n\n<hr class=\"wp-block-separator has-alpha-channel-opacity\" \/>\n\n\n\n<h5 class=\"wp-block-heading has-text-align-center\"><a href=\"https:\/\/www.usal.edu.ar\/lenguas\/wp-content\/uploads\/sites\/14\/2024\/07\/examen_ingreso20.pdf\" target=\"_blank\" rel=\"noreferrer noopener\"><strong>MODELO DE EXAMEN<\/strong><\/a><\/h5>\n\n\n\n<hr class=\"wp-block-separator has-alpha-channel-opacity\" \/>\n\n\n\n<p><strong>PLAN DE ESTUDIOS DEL CURSO DE INGRESO:<\/strong><\/p>\n\n\n\n<figure class=\"wp-block-table\"><table><tbody><tr><td><strong>ASIGNATURA<\/strong><\/td><td><strong>CANTIDAD HORARIA<\/strong><\/td><\/tr><tr><td>Orientaci\u00f3n a la Lengua Inglesa<\/td><td>30 horas<\/td><\/tr><\/tbody><\/table><\/figure>\n\n\n\n<hr class=\"wp-block-separator has-alpha-channel-opacity\" \/>\n\n\n\n<h5 class=\"wp-block-heading\">&nbsp;<\/h5>\n","protected":false},"excerpt":{"rendered":"<p>TRADUCTORADO P\u00daBLICO DE INGL\u00c9S TRADUCTORADO&nbsp;CIENT\u00cdFICO LITERARIO EN INGL\u00c9S LICENCIATURA EN LENGUA INGLESA LICENCIATURA EN INTERPRETACI\u00d3N DE CONFERENCIAS EN INGL\u00c9S GRADO Y NIVEL DE CONOCIMIENTO PREVIO:&nbsp;B2 (Marco Com\u00fan Europeo de Referencia para las lenguas &#8211; MCER) OPCIONES DE INGRESO: Los aspirantes podr\u00e1n elegir las siguientes opciones: a)&nbsp;&nbsp;&nbsp;&nbsp;&nbsp;&nbsp;&nbsp;Curso de ingreso virtual optativo&nbsp;(con examen eliminatorio al concluir el [&hellip;]<\/p>\n","protected":false},"author":42,"featured_media":0,"parent":0,"menu_order":0,"comment_status":"closed","ping_status":"closed","template":"","meta":{"_acf_changed":false,"footnotes":""},"class_list":["post-736","page","type-page","status-publish","hentry"],"acf":[],"_links":{"self":[{"href":"https:\/\/www.usal.edu.ar\/lenguas\/wp-json\/wp\/v2\/pages\/736","targetHints":{"allow":["GET"]}}],"collection":[{"href":"https:\/\/www.usal.edu.ar\/lenguas\/wp-json\/wp\/v2\/pages"}],"about":[{"href":"https:\/\/www.usal.edu.ar\/lenguas\/wp-json\/wp\/v2\/types\/page"}],"author":[{"embeddable":true,"href":"https:\/\/www.usal.edu.ar\/lenguas\/wp-json\/wp\/v2\/users\/42"}],"replies":[{"embeddable":true,"href":"https:\/\/www.usal.edu.ar\/lenguas\/wp-json\/wp\/v2\/comments?post=736"}],"version-history":[{"count":5,"href":"https:\/\/www.usal.edu.ar\/lenguas\/wp-json\/wp\/v2\/pages\/736\/revisions"}],"predecessor-version":[{"id":3939,"href":"https:\/\/www.usal.edu.ar\/lenguas\/wp-json\/wp\/v2\/pages\/736\/revisions\/3939"}],"wp:attachment":[{"href":"https:\/\/www.usal.edu.ar\/lenguas\/wp-json\/wp\/v2\/media?parent=736"}],"curies":[{"name":"wp","href":"https:\/\/api.w.org\/{rel}","templated":true}]}}