{"id":122,"date":"2024-06-06T12:00:59","date_gmt":"2024-06-06T15:00:59","guid":{"rendered":"https:\/\/www.usal.edu.ar\/medicina\/?page_id=122"},"modified":"2024-06-07T16:08:08","modified_gmt":"2024-06-07T19:08:08","slug":"resena","status":"publish","type":"page","link":"https:\/\/www.usal.edu.ar\/medicina\/resena\/","title":{"rendered":"Rese\u00f1a"},"content":{"rendered":"\n<div class=\"wp-block-group has-global-padding is-layout-constrained wp-container-core-group-is-layout-a35945ca wp-block-group-is-layout-constrained\" style=\"padding-top:var(--wp--preset--spacing--30);padding-right:var(--wp--preset--spacing--30);padding-bottom:var(--wp--preset--spacing--30);padding-left:var(--wp--preset--spacing--30)\">\n<div class=\"wp-block-columns is-not-stacked-on-mobile is-layout-flex wp-container-core-columns-is-layout-28f84493 wp-block-columns-is-layout-flex\">\n<div class=\"wp-block-column is-layout-flow wp-block-column-is-layout-flow\">\n<p>\u00abEs verdad que toda Universidad hace historia, hace su historia con la cultura de sus hombres. Los que la crean, en primer lugar, en la ardua faena de la investigaci\u00f3n; los que la imparten, despu\u00e9s, en sus c\u00e1tedras; los que, finalmente, la van recibiendo y van formando de este modo su propia cultura y hasta su propia personalidad en servicio de la comunidad\u00bb (Eduardo Mart\u00ednez M\u00e1rquez SJ, ex-Rector).<\/p>\n\n\n\n<p><\/p>\n\n\n\n<p><\/p>\n\n\n\n<p>Mirar nuestra historia es, sin duda, por la parcialidad misma de nuestro entender, mirar fragmentos pero contemplando formas, es hablar de nosotros, el presente se reconoce en nuestra historia y nos permite vislumbrar el futuro. Por eso el hombre generalmente retorna a las fuentes, para superar las crisis y evolucionar apoyado en lo permanente.<\/p>\n\n\n\n<p>1956, 334 a\u00f1os despu\u00e9s de haber creado la primera Universidad Argentina en C\u00f3rdoba, la Compa\u00f1\u00eda de Jes\u00fas funda en Buenos Aires las Facultades Universitarias del Salvador, que en 1959 por decreto 16365 del PEN se reconocieron como Universidad privada con el nombre de Universidad del Salvador.<\/p>\n\n\n\n<p>Hasta 1975, la Universidad dependi\u00f3 de la Compa\u00f1\u00eda de Jes\u00fas, confiando a partir de all\u00ed su conducci\u00f3n a un grupo de laicos que por intermedio de la Asociaci\u00f3n Civil Universidad del Salvador tiene la responsabilidad de su gobierno.<\/p>\n\n\n\n<p>Al a\u00f1o siguiente de su fundaci\u00f3n, la Universidad crea el 2 de mayo de 1957 la Facultad de Medicina bajo el nombre de Escuela de Medicina. Esta divid\u00eda su ense\u00f1anza en dos ciclos: uno humanista, que agrupaba los Departamentos de Psicolog\u00eda, Formaci\u00f3n Intelectual, Filosof\u00eda, \u00c9tica, Deontolog\u00eda e Idiomas; y otro M\u00e9dico, a cargo de dos Institutos: el de Investigaciones An\u00e1tomo-Histol\u00f3gicas y el de Investigaciones Fisiol\u00f3gicas. Los Departamentos de Medicina funcionaban en forma vertical; esto significaba que cada uno de ellos recib\u00eda al alumno en primero o segundo a\u00f1o y su equipo de profesores lo segu\u00eda en Fisiolog\u00eda, luego en Fisiopatolog\u00eda, Semiolog\u00eda, Cl\u00ednica, etc., hasta que egresara como m\u00e9dico.<\/p>\n\n\n\n<p>El P. Rodr\u00edguez Leonardi S.J., m\u00e9dico y los Dres. Eva Balague, Jorge Clavijo, Lu\u00eds Dellepiane, Rodolfo Franco, Juan Manuel Tato, Victor Grignaschi, Bernardo Lozada, H\u00e9ctor Llobera, Efra\u00edn Mart\u00ednez Zuvir\u00eda, C\u00e9sar Pico, Jorge Vasena y Alberto Villamil firmaron el Acta de Fundaci\u00f3n de la Escuela el 1 de mayo de 1957 en la casa del Dr. Alberto Villamil. Los primeros directivos fueron el Padre Leonardi y los Dres. Vasena y Villamil.<\/p>\n\n\n\n<p><\/p>\n\n\n\n<p>Los objetivos con que fue fundada la Facultad constan en dicha Acta Inaugural que afirma que sus fines son:<\/p>\n\n\n\n<p>1. El desarrollo en plenitud de la persona humana en sus valores naturales y espirituales.<\/p>\n\n\n\n<p>2. La formaci\u00f3n de m\u00e9dicos, investigadores y docentes con toda la profundidad que exige una vocaci\u00f3n de encuentro con el hombre que sufre.<\/p>\n\n\n\n<p>3. La formaci\u00f3n humanista adecuada para el cumplimiento de los fines anteriores.<\/p>\n\n\n\n<p>El primer curso de medicina se inici\u00f3 con una matr\u00edcula de 21 alumnos. En esta primera etapa fundacional no hubo un verdadero programa de ense\u00f1anza sino, s\u00f3lo un esbozo de organizaci\u00f3n administrativa y docente.<\/p>\n\n\n\n<p>Toda la Facultad, incluidas la Sala de Profesores y el Decanato, funcionaba en lo que hab\u00eda sido el Museo de Ciencias del viejo Colegio del Salvador. Relata el Dr. Horacio Rodr\u00edguez Castells: \u00abse dividi\u00f3 el sal\u00f3n por medio de tabiques muy baratos, porque no hab\u00eda un centavo para nada, y se dictaron las dos c\u00e1tedras, que entonces eran la de Anatom\u00eda (dirigida por el Dr. Dellepiane) y la de Histolog\u00eda (dirigida por el Dr. Vasena). Otros tabiques separaban el Decanato y lo que llam\u00e1bamos la Sala de Profesores, que era una mesa con pocas sillas. En ese ambiente se desarroll\u00f3 la primera Facultad. Un ambiente de cordialidad, amistad, de esp\u00edritu de sacrificio, alentado fundamentalmente por una causa que todos sab\u00edamos com\u00fan, noble y de futuro. Era una \u00abempresa de locos\u00bb, pero hab\u00eda una idea madre por seguir que nos entusiasmaba a todos, porque la consider\u00e1bamos necesaria para el pa\u00eds. De a poco fueron creciendo las c\u00e1tedras, se fue nombrando, por supuesto todos ad-honorem, s\u00f3lo cobraba el personal administrativo. Todo el plantel docente no fue remunerado hasta despu\u00e9s de muchos a\u00f1os, por lo que tuvimos que esperar para cumplir con uno de nuestros objetivos: profesores full-time\u00bb.<\/p>\n\n\n\n<p>Paralelamente se crean las Escuelas Param\u00e9dicas, respondiendo a la necesidad nacional de estas disciplinas no cubiertas por otras universidades. En 1957 se crea el Instituto de Otoneurofoniatr\u00eda con la Escuela de Fonoaudiolog\u00eda, bajo la direcci\u00f3n del Dr. Julio Bernaldo Quir\u00f3s. Su primera carrera fue T\u00e9cnico en Fonoaudiolog\u00eda, en 1959 se crea la carrera de Fonoaudiolog\u00eda que fue la primera en su g\u00e9nero en Am\u00e9rica Latina.<\/p>\n\n\n\n<p>En noviembre de1960, el Dr. Ricardo Finochietto dona la Biblioteca, especializada en Cirug\u00eda y Medicina, que hab\u00eda formado con su hermano Enrique y que llevar\u00e1 el nombre de \u00e9ste. Finochietto manifest\u00f3 al Rector que hac\u00eda esta donaci\u00f3n en recuerdo de los a\u00f1os en que, son su hermano, frecuent\u00f3 las aulas del Colegio del Salvador.<\/p>\n\n\n\n<p>El 1 de abril de 1961 se crea por convenio con el Instituto Oral Modelo, el Profesorado de Sordos y Perturbados del Lenguaje, dependiente del Instituto de Otoneurofoniatr\u00eda, y el 5 de mayo se aprueba el Curso Prem\u00e9dico, de selecci\u00f3n de aspirantes a ingresar en la Facultad. Sus objetivos son: iniciar un compromiso personal en su formaci\u00f3n integral, cient\u00edfico &#8211; t\u00e9cnica y human\u00edstico &#8211; cristiana; adquirir y reforzar los requisitos cognitivos necesarios para acceder a la carrera de medicina; adquirir h\u00e1bitos de estudio universitario aplicados a su formaci\u00f3n como futuro profesional m\u00e9dico; comprender el lugar que ocupa la medicina, como quehacer cultural creativo, dentro del conjunto de las ciencias y sus aplicaciones e iniciar actividades de integraci\u00f3n interdisciplinarias.<\/p>\n\n\n\n<p>El 8 de diciembre se funda la Escuela de Terapia F\u00edsica, la primera a nivel universitario en Sudam\u00e9rica, siendo su primer director el Dr. Julio P. Roasenda con quien colabor\u00f3 eficazmente la Prof. Virginia E. Consiglio, continuando luego bajo la direcci\u00f3n de la Dra. Esther Alicia Amate de Esqu\u00edvel..<\/p>\n\n\n\n<p>A partir de 1960 y hasta 1963 comienza una segunda etapa de estructuraci\u00f3n org\u00e1nica de la Facultad. Se elaboran las disposiciones reglamentarias para los alumnos, las normas para el nombramiento de los profesores, se establece el Consejo Directivo Asesor del Decano y del r\u00e9gimen de comisiones de la Facultad. Por otra parte, se confecciona el curr\u00edculo con sus tres planes: asistencial, human\u00edstico y sanitario. Se inicia la ense\u00f1anza del ciclo cl\u00ednico.<br>Relata el Dr. Horacio Rodr\u00edguez Castells: \u00abNuestras deficiencias &#8211; humanas y de equipos &#8211; las supl\u00edamos con la dedicaci\u00f3n de los profesores. F\u00edjese Ud. que un profesor que est\u00e1 un a\u00f1o entero con 60 alumnos, los conoce pr\u00e1cticamente como a sus hijos, le dir\u00eda que casi no hubieran tenido necesidad de tomar examen, el profesor sab\u00eda a fin de a\u00f1o quien deb\u00eda ser promovido y quien no. Y los resultados nos dieron gran satisfacci\u00f3n cuando empezaron a salir nuestros graduados, los primero fueron 4 (los 4 mosqueteros los llam\u00e1bamos),luego 12 y siguieron&#8230; con un porcentaje de deserci\u00f3n baj\u00edsimo y un alto porcentaje de ganancia de concursos de las residencias hospitalarias.<\/p>\n\n\n\n<p>Recuerdo la primera evaluaci\u00f3n por parte del Estado de los cuatro mosqueteros (Lu\u00eds Mart\u00edn, Jorge Mercuri, Martha Krojzl y Ricardo Delorme). El jurado era muy destacado, estaba integrado por el entonces presidente de la Academia Nacional de Medicina, Dr. Esteves Balado; un representante de la Secretar\u00eda de Salud P\u00fablica, un representante de la Asociaci\u00f3n M\u00e9dica Argentina. Su examen fue brillante, porque no era solo un examen de conocimientos, era un examen de capacidad m\u00e9dica y de juicio sobre todo. Recuerdo todav\u00eda con emoci\u00f3n las palabras de elogio del Presidente de la Academia Nacional de Medicina, un elogio que realmente nos enorgulleci\u00f3.<\/p>\n\n\n\n<p>Quer\u00edamos un m\u00e9dico humanista y con un sentido y una conciencia \u00e9tica, un m\u00e9dico sobre todo y por encima de todo \u00e9tico\u00bb.<\/p>\n\n\n\n<p>El a\u00f1o 1963 marca el comienzo de una tercera etapa cuyo objetivo fundamental es asentar las bases de la estructura alcanzada hasta el momento, elevar a la Facultad al nivel de exigencias de la \u00e9poca.<\/p>\n\n\n\n<p>El 23 de diciembre de 1966 se crea la Carrera de Musicoterapia, dependiente del Instituto de Otoneurofoniatr\u00eda, siendo la primera del pa\u00eds. En ese a\u00f1o, la Facultad instituye el premio Dr. Alberto Villamil al mejor promedio de Medicina, que se entrega anualmente en la colaci\u00f3n de grados junto con el premio Emilio Astolfi al mejor compa\u00f1ero.<\/p>\n\n\n\n<p>En 1967 se crea la Carrera de Enfermer\u00eda, cuya primera directora fue la Sra. Carmen Flores de Fanes. A pesar de los esfuerzos de las autoridades de la Facultad, diversas causas motivaron el cierre de esta carrera en 1973.<\/p>\n\n\n\n<p>En 1968 se inicia el Internado Rotatorio con un per\u00edodo de tiempo electivo que ubica a esta Facultad entre las primeras del mundo con esta caracter\u00edstica. Dicho internado es la etapa final y obligatoria de la carrera m\u00e9dica, durante la cual el estudiante realiza un aprendizaje te\u00f3rico-pr\u00e1ctico en Cl\u00ednica M\u00e9dica, Cirug\u00eda, Obstetricia y Pediatr\u00eda y tiempo electivo en la especialidad preferida por el alumno. Al referirse al mismo el Dr. Rodr\u00edguez Castells dice: \u00abOtra de las grandes satisfacciones que pudo lograrse con las primeras camadas, fue la realizaci\u00f3n del Internado Rotatorio. Gracias a la buena voluntad de las autoridades de Salud P\u00fablica conseguimos varias salas en los hospitales, entonces en el \u00faltimo a\u00f1o de la carrera los alumnos se pasaban 3 meses en cada uno de los servicios de Cl\u00ednica, Cirug\u00eda, Ginecolog\u00eda y Obstetricia y Pediatr\u00eda, que son las ramas b\u00e1sicas de la medicina general. La utilidad del Internado Rotatorio se reflej\u00f3 en las pruebas de evaluaci\u00f3n del Estado y en las pruebas de concurso para las residencias\u00bb.<\/p>\n\n\n\n<p>A partir de1970 se otorg\u00f3 el Premio Bienal Prof. Dr. Ricardo Finochietto, instituido por la Sra. Delia Artola de Finochietto en memoria de su esposo. Fue otorgado ese a\u00f1o a los Dres. Lu\u00eds Molmenti, Audino J. Cirio, Rogelio J. Cortizo, Horacio D. Traverso, Norberto Slavich, Agust\u00edn Mansilla y Edison Otero. En 1972 a los Dres. Hern\u00e1n Aguilar, Jorge L. Guti\u00e9rrez, Jorge F. Mandolesi y M\u00f3nica B.F. de Calle. En 1980 al Dr. Jorge Ricardo Salazar (C\u00f3rdoba).<\/p>\n\n\n\n<p>Otro hecho trascendente, que lamentablemente por razones circunstanciales se dej\u00f3 de lado, fue el Internado Rural (1971-1976). Se efectu\u00f3 en Salta en una zona en medio de poblaciones abor\u00edgenes. Fue una verdadera escuela de formaci\u00f3n porque los j\u00f3venes completaban el conocimiento de los problemas sanitarios del pa\u00eds.<\/p>\n\n\n\n<p>A partir de1972 comenz\u00f3 la educaci\u00f3n continua en el postgrado. Se crea la Carrera de Cardioangiolog\u00eda, design\u00e1ndose al Dr. H\u00e9ctor Bidoggia como director. En 1974 se crea la Escuela de Disciplinas Param\u00e9dicas, y la carrera de Cirug\u00eda Pl\u00e1stica y Reconstructiva bajo la direcci\u00f3n del Dr. H\u00e9ctor Marino, posteriormente en 1977 se crearon las carreras de Cirug\u00eda Card\u00edaca y Vascular bajo la direcci\u00f3n de los Dres. Miguel Angel Lucas y Ren\u00e9 Favaloro y la de Oncolog\u00eda y Quimioterapia bajo la direcci\u00f3n del Dr. Roberto A. Est\u00e9vez.<\/p>\n\n\n\n<p>Entre los cursos de post-grado de elevado nivel se encontraban el de Administraci\u00f3n Hospitalaria dirigido por los Dres. Ra\u00fal Garbugino y Julio Granados; el de Terapia Intensiva y Medicina Cr\u00edtica, dirigido por los Dres. H\u00e9ctor de Leone y Mario Perman; el de Auditor\u00eda M\u00e9dica y el Curso de Anatom\u00eda Quir\u00fargica a cargo del Dr. Alfonso Albanese.<br>La Escuela de Salud P\u00fablica comenz\u00f3 sus actividades mediante cursos anuales de Administraci\u00f3n Hospitalaria y Auditor\u00eda M\u00e9dica desde 1979.<\/p>\n\n\n\n<p>En 1980 se cre\u00f3 la Licenciatura de Fonoaudiolog\u00eda y se inaugura parcialmente el edificio propio de la Facultad de Medicina que entra en pleno funcionamiento en 1982.<\/p>\n\n\n\n<p>En 1986 se crea la Licenciatura en Terapia F\u00edsica y en 1987 el Doctorado en Medicina.<\/p>\n\n\n\n<p>Se firma un convenio entre la USAL y la Asociaci\u00f3n Odontol\u00f3gica Argentina en 1992. A partir de 1993 comienza a dictarse la Carrera de Odontolog\u00eda, en el mismo a\u00f1o se crea el Doctorado en Odontolog\u00eda. Tambi\u00e9n en este a\u00f1o se crean las Carreras de Diagn\u00f3stico por Im\u00e1genes y la de Salud P\u00fablica y la Facultad comienza a otorgar el Premio Florencio Fiorini al mejor trabajo sobre un tema que se selecciona cada a\u00f1o conjuntamente con la Fundaci\u00f3n Fiorini.<\/p>\n\n\n\n<p>En 1993 comienza una cuarta etapa, podr\u00eda denominarse de expansi\u00f3n de la Facultad.<\/p>\n\n\n\n<p>En 1994 se crean la Carrera de Especializaci\u00f3n en Periodoncia, la Carrera de Especializaci\u00f3n en Ortodoncia y el Curso Superior de Epidemiolog\u00eda. Se inicia la Licenciatura en Terapia Ocupacional y se logra compatibilizar el 70% de las materias de esta carrera con las de Terapia F\u00edsica.<\/p>\n\n\n\n<p>En 1995 se crea la Licenciatura en Musicoterapia, la Especializaci\u00f3n en Medicina Legal y se crean la Escuela de Salud P\u00fablica, el Doctorado en Salud P\u00fablica y la Escuela de Odontolog\u00eda. Quedando as\u00ed la Facultad integrada por cinco Escuelas: Medicina, Disciplinas Param\u00e9dicas, Postgrado, Salud P\u00fablica y Odontolog\u00eda.<\/p>\n\n\n\n<p>En 1996 se crean la Especializaci\u00f3n en Medicina del Deporte, en Odontolog\u00eda Legal, en Gastroenterolog\u00eda y las Maestr\u00edas de Estrabismo y otros Trastornos de la Motilidad Ocular, en Medicina Familiar y en Salud P\u00fablica. Ese mismo a\u00f1o se crea la Licenciatura del Profesorado de Sordos y Perturbados del Lenguaje, la Licenciatura en Nutrici\u00f3n, la Licenciatura en Tecnolog\u00eda para Diagn\u00f3stico por Im\u00e1genes, y la Licenciatura en Actividades F\u00edsicas y Deportivas.<\/p>\n\n\n\n<p>En 1997 comenzaron los cursos de la Licenciatura de Excepci\u00f3n en Actividades F\u00edsicas y Deportivas destinada a Profesores de Educaci\u00f3n F\u00edsica.<\/p>\n\n\n\n<p>En 1998 se crea la Carrera de T\u00e9cnico en Dermatolog\u00eda (Dermatocosmiatr\u00eda) bajo la direcci\u00f3n del Dr. Crespi<\/p>\n\n\n\n<p>En 1999 se inaugura el anexo de la Facultad de Medicina sito en Rodr\u00edguez Pe\u00f1a 552, inmueble constru\u00eddo en 1917 y merced a un convenio con el Laboratorio Unilever remozado completamente a nuevo para ser sede de la nueva carrera de T\u00e9cnico en Dermatocosmiatr\u00eda.<\/p>\n\n\n\n<p>En la actualidad en la Facultad de Medicina se dictan 11 carreras de grado, 14 carreras de postgrado, 3 doctorados y 4 maestr\u00edas. Este crecimiento de la estructura acad\u00e9mica de la Facultad fue acompa\u00f1ado por un aumento en el n\u00famero de alumnos y egresados.<\/p>\n\n\n\n<p>El n\u00famero total de egresados de la Facultad de Medicina hasta 1999 es de 2057 para la Escuela de Medicina; 3840 para la Escuela de Disciplinas Param\u00e9dicas; 39 para la n\u00f3vel Escuela de Odontolog\u00eda.<\/p>\n\n\n\n<p>El incremento del n\u00famero de carreras y de alumnos hizo necesario adicionar nuevos centros destinados a las actividades cl\u00ednicas. En la actualidad los alumnos de las carreras de grado y postgrado concurren a 97 centros hospitalarios e instituciones asistenciales.<\/p>\n\n\n\n<p>Fiel a sus principios de impartir una ense\u00f1anza personalizada la Facultad se empe\u00f1a en mantener una \u00f3ptima relaci\u00f3n alumno docente<\/p>\n\n\n\n<p><strong><a>Decanos de la Facultad de Medicina de la Universidad del Salvador<\/a><\/strong><\/p>\n\n\n\n<ul class=\"wp-block-list\">\n<li>Juan Rodr\u00edguez Leonardi S.J. (1957-1961)<\/li>\n\n\n\n<li>Horacio Rodr\u00edguez Castells (1961-1969)<\/li>\n\n\n\n<li>Julio C\u00e9sar Ortiz de Z\u00e1rate (1969-1971)<\/li>\n\n\n\n<li>Luis Mar\u00eda Bali\u00f1a (1971-1973)<\/li>\n\n\n\n<li>Julio C\u00e9sar Ortiz de Z\u00e1rate (1974)<\/li>\n\n\n\n<li>Crist\u00f3bal Papendieck (1974-1975)<\/li>\n\n\n\n<li>Ra\u00fal Garbugino (1975-1979)<\/li>\n\n\n\n<li>Luis Julio Gonz\u00e1lez Montaner (1979-1988)<\/li>\n\n\n\n<li>Crist\u00f3bal Papendieck (1988-1994)<\/li>\n\n\n\n<li>Adolfo A. Liz\u00e1rraga (1994-2005)<\/li>\n\n\n\n<li>Eduardo Albanese(2005-2012)&nbsp;<\/li>\n\n\n\n<li>Jorge C\u00e9sar Mart\u00ednez (2012-2014)<\/li>\n\n\n\n<li>Daniel Francisco Martinez (2015 &#8211; &nbsp;&nbsp;<\/li>\n<\/ul>\n\n\n\n<ul class=\"wp-block-list\">\n<li><a><\/a>Universidad del Salvador. Historia de Ciencia y Fe. Ed. USAL, 1998<\/li>\n\n\n\n<li>Actas del Congreso Internacional Interdisciplinario de Ciencias M\u00e9dicas. Vol I. Conmemoraci\u00f3n del XXV Aniversario de la Facultad de Medicina de la Universidad del Salvador. Ctro Cultural San Mart\u00edn 27-4 al 1-5-1982<\/li>\n\n\n\n<li>XXV aniversario de la Facultad de Medicina: Congreso Internacional Interdisciplinario de Ciencias M\u00e9dicas. Signos Universitarios IV (10):36-38,1982<\/li>\n\n\n\n<li>M\u00e9dicos con Esp\u00edritu Humanista. Dr. Luis J. Gonz\u00e1lez Montaner, Signos Universitarios III (7-8):107-111,1981<\/li>\n\n\n\n<li>Formar un M\u00e9dico Etico, Humano y Culto. Reportaje al Dr. Horacio Rodr\u00edguez Castells, Signos Universitarios III (7-8):112-117,1981<\/li>\n\n\n\n<li>Internado en Medicina Rural. Dr Mat\u00edas Mart\u00ednez. Signos Universitarios III (7-8):118-119,1981<\/li>\n\n\n\n<li>Facultad de Medicina de la Universidad del Salvador. 40 a\u00f1os de historia. Dr. Adolfo A. Liz\u00e1rraga. Prensa M\u00e9dica Argentina 1996.<\/li>\n\n\n\n<li>De ayer a hoy: el presente se reconoce en su historia. Signos Universitarios III (7-8):19-27,1981&nbsp;<\/li>\n<\/ul>\n<\/div>\n<\/div>\n<\/div>\n","protected":false},"excerpt":{"rendered":"<p>\u00abEs verdad que toda Universidad hace historia, hace su historia con la cultura de sus hombres. Los que la crean, en primer lugar, en la ardua faena de la investigaci\u00f3n; los que la imparten, despu\u00e9s, en sus c\u00e1tedras; los que, finalmente, la van recibiendo y van formando de este modo su propia cultura y hasta [&hellip;]<\/p>\n","protected":false},"author":5,"featured_media":0,"parent":0,"menu_order":0,"comment_status":"closed","ping_status":"closed","template":"","meta":{"_acf_changed":false,"footnotes":""},"class_list":["post-122","page","type-page","status-publish","hentry"],"acf":[],"_links":{"self":[{"href":"https:\/\/www.usal.edu.ar\/medicina\/wp-json\/wp\/v2\/pages\/122","targetHints":{"allow":["GET"]}}],"collection":[{"href":"https:\/\/www.usal.edu.ar\/medicina\/wp-json\/wp\/v2\/pages"}],"about":[{"href":"https:\/\/www.usal.edu.ar\/medicina\/wp-json\/wp\/v2\/types\/page"}],"author":[{"embeddable":true,"href":"https:\/\/www.usal.edu.ar\/medicina\/wp-json\/wp\/v2\/users\/5"}],"replies":[{"embeddable":true,"href":"https:\/\/www.usal.edu.ar\/medicina\/wp-json\/wp\/v2\/comments?post=122"}],"version-history":[{"count":2,"href":"https:\/\/www.usal.edu.ar\/medicina\/wp-json\/wp\/v2\/pages\/122\/revisions"}],"predecessor-version":[{"id":153,"href":"https:\/\/www.usal.edu.ar\/medicina\/wp-json\/wp\/v2\/pages\/122\/revisions\/153"}],"wp:attachment":[{"href":"https:\/\/www.usal.edu.ar\/medicina\/wp-json\/wp\/v2\/media?parent=122"}],"curies":[{"name":"wp","href":"https:\/\/api.w.org\/{rel}","templated":true}]}}