{"id":126,"date":"2024-06-07T14:52:26","date_gmt":"2024-06-07T17:52:26","guid":{"rendered":"https:\/\/www.usal.edu.ar\/medicina\/?page_id=126"},"modified":"2024-06-07T15:45:55","modified_gmt":"2024-06-07T18:45:55","slug":"carreras-de-grado","status":"publish","type":"page","link":"https:\/\/www.usal.edu.ar\/medicina\/carreras-de-grado\/","title":{"rendered":"Carreras de grado"},"content":{"rendered":"<div class=\"propuestas-wrapper\" style=\"background-color: 0F;\"><div class=\"propuesta-item clickeable\"><div class=\"propuesta_nombre\"><a href=\"https:\/\/www.usal.edu.ar\/medicina\/propuesta\/dermatocosmiatria-tecnicatura\/\" target=\"_blank\">Dermatocosmiatr\u00eda (Tecnicatura)<\/a><\/div><div class='propuesta_tipos'>   <\/div><\/div><div class=\"propuesta-item clickeable\"><div class=\"propuesta_nombre\"><a href=\"https:\/\/www.usal.edu.ar\/medicina\/propuesta\/licenciatura-en-actividad-fisica-y-deportiva\/\" target=\"_blank\">Licenciatura en Actividad F\u00edsica y Deportiva<\/a><\/div><div class='propuesta_tipos'>   <\/div><\/div><div class=\"propuesta-item clickeable\"><div class=\"propuesta_nombre\"><a href=\"https:\/\/www.usal.edu.ar\/medicina\/propuesta\/licenciatura-en-enfermeria\/\" target=\"_blank\">Licenciatura en Enfermer\u00eda<\/a><\/div><div class='propuesta_tipos'>   <\/div><\/div><div class=\"propuesta-item clickeable\"><div class=\"propuesta_nombre\"><a href=\"https:\/\/www.usal.edu.ar\/medicina\/propuesta\/licenciatura-en-fonoaudiologia\/\" target=\"_blank\">Licenciatura en Fonoaudiolog\u00eda<\/a><\/div><div class='propuesta_tipos'>   <\/div><\/div><div class=\"propuesta-item clickeable\"><div class=\"propuesta_nombre\"><a href=\"https:\/\/www.usal.edu.ar\/medicina\/propuesta\/licenciatura-en-musicoterapia\/\" target=\"_blank\">Licenciatura en Musicoterapia<\/a><\/div><div class='propuesta_tipos'>   <\/div><\/div><div class=\"propuesta-item clickeable\"><div class=\"propuesta_nombre\"><a href=\"https:\/\/www.usal.edu.ar\/medicina\/propuesta\/licenciatura-en-nutricion\/\" target=\"_blank\">Licenciatura en Nutrici\u00f3n<\/a><\/div><div class='propuesta_tipos'>   <\/div><\/div><div class=\"propuesta-item clickeable\"><div class=\"propuesta_nombre\"><a href=\"https:\/\/www.usal.edu.ar\/medicina\/propuesta\/licenciatura-en-tecnologia-para-diagnostico-por-imagenes\/\" target=\"_blank\">Licenciatura en Tecnolog\u00eda para Diagn\u00f3stico por Im\u00e1genes<\/a><\/div><div class='propuesta_tipos'>   <\/div><\/div><div class=\"propuesta-item clickeable\"><div class=\"propuesta_nombre\"><a href=\"https:\/\/www.usal.edu.ar\/ingreso\/propuesta\/licenciatura-en-tecnologia-para-diagnostico-por-imagenes-ciclo-de-complementacion-curricular\/\" target=\"_blank\">Licenciatura en Tecnolog\u00eda para Diagn\u00f3stico por Im\u00e1genes - Ciclo de Complementaci\u00f3n Curricular<\/a><\/div><div class='propuesta_tipos'>   <\/div><\/div><div class=\"propuesta-item clickeable\"><div class=\"propuesta_nombre\"><a href=\"https:\/\/www.usal.edu.ar\/medicina\/propuesta\/licenciatura-en-terapia-fisica\/\" target=\"_blank\">Licenciatura en Terapia F\u00edsica<\/a><\/div><div class='propuesta_tipos'>   <\/div><\/div><div class=\"propuesta-item clickeable\"><div class=\"propuesta_nombre\"><a href=\"https:\/\/www.usal.edu.ar\/medicina\/propuesta\/licenciatura-en-terapia-ocupacional\/\" target=\"_blank\">Licenciatura en Terapia Ocupacional<\/a><\/div><div class='propuesta_tipos'>   <\/div><\/div><div class=\"propuesta-item clickeable\"><div class=\"propuesta_nombre\"><a href=\"https:\/\/www.usal.edu.ar\/medicina\/propuesta\/medicina\/\" target=\"_blank\">Medicina<\/a><\/div><div class='propuesta_tipos'>   <\/div><\/div><div class=\"propuesta-item clickeable\"><div class=\"propuesta_nombre\"><a href=\"https:\/\/www.usal.edu.ar\/medicina\/propuesta\/odontologia\/\" target=\"_blank\">Odontolog\u00eda<\/a><\/div><div class='propuesta_tipos'>   <\/div><\/div><\/div>\n","protected":false},"excerpt":{"rendered":"","protected":false},"author":1,"featured_media":0,"parent":0,"menu_order":0,"comment_status":"closed","ping_status":"closed","template":"","meta":{"_acf_changed":false,"footnotes":""},"class_list":["post-126","page","type-page","status-publish","hentry"],"acf":[],"_links":{"self":[{"href":"https:\/\/www.usal.edu.ar\/medicina\/wp-json\/wp\/v2\/pages\/126","targetHints":{"allow":["GET"]}}],"collection":[{"href":"https:\/\/www.usal.edu.ar\/medicina\/wp-json\/wp\/v2\/pages"}],"about":[{"href":"https:\/\/www.usal.edu.ar\/medicina\/wp-json\/wp\/v2\/types\/page"}],"author":[{"embeddable":true,"href":"https:\/\/www.usal.edu.ar\/medicina\/wp-json\/wp\/v2\/users\/1"}],"replies":[{"embeddable":true,"href":"https:\/\/www.usal.edu.ar\/medicina\/wp-json\/wp\/v2\/comments?post=126"}],"version-history":[{"count":2,"href":"https:\/\/www.usal.edu.ar\/medicina\/wp-json\/wp\/v2\/pages\/126\/revisions"}],"predecessor-version":[{"id":149,"href":"https:\/\/www.usal.edu.ar\/medicina\/wp-json\/wp\/v2\/pages\/126\/revisions\/149"}],"wp:attachment":[{"href":"https:\/\/www.usal.edu.ar\/medicina\/wp-json\/wp\/v2\/media?parent=126"}],"curies":[{"name":"wp","href":"https:\/\/api.w.org\/{rel}","templated":true}]}}