{"id":136,"date":"2024-06-07T14:54:18","date_gmt":"2024-06-07T17:54:18","guid":{"rendered":"https:\/\/www.usal.edu.ar\/medicina\/?page_id=136"},"modified":"2026-02-20T11:59:32","modified_gmt":"2026-02-20T14:59:32","slug":"alumnos","status":"publish","type":"page","link":"https:\/\/www.usal.edu.ar\/medicina\/alumnos\/","title":{"rendered":"Alumnos"},"content":{"rendered":"\n<p><strong>SECRETAR\u00cdA ADMINISTRATIVA<br><\/strong>D\u00edas y horarios de atenci\u00f3n: Lunes a viernes de 8 a 20 h.<br>Direcci\u00f3n: Av. C\u00f3rdoba 1601, CABA<br>Tel\u00e9fono: 6074-0350<br>Contacto: <a href=\"mailto:medicina@usal.edu.ar\" data-type=\"mailto\" data-id=\"mailto:medicina@usal.edu.ar\">medicina@usal.edu.ar<\/a><\/p>\n\n\n\n<p><em><strong>INFORMACI\u00d3N PARA ALUMNOS SIN TITULO SECUNDARIO PARA RENDIR FINALES <strong>Febrero\/Marzo 2026<\/strong><\/strong><\/em><br><br><strong>Completar<\/strong> el siguiente <a href=\"https:\/\/docs.google.com\/document\/d\/1QkifwEjb5MuV6ok8CchVwzMC-UxqC1sg\/edit?usp=sharing&amp;ouid=110253587029498926197&amp;rtpof=true&amp;sd=true\" data-type=\"link\" data-id=\"https:\/\/docs.google.com\/document\/d\/1QkifwEjb5MuV6ok8CchVwzMC-UxqC1sg\/edit?usp=sharing&amp;ouid=110253587029498926197&amp;rtpof=true&amp;sd=true\">formulario<\/a>, <strong>adjuntar <\/strong>certificado de t\u00edtulo en tr\u00e1mite con fecha actualizada y <strong>enviar<\/strong> a sacademica.medicina@usal.edu.ar.<br><br>Limite de plazo de entrega: viernes 20 de junio.<\/p>\n\n\n\n<div class=\"wp-block-group is-layout-flow wp-block-group-is-layout-flow\" style=\"margin-top:var(--wp--preset--spacing--30);margin-bottom:var(--wp--preset--spacing--30)\">\n<div class=\"wp-block-group is-vertical is-content-justification-stretch is-layout-flex wp-container-core-group-is-layout-787e25d3 wp-block-group-is-layout-flex\" style=\"margin-top:var(--wp--preset--spacing--30);margin-bottom:var(--wp--preset--spacing--30);padding-right:var(--wp--preset--spacing--30);padding-left:var(--wp--preset--spacing--30)\">\n<div class=\"wp-block-columns is-layout-flex wp-container-core-columns-is-layout-87beb0d0 wp-block-columns-is-layout-flex\">\n<div class=\"wp-block-column is-layout-flow wp-block-column-is-layout-flow\" style=\"flex-basis:33.34%\">\n<div class=\"wp-block-cover is-light has-custom-content-position is-position-bottom-center container-propuesta\" style=\"border-radius:10px;min-height:250px;aspect-ratio:unset;\"><img loading=\"lazy\" decoding=\"async\" width=\"1500\" height=\"1132\" class=\"wp-block-cover__image-background wp-image-9184\" alt=\"\" src=\"https:\/\/www.usal.edu.ar\/medicina\/wp-content\/uploads\/sites\/10\/2025\/05\/124896.jpg\" data-object-fit=\"cover\" srcset=\"https:\/\/www.usal.edu.ar\/medicina\/wp-content\/uploads\/sites\/10\/2025\/05\/124896.jpg 1500w, https:\/\/www.usal.edu.ar\/medicina\/wp-content\/uploads\/sites\/10\/2025\/05\/124896-300x226.jpg 300w, https:\/\/www.usal.edu.ar\/medicina\/wp-content\/uploads\/sites\/10\/2025\/05\/124896-1024x773.jpg 1024w, https:\/\/www.usal.edu.ar\/medicina\/wp-content\/uploads\/sites\/10\/2025\/05\/124896-768x580.jpg 768w\" sizes=\"auto, (max-width: 1500px) 100vw, 1500px\" \/><span aria-hidden=\"true\" class=\"wp-block-cover__background has-background-dim-0 has-background-dim\" style=\"background-color:#c4c2c0\"><\/span><div class=\"wp-block-cover__inner-container has-global-padding is-layout-constrained wp-block-cover-is-layout-constrained\">\n<div class=\"wp-block-buttons is-content-justification-center is-layout-flex wp-container-core-buttons-is-layout-a89b3969 wp-block-buttons-is-layout-flex\">\n<div class=\"wp-block-button boton-tipo-propuesta\"><a class=\"wp-block-button__link has-primary-color has-base-background-color has-text-color has-background has-small-font-size has-text-align-center has-custom-font-size wp-element-button\" href=\"https:\/\/www.usal.edu.ar\/medicina\/calendario-academico\/\" style=\"border-radius:5px;font-style:normal;font-weight:700\">Calendario Acad\u00e9mico<\/a><\/div>\n<\/div>\n<\/div><\/div>\n<\/div>\n\n\n\n<div class=\"wp-block-column is-layout-flow wp-block-column-is-layout-flow\" style=\"flex-basis:33.34%\">\n<div class=\"wp-block-cover is-light has-custom-content-position is-position-bottom-center container-propuesta\" style=\"border-radius:10px;min-height:250px;aspect-ratio:unset;\"><img loading=\"lazy\" decoding=\"async\" width=\"1500\" height=\"1000\" class=\"wp-block-cover__image-background wp-image-9188\" alt=\"\" src=\"https:\/\/www.usal.edu.ar\/medicina\/wp-content\/uploads\/sites\/10\/2025\/05\/31517.jpg\" data-object-fit=\"cover\" srcset=\"https:\/\/www.usal.edu.ar\/medicina\/wp-content\/uploads\/sites\/10\/2025\/05\/31517.jpg 1500w, https:\/\/www.usal.edu.ar\/medicina\/wp-content\/uploads\/sites\/10\/2025\/05\/31517-300x200.jpg 300w, https:\/\/www.usal.edu.ar\/medicina\/wp-content\/uploads\/sites\/10\/2025\/05\/31517-1024x683.jpg 1024w, https:\/\/www.usal.edu.ar\/medicina\/wp-content\/uploads\/sites\/10\/2025\/05\/31517-768x512.jpg 768w\" sizes=\"auto, (max-width: 1500px) 100vw, 1500px\" \/><span aria-hidden=\"true\" class=\"wp-block-cover__background has-background-dim-0 has-background-dim\" style=\"background-color:#bdb8b5\"><\/span><div class=\"wp-block-cover__inner-container has-global-padding is-layout-constrained wp-block-cover-is-layout-constrained\">\n<div class=\"wp-block-buttons is-content-justification-center is-layout-flex wp-container-core-buttons-is-layout-a89b3969 wp-block-buttons-is-layout-flex\">\n<div class=\"wp-block-button boton-tipo-propuesta\"><a class=\"wp-block-button__link has-primary-color has-base-background-color has-text-color has-background has-small-font-size has-text-align-center has-custom-font-size wp-element-button\" href=\"https:\/\/www.usal.edu.ar\/medicina\/grado\/\" style=\"border-radius:5px;font-style:normal;font-weight:700\">GRADO<\/a><\/div>\n<\/div>\n<\/div><\/div>\n<\/div>\n\n\n\n<div class=\"wp-block-column is-layout-flow wp-block-column-is-layout-flow\" style=\"flex-basis:33.34%\">\n<div class=\"wp-block-cover is-light has-custom-content-position is-position-bottom-center container-propuesta\" style=\"border-radius:10px;min-height:250px;aspect-ratio:unset;\"><img loading=\"lazy\" decoding=\"async\" width=\"1500\" height=\"1000\" class=\"wp-block-cover__image-background wp-image-9189\" alt=\"\" src=\"https:\/\/www.usal.edu.ar\/medicina\/wp-content\/uploads\/sites\/10\/2025\/05\/2147763787.jpg\" data-object-fit=\"cover\" srcset=\"https:\/\/www.usal.edu.ar\/medicina\/wp-content\/uploads\/sites\/10\/2025\/05\/2147763787.jpg 1500w, https:\/\/www.usal.edu.ar\/medicina\/wp-content\/uploads\/sites\/10\/2025\/05\/2147763787-300x200.jpg 300w, https:\/\/www.usal.edu.ar\/medicina\/wp-content\/uploads\/sites\/10\/2025\/05\/2147763787-1024x683.jpg 1024w, https:\/\/www.usal.edu.ar\/medicina\/wp-content\/uploads\/sites\/10\/2025\/05\/2147763787-768x512.jpg 768w\" sizes=\"auto, (max-width: 1500px) 100vw, 1500px\" \/><span aria-hidden=\"true\" class=\"wp-block-cover__background has-background-dim-0 has-background-dim\" style=\"background-color:#aaafb6\"><\/span><div class=\"wp-block-cover__inner-container has-global-padding is-layout-constrained wp-block-cover-is-layout-constrained\">\n<div class=\"wp-block-buttons is-content-justification-center is-layout-flex wp-container-core-buttons-is-layout-a89b3969 wp-block-buttons-is-layout-flex\">\n<div class=\"wp-block-button boton-tipo-propuesta\"><a class=\"wp-block-button__link has-primary-color has-base-background-color has-text-color has-background has-small-font-size has-text-align-center has-custom-font-size wp-element-button\" href=\"https:\/\/www.usal.edu.ar\/medicina\/alumnos-posgrado\/\" style=\"border-radius:5px;font-style:normal;font-weight:700\">POSGRADO<\/a><\/div>\n<\/div>\n<\/div><\/div>\n<\/div>\n<\/div>\n\n\n\n<div class=\"wp-block-columns is-layout-flex wp-container-core-columns-is-layout-87beb0d0 wp-block-columns-is-layout-flex\">\n<div class=\"wp-block-column is-layout-flow wp-block-column-is-layout-flow\" style=\"flex-basis:33.34%\">\n<div class=\"wp-block-cover is-light has-custom-content-position is-position-bottom-center container-propuesta\" style=\"border-radius:10px;min-height:250px;aspect-ratio:unset;\"><img loading=\"lazy\" decoding=\"async\" width=\"1500\" height=\"1001\" class=\"wp-block-cover__image-background wp-image-9185\" alt=\"\" src=\"https:\/\/www.usal.edu.ar\/medicina\/wp-content\/uploads\/sites\/10\/2025\/05\/19612.jpg\" data-object-fit=\"cover\" srcset=\"https:\/\/www.usal.edu.ar\/medicina\/wp-content\/uploads\/sites\/10\/2025\/05\/19612.jpg 1500w, https:\/\/www.usal.edu.ar\/medicina\/wp-content\/uploads\/sites\/10\/2025\/05\/19612-300x200.jpg 300w, https:\/\/www.usal.edu.ar\/medicina\/wp-content\/uploads\/sites\/10\/2025\/05\/19612-1024x683.jpg 1024w, https:\/\/www.usal.edu.ar\/medicina\/wp-content\/uploads\/sites\/10\/2025\/05\/19612-768x513.jpg 768w\" sizes=\"auto, (max-width: 1500px) 100vw, 1500px\" \/><span aria-hidden=\"true\" class=\"wp-block-cover__background has-background-dim-0 has-background-dim\" style=\"background-color:#c5c7c5\"><\/span><div class=\"wp-block-cover__inner-container has-global-padding is-layout-constrained wp-block-cover-is-layout-constrained\">\n<div class=\"wp-block-buttons is-content-justification-center is-layout-flex wp-container-core-buttons-is-layout-a89b3969 wp-block-buttons-is-layout-flex\">\n<div class=\"wp-block-button boton-tipo-propuesta\"><a class=\"wp-block-button__link has-primary-color has-base-background-color has-text-color has-background has-small-font-size has-text-align-center has-custom-font-size wp-element-button\" href=\"https:\/\/www.usal.edu.ar\/medicina\/tramites-y-certificados\/\" style=\"border-radius:5px;font-style:normal;font-weight:700\">Tr\u00e1mites y Certificados<\/a><\/div>\n<\/div>\n<\/div><\/div>\n<\/div>\n\n\n\n<div class=\"wp-block-column is-layout-flow wp-block-column-is-layout-flow\" style=\"flex-basis:33.33%\">\n<div class=\"wp-block-cover has-custom-content-position is-position-bottom-center container-propuesta\" style=\"border-radius:10px;min-height:250px;aspect-ratio:unset;\"><img loading=\"lazy\" decoding=\"async\" width=\"1500\" height=\"1000\" class=\"wp-block-cover__image-background wp-image-9283\" alt=\"\" src=\"https:\/\/www.usal.edu.ar\/medicina\/wp-content\/uploads\/sites\/10\/2025\/05\/4169.jpg\" data-object-fit=\"cover\" srcset=\"https:\/\/www.usal.edu.ar\/medicina\/wp-content\/uploads\/sites\/10\/2025\/05\/4169.jpg 1500w, https:\/\/www.usal.edu.ar\/medicina\/wp-content\/uploads\/sites\/10\/2025\/05\/4169-300x200.jpg 300w, https:\/\/www.usal.edu.ar\/medicina\/wp-content\/uploads\/sites\/10\/2025\/05\/4169-1024x683.jpg 1024w, https:\/\/www.usal.edu.ar\/medicina\/wp-content\/uploads\/sites\/10\/2025\/05\/4169-768x512.jpg 768w\" sizes=\"auto, (max-width: 1500px) 100vw, 1500px\" \/><span aria-hidden=\"true\" class=\"wp-block-cover__background has-background-dim-0 has-background-dim\" style=\"background-color:#a18e86\"><\/span><div class=\"wp-block-cover__inner-container has-global-padding is-layout-constrained wp-block-cover-is-layout-constrained\">\n<div class=\"wp-block-buttons is-content-justification-center is-layout-flex wp-container-core-buttons-is-layout-a89b3969 wp-block-buttons-is-layout-flex\">\n<div class=\"wp-block-button boton-tipo-propuesta\"><a class=\"wp-block-button__link has-primary-color has-base-background-color has-text-color has-background has-small-font-size has-text-align-center has-custom-font-size wp-element-button\" href=\"https:\/\/www.usal.edu.ar\/medicina\/reglamentos\/\" style=\"border-radius:5px;font-style:normal;font-weight:700\">Reglamentos<\/a><\/div>\n<\/div>\n<\/div><\/div>\n<\/div>\n\n\n\n<div class=\"wp-block-column is-layout-flow wp-block-column-is-layout-flow\" style=\"flex-basis:33.34%\">\n<div class=\"wp-block-cover is-light has-custom-content-position is-position-bottom-center container-propuesta\" style=\"border-radius:10px;min-height:250px;aspect-ratio:unset;\"><img loading=\"lazy\" decoding=\"async\" width=\"1072\" height=\"1500\" class=\"wp-block-cover__image-background wp-image-9190\" alt=\"\" src=\"https:\/\/www.usal.edu.ar\/medicina\/wp-content\/uploads\/sites\/10\/2025\/05\/63720.jpg\" data-object-fit=\"cover\" srcset=\"https:\/\/www.usal.edu.ar\/medicina\/wp-content\/uploads\/sites\/10\/2025\/05\/63720.jpg 1072w, https:\/\/www.usal.edu.ar\/medicina\/wp-content\/uploads\/sites\/10\/2025\/05\/63720-214x300.jpg 214w, https:\/\/www.usal.edu.ar\/medicina\/wp-content\/uploads\/sites\/10\/2025\/05\/63720-732x1024.jpg 732w, https:\/\/www.usal.edu.ar\/medicina\/wp-content\/uploads\/sites\/10\/2025\/05\/63720-768x1075.jpg 768w\" sizes=\"auto, (max-width: 1072px) 100vw, 1072px\" \/><span aria-hidden=\"true\" class=\"wp-block-cover__background has-background-dim-0 has-background-dim\" style=\"background-color:#f9f7f1\"><\/span><div class=\"wp-block-cover__inner-container has-global-padding is-layout-constrained wp-block-cover-is-layout-constrained\">\n<div class=\"wp-block-buttons is-content-justification-center is-layout-flex wp-container-core-buttons-is-layout-a89b3969 wp-block-buttons-is-layout-flex\">\n<div class=\"wp-block-button boton-tipo-propuesta\"><a class=\"wp-block-button__link has-primary-color has-base-background-color has-text-color has-background has-small-font-size has-text-align-center has-custom-font-size wp-element-button\" href=\"https:\/\/www.usal.edu.ar\/medicina\/consultas-frecuentes\/\" style=\"border-radius:5px;font-style:normal;font-weight:700\">Consultas Frecuentes<\/a><\/div>\n<\/div>\n<\/div><\/div>\n<\/div>\n<\/div>\n<\/div>\n<\/div>\n","protected":false},"excerpt":{"rendered":"<p>SECRETAR\u00cdA ADMINISTRATIVAD\u00edas y horarios de atenci\u00f3n: Lunes a viernes de 8 a 20 h.Direcci\u00f3n: Av. C\u00f3rdoba 1601, CABATel\u00e9fono: 6074-0350Contacto: medicina@usal.edu.ar INFORMACI\u00d3N PARA ALUMNOS SIN TITULO SECUNDARIO PARA RENDIR FINALES Febrero\/Marzo 2026 Completar el siguiente formulario, adjuntar certificado de t\u00edtulo en tr\u00e1mite con fecha actualizada y enviar a sacademica.medicina@usal.edu.ar. Limite de plazo de entrega: viernes 20 [&hellip;]<\/p>\n","protected":false},"author":33,"featured_media":0,"parent":0,"menu_order":0,"comment_status":"closed","ping_status":"closed","template":"","meta":{"_acf_changed":false,"footnotes":""},"class_list":["post-136","page","type-page","status-publish","hentry"],"acf":[],"_links":{"self":[{"href":"https:\/\/www.usal.edu.ar\/medicina\/wp-json\/wp\/v2\/pages\/136","targetHints":{"allow":["GET"]}}],"collection":[{"href":"https:\/\/www.usal.edu.ar\/medicina\/wp-json\/wp\/v2\/pages"}],"about":[{"href":"https:\/\/www.usal.edu.ar\/medicina\/wp-json\/wp\/v2\/types\/page"}],"author":[{"embeddable":true,"href":"https:\/\/www.usal.edu.ar\/medicina\/wp-json\/wp\/v2\/users\/33"}],"replies":[{"embeddable":true,"href":"https:\/\/www.usal.edu.ar\/medicina\/wp-json\/wp\/v2\/comments?post=136"}],"version-history":[{"count":39,"href":"https:\/\/www.usal.edu.ar\/medicina\/wp-json\/wp\/v2\/pages\/136\/revisions"}],"predecessor-version":[{"id":16520,"href":"https:\/\/www.usal.edu.ar\/medicina\/wp-json\/wp\/v2\/pages\/136\/revisions\/16520"}],"wp:attachment":[{"href":"https:\/\/www.usal.edu.ar\/medicina\/wp-json\/wp\/v2\/media?parent=136"}],"curies":[{"name":"wp","href":"https:\/\/api.w.org\/{rel}","templated":true}]}}