{"id":142,"date":"2024-06-07T14:55:38","date_gmt":"2024-06-07T17:55:38","guid":{"rendered":"https:\/\/www.usal.edu.ar\/medicina\/?page_id=142"},"modified":"2025-09-18T10:37:06","modified_gmt":"2025-09-18T13:37:06","slug":"area-de-simulacion-clinica","status":"publish","type":"page","link":"https:\/\/www.usal.edu.ar\/medicina\/area-de-simulacion-clinica\/","title":{"rendered":"\u00c1rea de Simulaci\u00f3n Cl\u00ednica"},"content":{"rendered":"\n<div class=\"wp-block-group has-global-padding is-layout-constrained wp-container-core-group-is-layout-e6038ede wp-block-group-is-layout-constrained\" style=\"padding-top:var(--wp--preset--spacing--30);padding-bottom:var(--wp--preset--spacing--30)\">\n<div class=\"wp-block-group collapsible is-content-justification-left is-nowrap is-layout-flex wp-container-core-group-is-layout-2bddc4e0 wp-block-group-is-layout-flex\" style=\"border-bottom-color:var(--wp--preset--color--primary);border-bottom-width:3px;padding-top:10px;padding-right:10px;padding-bottom:10px;padding-left:10px\">\n<h5 class=\"wp-block-heading wp-container-content-9cfa9a5a\">Qui\u00e9nes somos<\/h5>\n<\/div>\n\n\n\n<figure class=\"wp-block-image aligncenter size-large is-resized\"><img loading=\"lazy\" decoding=\"async\" width=\"1024\" height=\"461\" src=\"https:\/\/www.usal.edu.ar\/medicina\/wp-content\/uploads\/sites\/10\/2024\/07\/WhatsApp-Image-2024-07-30-at-16.05.46-1024x461.jpeg\" alt=\"\" class=\"wp-image-1384\" style=\"width:524px;height:auto\" srcset=\"https:\/\/www.usal.edu.ar\/medicina\/wp-content\/uploads\/sites\/10\/2024\/07\/WhatsApp-Image-2024-07-30-at-16.05.46-1024x461.jpeg 1024w, https:\/\/www.usal.edu.ar\/medicina\/wp-content\/uploads\/sites\/10\/2024\/07\/WhatsApp-Image-2024-07-30-at-16.05.46-300x135.jpeg 300w, https:\/\/www.usal.edu.ar\/medicina\/wp-content\/uploads\/sites\/10\/2024\/07\/WhatsApp-Image-2024-07-30-at-16.05.46-768x346.jpeg 768w, https:\/\/www.usal.edu.ar\/medicina\/wp-content\/uploads\/sites\/10\/2024\/07\/WhatsApp-Image-2024-07-30-at-16.05.46-1536x691.jpeg 1536w, https:\/\/www.usal.edu.ar\/medicina\/wp-content\/uploads\/sites\/10\/2024\/07\/WhatsApp-Image-2024-07-30-at-16.05.46-2048x922.jpeg 2048w\" sizes=\"auto, (max-width: 1024px) 100vw, 1024px\" \/><\/figure>\n\n\n\n<div class=\"wp-block-group has-global-padding is-layout-constrained wp-block-group-is-layout-constrained\">\n<p class=\"has-text-align-center\"><strong>Equipo Interdisciplinario&nbsp;<\/strong><\/p>\n\n\n\n<p><\/p>\n\n\n\n<p class=\"has-text-align-center\"><strong>Responsable del \u00c1rea&nbsp;<\/strong><\/p>\n\n\n\n<p class=\"has-text-align-center\">Dra. Adriana V. Ingratta<\/p>\n\n\n\n<p><\/p>\n\n\n\n<p class=\"has-text-align-center\"><strong>\u00a0Instructores del laboratorio de Simulaci\u00f3n :<\/strong><\/p>\n\n\n\n<p class=\"has-text-align-center\">Setten, Mariano&nbsp;<\/p>\n\n\n\n<p class=\"has-text-align-center\">Bujan, Graciela&nbsp;<\/p>\n\n\n\n<p class=\"has-text-align-center\">Moi, Karin<\/p>\n\n\n\n<p class=\"has-text-align-center\">Morgada, Victoria&nbsp;<\/p>\n\n\n\n<p class=\"has-text-align-center\">Gomez, Beatriz<\/p>\n\n\n\n<p class=\"has-text-align-center\">Fernandez Nu\u00f1ez, Agust\u00edn <\/p>\n\n\n\n<p><\/p>\n\n\n\n<p class=\"has-text-align-center\"><strong>Docentes invitados:<\/strong><\/p>\n\n\n\n<p class=\"has-text-align-center\">Catalano, Hugo&nbsp;<\/p>\n\n\n\n<p class=\"has-text-align-center\">Toziano, Mariano&nbsp;<\/p>\n\n\n\n<p class=\"has-text-align-center\">Marissi, Sergio&nbsp;<\/p>\n\n\n\n<p class=\"has-text-align-center\">Cordero, Fernanda&nbsp;<\/p>\n\n\n\n<p class=\"has-text-align-center\">Bula, Alejandra<\/p>\n<\/div>\n\n\n\n<div class=\"wp-block-group collapsible is-content-justification-left is-nowrap is-layout-flex wp-container-core-group-is-layout-2bddc4e0 wp-block-group-is-layout-flex\" style=\"border-bottom-color:var(--wp--preset--color--primary);border-bottom-width:3px;padding-top:10px;padding-right:10px;padding-bottom:10px;padding-left:10px\">\n<h5 class=\"wp-block-heading wp-container-content-9cfa9a5a\">Actividades<\/h5>\n<\/div>\n\n\n\n<div class=\"wp-block-group is-layout-flow wp-block-group-is-layout-flow\" style=\"margin-top:var(--wp--preset--spacing--30);margin-bottom:var(--wp--preset--spacing--30)\">\n<div class=\"wp-block-group is-vertical is-content-justification-stretch is-layout-flex wp-container-core-group-is-layout-787e25d3 wp-block-group-is-layout-flex\" style=\"margin-top:var(--wp--preset--spacing--30);margin-bottom:var(--wp--preset--spacing--30);padding-right:var(--wp--preset--spacing--30);padding-left:var(--wp--preset--spacing--30)\">\n<div class=\"wp-block-columns is-layout-flex wp-container-core-columns-is-layout-87beb0d0 wp-block-columns-is-layout-flex\">\n<div class=\"wp-block-column is-layout-flow wp-block-column-is-layout-flow\" style=\"flex-basis:33.34%\">\n<div class=\"wp-block-cover is-light has-custom-content-position is-position-bottom-center container-propuesta\" style=\"border-radius:10px;min-height:250px;aspect-ratio:unset;\"><img loading=\"lazy\" decoding=\"async\" width=\"1441\" height=\"2560\" class=\"wp-block-cover__image-background wp-image-1379\" alt=\"\" src=\"https:\/\/www.usal.edu.ar\/medicina\/wp-content\/uploads\/sites\/10\/2024\/07\/IMG_20240730_155213930-scaled.jpg\" data-object-fit=\"cover\" srcset=\"https:\/\/www.usal.edu.ar\/medicina\/wp-content\/uploads\/sites\/10\/2024\/07\/IMG_20240730_155213930-scaled.jpg 1441w, https:\/\/www.usal.edu.ar\/medicina\/wp-content\/uploads\/sites\/10\/2024\/07\/IMG_20240730_155213930-169x300.jpg 169w, https:\/\/www.usal.edu.ar\/medicina\/wp-content\/uploads\/sites\/10\/2024\/07\/IMG_20240730_155213930-576x1024.jpg 576w, https:\/\/www.usal.edu.ar\/medicina\/wp-content\/uploads\/sites\/10\/2024\/07\/IMG_20240730_155213930-768x1365.jpg 768w, https:\/\/www.usal.edu.ar\/medicina\/wp-content\/uploads\/sites\/10\/2024\/07\/IMG_20240730_155213930-864x1536.jpg 864w, https:\/\/www.usal.edu.ar\/medicina\/wp-content\/uploads\/sites\/10\/2024\/07\/IMG_20240730_155213930-1153x2048.jpg 1153w\" sizes=\"auto, (max-width: 1441px) 100vw, 1441px\" \/><span aria-hidden=\"true\" class=\"wp-block-cover__background has-background-dim-0 has-background-dim\" style=\"background-color:#999b95\"><\/span><div class=\"wp-block-cover__inner-container has-global-padding is-layout-constrained wp-block-cover-is-layout-constrained\">\n<div class=\"wp-block-buttons is-content-justification-center is-layout-flex wp-container-core-buttons-is-layout-a89b3969 wp-block-buttons-is-layout-flex\"><\/div>\n<\/div><\/div>\n<\/div>\n\n\n\n<div class=\"wp-block-column is-layout-flow wp-block-column-is-layout-flow\" style=\"flex-basis:33.34%\">\n<div class=\"wp-block-cover is-light has-custom-content-position is-position-bottom-center container-propuesta\" style=\"border-radius:10px;min-height:250px;aspect-ratio:unset;\"><img loading=\"lazy\" decoding=\"async\" width=\"1441\" height=\"2560\" class=\"wp-block-cover__image-background wp-image-1382\" alt=\"\" src=\"https:\/\/www.usal.edu.ar\/medicina\/wp-content\/uploads\/sites\/10\/2024\/07\/IMG_20240730_155223283-scaled.jpg\" data-object-fit=\"cover\" srcset=\"https:\/\/www.usal.edu.ar\/medicina\/wp-content\/uploads\/sites\/10\/2024\/07\/IMG_20240730_155223283-scaled.jpg 1441w, https:\/\/www.usal.edu.ar\/medicina\/wp-content\/uploads\/sites\/10\/2024\/07\/IMG_20240730_155223283-169x300.jpg 169w, https:\/\/www.usal.edu.ar\/medicina\/wp-content\/uploads\/sites\/10\/2024\/07\/IMG_20240730_155223283-576x1024.jpg 576w, https:\/\/www.usal.edu.ar\/medicina\/wp-content\/uploads\/sites\/10\/2024\/07\/IMG_20240730_155223283-768x1365.jpg 768w, https:\/\/www.usal.edu.ar\/medicina\/wp-content\/uploads\/sites\/10\/2024\/07\/IMG_20240730_155223283-864x1536.jpg 864w, https:\/\/www.usal.edu.ar\/medicina\/wp-content\/uploads\/sites\/10\/2024\/07\/IMG_20240730_155223283-1153x2048.jpg 1153w\" sizes=\"auto, (max-width: 1441px) 100vw, 1441px\" \/><span aria-hidden=\"true\" class=\"wp-block-cover__background has-background-dim-0 has-background-dim\" style=\"background-color:#9ba0a0\"><\/span><div class=\"wp-block-cover__inner-container has-global-padding is-layout-constrained wp-block-cover-is-layout-constrained\">\n<div class=\"wp-block-buttons is-content-justification-center is-layout-flex wp-container-core-buttons-is-layout-a89b3969 wp-block-buttons-is-layout-flex\"><\/div>\n<\/div><\/div>\n<\/div>\n\n\n\n<div class=\"wp-block-column is-layout-flow wp-block-column-is-layout-flow\" style=\"flex-basis:33.33%\">\n<div class=\"wp-block-cover is-light has-custom-content-position is-position-bottom-center container-propuesta\" style=\"border-radius:10px;min-height:250px;aspect-ratio:unset;\"><img loading=\"lazy\" decoding=\"async\" width=\"1440\" height=\"2560\" class=\"wp-block-cover__image-background wp-image-1383\" alt=\"\" src=\"https:\/\/www.usal.edu.ar\/medicina\/wp-content\/uploads\/sites\/10\/2024\/07\/IMG_20240730_155244106-scaled.jpg\" data-object-fit=\"cover\" srcset=\"https:\/\/www.usal.edu.ar\/medicina\/wp-content\/uploads\/sites\/10\/2024\/07\/IMG_20240730_155244106-scaled.jpg 1440w, https:\/\/www.usal.edu.ar\/medicina\/wp-content\/uploads\/sites\/10\/2024\/07\/IMG_20240730_155244106-169x300.jpg 169w, https:\/\/www.usal.edu.ar\/medicina\/wp-content\/uploads\/sites\/10\/2024\/07\/IMG_20240730_155244106-576x1024.jpg 576w, https:\/\/www.usal.edu.ar\/medicina\/wp-content\/uploads\/sites\/10\/2024\/07\/IMG_20240730_155244106-768x1365.jpg 768w, https:\/\/www.usal.edu.ar\/medicina\/wp-content\/uploads\/sites\/10\/2024\/07\/IMG_20240730_155244106-864x1536.jpg 864w, https:\/\/www.usal.edu.ar\/medicina\/wp-content\/uploads\/sites\/10\/2024\/07\/IMG_20240730_155244106-1152x2048.jpg 1152w\" sizes=\"auto, (max-width: 1440px) 100vw, 1440px\" \/><span aria-hidden=\"true\" class=\"wp-block-cover__background has-background-dim-0 has-background-dim\" style=\"background-color:#949290\"><\/span><div class=\"wp-block-cover__inner-container has-global-padding is-layout-constrained wp-block-cover-is-layout-constrained\">\n<div class=\"wp-block-buttons is-content-justification-center is-layout-flex wp-container-core-buttons-is-layout-a89b3969 wp-block-buttons-is-layout-flex\"><\/div>\n<\/div><\/div>\n<\/div>\n<\/div>\n<\/div>\n<\/div>\n\n\n\n<div class=\"wp-block-group collapsible is-content-justification-left is-nowrap is-layout-flex wp-container-core-group-is-layout-2bddc4e0 wp-block-group-is-layout-flex\" style=\"border-bottom-color:var(--wp--preset--color--primary);border-bottom-width:3px;padding-top:10px;padding-right:10px;padding-bottom:10px;padding-left:10px\">\n<h5 class=\"wp-block-heading wp-container-content-9cfa9a5a\">Contacto<\/h5>\n<\/div>\n\n\n\n<div class=\"wp-block-group has-global-padding is-layout-constrained wp-block-group-is-layout-constrained\">\n<p><a href=\"mailto:aulasimualcion@usal.edu.ar\" target=\"_blank\" rel=\"noreferrer noopener\">aulasimualcion@usal.edu.ar<\/a>&nbsp;<\/p>\n<\/div>\n<\/div>\n","protected":false},"excerpt":{"rendered":"<p>Qui\u00e9nes somos Equipo Interdisciplinario&nbsp; Responsable del \u00c1rea&nbsp; Dra. Adriana V. Ingratta \u00a0Instructores del laboratorio de Simulaci\u00f3n : Setten, Mariano&nbsp; Bujan, Graciela&nbsp; Moi, Karin Morgada, Victoria&nbsp; Gomez, Beatriz Fernandez Nu\u00f1ez, Agust\u00edn Docentes invitados: Catalano, Hugo&nbsp; Toziano, Mariano&nbsp; Marissi, Sergio&nbsp; Cordero, Fernanda&nbsp; Bula, Alejandra Actividades Contacto aulasimualcion@usal.edu.ar&nbsp;<\/p>\n","protected":false},"author":5,"featured_media":0,"parent":0,"menu_order":0,"comment_status":"closed","ping_status":"closed","template":"","meta":{"_acf_changed":false,"footnotes":""},"class_list":["post-142","page","type-page","status-publish","hentry"],"acf":[],"_links":{"self":[{"href":"https:\/\/www.usal.edu.ar\/medicina\/wp-json\/wp\/v2\/pages\/142","targetHints":{"allow":["GET"]}}],"collection":[{"href":"https:\/\/www.usal.edu.ar\/medicina\/wp-json\/wp\/v2\/pages"}],"about":[{"href":"https:\/\/www.usal.edu.ar\/medicina\/wp-json\/wp\/v2\/types\/page"}],"author":[{"embeddable":true,"href":"https:\/\/www.usal.edu.ar\/medicina\/wp-json\/wp\/v2\/users\/5"}],"replies":[{"embeddable":true,"href":"https:\/\/www.usal.edu.ar\/medicina\/wp-json\/wp\/v2\/comments?post=142"}],"version-history":[{"count":9,"href":"https:\/\/www.usal.edu.ar\/medicina\/wp-json\/wp\/v2\/pages\/142\/revisions"}],"predecessor-version":[{"id":12182,"href":"https:\/\/www.usal.edu.ar\/medicina\/wp-json\/wp\/v2\/pages\/142\/revisions\/12182"}],"wp:attachment":[{"href":"https:\/\/www.usal.edu.ar\/medicina\/wp-json\/wp\/v2\/media?parent=142"}],"curies":[{"name":"wp","href":"https:\/\/api.w.org\/{rel}","templated":true}]}}