{"id":252,"date":"2024-06-19T15:48:57","date_gmt":"2024-06-19T18:48:57","guid":{"rendered":"https:\/\/www.usal.edu.ar\/medicina\/?page_id=252"},"modified":"2024-06-19T15:48:57","modified_gmt":"2024-06-19T18:48:57","slug":"objetivos-iar","status":"publish","type":"page","link":"https:\/\/www.usal.edu.ar\/medicina\/objetivos-iar\/","title":{"rendered":"Objetivos- IAR"},"content":{"rendered":"\n<p><\/p>\n\n\n\n<p>-Consolidad la actitud \u00e9tica y cristina en el desenvolvimiento de la pr\u00e1ctica m\u00e9dica, respetando la dignidad del ser humano en su totalidad.<br>-Consolidar y poner en pr\u00e1ctica los conocimientos, habilidades y destrezas adquiridos en el per\u00edodo anterior en los campos m\u00e1s generales de la atenci\u00f3n m\u00e9dica.<br>-Profundizar conocimientos en patolog\u00eda prevalentes y su prevenci\u00f3n, en cada una de las especialidades b\u00e1sicas citadas.<br>-Adoptar criterios de diagn\u00f3stico, pron\u00f3stico, tratamiento y\/o derivaci\u00f3n oportuna de acuerdo a las  caracter\u00edsticas del medio hospitalario.<br>-Llevar a cabo tareas de prevenci\u00f3n, promoci\u00f3n, protecci\u00f3n y educaci\u00f3n para la salud, en todas sus variables teniendo al grupo familiar como eje educativo, ya sea en el intramuros o en otros espacios comunitarios.<br>-Trabajar en equipos multidisciplinarios destinados a solucionar los problemas de salud de la poblaci\u00f3n.<\/p>\n","protected":false},"excerpt":{"rendered":"<p>-Consolidad la actitud \u00e9tica y cristina en el desenvolvimiento de la pr\u00e1ctica m\u00e9dica, respetando la dignidad del ser humano en su totalidad.-Consolidar y poner en pr\u00e1ctica los conocimientos, habilidades y destrezas adquiridos en el per\u00edodo anterior en los campos m\u00e1s generales de la atenci\u00f3n m\u00e9dica.-Profundizar conocimientos en patolog\u00eda prevalentes y su prevenci\u00f3n, en cada una [&hellip;]<\/p>\n","protected":false},"author":33,"featured_media":0,"parent":0,"menu_order":0,"comment_status":"closed","ping_status":"closed","template":"","meta":{"_acf_changed":false,"footnotes":""},"class_list":["post-252","page","type-page","status-publish","hentry"],"acf":[],"_links":{"self":[{"href":"https:\/\/www.usal.edu.ar\/medicina\/wp-json\/wp\/v2\/pages\/252","targetHints":{"allow":["GET"]}}],"collection":[{"href":"https:\/\/www.usal.edu.ar\/medicina\/wp-json\/wp\/v2\/pages"}],"about":[{"href":"https:\/\/www.usal.edu.ar\/medicina\/wp-json\/wp\/v2\/types\/page"}],"author":[{"embeddable":true,"href":"https:\/\/www.usal.edu.ar\/medicina\/wp-json\/wp\/v2\/users\/33"}],"replies":[{"embeddable":true,"href":"https:\/\/www.usal.edu.ar\/medicina\/wp-json\/wp\/v2\/comments?post=252"}],"version-history":[{"count":1,"href":"https:\/\/www.usal.edu.ar\/medicina\/wp-json\/wp\/v2\/pages\/252\/revisions"}],"predecessor-version":[{"id":253,"href":"https:\/\/www.usal.edu.ar\/medicina\/wp-json\/wp\/v2\/pages\/252\/revisions\/253"}],"wp:attachment":[{"href":"https:\/\/www.usal.edu.ar\/medicina\/wp-json\/wp\/v2\/media?parent=252"}],"curies":[{"name":"wp","href":"https:\/\/api.w.org\/{rel}","templated":true}]}}