{"id":7568,"date":"2025-03-26T11:14:05","date_gmt":"2025-03-26T14:14:05","guid":{"rendered":"https:\/\/www.usal.edu.ar\/medicina\/?page_id=7568"},"modified":"2026-03-27T14:28:27","modified_gmt":"2026-03-27T17:28:27","slug":"nivelacion-ingles","status":"publish","type":"page","link":"https:\/\/www.usal.edu.ar\/medicina\/nivelacion-ingles\/","title":{"rendered":"Nivelaci\u00f3n Ingl\u00e9s"},"content":{"rendered":"\n<p class=\"has-text-align-center\"><strong><span style=\"text-decoration: underline\">PAUTAS y CONDICIONES para la APROBACI\u00d3N de NIVELES DE IDIOMAS<\/span><\/strong><\/p>\n\n\n\n<p><strong><span style=\"text-decoration: underline\"><br><\/span><\/strong>CENTRO de IDIOMAS USAL, Escuela de Lenguas Modernas Ciclo lectivo 2025<br>El Centro de Idiomas es el que certifica el nivel de idioma de los alumnos mediante las evaluaciones<br>avaladas por la Escuela de Lenguas Modernas. No se aceptan certificados de otras instituciones como<br>validaci\u00f3n de nivel de idioma ingl\u00e9s en ning\u00fan caso.<br>EXAMEN DE NIVELACI\u00d3N<br>Todos los alumnos de Medicina deben rendir el test de nivel para poder acreditar la materia y\/o<br>cursar la que les corresponda, por lo que durante los meses de febrero y marzo habr\u00e1 fechas de<br>examen escrito y oral para cumplimentar dicha nivelaci\u00f3n en el Centro de Idiomas USAL de la Escuela<br>de Lenguas Modernas, sito en Lavalle 1854.<\/p>\n\n\n\n<p><br>&#8211; Una vez rendido el test de nivelaci\u00f3n:<br>\u00b7 El alumno que obtenga una nota inferior a siete (7), DEBER\u00c1 CURSAR la materia y RENDIR EL<br>EXAMEN FINAL. La cursada no es opcional.<br>\u00b7 En caso de obtener una nota superior a siete (7), s\u00f3lo deber\u00e1 rendir examen final.<br>\u00b7 En caso de obtener una calificaci\u00f3n de 9\/10, promocionar\u00e1 la materia.<\/p>\n\n\n\n<p><br>Requisitos para el test de nivelaci\u00f3n:<br>\u00b7 Todos los estudiantes deben inscribirse en el formulario gestionado por el Centro de Idiomas<br>y rendir el test de nivelaci\u00f3n en alguna de las fechas dispuestas.<br>Una vez realizado el test de nivelaci\u00f3n:<br>\u00b7 Cada estudiante ser\u00e1 asignado al nivel que corresponda seg\u00fan el resultado del test, se le<br>informar\u00e1 el nivel que ha alcanzado y si le corresponde cursar la materia, para lo que deber\u00e1<br>inscribirse a la misma en su Unidad Acad\u00e9mica. Para aprobar la materia deber\u00e1 rendir el<br>examen final en los llamados de noviembre\/diciembre, febrero\/marzo y julio. Para ello,<br>deber\u00e1 inscribirse al final de la materia en su facultad. (Con excepci\u00f3n de quienes hayan<br>obtenido calificaci\u00f3n superior a 9, que tendr\u00e1n promocionada la materia).<br>\u00b7 Cada facultad registrar\u00e1 la calificaci\u00f3n obtenida en el sistema acad\u00e9mico SIU<br>Guaran\u00ed.<\/p>\n\n\n\n<p><br>Si los alumnos tuvieran alg\u00fan inconveniente con los horarios o turnos de cursada propuestos en sus<br>facultades, podr\u00e1n inscribirse en otras instancias del idioma en su facultad o en otra, de acuerdo con<br>los horarios y d\u00edas vigentes, de acuerdo con los horarios que informen desde otras facultades, previa<br>autorizaci\u00f3n del Centro de Idiomas (idiomas@usal.edu.ar).<br>Para formalizar la inscripci\u00f3n a la asignatura correspondiente a su plan de estudios, deben dirigirse a<br>la Secretar\u00eda Administrativa de su facultad.<\/p>\n\n\n\n<p><a href=\"https:\/\/docs.google.com\/forms\/d\/e\/1FAIpQLSdwjSBdYYjKjkZRUCBYn_Z2xdFbrPGC1AWFsrWfcOJ78wXBcQ\/viewform\" data-type=\"page\" data-id=\"10736\"><strong>Inscripci\u00f3n nivelatorio noviembre<\/strong><\/a><\/p>\n\n\n\n<p><strong><a href=\"https:\/\/docs.google.com\/spreadsheets\/d\/15RGDdJKhKNmx2l6qVrcpfEIBpcaseLzc_f3_7rnhj8U\/edit?usp=sharing\" data-type=\"link\" data-id=\"https:\/\/docs.google.com\/spreadsheets\/d\/15RGDdJKhKNmx2l6qVrcpfEIBpcaseLzc_f3_7rnhj8U\/edit?usp=sharing\">Notas examen nivelatorio abril<\/a><\/strong><\/p>\n\n\n\n<p><strong><a href=\"https:\/\/docs.google.com\/spreadsheets\/d\/1Y-iIR-JjZV27waH-IPrXGWCPvmn-Tygugr5HRY3n13w\/edit?usp=sharing\" data-type=\"link\" data-id=\"https:\/\/docs.google.com\/spreadsheets\/d\/1Y-iIR-JjZV27waH-IPrXGWCPvmn-Tygugr5HRY3n13w\/edit?usp=sharing\">Notas examen nivelatorio marzo<\/a><\/strong><\/p>\n\n\n\n<p><strong><a href=\"https:\/\/docs.google.com\/spreadsheets\/d\/1Y-iIR-JjZV27waH-IPrXGWCPvmn-Tygugr5HRY3n13w\/edit?usp=sharing\" data-type=\"link\" data-id=\"https:\/\/docs.google.com\/spreadsheets\/d\/1Y-iIR-JjZV27waH-IPrXGWCPvmn-Tygugr5HRY3n13w\/edit?usp=sharing\">Notas examen nivelatorio mayo<\/a><\/strong><\/p>\n\n\n\n<p><a href=\"https:\/\/docs.google.com\/spreadsheets\/d\/1Y-iIR-JjZV27waH-IPrXGWCPvmn-Tygugr5HRY3n13w\/edit?usp=sharing\" data-type=\"link\" data-id=\"https:\/\/docs.google.com\/spreadsheets\/d\/1Y-iIR-JjZV27waH-IPrXGWCPvmn-Tygugr5HRY3n13w\/edit?usp=sharing\"><strong>Notas examen nivelatorio julio<\/strong><\/a><\/p>\n\n\n\n<p><a href=\"https:\/\/docs.google.com\/spreadsheets\/d\/1kXFUiH_XK-ViM_VddPuOi0E-3djOj5jxWA4LS73aPgg\/edit?usp=sharing\" data-type=\"link\" data-id=\"https:\/\/docs.google.com\/spreadsheets\/d\/1kXFUiH_XK-ViM_VddPuOi0E-3djOj5jxWA4LS73aPgg\/edit?usp=sharing\"><strong>Notas examen nivelatorio septiembre<\/strong><\/a><\/p>\n\n\n\n<p><strong><a href=\"https:\/\/docs.google.com\/spreadsheets\/d\/17NtCS4rfJ4wUciwgUJBrzc2CWF2p66xMZ9Vm_ODp30c\/edit?usp=drive_link\">Notas examen nivelatorio octubre<\/a><\/strong><\/p>\n\n\n\n<p><strong><a href=\"https:\/\/forms.gle\/MS3H2qx7MyXGuTRS7\" data-type=\"link\" data-id=\"https:\/\/forms.gle\/MS3H2qx7MyXGuTRS7\">Inscripci\u00f3n nivelatorio marzo 2026<\/a> (medicina)<\/strong><\/p>\n\n\n\n<p><strong><a href=\"https:\/\/forms.gle\/26ca1NzmrauRyd817\" data-type=\"link\" data-id=\"https:\/\/forms.gle\/26ca1NzmrauRyd817\">Inscripci\u00f3n nivelatorio marzo 2026 (Enfermer\u00eda y Terapia F\u00edsica y Ocupacional)<\/a><\/strong><\/p>\n\n\n\n<p><\/p>\n","protected":false},"excerpt":{"rendered":"<p>PAUTAS y CONDICIONES para la APROBACI\u00d3N de NIVELES DE IDIOMAS CENTRO de IDIOMAS USAL, Escuela de Lenguas Modernas Ciclo lectivo 2025El Centro de Idiomas es el que certifica el nivel de idioma de los alumnos mediante las evaluacionesavaladas por la Escuela de Lenguas Modernas. No se aceptan certificados de otras instituciones comovalidaci\u00f3n de nivel de [&hellip;]<\/p>\n","protected":false},"author":33,"featured_media":0,"parent":0,"menu_order":0,"comment_status":"closed","ping_status":"closed","template":"","meta":{"_acf_changed":false,"footnotes":""},"class_list":["post-7568","page","type-page","status-publish","hentry"],"acf":[],"_links":{"self":[{"href":"https:\/\/www.usal.edu.ar\/medicina\/wp-json\/wp\/v2\/pages\/7568","targetHints":{"allow":["GET"]}}],"collection":[{"href":"https:\/\/www.usal.edu.ar\/medicina\/wp-json\/wp\/v2\/pages"}],"about":[{"href":"https:\/\/www.usal.edu.ar\/medicina\/wp-json\/wp\/v2\/types\/page"}],"author":[{"embeddable":true,"href":"https:\/\/www.usal.edu.ar\/medicina\/wp-json\/wp\/v2\/users\/33"}],"replies":[{"embeddable":true,"href":"https:\/\/www.usal.edu.ar\/medicina\/wp-json\/wp\/v2\/comments?post=7568"}],"version-history":[{"count":15,"href":"https:\/\/www.usal.edu.ar\/medicina\/wp-json\/wp\/v2\/pages\/7568\/revisions"}],"predecessor-version":[{"id":17758,"href":"https:\/\/www.usal.edu.ar\/medicina\/wp-json\/wp\/v2\/pages\/7568\/revisions\/17758"}],"wp:attachment":[{"href":"https:\/\/www.usal.edu.ar\/medicina\/wp-json\/wp\/v2\/media?parent=7568"}],"curies":[{"name":"wp","href":"https:\/\/api.w.org\/{rel}","templated":true}]}}