{"id":14,"date":"2026-04-17T11:44:25","date_gmt":"2026-04-17T14:44:25","guid":{"rendered":"https:\/\/www.usal.edu.ar\/pilar\/?page_id=14"},"modified":"2026-04-21T11:39:19","modified_gmt":"2026-04-21T14:39:19","slug":"instalaciones","status":"publish","type":"page","link":"https:\/\/www.usal.edu.ar\/pilar\/instalaciones\/","title":{"rendered":"Instalaciones"},"content":{"rendered":"\n<p>El campus cuenta con <strong>cuatro pabellones<\/strong> destinados al dictado de clases, adem\u00e1s de un <strong>auditorio<\/strong>, <strong>biblioteca<\/strong>, <strong>hospital veterinario<\/strong> y una <strong>unidad de simulaci\u00f3n<\/strong>. Dispone tambi\u00e9n de un <strong>Centro Productivo y de Espacios Productivos y Experimentales<\/strong>, que complementan la formaci\u00f3n acad\u00e9mica con actividades pr\u00e1cticas. Como parte de su identidad institucional, el predio incluye la <strong>Capilla de Mam\u00e1 Antula<\/strong>.<\/p>\n\n\n\n<figure class=\"wp-block-gallery has-nested-images columns-2 is-cropped wp-block-gallery-1 is-layout-flex wp-block-gallery-is-layout-flex\">\n<figure class=\"wp-block-image size-large\"><img loading=\"lazy\" decoding=\"async\" width=\"1024\" height=\"683\" data-id=\"39\" src=\"https:\/\/www.usal.edu.ar\/pilar\/wp-content\/uploads\/sites\/24\/2026\/04\/W6A7964-HDR-1024x683.jpg\" alt=\"Campus Pilar\" class=\"wp-image-39\" srcset=\"https:\/\/www.usal.edu.ar\/pilar\/wp-content\/uploads\/sites\/24\/2026\/04\/W6A7964-HDR-1024x683.jpg 1024w, https:\/\/www.usal.edu.ar\/pilar\/wp-content\/uploads\/sites\/24\/2026\/04\/W6A7964-HDR-300x200.jpg 300w, https:\/\/www.usal.edu.ar\/pilar\/wp-content\/uploads\/sites\/24\/2026\/04\/W6A7964-HDR-768x512.jpg 768w, https:\/\/www.usal.edu.ar\/pilar\/wp-content\/uploads\/sites\/24\/2026\/04\/W6A7964-HDR-1536x1024.jpg 1536w, https:\/\/www.usal.edu.ar\/pilar\/wp-content\/uploads\/sites\/24\/2026\/04\/W6A7964-HDR.jpg 2048w\" sizes=\"auto, (max-width: 1024px) 100vw, 1024px\" \/><\/figure>\n\n\n\n<figure class=\"wp-block-image size-large\"><img loading=\"lazy\" decoding=\"async\" width=\"1024\" height=\"683\" data-id=\"41\" src=\"https:\/\/www.usal.edu.ar\/pilar\/wp-content\/uploads\/sites\/24\/2026\/04\/W6A8465-HDR-1024x683.jpg\" alt=\"Pabell\u00f3n 3 y 4\" class=\"wp-image-41\" srcset=\"https:\/\/www.usal.edu.ar\/pilar\/wp-content\/uploads\/sites\/24\/2026\/04\/W6A8465-HDR-1024x683.jpg 1024w, https:\/\/www.usal.edu.ar\/pilar\/wp-content\/uploads\/sites\/24\/2026\/04\/W6A8465-HDR-300x200.jpg 300w, https:\/\/www.usal.edu.ar\/pilar\/wp-content\/uploads\/sites\/24\/2026\/04\/W6A8465-HDR-768x512.jpg 768w, https:\/\/www.usal.edu.ar\/pilar\/wp-content\/uploads\/sites\/24\/2026\/04\/W6A8465-HDR-1536x1024.jpg 1536w, https:\/\/www.usal.edu.ar\/pilar\/wp-content\/uploads\/sites\/24\/2026\/04\/W6A8465-HDR.jpg 2048w\" sizes=\"auto, (max-width: 1024px) 100vw, 1024px\" \/><\/figure>\n\n\n\n<figure class=\"wp-block-image size-full\"><img loading=\"lazy\" decoding=\"async\" width=\"2048\" height=\"1365\" data-id=\"38\" src=\"https:\/\/www.usal.edu.ar\/pilar\/wp-content\/uploads\/sites\/24\/2026\/04\/W6A8021-HDR.jpg\" alt=\"\" class=\"wp-image-38\" srcset=\"https:\/\/www.usal.edu.ar\/pilar\/wp-content\/uploads\/sites\/24\/2026\/04\/W6A8021-HDR.jpg 2048w, https:\/\/www.usal.edu.ar\/pilar\/wp-content\/uploads\/sites\/24\/2026\/04\/W6A8021-HDR-300x200.jpg 300w, https:\/\/www.usal.edu.ar\/pilar\/wp-content\/uploads\/sites\/24\/2026\/04\/W6A8021-HDR-1024x683.jpg 1024w, https:\/\/www.usal.edu.ar\/pilar\/wp-content\/uploads\/sites\/24\/2026\/04\/W6A8021-HDR-768x512.jpg 768w, https:\/\/www.usal.edu.ar\/pilar\/wp-content\/uploads\/sites\/24\/2026\/04\/W6A8021-HDR-1536x1024.jpg 1536w\" sizes=\"auto, (max-width: 2048px) 100vw, 2048px\" \/><\/figure>\n\n\n\n<figure class=\"wp-block-image size-large\"><img loading=\"lazy\" decoding=\"async\" width=\"1024\" height=\"442\" data-id=\"40\" src=\"https:\/\/www.usal.edu.ar\/pilar\/wp-content\/uploads\/sites\/24\/2026\/04\/W6A8248-Pano-HDR-1024x442.jpg\" alt=\"Biblioteca\" class=\"wp-image-40\" srcset=\"https:\/\/www.usal.edu.ar\/pilar\/wp-content\/uploads\/sites\/24\/2026\/04\/W6A8248-Pano-HDR-1024x442.jpg 1024w, https:\/\/www.usal.edu.ar\/pilar\/wp-content\/uploads\/sites\/24\/2026\/04\/W6A8248-Pano-HDR-300x129.jpg 300w, https:\/\/www.usal.edu.ar\/pilar\/wp-content\/uploads\/sites\/24\/2026\/04\/W6A8248-Pano-HDR-768x331.jpg 768w, https:\/\/www.usal.edu.ar\/pilar\/wp-content\/uploads\/sites\/24\/2026\/04\/W6A8248-Pano-HDR-1536x662.jpg 1536w, https:\/\/www.usal.edu.ar\/pilar\/wp-content\/uploads\/sites\/24\/2026\/04\/W6A8248-Pano-HDR.jpg 2048w\" sizes=\"auto, (max-width: 1024px) 100vw, 1024px\" \/><\/figure>\n<\/figure>\n\n\n\n<div class=\"wp-block-group has-global-padding is-layout-constrained wp-block-group-is-layout-constrained\">\n<div class=\"wp-block-group titulo1 has-global-padding is-layout-constrained wp-block-group-is-layout-constrained\" style=\"margin-top:var(--wp--preset--spacing--30);margin-bottom:var(--wp--preset--spacing--30)\">\n<h4 class=\"wp-block-heading has-text-align-center\" style=\"font-style:normal;font-weight:600;letter-spacing:-1.5px\">Hospital Universitario San Francisco de As\u00eds<\/h4>\n\n\n\n<hr class=\"wp-block-separator has-text-color has-primary-color has-alpha-channel-opacity has-primary-background-color has-background linea-base-titulo\" style=\"margin-bottom:var(--wp--preset--spacing--30)\" \/>\n<\/div>\n\n\n\n<p class=\"has-small-font-size\" style=\"margin-top:0;margin-bottom:5px\">Espacio central para la formaci\u00f3n cl\u00ednica del <strong>M\u00e9dico Veterinario<\/strong>, con actividades pr\u00e1cticas supervisadas, rotaciones y concurrencias de estudiantes por los servicios y especialidades y atenci\u00f3n a la comunidad.<\/p>\n\n\n\n<p class=\"has-small-font-size\" style=\"margin-top:0;margin-bottom:5px\"><a href=\"https:\/\/www.usal.edu.ar\/fcayv\/hospital-escuela\/\" target=\"_blank\" rel=\"noreferrer noopener\">Conoc\u00e9 m\u00e1s<\/a><\/p>\n\n\n\n<figure class=\"wp-block-gallery has-nested-images columns-default is-cropped wp-block-gallery-2 is-layout-flex wp-block-gallery-is-layout-flex\">\n<figure class=\"wp-block-image size-large\" style=\"margin-top:0;margin-right:0;margin-bottom:0;margin-left:0\"><img loading=\"lazy\" decoding=\"async\" width=\"1024\" height=\"768\" data-id=\"53\" src=\"https:\/\/www.usal.edu.ar\/pilar\/wp-content\/uploads\/sites\/24\/2026\/04\/Hospital-Veterinario-1-1.jpeg\" alt=\"\" class=\"wp-image-53\" style=\"aspect-ratio:3\/2\" srcset=\"https:\/\/www.usal.edu.ar\/pilar\/wp-content\/uploads\/sites\/24\/2026\/04\/Hospital-Veterinario-1-1.jpeg 1024w, https:\/\/www.usal.edu.ar\/pilar\/wp-content\/uploads\/sites\/24\/2026\/04\/Hospital-Veterinario-1-1-300x225.jpeg 300w, https:\/\/www.usal.edu.ar\/pilar\/wp-content\/uploads\/sites\/24\/2026\/04\/Hospital-Veterinario-1-1-768x576.jpeg 768w\" sizes=\"auto, (max-width: 1024px) 100vw, 1024px\" \/><\/figure>\n\n\n\n<figure class=\"wp-block-image size-large\"><img loading=\"lazy\" decoding=\"async\" width=\"1024\" height=\"683\" data-id=\"45\" src=\"https:\/\/www.usal.edu.ar\/pilar\/wp-content\/uploads\/sites\/24\/2026\/04\/W6A8144-HDR-1024x683.jpg\" alt=\"\" class=\"wp-image-45\" style=\"aspect-ratio:3\/2\" srcset=\"https:\/\/www.usal.edu.ar\/pilar\/wp-content\/uploads\/sites\/24\/2026\/04\/W6A8144-HDR-1024x683.jpg 1024w, https:\/\/www.usal.edu.ar\/pilar\/wp-content\/uploads\/sites\/24\/2026\/04\/W6A8144-HDR-300x200.jpg 300w, https:\/\/www.usal.edu.ar\/pilar\/wp-content\/uploads\/sites\/24\/2026\/04\/W6A8144-HDR-768x512.jpg 768w, https:\/\/www.usal.edu.ar\/pilar\/wp-content\/uploads\/sites\/24\/2026\/04\/W6A8144-HDR-1536x1024.jpg 1536w, https:\/\/www.usal.edu.ar\/pilar\/wp-content\/uploads\/sites\/24\/2026\/04\/W6A8144-HDR.jpg 2048w\" sizes=\"auto, (max-width: 1024px) 100vw, 1024px\" \/><\/figure>\n<\/figure>\n<\/div>\n\n\n\n<div class=\"wp-block-group has-global-padding is-layout-constrained wp-block-group-is-layout-constrained\">\n<div class=\"wp-block-group titulo1 has-global-padding is-layout-constrained wp-block-group-is-layout-constrained\" style=\"margin-top:var(--wp--preset--spacing--30);margin-bottom:var(--wp--preset--spacing--30)\">\n<h4 class=\"wp-block-heading has-text-align-center\" style=\"margin-top:0;margin-right:0;margin-bottom:0;margin-left:0;font-style:normal;font-weight:600;letter-spacing:-1.5px\">Unidad de Simulaci\u00f3n<\/h4>\n\n\n\n<hr class=\"wp-block-separator has-text-color has-primary-color has-alpha-channel-opacity has-primary-background-color has-background linea-base-titulo\" style=\"margin-bottom:var(--wp--preset--spacing--50)\" \/>\n\n\n\n<p class=\"has-small-font-size\">Espacio innovador destinado al entrenamiento progresivo de habilidades cl\u00ednicas y quir\u00fargicas en un entorno controlado. A trav\u00e9s de <strong>simuladores y escenarios dise\u00f1ados<\/strong>, permite a los estudiantes practicar maniobras, tomar decisiones y trabajar en equipo, integrando el error como parte del aprendizaje, fortaleciendo la seguridad del estudiante y el bienestar animal.<\/p>\n\n\n\n<p><a href=\"https:\/\/www.usal.edu.ar\/fcayv\/unidad-simulacion-veterinaria\/\">Conoc\u00e9 m\u00e1s<\/a><\/p>\n\n\n\n<div style=\"height:20px\" aria-hidden=\"true\" class=\"wp-block-spacer\"><\/div>\n\n\n\n<figure class=\"wp-block-gallery has-nested-images columns-default is-cropped wp-block-gallery-3 is-layout-flex wp-block-gallery-is-layout-flex\">\n<figure class=\"wp-block-image size-large\"><img loading=\"lazy\" decoding=\"async\" width=\"768\" height=\"1024\" data-id=\"63\" src=\"https:\/\/www.usal.edu.ar\/pilar\/wp-content\/uploads\/sites\/24\/2026\/04\/Unidad-de-simulacion1.jpeg\" alt=\"\" class=\"wp-image-63\" srcset=\"https:\/\/www.usal.edu.ar\/pilar\/wp-content\/uploads\/sites\/24\/2026\/04\/Unidad-de-simulacion1.jpeg 768w, https:\/\/www.usal.edu.ar\/pilar\/wp-content\/uploads\/sites\/24\/2026\/04\/Unidad-de-simulacion1-225x300.jpeg 225w\" sizes=\"auto, (max-width: 768px) 100vw, 768px\" \/><\/figure>\n\n\n\n<figure class=\"wp-block-image size-full\"><img loading=\"lazy\" decoding=\"async\" width=\"1599\" height=\"1200\" data-id=\"62\" src=\"https:\/\/www.usal.edu.ar\/pilar\/wp-content\/uploads\/sites\/24\/2026\/04\/Unidaddesimulacion2.jpg\" alt=\"\" class=\"wp-image-62\" srcset=\"https:\/\/www.usal.edu.ar\/pilar\/wp-content\/uploads\/sites\/24\/2026\/04\/Unidaddesimulacion2.jpg 1599w, https:\/\/www.usal.edu.ar\/pilar\/wp-content\/uploads\/sites\/24\/2026\/04\/Unidaddesimulacion2-300x225.jpg 300w, https:\/\/www.usal.edu.ar\/pilar\/wp-content\/uploads\/sites\/24\/2026\/04\/Unidaddesimulacion2-1024x768.jpg 1024w, https:\/\/www.usal.edu.ar\/pilar\/wp-content\/uploads\/sites\/24\/2026\/04\/Unidaddesimulacion2-768x576.jpg 768w, https:\/\/www.usal.edu.ar\/pilar\/wp-content\/uploads\/sites\/24\/2026\/04\/Unidaddesimulacion2-1536x1153.jpg 1536w\" sizes=\"auto, (max-width: 1599px) 100vw, 1599px\" \/><\/figure>\n\n\n\n<figure class=\"wp-block-image size-large\"><img loading=\"lazy\" decoding=\"async\" width=\"360\" height=\"480\" data-id=\"61\" src=\"https:\/\/www.usal.edu.ar\/pilar\/wp-content\/uploads\/sites\/24\/2026\/04\/Unidaddesimulacion3.jpeg\" alt=\"\" class=\"wp-image-61\" srcset=\"https:\/\/www.usal.edu.ar\/pilar\/wp-content\/uploads\/sites\/24\/2026\/04\/Unidaddesimulacion3.jpeg 360w, https:\/\/www.usal.edu.ar\/pilar\/wp-content\/uploads\/sites\/24\/2026\/04\/Unidaddesimulacion3-225x300.jpeg 225w\" sizes=\"auto, (max-width: 360px) 100vw, 360px\" \/><\/figure>\n<\/figure>\n<\/div>\n<\/div>\n\n\n\n<div class=\"wp-block-group has-global-padding is-layout-constrained wp-container-core-group-is-layout-4897f5cc wp-block-group-is-layout-constrained\" style=\"margin-top:0;margin-bottom:0;padding-top:0;padding-bottom:0\">\n<div class=\"wp-block-group titulo1 has-global-padding is-layout-constrained wp-container-core-group-is-layout-0323a4a3 wp-block-group-is-layout-constrained\" style=\"margin-top:var(--wp--preset--spacing--30);margin-bottom:var(--wp--preset--spacing--30)\">\n<h4 class=\"wp-block-heading has-text-align-center\" style=\"font-style:normal;font-weight:600;letter-spacing:-1.5px\">Capilla de Mam\u00e1 Antula<\/h4>\n\n\n\n<hr class=\"wp-block-separator has-text-color has-primary-color has-alpha-channel-opacity has-primary-background-color has-background linea-base-titulo\" style=\"margin-bottom:var(--wp--preset--spacing--30)\" \/>\n<\/div>\n\n\n\n<p class=\"has-small-font-size\" style=\"margin-top:0;margin-bottom:0\">Constituye un espacio de <strong>oraci\u00f3n, reflexi\u00f3n, celebraci\u00f3n y encuentro espiritual<\/strong>. Fue dise\u00f1ada por el Arq. Clorindo Testa desde los or\u00edgenes del proyecto del Campus.<\/p>\n\n\n\n<p class=\"has-small-font-size\" style=\"margin-top:0;margin-bottom:0\"><br>En la Capilla Santa Mama Antula, se celebran Misas de forma semanal donde toda la comunidad universitaria se re\u00fane para compartir la oraci\u00f3n. Tambi\u00e9n se celebran otros sacramentos como Bautismos, Comuniones y Confirmaciones para los miembros de la comunidad que est\u00e9n buscando recibir y profundizar la fe.<\/p>\n\n\n\n<div style=\"height:10px\" aria-hidden=\"true\" class=\"wp-block-spacer\"><\/div>\n\n\n\n<p class=\"has-small-font-size\" style=\"margin-top:0;margin-bottom:0\">Finalmente, destacamos que contamos en el interior de la Capilla con una reliquia de primer grado de Santa Mama Antula, donada por el Rector de la Universidad del Salvador, Carlos I. Salvadores de Arzuaga, para la veneraci\u00f3n de toda la comunidad.<\/p>\n\n\n\n<div style=\"height:10px\" aria-hidden=\"true\" class=\"wp-block-spacer\"><\/div>\n\n\n\n<figure class=\"wp-block-gallery has-nested-images columns-default is-cropped wp-block-gallery-4 is-layout-flex wp-block-gallery-is-layout-flex\">\n<figure class=\"wp-block-image size-large\"><img loading=\"lazy\" decoding=\"async\" width=\"768\" height=\"1024\" data-id=\"85\" src=\"https:\/\/www.usal.edu.ar\/pilar\/wp-content\/uploads\/sites\/24\/2026\/04\/IMG_0643-1-768x1024.jpg\" alt=\"\" class=\"wp-image-85\" srcset=\"https:\/\/www.usal.edu.ar\/pilar\/wp-content\/uploads\/sites\/24\/2026\/04\/IMG_0643-1-768x1024.jpg 768w, https:\/\/www.usal.edu.ar\/pilar\/wp-content\/uploads\/sites\/24\/2026\/04\/IMG_0643-1-225x300.jpg 225w, https:\/\/www.usal.edu.ar\/pilar\/wp-content\/uploads\/sites\/24\/2026\/04\/IMG_0643-1-1152x1536.jpg 1152w, https:\/\/www.usal.edu.ar\/pilar\/wp-content\/uploads\/sites\/24\/2026\/04\/IMG_0643-1-1536x2048.jpg 1536w, https:\/\/www.usal.edu.ar\/pilar\/wp-content\/uploads\/sites\/24\/2026\/04\/IMG_0643-1-scaled.jpg 1920w\" sizes=\"auto, (max-width: 768px) 100vw, 768px\" \/><\/figure>\n\n\n\n<figure class=\"wp-block-image size-large\"><img loading=\"lazy\" decoding=\"async\" width=\"768\" height=\"1024\" data-id=\"86\" src=\"https:\/\/www.usal.edu.ar\/pilar\/wp-content\/uploads\/sites\/24\/2026\/04\/IMG_0634-768x1024.jpg\" alt=\"\" class=\"wp-image-86\" srcset=\"https:\/\/www.usal.edu.ar\/pilar\/wp-content\/uploads\/sites\/24\/2026\/04\/IMG_0634-768x1024.jpg 768w, https:\/\/www.usal.edu.ar\/pilar\/wp-content\/uploads\/sites\/24\/2026\/04\/IMG_0634-225x300.jpg 225w, https:\/\/www.usal.edu.ar\/pilar\/wp-content\/uploads\/sites\/24\/2026\/04\/IMG_0634-1152x1536.jpg 1152w, https:\/\/www.usal.edu.ar\/pilar\/wp-content\/uploads\/sites\/24\/2026\/04\/IMG_0634-1536x2048.jpg 1536w, https:\/\/www.usal.edu.ar\/pilar\/wp-content\/uploads\/sites\/24\/2026\/04\/IMG_0634-scaled.jpg 1920w\" sizes=\"auto, (max-width: 768px) 100vw, 768px\" \/><\/figure>\n\n\n\n<figure class=\"wp-block-image size-large\"><img loading=\"lazy\" decoding=\"async\" width=\"768\" height=\"1024\" data-id=\"84\" src=\"https:\/\/www.usal.edu.ar\/pilar\/wp-content\/uploads\/sites\/24\/2026\/04\/IMG_0630-768x1024.jpg\" alt=\"\" class=\"wp-image-84\" srcset=\"https:\/\/www.usal.edu.ar\/pilar\/wp-content\/uploads\/sites\/24\/2026\/04\/IMG_0630-768x1024.jpg 768w, https:\/\/www.usal.edu.ar\/pilar\/wp-content\/uploads\/sites\/24\/2026\/04\/IMG_0630-225x300.jpg 225w, https:\/\/www.usal.edu.ar\/pilar\/wp-content\/uploads\/sites\/24\/2026\/04\/IMG_0630-1152x1536.jpg 1152w, https:\/\/www.usal.edu.ar\/pilar\/wp-content\/uploads\/sites\/24\/2026\/04\/IMG_0630-1536x2048.jpg 1536w, https:\/\/www.usal.edu.ar\/pilar\/wp-content\/uploads\/sites\/24\/2026\/04\/IMG_0630-scaled.jpg 1920w\" sizes=\"auto, (max-width: 768px) 100vw, 768px\" \/><\/figure>\n<\/figure>\n<\/div>\n","protected":false},"excerpt":{"rendered":"<p>El campus cuenta con cuatro pabellones destinados al dictado de clases, adem\u00e1s de un auditorio, biblioteca, hospital veterinario y una unidad de simulaci\u00f3n. Dispone tambi\u00e9n de un Centro Productivo y de Espacios Productivos y Experimentales, que complementan la formaci\u00f3n acad\u00e9mica con actividades pr\u00e1cticas. Como parte de su identidad institucional, el predio incluye la Capilla de [&hellip;]<\/p>\n","protected":false},"author":5,"featured_media":0,"parent":0,"menu_order":0,"comment_status":"closed","ping_status":"closed","template":"","meta":{"footnotes":""},"class_list":["post-14","page","type-page","status-publish","hentry"],"_links":{"self":[{"href":"https:\/\/www.usal.edu.ar\/pilar\/wp-json\/wp\/v2\/pages\/14","targetHints":{"allow":["GET"]}}],"collection":[{"href":"https:\/\/www.usal.edu.ar\/pilar\/wp-json\/wp\/v2\/pages"}],"about":[{"href":"https:\/\/www.usal.edu.ar\/pilar\/wp-json\/wp\/v2\/types\/page"}],"author":[{"embeddable":true,"href":"https:\/\/www.usal.edu.ar\/pilar\/wp-json\/wp\/v2\/users\/5"}],"replies":[{"embeddable":true,"href":"https:\/\/www.usal.edu.ar\/pilar\/wp-json\/wp\/v2\/comments?post=14"}],"version-history":[{"count":42,"href":"https:\/\/www.usal.edu.ar\/pilar\/wp-json\/wp\/v2\/pages\/14\/revisions"}],"predecessor-version":[{"id":96,"href":"https:\/\/www.usal.edu.ar\/pilar\/wp-json\/wp\/v2\/pages\/14\/revisions\/96"}],"wp:attachment":[{"href":"https:\/\/www.usal.edu.ar\/pilar\/wp-json\/wp\/v2\/media?parent=14"}],"curies":[{"name":"wp","href":"https:\/\/api.w.org\/{rel}","templated":true}]}}