{"id":8,"date":"2026-04-17T11:38:40","date_gmt":"2026-04-17T14:38:40","guid":{"rendered":"https:\/\/www.usal.edu.ar\/pilar\/?page_id=8"},"modified":"2026-04-24T17:57:36","modified_gmt":"2026-04-24T20:57:36","slug":"campus-nuestra-senora-del-pilar","status":"publish","type":"page","link":"https:\/\/www.usal.edu.ar\/pilar\/","title":{"rendered":"Campus Nuestra Se\u00f1ora del Pilar"},"content":{"rendered":"\n<p>El Campus Nuestra Se\u00f1ora del Pilar es el campus universitario de la Universidad del Salvador (USAL), ubicado en el partido de Pilar, provincia de Buenos Aires, Argentina. Este campus forma parte del sistema acad\u00e9mico de la Universidad del Salvador, una instituci\u00f3n privada de educaci\u00f3n superior reconocida por su enfoque en la formaci\u00f3n integral, la investigaci\u00f3n cient\u00edfica y la educaci\u00f3n humanista<\/p>\n\n\n\n<p>El <strong>campus<\/strong> fue concebido como un espacio universitario dise\u00f1ado para favorecer la educaci\u00f3n personalizada, la vida acad\u00e9mica en comunidad y la integraci\u00f3n entre docencia, investigaci\u00f3n y servicio a la sociedad..<\/p>\n\n\n\n<div class=\"wp-block-group titulo1 has-global-padding is-layout-constrained wp-block-group-is-layout-constrained\" style=\"margin-top:var(--wp--preset--spacing--30);margin-bottom:var(--wp--preset--spacing--30)\">\n<h3 class=\"wp-block-heading has-text-align-center\" style=\"font-style:normal;font-weight:600;letter-spacing:-1.5px\">\u00bfQu\u00e9 es el Campus Nuestra Se\u00f1ora del Pilar?<\/h3>\n\n\n\n<hr class=\"wp-block-separator has-text-color has-primary-color has-alpha-channel-opacity has-primary-background-color has-background linea-base-titulo\" style=\"margin-bottom:var(--wp--preset--spacing--30)\" \/>\n<\/div>\n\n\n\n<p>El <strong>Campus Nuestra Se\u00f1ora del Pilar de la Universidad del Salvador<\/strong> es un complejo educativo universitario que re\u00fane infraestructura acad\u00e9mica, espacios de investigaci\u00f3n y \u00e1reas dedicadas a la formaci\u00f3n de estudiantes en distintas disciplinas.<\/p>\n\n\n\n<p>El modelo de campus universitario permite desarrollar una <strong>experiencia educativa integral<\/strong>, donde estudiantes, docentes e investigadores comparten un entorno acad\u00e9mico que facilita la interacci\u00f3n, el aprendizaje y la producci\u00f3n de conocimiento.<\/p>\n\n\n\n<div class=\"wp-block-group titulo1 has-global-padding is-layout-constrained wp-block-group-is-layout-constrained\" style=\"margin-top:var(--wp--preset--spacing--30);margin-bottom:var(--wp--preset--spacing--30)\">\n<h3 class=\"wp-block-heading has-text-align-center\" style=\"font-style:normal;font-weight:600;letter-spacing:-1.5px\">\u00bfD\u00f3nde se encuentra el Campus Nuestra Se\u00f1ora del Pilar de la USAL?<\/h3>\n\n\n\n<hr class=\"wp-block-separator has-text-color has-primary-color has-alpha-channel-opacity has-primary-background-color has-background linea-base-titulo\" style=\"margin-bottom:var(--wp--preset--spacing--30)\" \/>\n<\/div>\n\n\n\n<p>Se encuentra en el partido de Pilar, provincia de Buenos Aires, Argentina, una zona ubicada al norte de la Ciudad de Buenos Aires.<\/p>\n\n\n\n<p>El campus fue construido en un \u00e1rea que anteriormente estaba compuesta por <strong>tierras anegadizas<\/strong>, que con el desarrollo del proyecto universitario fueron transformadas en un espacio destinado a la educaci\u00f3n superior y la investigaci\u00f3n acad\u00e9mica.<\/p>\n\n\n\n<p>En las afueras de la ciudad bonaerense de Pilar, donde a\u00f1os atr\u00e1s solo hab\u00eda <strong>tierras anegadizas<\/strong>, se alza ahora el complejo educativo \u00abNuestra Se\u00f1ora del Pilar\u00bb de la Universidad del Salvador (USAL), primer campus universitario del pa\u00eds orientado a la formaci\u00f3n integral y a la educaci\u00f3n personalizada.<\/p>\n\n\n\n<p>La piedra fundamental del Campus fue colocada el 15 de agosto de 1987 en una ceremonia presidida por el anterior rector de la Universidad, doctor Juan A Tob\u00edas, y bendecida por el extinto rector em\u00e9rito y cofundador de esa casa, R. P. Ismael Quiles, S. J. Los objetivos del campus se corresponden con los fundacionales de la Universidad del Salvador: formaci\u00f3n integral, investigaci\u00f3n cient\u00edfica y docencia superior, orientados a la prestaci\u00f3n de un servicio a la sociedad y poniendo el acento en la intensidad e integraci\u00f3n propias del campus.<\/p>\n\n\n\n<div class=\"wp-block-group alignfull is-layout-flow wp-block-group-is-layout-flow\" style=\"padding-top:0;padding-bottom:0\">\n<div class=\"wp-block-group has-global-padding is-layout-constrained wp-block-group-is-layout-constrained\" style=\"margin-top:var(--wp--preset--spacing--30);margin-bottom:var(--wp--preset--spacing--30)\">\n<h2 class=\"wp-block-heading has-text-align-center\" style=\"font-style:normal;font-weight:600;letter-spacing:-2px\">Novedades<\/h2>\n\n\n\n<hr class=\"wp-block-separator has-text-color has-alpha-channel-opacity has-background linea-base-titulo\" style=\"margin-bottom:var(--wp--preset--spacing--30);background-color:#007c85;color:#007c85\" \/>\n<\/div>\n\n\n\r\n<section class=\"novedades splide\" data-splide='{\"type\":\"slide\"}' aria-label=\"Slider de Novedades\">\r\n  <div class=\"splide__track\">\r\n\t<ul class=\"splide__list\"><li class=\"splide__slide\"><div class=\"novedad-container\" data-link=\"https:\/\/www.usal.edu.ar\/pilar\/misas-2026\/\"><div class=\"img-container\"><img decoding=\"async\" loading=\"lazy\" class=\"novedad-img\" src=\"https:\/\/www.usal.edu.ar\/pilar\/wp-content\/uploads\/sites\/24\/2026\/04\/Misas_Campus-2-1.jpeg\"><\/div><div class=\"titulo-container\"><p class=\"titulo\">Misas 2026<\/p><\/div><\/div><\/li><li class=\"splide__slide\"><div class=\"novedad-container\" data-link=\"https:\/\/www.usal.edu.ar\/pilar\/hola-mundo\/\"><div class=\"img-container\"><img decoding=\"async\" loading=\"lazy\" class=\"novedad-img\" src=\"https:\/\/www.usal.edu.ar\/pilar\/wp-content\/uploads\/sites\/24\/2026\/04\/FlyerInauguracionCapillaSantaMamaAntula_2-2-1.jpg\"><\/div><div class=\"titulo-container\"><p class=\"titulo\">Capilla \"Santa Mama Antula\"<\/p><\/div><\/div><\/li>\r\n\t<\/ul>\r\n  <\/div>\r\n<\/section>\r\n\t\n<\/div>\n","protected":false},"excerpt":{"rendered":"<p>El Campus Nuestra Se\u00f1ora del Pilar es el campus universitario de la Universidad del Salvador (USAL), ubicado en el partido de Pilar, provincia de Buenos Aires, Argentina. Este campus forma parte del sistema acad\u00e9mico de la Universidad del Salvador, una instituci\u00f3n privada de educaci\u00f3n superior reconocida por su enfoque en la formaci\u00f3n integral, la investigaci\u00f3n [&hellip;]<\/p>\n","protected":false},"author":5,"featured_media":36,"parent":0,"menu_order":0,"comment_status":"closed","ping_status":"closed","template":"","meta":{"footnotes":""},"class_list":["post-8","page","type-page","status-publish","has-post-thumbnail","hentry"],"_links":{"self":[{"href":"https:\/\/www.usal.edu.ar\/pilar\/wp-json\/wp\/v2\/pages\/8","targetHints":{"allow":["GET"]}}],"collection":[{"href":"https:\/\/www.usal.edu.ar\/pilar\/wp-json\/wp\/v2\/pages"}],"about":[{"href":"https:\/\/www.usal.edu.ar\/pilar\/wp-json\/wp\/v2\/types\/page"}],"author":[{"embeddable":true,"href":"https:\/\/www.usal.edu.ar\/pilar\/wp-json\/wp\/v2\/users\/5"}],"replies":[{"embeddable":true,"href":"https:\/\/www.usal.edu.ar\/pilar\/wp-json\/wp\/v2\/comments?post=8"}],"version-history":[{"count":4,"href":"https:\/\/www.usal.edu.ar\/pilar\/wp-json\/wp\/v2\/pages\/8\/revisions"}],"predecessor-version":[{"id":101,"href":"https:\/\/www.usal.edu.ar\/pilar\/wp-json\/wp\/v2\/pages\/8\/revisions\/101"}],"wp:featuredmedia":[{"embeddable":true,"href":"https:\/\/www.usal.edu.ar\/pilar\/wp-json\/wp\/v2\/media\/36"}],"wp:attachment":[{"href":"https:\/\/www.usal.edu.ar\/pilar\/wp-json\/wp\/v2\/media?parent=8"}],"curies":[{"name":"wp","href":"https:\/\/api.w.org\/{rel}","templated":true}]}}