{"id":5,"date":"2024-06-25T14:20:12","date_gmt":"2024-06-25T17:20:12","guid":{"rendered":"https:\/\/www.usal.edu.ar\/psico\/?page_id=5"},"modified":"2024-07-12T19:47:31","modified_gmt":"2024-07-12T22:47:31","slug":"facultad-de-psicologia-y-psicopedagogia","status":"publish","type":"page","link":"https:\/\/www.usal.edu.ar\/psico\/","title":{"rendered":"Facultad de Psicolog\u00eda y Psicopedagog\u00eda"},"content":{"rendered":"\n<div class=\"wp-block-group has-global-padding is-layout-constrained wp-block-group-is-layout-constrained\">\n<div class=\"wp-block-group is-layout-flow wp-container-core-group-is-layout-3c5488f2 wp-block-group-is-layout-flow\" style=\"margin-top:0;padding-top:0;padding-right:0;padding-bottom:0;padding-left:0\">\n<div class=\"wp-block-group has-global-padding is-layout-constrained wp-block-group-is-layout-constrained\" style=\"margin-top:var(--wp--preset--spacing--30);margin-bottom:var(--wp--preset--spacing--30)\">\n<h2 class=\"wp-block-heading has-text-align-center\" style=\"font-style:normal;font-weight:600;letter-spacing:-2px\">Carreras de Grado<\/h2>\n\n\n\n<hr class=\"wp-block-separator has-text-color has-secondary-color has-alpha-channel-opacity has-secondary-background-color has-background linea-base-titulo\" style=\"margin-bottom:var(--wp--preset--spacing--30)\"\/>\n<\/div>\n\n\n<div class=\"propuestas-wrapper\" style=\"background-color: 0F;\"><div class=\"propuesta-item clickeable\"><div class=\"propuesta_nombre\"><a href=\"https:\/\/www.usal.edu.ar\/psico\/propuesta\/licenciatura-en-arte-dramatico\/\" target=\"_blank\">Licenciatura en Arte Dram\u00e1tico<\/a><\/div><div class='propuesta_tipos'>   <\/div><\/div><div class=\"propuesta-item clickeable\"><div class=\"propuesta_nombre\"><a href=\"https:\/\/www.usal.edu.ar\/psico\/propuesta\/licenciatura-en-educacion-inicial\/\" target=\"_blank\">Licenciatura en Educaci\u00f3n Inicial<\/a><\/div><div class='propuesta_tipos'>   <\/div><\/div><div class=\"propuesta-item clickeable\"><div class=\"propuesta_nombre\"><a href=\"https:\/\/www.usal.edu.ar\/psico\/propuesta\/licenciatura-en-psicologia\/\" target=\"_blank\">Licenciatura en Psicolog\u00eda<\/a><\/div><div class='propuesta_tipos'>   <\/div><\/div><div class=\"propuesta-item clickeable\"><div class=\"propuesta_nombre\"><a href=\"https:\/\/www.usal.edu.ar\/psico\/propuesta\/licenciatura-en-psicopedagogia\/\" target=\"_blank\">Licenciatura en Psicopedagog\u00eda<\/a><\/div><div class='propuesta_tipos'>   <\/div><\/div><\/div>\n<\/div>\n\n\n\n<div class=\"wp-block-group is-layout-flow wp-container-core-group-is-layout-3c5488f2 wp-block-group-is-layout-flow\" style=\"margin-top:0;padding-top:0;padding-right:0;padding-bottom:0;padding-left:0\">\n<div class=\"wp-block-group has-global-padding is-layout-constrained wp-block-group-is-layout-constrained\" style=\"margin-top:var(--wp--preset--spacing--30);margin-bottom:var(--wp--preset--spacing--30)\">\n<h2 class=\"wp-block-heading has-text-align-center\" style=\"font-style:normal;font-weight:600;letter-spacing:-2px\">Posgrado<\/h2>\n\n\n\n<hr class=\"wp-block-separator has-text-color has-secondary-color has-alpha-channel-opacity has-secondary-background-color has-background linea-base-titulo\" style=\"margin-bottom:var(--wp--preset--spacing--30)\"\/>\n<\/div>\n\n\n<div class=\"propuestas-wrapper\" style=\"background-color: 0F;\"><div class=\"propuesta-item clickeable\"><div class=\"propuesta_nombre\"><a href=\"https:\/\/www.usal.edu.ar\/psico\/propuesta\/doctorado-en-psicologia\/\" target=\"_blank\">Doctorado en Psicolog\u00eda<\/a><\/div><div class='propuesta_tipos'>   <\/div><\/div><div class=\"propuesta-item clickeable\"><div class=\"propuesta_nombre\"><a href=\"https:\/\/www.usal.edu.ar\/psico\/propuesta\/especializacion-en-clinica-de-la-psicosomatica\/\" target=\"_blank\">Especializaci\u00f3n en Cl\u00ednica de la Psicosom\u00e1tica<\/a><\/div><div class='propuesta_tipos'>   <\/div><\/div><div class=\"propuesta-item clickeable\"><div class=\"propuesta_nombre\"><a href=\"https:\/\/www.usal.edu.ar\/psico\/propuesta\/especializacion-en-evaluacion-y-diagnostico-psicologico\/\" target=\"_blank\">Especializaci\u00f3n en Evaluaci\u00f3n y Diagn\u00f3stico Psicol\u00f3gico<\/a><\/div><div class='propuesta_tipos'>   <\/div><\/div><div class=\"propuesta-item clickeable\"><div class=\"propuesta_nombre\"><a href=\"https:\/\/www.usal.edu.ar\/psico\/propuesta\/maestria-en-dificultades-de-aprendizaje\/\" target=\"_blank\">Maestr\u00eda en Dificultades de Aprendizaje<\/a><\/div><div class='propuesta_tipos'>   <\/div><\/div><div class=\"propuesta-item clickeable\"><div class=\"propuesta_nombre\"><a href=\"https:\/\/www.usal.edu.ar\/psico\/propuesta\/maestria-en-psicoanalisis-usal-apa\/\" target=\"_blank\">Maestr\u00eda en Psicoan\u00e1lisis USAL - APA<\/a><\/div><div class='propuesta_tipos'>   <\/div><\/div><div class=\"propuesta-item clickeable\"><div class=\"propuesta_nombre\"><a href=\"https:\/\/www.usal.edu.ar\/ingreso\/propuesta\/postitulo-especializacion-docente-de-nivel-superior-en-primera-infancia\/\" target=\"_blank\">Post\u00edtulo Especializaci\u00f3n Docente de Nivel Superior en Primera Infancia<\/a><\/div><div class='propuesta_tipos'>   <\/div><\/div><\/div>\n\n\n\n<div style=\"height:33px\" aria-hidden=\"true\" class=\"wp-block-spacer\"><\/div>\n<\/div>\n\n\n\n<div class=\"wp-block-group has-base-background-color has-background is-layout-flow wp-container-core-group-is-layout-3c5488f2 wp-block-group-is-layout-flow\" style=\"margin-top:0;padding-top:0;padding-right:0;padding-bottom:0;padding-left:0\">\n<div class=\"wp-block-cover is-light has-base-color has-text-color has-link-color wp-elements-6952cdb7ef6c522ee356eb585181a022\" style=\"padding-top:10px;padding-bottom:10px;min-height:120px;aspect-ratio:unset;\"><span aria-hidden=\"true\" class=\"wp-block-cover__background has-background-dim-0 has-background-dim\"><\/span><img decoding=\"async\" class=\"wp-block-cover__image-background wp-image-64\" alt=\"\" src=\"https:\/\/www.usal.edu.ar\/fceye\/wp-content\/uploads\/sites\/6\/2024\/02\/c_posgrados.jpg\" data-object-fit=\"cover\"\/><div class=\"wp-block-cover__inner-container is-layout-flow wp-container-core-cover-is-layout-cb5ff812 wp-block-cover-is-layout-flow\">\n<div class=\"wp-block-buttons is-content-justification-center is-layout-flex wp-container-core-buttons-is-layout-a89b3969 wp-block-buttons-is-layout-flex\">\n<div class=\"wp-block-button\"><a class=\"wp-block-button__link has-base-color has-text-color has-link-color wp-element-button\" href=\"\/psico\/diplomaturas\" target=\"_blank\" rel=\"noreferrer noopener\">Diplomaturas<\/a><\/div>\n<\/div>\n<\/div><\/div>\n\n\n\n<div style=\"height:33px\" aria-hidden=\"true\" class=\"wp-block-spacer\"><\/div>\n<\/div>\n\n\n\n<div class=\"wp-block-group alignfull is-layout-flow wp-block-group-is-layout-flow\" style=\"padding-top:0;padding-bottom:0\">\n<div class=\"wp-block-group has-global-padding is-layout-constrained wp-block-group-is-layout-constrained\" style=\"margin-top:var(--wp--preset--spacing--30);margin-bottom:var(--wp--preset--spacing--30)\">\n<h2 class=\"wp-block-heading has-text-align-center\" style=\"font-style:normal;font-weight:600;letter-spacing:-2px\">Novedades<\/h2>\n\n\n\n<hr class=\"wp-block-separator has-text-color has-secondary-color has-alpha-channel-opacity has-secondary-background-color has-background linea-base-titulo\" style=\"margin-bottom:var(--wp--preset--spacing--30)\"\/>\n<\/div>\n\n\n\r\n<section class=\"novedades splide\" data-splide='{\"type\":\"slide\"}' aria-label=\"Slider de Novedades\">\r\n  <div class=\"splide__track\">\r\n\t<ul class=\"splide__list\"><li class=\"splide__slide\"><div class=\"novedad-container\" data-link=\"https:\/\/www.usal.edu.ar\/psico\/mesa-de-intercambio\/\"><div class=\"img-container\"><img decoding=\"async\" loading=\"lazy\" class=\"novedad-img\" src=\"https:\/\/www.usal.edu.ar\/psico\/wp-content\/uploads\/sites\/11\/2025\/05\/FlyerMesaIntercambioAplicacionInterpretacionCuestionarioDesiderativoNuevosContextos.jpg\"><\/div><div class=\"titulo-container\"><p class=\"titulo\">Mesa de Intercambio<\/p><\/div><\/div><\/li><li class=\"splide__slide\"><div class=\"novedad-container\" data-link=\"https:\/\/www.usal.edu.ar\/psico\/encuentros-de-meditacion\/\"><div class=\"img-container\"><img decoding=\"async\" loading=\"lazy\" class=\"novedad-img\" src=\"https:\/\/www.usal.edu.ar\/psico\/wp-content\/uploads\/sites\/11\/2025\/04\/FlyerMeditarPausaNuestraVida-1.jpg\"><\/div><div class=\"titulo-container\"><p class=\"titulo\">Encuentros de meditaci\u00f3n<\/p><\/div><\/div><\/li><li class=\"splide__slide\"><div class=\"novedad-container\" data-link=\"https:\/\/www.usal.edu.ar\/psico\/charla-con-autores\/\"><div class=\"img-container\"><img decoding=\"async\" loading=\"lazy\" class=\"novedad-img\" src=\"https:\/\/www.usal.edu.ar\/psico\/wp-content\/uploads\/sites\/11\/2025\/04\/FlyerCharlaAutoresPsicoanalisisEscenariosActuales.jpg\"><\/div><div class=\"titulo-container\"><p class=\"titulo\">Charla con autores<\/p><\/div><\/div><\/li><li class=\"splide__slide\"><div class=\"novedad-container\" data-link=\"https:\/\/www.usal.edu.ar\/psico\/difusion-de-investigaciones-para-mentes-curiosas\/\"><div class=\"img-container\"><img decoding=\"async\" loading=\"lazy\" class=\"novedad-img\" src=\"https:\/\/www.usal.edu.ar\/psico\/wp-content\/uploads\/sites\/11\/2025\/04\/FlyerNeurocienciasLenguajeComportamientoCompulsivo-2.jpg\"><\/div><div class=\"titulo-container\"><p class=\"titulo\">Difusi\u00f3n de investigaciones para mentes curiosas<\/p><\/div><\/div><\/li><li class=\"splide__slide\"><div class=\"novedad-container\" data-link=\"https:\/\/www.usal.edu.ar\/psico\/supervision-a-graduados-en-psicologia\/\"><div class=\"img-container\"><img decoding=\"async\" loading=\"lazy\" class=\"novedad-img\" src=\"https:\/\/www.usal.edu.ar\/psico\/wp-content\/uploads\/sites\/11\/2024\/07\/portada_1-scaled.jpg\"><\/div><div class=\"titulo-container\"><p class=\"titulo\">Supervisi\u00f3n a Graduados en Psicolog\u00eda<\/p><\/div><\/div><\/li><li class=\"splide__slide\"><div class=\"novedad-container\" data-link=\"https:\/\/www.usal.edu.ar\/psico\/supervision-a-graduados-en-psicopedagogia\/\"><div class=\"img-container\"><img decoding=\"async\" loading=\"lazy\" class=\"novedad-img\" src=\"https:\/\/www.usal.edu.ar\/psico\/wp-content\/uploads\/sites\/11\/2025\/04\/FlyerSupervisionGraduadosPsicopedagogia.jpg\"><\/div><div class=\"titulo-container\"><p class=\"titulo\">Supervisi\u00f3n a Graduados en Psicopedagog\u00eda<\/p><\/div><\/div><\/li><li class=\"splide__slide\"><div class=\"novedad-container\" data-link=\"https:\/\/servicios.usal.edu.ar\/Noticias\/psico\/index.php\" data-target=\"_blank\"><div class=\"img-container\"><img decoding=\"async\" loading=\"lazy\" class=\"novedad-img\" src=\"https:\/\/www.usal.edu.ar\/psico\/wp-content\/uploads\/sites\/11\/2024\/07\/descarga.png\"><\/div><div class=\"titulo-container\"><p class=\"titulo\">Informaci\u00f3n Alumnos<\/p><\/div><\/div><\/li>\r\n\t<\/ul>\r\n  <\/div>\r\n<\/section>\r\n\t\n<\/div>\n<\/div>\n","protected":false},"excerpt":{"rendered":"<p>Carreras de Grado Posgrado Novedades<\/p>\n","protected":false},"author":1,"featured_media":114,"parent":0,"menu_order":0,"comment_status":"closed","ping_status":"closed","template":"wp-custom-template-pagina-ancha-sin-titulo","meta":{"_acf_changed":false,"footnotes":""},"class_list":["post-5","page","type-page","status-publish","has-post-thumbnail","hentry"],"acf":[],"_links":{"self":[{"href":"https:\/\/www.usal.edu.ar\/psico\/wp-json\/wp\/v2\/pages\/5","targetHints":{"allow":["GET"]}}],"collection":[{"href":"https:\/\/www.usal.edu.ar\/psico\/wp-json\/wp\/v2\/pages"}],"about":[{"href":"https:\/\/www.usal.edu.ar\/psico\/wp-json\/wp\/v2\/types\/page"}],"author":[{"embeddable":true,"href":"https:\/\/www.usal.edu.ar\/psico\/wp-json\/wp\/v2\/users\/1"}],"replies":[{"embeddable":true,"href":"https:\/\/www.usal.edu.ar\/psico\/wp-json\/wp\/v2\/comments?post=5"}],"version-history":[{"count":4,"href":"https:\/\/www.usal.edu.ar\/psico\/wp-json\/wp\/v2\/pages\/5\/revisions"}],"predecessor-version":[{"id":189,"href":"https:\/\/www.usal.edu.ar\/psico\/wp-json\/wp\/v2\/pages\/5\/revisions\/189"}],"wp:featuredmedia":[{"embeddable":true,"href":"https:\/\/www.usal.edu.ar\/psico\/wp-json\/wp\/v2\/media\/114"}],"wp:attachment":[{"href":"https:\/\/www.usal.edu.ar\/psico\/wp-json\/wp\/v2\/media?parent=5"}],"curies":[{"name":"wp","href":"https:\/\/api.w.org\/{rel}","templated":true}]}}