{"id":56,"date":"2024-06-27T15:57:38","date_gmt":"2024-06-27T18:57:38","guid":{"rendered":"https:\/\/www.usal.edu.ar\/psico\/?page_id=56"},"modified":"2024-07-01T15:19:59","modified_gmt":"2024-07-01T18:19:59","slug":"posgrados","status":"publish","type":"page","link":"https:\/\/www.usal.edu.ar\/psico\/posgrados\/","title":{"rendered":"Posgrados"},"content":{"rendered":"<div class=\"propuestas-wrapper\" style=\"background-color: 0F;\"><div class=\"propuesta-item clickeable\"><div class=\"propuesta_nombre\"><a href=\"https:\/\/www.usal.edu.ar\/psico\/propuesta\/doctorado-en-psicologia\/\" target=\"_blank\">Doctorado en Psicolog\u00eda<\/a><\/div><div class='propuesta_tipos'>   <\/div><\/div><div class=\"propuesta-item clickeable\"><div class=\"propuesta_nombre\"><a href=\"https:\/\/www.usal.edu.ar\/psico\/propuesta\/especializacion-en-clinica-de-la-psicosomatica\/\" target=\"_blank\">Especializaci\u00f3n en Cl\u00ednica de la Psicosom\u00e1tica<\/a><\/div><div class='propuesta_tipos'>   <\/div><\/div><div class=\"propuesta-item clickeable\"><div class=\"propuesta_nombre\"><a href=\"https:\/\/www.usal.edu.ar\/psico\/propuesta\/especializacion-en-evaluacion-y-diagnostico-psicologico\/\" target=\"_blank\">Especializaci\u00f3n en Evaluaci\u00f3n y Diagn\u00f3stico Psicol\u00f3gico<\/a><\/div><div class='propuesta_tipos'>   <\/div><\/div><div class=\"propuesta-item clickeable\"><div class=\"propuesta_nombre\"><a href=\"https:\/\/www.usal.edu.ar\/psico\/propuesta\/maestria-en-dificultades-de-aprendizaje\/\" target=\"_blank\">Maestr\u00eda en Dificultades de Aprendizaje<\/a><\/div><div class='propuesta_tipos'>   <\/div><\/div><div class=\"propuesta-item clickeable\"><div class=\"propuesta_nombre\"><a href=\"https:\/\/www.usal.edu.ar\/psico\/propuesta\/maestria-en-psicoanalisis-usal-apa\/\" target=\"_blank\">Maestr\u00eda en Psicoan\u00e1lisis USAL - APA<\/a><\/div><div class='propuesta_tipos'>   <\/div><\/div><div class=\"propuesta-item clickeable\"><div class=\"propuesta_nombre\"><a href=\"https:\/\/www.usal.edu.ar\/ingreso\/propuesta\/postitulo-especializacion-docente-de-nivel-superior-en-primera-infancia\/\" target=\"_blank\">Post\u00edtulo Especializaci\u00f3n Docente de Nivel Superior en Primera Infancia<\/a><\/div><div class='propuesta_tipos'>   <\/div><\/div><\/div>\n","protected":false},"excerpt":{"rendered":"","protected":false},"author":5,"featured_media":0,"parent":0,"menu_order":0,"comment_status":"closed","ping_status":"closed","template":"","meta":{"_acf_changed":false,"footnotes":""},"class_list":["post-56","page","type-page","status-publish","hentry"],"acf":[],"_links":{"self":[{"href":"https:\/\/www.usal.edu.ar\/psico\/wp-json\/wp\/v2\/pages\/56","targetHints":{"allow":["GET"]}}],"collection":[{"href":"https:\/\/www.usal.edu.ar\/psico\/wp-json\/wp\/v2\/pages"}],"about":[{"href":"https:\/\/www.usal.edu.ar\/psico\/wp-json\/wp\/v2\/types\/page"}],"author":[{"embeddable":true,"href":"https:\/\/www.usal.edu.ar\/psico\/wp-json\/wp\/v2\/users\/5"}],"replies":[{"embeddable":true,"href":"https:\/\/www.usal.edu.ar\/psico\/wp-json\/wp\/v2\/comments?post=56"}],"version-history":[{"count":1,"href":"https:\/\/www.usal.edu.ar\/psico\/wp-json\/wp\/v2\/pages\/56\/revisions"}],"predecessor-version":[{"id":57,"href":"https:\/\/www.usal.edu.ar\/psico\/wp-json\/wp\/v2\/pages\/56\/revisions\/57"}],"wp:attachment":[{"href":"https:\/\/www.usal.edu.ar\/psico\/wp-json\/wp\/v2\/media?parent=56"}],"curies":[{"name":"wp","href":"https:\/\/api.w.org\/{rel}","templated":true}]}}