{"id":58,"date":"2024-06-27T15:57:59","date_gmt":"2024-06-27T18:57:59","guid":{"rendered":"https:\/\/www.usal.edu.ar\/psico\/?page_id=58"},"modified":"2024-07-12T11:12:55","modified_gmt":"2024-07-12T14:12:55","slug":"resena","status":"publish","type":"page","link":"https:\/\/www.usal.edu.ar\/psico\/resena\/","title":{"rendered":"Rese\u00f1a"},"content":{"rendered":"\n<p class=\"has-text-align-left\">La Facultad de Psicolog\u00eda y Psicopedagog\u00eda, es el resultado de la fusi\u00f3n de las Facultades de Psicolog\u00eda, creada en 1956, y de la Facultad de Psicopedagog\u00eda, creada ese mismo a\u00f1o, bajo el nombre de Instituto de Psicopedagog\u00eda, y que m\u00e1s tarde fuera convertida en Facultad.<\/p>\n\n\n\n<p class=\"has-text-align-left\">Ambas carreras forman parte del acta fundacional de la Universidad del Salvador . La fusi\u00f3n, que se produce en mayo de 1999, fue realizada para maximizar la formaci\u00f3n, ya que ambas carreras poseen un ciclo com\u00fan, que le permite a los futuros graduados de Psicolog\u00eda y Psicopedagog\u00eda, experimentar el trabajo interdisciplinario desde su formaci\u00f3n y completar sus estudios una vez terminados. Esto es, ser Licenciado en Psicolog\u00eda y luego Licenciado en Psicopedagog\u00eda, o bien, ser Licenciado en Psicopedagog\u00eda y luego Licenciado en Psicolog\u00eda.<br>Asimismo, en la Facultad se desarrolla la carrera de Profesorado y la Licenciatura en Educaci\u00f3n Inicial, (profesorado primero en grado universitario), como as\u00ed tambi\u00e9n, la carrera de Licenciado en Arte Dram\u00e1tico con t\u00edtulo intermedio de Actor \/Actriz.<br><\/p>\n\n\n\n<p class=\"has-text-align-left\">La misi\u00f3n de la Facultad, que se encuentra inmersa dentro del perfil del graduado de la USAL, es ofrecer a los estudiantes un curr\u00edculum equilibrado, dise\u00f1ado con la mayor ecuanimidad posible.<br><\/p>\n\n\n\n<p class=\"has-text-align-left\">Tiene como objetivo el formar profesionales s\u00f3lidos, de gran pluralidad en sus conocimientos, de gran valor en la \u00e9tica profesional y que tengan una visi\u00f3n integradora del hombre.<br><\/p>\n\n\n\n<p class=\"has-text-align-left\">Son prioridades de esta Facultad, el iniciar a los estudiantes en una cultura donde el estudiar y el perfeccionarse se les transforme en un h\u00e1bito.<br><\/p>\n\n\n\n<p class=\"has-text-align-left\">Por ello, un vez terminadas las carreras, pueden continuar estudiando en los cursos y\/o carreras de Posgrados o en los Institutos de Investigaci\u00f3n y continuar con la carrera de investigador.<br>Vale la pena mencionar, que las carreras proponen a la vez a los estudiantes, pr\u00e1cticas supervisadas en las diferentes \u00e1reas de trabajo en las que se podr\u00e1n insertar una vez finalizado sus estudios, esto es: cl\u00ednica, laboral, educacional, socio comunitario, jur\u00eddico e investigaci\u00f3n.<br><\/p>\n\n\n\n<p class=\"has-text-align-left\">Todos los planes de estudio dejan un margen para incorporar aquellas tem\u00e1ticas de actualidad, en lo que se denomina materia de tem\u00e1tica optativa.<br><\/p>\n\n\n\n<p class=\"has-text-align-left\">La facultad cuenta con un departamento de alumnos, que lo conforman tutores, graduados en Psicolog\u00eda y Psicopedagog\u00eda, que tienen a su cargo desde el curso de ingreso, el seguimiento de los alumnos, el apoyo acad\u00e9mico y el estar permanentemente monitoreando el curso de la formaci\u00f3n. Son a la vez el nexo con la Decana de la Facultad y su equipo acad\u00e9mico.<br><\/p>\n\n\n\n<p class=\"has-text-align-left\">Las autoridades de la Facultad son todos graduados de esta casa de estudios, con alto compromiso y con una gran responsabilidad en la formaci\u00f3n de un graduado de la USAL.<\/p>\n\n\n\n<p class=\"has-text-align-left\">Cuenta a la vez con un claustro docente que se caracteriza por ser rico en trayectoria, actualizaci\u00f3n y dedicaci\u00f3n en la tarea.<br><\/p>\n\n\n\n<p class=\"has-text-align-left\">Queda pues la invitaci\u00f3n a que nos visites, sea tu vocaci\u00f3n, o tengas dudas. Estamos para escucharte y recibirte.<br><br><br>Dra. Gabriela Ma. G. Renault<br>Decana<\/p>\n","protected":false},"excerpt":{"rendered":"<p>La Facultad de Psicolog\u00eda y Psicopedagog\u00eda, es el resultado de la fusi\u00f3n de las Facultades de Psicolog\u00eda, creada en 1956, y de la Facultad de Psicopedagog\u00eda, creada ese mismo a\u00f1o, bajo el nombre de Instituto de Psicopedagog\u00eda, y que m\u00e1s tarde fuera convertida en Facultad. Ambas carreras forman parte del acta fundacional de la Universidad [&hellip;]<\/p>\n","protected":false},"author":5,"featured_media":0,"parent":0,"menu_order":0,"comment_status":"closed","ping_status":"closed","template":"","meta":{"_acf_changed":false,"footnotes":""},"class_list":["post-58","page","type-page","status-publish","hentry"],"acf":[],"_links":{"self":[{"href":"https:\/\/www.usal.edu.ar\/psico\/wp-json\/wp\/v2\/pages\/58","targetHints":{"allow":["GET"]}}],"collection":[{"href":"https:\/\/www.usal.edu.ar\/psico\/wp-json\/wp\/v2\/pages"}],"about":[{"href":"https:\/\/www.usal.edu.ar\/psico\/wp-json\/wp\/v2\/types\/page"}],"author":[{"embeddable":true,"href":"https:\/\/www.usal.edu.ar\/psico\/wp-json\/wp\/v2\/users\/5"}],"replies":[{"embeddable":true,"href":"https:\/\/www.usal.edu.ar\/psico\/wp-json\/wp\/v2\/comments?post=58"}],"version-history":[{"count":5,"href":"https:\/\/www.usal.edu.ar\/psico\/wp-json\/wp\/v2\/pages\/58\/revisions"}],"predecessor-version":[{"id":183,"href":"https:\/\/www.usal.edu.ar\/psico\/wp-json\/wp\/v2\/pages\/58\/revisions\/183"}],"wp:attachment":[{"href":"https:\/\/www.usal.edu.ar\/psico\/wp-json\/wp\/v2\/media?parent=58"}],"curies":[{"name":"wp","href":"https:\/\/api.w.org\/{rel}","templated":true}]}}