{"id":64,"date":"2024-06-27T15:58:36","date_gmt":"2024-06-27T18:58:36","guid":{"rendered":"https:\/\/www.usal.edu.ar\/psico\/?page_id=64"},"modified":"2024-12-05T16:51:03","modified_gmt":"2024-12-05T19:51:03","slug":"ingreso","status":"publish","type":"page","link":"https:\/\/www.usal.edu.ar\/psico\/ingreso\/","title":{"rendered":"Ingreso"},"content":{"rendered":"\n<p><strong>REQUISITOS ESPECIFICOS:<\/strong><\/p>\n\n\n\n<p>\u2022&nbsp;Deber\u00e1s realizar una<strong>&nbsp;ENTREVISTA PREVIA A LA INSCRIPCI\u00d3N:&nbsp;<\/strong>Para solicitar turno, contactate con la Facultad:&nbsp;<a href=\"mailto:uds-psic@usal.edu.ar\">uds-psic@usal.edu.ar<\/a><\/p>\n\n\n\n<p><em><strong>Viv\u00ed la experiencia de ser alumno universitario por una semana. Una vez inscripto, te convocaremos a Talleres previos al curso de nivelaci\u00f3n.<\/strong><\/em><\/p>\n","protected":false},"excerpt":{"rendered":"<p>REQUISITOS ESPECIFICOS: \u2022&nbsp;Deber\u00e1s realizar una&nbsp;ENTREVISTA PREVIA A LA INSCRIPCI\u00d3N:&nbsp;Para solicitar turno, contactate con la Facultad:&nbsp;uds-psic@usal.edu.ar Viv\u00ed la experiencia de ser alumno universitario por una semana. Una vez inscripto, te convocaremos a Talleres previos al curso de nivelaci\u00f3n.<\/p>\n","protected":false},"author":5,"featured_media":0,"parent":0,"menu_order":0,"comment_status":"closed","ping_status":"closed","template":"","meta":{"_acf_changed":false,"footnotes":""},"class_list":["post-64","page","type-page","status-publish","hentry"],"acf":[],"_links":{"self":[{"href":"https:\/\/www.usal.edu.ar\/psico\/wp-json\/wp\/v2\/pages\/64","targetHints":{"allow":["GET"]}}],"collection":[{"href":"https:\/\/www.usal.edu.ar\/psico\/wp-json\/wp\/v2\/pages"}],"about":[{"href":"https:\/\/www.usal.edu.ar\/psico\/wp-json\/wp\/v2\/types\/page"}],"author":[{"embeddable":true,"href":"https:\/\/www.usal.edu.ar\/psico\/wp-json\/wp\/v2\/users\/5"}],"replies":[{"embeddable":true,"href":"https:\/\/www.usal.edu.ar\/psico\/wp-json\/wp\/v2\/comments?post=64"}],"version-history":[{"count":3,"href":"https:\/\/www.usal.edu.ar\/psico\/wp-json\/wp\/v2\/pages\/64\/revisions"}],"predecessor-version":[{"id":1710,"href":"https:\/\/www.usal.edu.ar\/psico\/wp-json\/wp\/v2\/pages\/64\/revisions\/1710"}],"wp:attachment":[{"href":"https:\/\/www.usal.edu.ar\/psico\/wp-json\/wp\/v2\/media?parent=64"}],"curies":[{"name":"wp","href":"https:\/\/api.w.org\/{rel}","templated":true}]}}