{"id":218,"date":"2025-10-15T15:36:59","date_gmt":"2025-10-15T18:36:59","guid":{"rendered":"https:\/\/www.usal.edu.ar\/publicaciones\/?page_id=218"},"modified":"2025-12-18T14:44:24","modified_gmt":"2025-12-18T17:44:24","slug":"que-es-el-acceso-abierto","status":"publish","type":"page","link":"https:\/\/www.usal.edu.ar\/publicaciones\/que-es-el-acceso-abierto\/","title":{"rendered":"\u00bfQu\u00e9 es el Acceso Abierto?"},"content":{"rendered":"<p>\u00a0 \u00a0 \u00a0 \u00a0 \u00a0 \u00a0 \u00a0 Si bien las nuevas tecnolog\u00edas han transformado la forma en que circula todo tipo de informaci\u00f3n, tambi\u00e9n han producido datos dispersos en diferentes soportes (CD, DVD, discos duros externos, PC, correos, en la nube), dificultando su organizaci\u00f3n, acceso y recuperaci\u00f3n. De esta manera se vuelve necesario establecer pol\u00edticas que ayuden a la comunidad cient\u00edfica a conservar sus datos en el tiempo.<\/p>\n<p>\u00a0 \u00a0 \u00a0 \u00a0 \u00a0 \u00a0 \u00a0En este contexto, es imprescindible la conformaci\u00f3n de diferentes acciones tendientes a la organizaci\u00f3n, acceso y divulgaci\u00f3n equitativa de la producci\u00f3n cient\u00edfica. Una de ellas, es el Acceso Abierto (Open Access), que se refiere tanto a una modalidad de comunicaci\u00f3n cient\u00edfica como a un movimiento de esta comunidad, que se organiz\u00f3 y consolid\u00f3 en los \u00faltimos 20 a\u00f1os. Como modalidad, refiere al acceso irrestricto a las publicaciones cient\u00edficas, en especial, a las revistas cient\u00edficas que contemplen un sistema de revisi\u00f3n o evaluaci\u00f3n por pares (<em>peer review<\/em>). Como movimiento, propici\u00f3 iniciativas y declaraciones que derivaron en la creaci\u00f3n de portales (repositorios y bibliotecas digitales).<\/p>\n<p>\u00a0 \u00a0 \u00a0 \u00a0 \u00a0 \u00a0Estos portales permiten el uso ilimitado y, puesto que las publicaciones se encuentran en l\u00ednea, facilitan en gran medida su acceso desde cualquier dispositivo con acceso a Internet. Como movimiento, aparece en diciembre de 2001 en Budapest, en una reuni\u00f3n organizada por el Open Society Institute (hoy Open Society Foundations). La Iniciativa Budapest se refiere tanto al Acceso Abierto como a la disponibilidad gratuita en internet para permitirles a los usuarios leer, descargar, copiar, distribuir, imprimir, buscar o utilizar archivos cient\u00edficos con cualquier prop\u00f3sito legal y sin ninguna barrera financiera, legal o t\u00e9cnica, fuera de las que implican la conectividad a Internet<em>.<\/em><\/p>\n<p>\u00a0 \u00a0 \u00a0 \u00a0 \u00a0 \u00a0En las \u00faltimas 2 d\u00e9cadas, diferentes iniciativas y declaraciones quedaron plasmadas en los siguientes documentos:<\/p>\n\n\n<p><a href=\"https:\/\/www.budapestopenaccessinitiative.org\/read\/spanish-translation\/\" target=\"_blank\" rel=\"noreferrer noopener\">Iniciativa Budapest para el acceso abierto<\/a> (2002)<\/p>\n\n\n\n<p><a href=\"https:\/\/www.um.es\/c\/document_library\/get_file?uuid=f3736570-bb84-40b3-8a2e-a9397ef7ef30&amp;groupId=793464\" target=\"_blank\" rel=\"noreferrer noopener\">Declaraci\u00f3n de Berl\u00edn sobre acceso abierto<\/a> (2003)<\/p>\n\n\n\n<p><a href=\"https:\/\/amelica.org\/amelica\/\/wp-content\/uploads\/2023\/09\/Bethesda.pdf\" target=\"_blank\" rel=\"noreferrer noopener\">Declaraci\u00f3n de Bethesda sobre publicaci\u00f3n de acceso abierto<\/a> (2003)<\/p>\n\n\n\n<p><a href=\"https:\/\/repository.ifla.org\/bitstreams\/75ec9719-e334-4a75-ad29-8dbf7581e871\/download#:~:text=IFLA%20declares%20that%20the%20world,users%20to%20develop%20lifelong%20literacies.\" target=\"_blank\" rel=\"noreferrer noopener\">IFLA Statement on Open Access to Scholarly Literature and Research Documentation<\/a> (2003)<\/p>\n\n\n\n<p><a href=\"https:\/\/www.oecd.org\/en\/publications\/oecd-principles-and-guidelines-for-access-to-research-data-from-public-funding_9789264034020-en-fr.html\" target=\"_blank\" rel=\"noreferrer noopener\">OECD Declaration on Access to Research Data from Public Funding<\/a> (2004)<\/p>\n\n\n\n<p><a href=\"http:\/\/dpya.org\/wiki\/index.php\/2005_-_Declaraci%C3%B3n_de_Salvador_sobre_%22acceso_abierto%22:_la_perspectiva_del_mundo_en_desarrollo_-_ICML9_\/_CRICS7\" target=\"_blank\" rel=\"noreferrer noopener\">Declaraci\u00f3n de Salvador sobre Acceso Abierto: la perspectiva del mundo en desarrollo<\/a> (2005)<\/p>\n\n\n\n<p><a href=\"https:\/\/sfdora.org\/read\/read-the-declaration-espanol\/\" target=\"_blank\" rel=\"noreferrer noopener\">Declaraci\u00f3n de San Francisco sobre la evaluaci\u00f3n de la investigaci\u00f3n (DORA<\/a>) (2012)<\/p>\n\n\n\n<p><\/p>\n","protected":false},"excerpt":{"rendered":"<p>\u00a0 \u00a0 \u00a0 \u00a0 \u00a0 \u00a0 \u00a0 Si bien las nuevas tecnolog\u00edas han transformado la forma en que circula todo tipo de informaci\u00f3n, tambi\u00e9n han producido datos dispersos en diferentes soportes (CD, DVD, discos duros externos, PC, correos, en la nube), dificultando su organizaci\u00f3n, acceso y recuperaci\u00f3n. De esta manera se vuelve necesario establecer pol\u00edticas [&hellip;]<\/p>\n","protected":false},"author":51,"featured_media":0,"parent":0,"menu_order":0,"comment_status":"closed","ping_status":"closed","template":"","meta":{"_acf_changed":false,"footnotes":""},"class_list":["post-218","page","type-page","status-publish","hentry"],"acf":[],"_links":{"self":[{"href":"https:\/\/www.usal.edu.ar\/publicaciones\/wp-json\/wp\/v2\/pages\/218","targetHints":{"allow":["GET"]}}],"collection":[{"href":"https:\/\/www.usal.edu.ar\/publicaciones\/wp-json\/wp\/v2\/pages"}],"about":[{"href":"https:\/\/www.usal.edu.ar\/publicaciones\/wp-json\/wp\/v2\/types\/page"}],"author":[{"embeddable":true,"href":"https:\/\/www.usal.edu.ar\/publicaciones\/wp-json\/wp\/v2\/users\/51"}],"replies":[{"embeddable":true,"href":"https:\/\/www.usal.edu.ar\/publicaciones\/wp-json\/wp\/v2\/comments?post=218"}],"version-history":[{"count":16,"href":"https:\/\/www.usal.edu.ar\/publicaciones\/wp-json\/wp\/v2\/pages\/218\/revisions"}],"predecessor-version":[{"id":415,"href":"https:\/\/www.usal.edu.ar\/publicaciones\/wp-json\/wp\/v2\/pages\/218\/revisions\/415"}],"wp:attachment":[{"href":"https:\/\/www.usal.edu.ar\/publicaciones\/wp-json\/wp\/v2\/media?parent=218"}],"curies":[{"name":"wp","href":"https:\/\/api.w.org\/{rel}","templated":true}]}}