{"id":273,"date":"2025-10-15T15:39:50","date_gmt":"2025-10-15T18:39:50","guid":{"rendered":"https:\/\/www.usal.edu.ar\/publicaciones\/?page_id=273"},"modified":"2025-10-24T14:17:16","modified_gmt":"2025-10-24T17:17:16","slug":"recursos-de-acceso-abierto-para-busquedas-bibliograficas","status":"publish","type":"page","link":"https:\/\/www.usal.edu.ar\/publicaciones\/recursos-de-acceso-abierto-para-busquedas-bibliograficas\/","title":{"rendered":"Recursos de Acceso Abierto para b\u00fasquedas bibliogr\u00e1ficas"},"content":{"rendered":"\n<p><\/p>\n\n\n<p><a href=\"http:\/\/p3.usal.edu.ar\/\" target=\"_blank\" rel=\"noopener\"><span style=\"font-weight: 400\">Portal de Publicaciones Peri\u00f3dicas (P3)<\/span><\/a><\/p>\n<p>\u00a0 \u00a0 \u00a0 \u00a0 \u00a0 \u00a0 \u00a0 \u00a0 \u00a0 \u00a0Creado en el marco de la Pol\u00edtica de Informaci\u00f3n Acad\u00e9mica de la Universidad, tiene como misi\u00f3n ofrecer acceso a las versiones electr\u00f3nicas de las revistas producidas por sus distintas unidades acad\u00e9micas. Busca difundir la producci\u00f3n cient\u00edfica, acad\u00e9mica y cultural de la comunidad universitaria, fomentar la edici\u00f3n electr\u00f3nica de publicaciones peri\u00f3dicas y promover el intercambio con instituciones nacionales e internacionales. Adem\u00e1s, brinda apoyo en la gesti\u00f3n editorial y utiliza una plataforma \u00fanica que favorece el acceso abierto, la visibilidad de los contenidos en texto completo y la interoperabilidad con bases de datos y cat\u00e1logos externos.<\/p>\n\n\n<hr class=\"wp-block-separator has-alpha-channel-opacity\" \/>\n\n\n<p><a href=\"https:\/\/racimo.usal.edu.ar\/\" target=\"_blank\" rel=\"noopener\"><span style=\"font-weight: 400\">RACIMO &#8211; Repositorio Institucional<\/span><\/a><\/p>\n<p>\u00a0 \u00a0 \u00a0 \u00a0 \u00a0 \u00a0 \u00a0 \u00a0 \u00a0 \u00a0Entre los objetivos de RACIMO (Repositorio Institucional de la Universidad del Salvador) se destacan los siguientes: dar visibilidad a la producci\u00f3n acad\u00e9mico-cient\u00edfica de la USAL; incrementar la difusi\u00f3n e impacto de la investigaci\u00f3n de la comunidad; reducir barreras de acceso a la informaci\u00f3n a partir de la utilizaci\u00f3n de protocolos internacionales normalizados que garanticen la visibilidad de los documentos en internet; permitir la lectura en l\u00ednea, la descarga y la impresi\u00f3n de los documentos que alberga; y la preservaci\u00f3n a largo plazo de las investigaciones realizadas.<\/p>\n\n\n<hr class=\"wp-block-separator has-alpha-channel-opacity\" \/>\n\n\n<p><a href=\"https:\/\/repositoriosdigitales.mincyt.gob.ar\/vufind\/\" target=\"_blank\" rel=\"noopener\"><span style=\"font-weight: 400\">Sistema Nacional de Repositorios Digitales (SNRD)<\/span><\/a><\/p>\n<p>\u00a0 \u00a0 \u00a0 \u00a0 \u00a0 \u00a0 \u00a0 \u00a0 \u00a0 \u00a0Impulsado por el Ministerio de Ciencia, Tecnolog\u00eda e Innovaci\u00f3n de la Naci\u00f3n Argentina, promueve la conformaci\u00f3n y articulaci\u00f3n de repositorios institucionales de acceso abierto en todo el pa\u00eds. Su objetivo es garantizar la preservaci\u00f3n, visibilidad y libre disponibilidad de la producci\u00f3n cient\u00edfica y acad\u00e9mica financiada con fondos p\u00fablicos. A trav\u00e9s de pol\u00edticas comunes, est\u00e1ndares t\u00e9cnicos y protocolos de interoperabilidad, el SNRD busca fortalecer la gesti\u00f3n del conocimiento, facilitar el acceso a la informaci\u00f3n cient\u00edfica y consolidar una red nacional integrada de repositorios digitales.<\/p>\n\n\n<hr class=\"wp-block-separator has-alpha-channel-opacity\" \/>\n\n\n<p><a href=\"http:\/\/www.lareferencia.info\/es\/\" target=\"_blank\" rel=\"noopener\"><span style=\"font-weight: 400\">LA Referencia &#8211; Inicio<\/span><\/a><\/p>\n<p>\u00a0 \u00a0 \u00a0 \u00a0 \u00a0 \u00a0 \u00a0 \u00a0 \u00a0 \u00a0Es una red federada de repositorios de acceso abierto que re\u00fane la producci\u00f3n cient\u00edfica de Am\u00e9rica Latina y el Caribe. Nacida de la cooperaci\u00f3n entre los ministerios y organismos nacionales de ciencia y tecnolog\u00eda de la regi\u00f3n, tiene como prop\u00f3sito garantizar la visibilidad, interoperabilidad y libre disponibilidad de los resultados de investigaci\u00f3n financiados con fondos p\u00fablicos. A trav\u00e9s de est\u00e1ndares compartidos y del protocolo OAI-PMH, LA Referencia integra metadatos de los repositorios nacionales, fortaleciendo la circulaci\u00f3n del conocimiento cient\u00edfico regional y su proyecci\u00f3n en el \u00e1mbito internacional.<\/p>\n\n\n<hr class=\"wp-block-separator has-alpha-channel-opacity\" \/>\n\n\n<p><a href=\"https:\/\/www.scielo.org\/\" target=\"_blank\" rel=\"noopener\"><span style=\"font-weight: 400\">SciELO.org<\/span><\/a><\/p>\n<p>\u00a0 \u00a0 \u00a0 \u00a0 \u00a0 \u00a0 \u00a0 \u00a0 \u00a0 \u00a0SciELO (Scientific Electronic Library Online) es una biblioteca electr\u00f3nica regional que ofrece acceso abierto a una amplia colecci\u00f3n de revistas cient\u00edficas de Am\u00e9rica Latina, el Caribe, Espa\u00f1a, Portugal y Sud\u00e1frica. Creada en 1997 por la Funda\u00e7\u00e3o de Amparo \u00e0 Pesquisa do Estado de S\u00e3o Paulo (FAPESP) y el Centro Latinoamericano y del Caribe de Informaci\u00f3n en Ciencias de la Salud (BIREME), su objetivo es visibilizar, fortalecer y aumentar el impacto de la producci\u00f3n cient\u00edfica regional. Basada en est\u00e1ndares internacionales de edici\u00f3n y publicaci\u00f3n, promueve la comunicaci\u00f3n cient\u00edfica abierta y la integraci\u00f3n de la ciencia latinoamericana en el \u00e1mbito global.<\/p>\n\n\n<hr class=\"wp-block-separator has-alpha-channel-opacity\" \/>\n\n\n<p>\n\n\n<\/p>\n<p><a href=\"https:\/\/doaj.org\/\" target=\"_blank\" rel=\"noreferrer noopener\">DOAJ &#8211; Directory of Open Access Journals<\/a><\/p>\n<p>\n\n\n\n<\/p>\n<p>\u00a0 \u00a0 \u00a0 \u00a0 \u00a0 \u00a0 \u00a0 \u00a0 \u00a0 \u00a0DOAJ (Directory of Open Access Journals) es un directorio internacional que re\u00fane revistas cient\u00edficas de acceso abierto de todas las \u00e1reas del conocimiento. Su objetivo es incrementar la visibilidad, el uso y la transparencia de la producci\u00f3n acad\u00e9mica, ofreciendo \u00fanicamente publicaciones que cumplen est\u00e1ndares de calidad editorial y revisi\u00f3n por pares. DOAJ facilita a investigadores, estudiantes y docentes el acceso gratuito a art\u00edculos completos, promoviendo la difusi\u00f3n global del conocimiento. Adem\u00e1s, proporciona herramientas de b\u00fasqueda y filtrado avanzadas, lo que permite localizar r\u00e1pidamente informaci\u00f3n confiable y actualizada.<\/p>\n<p>\n\n\n<\/p>\n\n\n<hr class=\"wp-block-separator has-alpha-channel-opacity\" \/>\n\n\n<p>\n\n\n<\/p>\n<p><a href=\"https:\/\/www.redalyc.org\/\" target=\"_blank\" rel=\"noreferrer noopener\">Redalyc<\/a><\/p>\n<p>\n\n\n\n<\/p>\n<p>\u00a0 \u00a0 \u00a0 \u00a0 \u00a0 \u00a0 \u00a0 \u00a0 \u00a0 \u00a0Redalyc (Red de Revistas Cient\u00edficas de Am\u00e9rica Latina y el Caribe, Espa\u00f1a y Portugal) es una plataforma de acceso abierto que integra revistas acad\u00e9micas de la regi\u00f3n, promoviendo la visibilidad y difusi\u00f3n de la producci\u00f3n cient\u00edfica latinoamericana. Su objetivo es garantizar que los art\u00edculos sean accesibles gratuitamente, cumpliendo con est\u00e1ndares de calidad editorial y revisi\u00f3n por pares. Redalyc ofrece herramientas de b\u00fasqueda y an\u00e1lisis bibliom\u00e9trico, fomentando la investigaci\u00f3n colaborativa y el intercambio acad\u00e9mico a nivel regional e internacional.<\/p>\n<p>\n\n\n<\/p>\n\n\n<hr class=\"wp-block-separator has-alpha-channel-opacity\" \/>\n\n\n\n<p><\/p>\n","protected":false},"excerpt":{"rendered":"<p>Portal de Publicaciones Peri\u00f3dicas (P3) \u00a0 \u00a0 \u00a0 \u00a0 \u00a0 \u00a0 \u00a0 \u00a0 \u00a0 \u00a0Creado en el marco de la Pol\u00edtica de Informaci\u00f3n Acad\u00e9mica de la Universidad, tiene como misi\u00f3n ofrecer acceso a las versiones electr\u00f3nicas de las revistas producidas por sus distintas unidades acad\u00e9micas. Busca difundir la producci\u00f3n cient\u00edfica, acad\u00e9mica y cultural de la [&hellip;]<\/p>\n","protected":false},"author":51,"featured_media":0,"parent":0,"menu_order":0,"comment_status":"closed","ping_status":"closed","template":"","meta":{"_acf_changed":false,"footnotes":""},"class_list":["post-273","page","type-page","status-publish","hentry"],"acf":[],"_links":{"self":[{"href":"https:\/\/www.usal.edu.ar\/publicaciones\/wp-json\/wp\/v2\/pages\/273","targetHints":{"allow":["GET"]}}],"collection":[{"href":"https:\/\/www.usal.edu.ar\/publicaciones\/wp-json\/wp\/v2\/pages"}],"about":[{"href":"https:\/\/www.usal.edu.ar\/publicaciones\/wp-json\/wp\/v2\/types\/page"}],"author":[{"embeddable":true,"href":"https:\/\/www.usal.edu.ar\/publicaciones\/wp-json\/wp\/v2\/users\/51"}],"replies":[{"embeddable":true,"href":"https:\/\/www.usal.edu.ar\/publicaciones\/wp-json\/wp\/v2\/comments?post=273"}],"version-history":[{"count":17,"href":"https:\/\/www.usal.edu.ar\/publicaciones\/wp-json\/wp\/v2\/pages\/273\/revisions"}],"predecessor-version":[{"id":370,"href":"https:\/\/www.usal.edu.ar\/publicaciones\/wp-json\/wp\/v2\/pages\/273\/revisions\/370"}],"wp:attachment":[{"href":"https:\/\/www.usal.edu.ar\/publicaciones\/wp-json\/wp\/v2\/media?parent=273"}],"curies":[{"name":"wp","href":"https:\/\/api.w.org\/{rel}","templated":true}]}}