{"id":29,"date":"2024-10-08T13:01:51","date_gmt":"2024-10-08T16:01:51","guid":{"rendered":"https:\/\/www.usal.edu.ar\/publicaciones\/?page_id=29"},"modified":"2024-10-08T14:02:40","modified_gmt":"2024-10-08T17:02:40","slug":"portal-de-publicaciones","status":"publish","type":"page","link":"https:\/\/www.usal.edu.ar\/publicaciones\/portal-de-publicaciones\/","title":{"rendered":"Portal de Publicaciones"},"content":{"rendered":"\n<p>El <a href=\"https:\/\/p3.usal.edu.ar\" target=\"_blank\" rel=\"noreferrer noopener\">Portal de Publicaciones Peri\u00f3dicas (p3.usal.edu.ar)<\/a> de la Universidad es un sitio web que implementa un <em>software<\/em> de c\u00f3digo abierto y libre distribuci\u00f3n (Open Journal Systems \u2014OJS\u2014) para la gesti\u00f3n y publicaci\u00f3n electr\u00f3nica de revistas cient\u00edficas y acad\u00e9micas. En este espacio se aloja y se da acceso a la totalidad de las publicaciones en serie producidas por la USAL (22 en total, de las cuales 8 est\u00e1n indizadas), y cuya nueva versi\u00f3n 3.3.0-10 contribuye a la transparencia del proceso editorial.<\/p>\n\n\n\n<p>Los objetivos de la DPC a trav\u00e9s del portal son:<\/p>\n\n\n\n<p>a) Difundir y fomentar la producci\u00f3n electr\u00f3nica de publicaciones peri\u00f3dicas cient\u00edficas y acad\u00e9micas de las Facultades, Escuelas e Institutos de la Universidad del Salvador, maximizando su visibilidad y uso en Internet.<\/p>\n\n\n\n<p>b) Utilizar una \u00fanica plataforma de gesti\u00f3n y producci\u00f3n de contenidos para la publicaci\u00f3n de las revistas acad\u00e9micas con el fin de promover el acceso abierto en la comunicaci\u00f3n cient\u00edfico-acad\u00e9mica.<\/p>\n\n\n\n<p>c) Contar con un \u00fanico motor de b\u00fasqueda que permita explorar todas las revistas publicadas en la plataforma.<\/p>\n\n\n\n<p>d) Aplicar el protocolo OAI-PMH (Open Archive Iniciative \u2013 Protocol for Metadata Harvesting), que permite que los contenidos del portal est\u00e9n disponibles en otras bases de datos y cat\u00e1logos internacionales.<\/p>\n","protected":false},"excerpt":{"rendered":"<p>El Portal de Publicaciones Peri\u00f3dicas (p3.usal.edu.ar) de la Universidad es un sitio web que implementa un software de c\u00f3digo abierto y libre distribuci\u00f3n (Open Journal Systems \u2014OJS\u2014) para la gesti\u00f3n y publicaci\u00f3n electr\u00f3nica de revistas cient\u00edficas y acad\u00e9micas. En este espacio se aloja y se da acceso a la totalidad de las publicaciones en serie [&hellip;]<\/p>\n","protected":false},"author":5,"featured_media":0,"parent":0,"menu_order":0,"comment_status":"closed","ping_status":"closed","template":"","meta":{"_acf_changed":false,"footnotes":""},"class_list":["post-29","page","type-page","status-publish","hentry"],"acf":[],"_links":{"self":[{"href":"https:\/\/www.usal.edu.ar\/publicaciones\/wp-json\/wp\/v2\/pages\/29","targetHints":{"allow":["GET"]}}],"collection":[{"href":"https:\/\/www.usal.edu.ar\/publicaciones\/wp-json\/wp\/v2\/pages"}],"about":[{"href":"https:\/\/www.usal.edu.ar\/publicaciones\/wp-json\/wp\/v2\/types\/page"}],"author":[{"embeddable":true,"href":"https:\/\/www.usal.edu.ar\/publicaciones\/wp-json\/wp\/v2\/users\/5"}],"replies":[{"embeddable":true,"href":"https:\/\/www.usal.edu.ar\/publicaciones\/wp-json\/wp\/v2\/comments?post=29"}],"version-history":[{"count":1,"href":"https:\/\/www.usal.edu.ar\/publicaciones\/wp-json\/wp\/v2\/pages\/29\/revisions"}],"predecessor-version":[{"id":30,"href":"https:\/\/www.usal.edu.ar\/publicaciones\/wp-json\/wp\/v2\/pages\/29\/revisions\/30"}],"wp:attachment":[{"href":"https:\/\/www.usal.edu.ar\/publicaciones\/wp-json\/wp\/v2\/media?parent=29"}],"curies":[{"name":"wp","href":"https:\/\/api.w.org\/{rel}","templated":true}]}}