{"id":32,"date":"2024-10-08T13:06:53","date_gmt":"2024-10-08T16:06:53","guid":{"rendered":"https:\/\/www.usal.edu.ar\/publicaciones\/?page_id=32"},"modified":"2024-10-09T17:32:40","modified_gmt":"2024-10-09T20:32:40","slug":"fundamentos","status":"publish","type":"page","link":"https:\/\/www.usal.edu.ar\/publicaciones\/fundamentos\/","title":{"rendered":"Fundamentos"},"content":{"rendered":"\n<div class=\"wp-block-group has-global-padding is-layout-constrained wp-container-core-group-is-layout-92b9201d wp-block-group-is-layout-constrained\">\n<h4 class=\"wp-block-heading\">Presentaci\u00f3n de la Direcci\u00f3n de Publicaciones Cient\u00edficas<\/h4>\n\n\n\n<p>Como parte del Vicerrectorado de Investigaci\u00f3n y Desarrollo (VRID) de la Universidad del Salvador, la Direcci\u00f3n de Publicaciones Cient\u00edficas (DPC) es la responsable de las tareas de evaluaci\u00f3n, correcci\u00f3n, publicaci\u00f3n y difusi\u00f3n del conocimiento cient\u00edfico elaborado o presentado en nuestra casa de estudios.<\/p>\n\n\n\n<p>Entre sus principales tareas, se encuentra la evaluaci\u00f3n y correcci\u00f3n de publicaciones peri\u00f3dicas, libros, textos monogr\u00e1ficos e informativos, todos ellos producidos dentro o fuera de las unidades acad\u00e9micas de la instituci\u00f3n. Con el objetivo de lograr una mayor y constante participaci\u00f3n de la USAL en el \u00e1mbito de la difusi\u00f3n y la creaci\u00f3n de material cient\u00edfico producido por los investigadores, los egresados y los estudiantes, la DPC brinda diferentes cursos de formaci\u00f3n sobre la aplicaci\u00f3n de normas de edici\u00f3n y publicaci\u00f3n.<\/p>\n\n\n\n<p>Asimismo, el sector se ocupa de la confecci\u00f3n de materiales de divulgaci\u00f3n sobre estos temas, con el objetivo de profesionalizar a diferentes \u00e1reas para el uso normativo de las reglas internacionales de difusi\u00f3n de conocimiento cient\u00edfico. En este sentido, la Direcci\u00f3n asesora a diferentes espacios de la instituci\u00f3n tanto para la creaci\u00f3n de nuevas publicaciones, as\u00ed como para sus indizaciones en diferentes portales nacionales e internacionales. Con miras a globalizar el contenido investigado en diferentes campos de estudio, aparece como objetivo fundamental el seguimiento y fijaci\u00f3n de los est\u00e1ndares normativos de presentaci\u00f3n de art\u00edculos, de all\u00ed su constante rol de asesor.<\/p>\n\n\n\n<p>Por otro lado, en su funci\u00f3n de divulgaci\u00f3n, se encarga de la carga y seguimiento de las publicaciones subidas al <a href=\"https:\/\/p3.usal.edu.ar\/\" target=\"_blank\" rel=\"noreferrer noopener\">Portal de Publicaciones Peri\u00f3dicas<\/a> de la Universidad (22 en total, de las cuales 8 est\u00e1n indizadas y otras se encuentran en proceso). A la vez, se mantiene actualizada en lo que respecta al Open Journal Systems (OJS), el <em>software<\/em> soporte del portal, cuya nueva versi\u00f3n contribuye a la transparencia del proceso editorial. Bajo este punto se busca no solo difundir el conocimiento producido por nuestra instituci\u00f3n, sino promover el intercambio con otras universidades e investigadores del \u00e1mbito acad\u00e9mico.<\/p>\n<\/div>\n","protected":false},"excerpt":{"rendered":"<p>Presentaci\u00f3n de la Direcci\u00f3n de Publicaciones Cient\u00edficas Como parte del Vicerrectorado de Investigaci\u00f3n y Desarrollo (VRID) de la Universidad del Salvador, la Direcci\u00f3n de Publicaciones Cient\u00edficas (DPC) es la responsable de las tareas de evaluaci\u00f3n, correcci\u00f3n, publicaci\u00f3n y difusi\u00f3n del conocimiento cient\u00edfico elaborado o presentado en nuestra casa de estudios. Entre sus principales tareas, se [&hellip;]<\/p>\n","protected":false},"author":5,"featured_media":0,"parent":0,"menu_order":0,"comment_status":"closed","ping_status":"closed","template":"","meta":{"_acf_changed":false,"footnotes":""},"class_list":["post-32","page","type-page","status-publish","hentry"],"acf":[],"_links":{"self":[{"href":"https:\/\/www.usal.edu.ar\/publicaciones\/wp-json\/wp\/v2\/pages\/32","targetHints":{"allow":["GET"]}}],"collection":[{"href":"https:\/\/www.usal.edu.ar\/publicaciones\/wp-json\/wp\/v2\/pages"}],"about":[{"href":"https:\/\/www.usal.edu.ar\/publicaciones\/wp-json\/wp\/v2\/types\/page"}],"author":[{"embeddable":true,"href":"https:\/\/www.usal.edu.ar\/publicaciones\/wp-json\/wp\/v2\/users\/5"}],"replies":[{"embeddable":true,"href":"https:\/\/www.usal.edu.ar\/publicaciones\/wp-json\/wp\/v2\/comments?post=32"}],"version-history":[{"count":5,"href":"https:\/\/www.usal.edu.ar\/publicaciones\/wp-json\/wp\/v2\/pages\/32\/revisions"}],"predecessor-version":[{"id":183,"href":"https:\/\/www.usal.edu.ar\/publicaciones\/wp-json\/wp\/v2\/pages\/32\/revisions\/183"}],"wp:attachment":[{"href":"https:\/\/www.usal.edu.ar\/publicaciones\/wp-json\/wp\/v2\/media?parent=32"}],"curies":[{"name":"wp","href":"https:\/\/api.w.org\/{rel}","templated":true}]}}