{"id":36,"date":"2024-10-08T13:48:45","date_gmt":"2024-10-08T16:48:45","guid":{"rendered":"https:\/\/www.usal.edu.ar\/publicaciones\/?page_id=36"},"modified":"2024-10-08T15:47:12","modified_gmt":"2024-10-08T18:47:12","slug":"quienes-somos","status":"publish","type":"page","link":"https:\/\/www.usal.edu.ar\/publicaciones\/quienes-somos\/","title":{"rendered":"Qui\u00e9nes Somos"},"content":{"rendered":"\n<div class=\"wp-block-group is-layout-flow wp-container-core-group-is-layout-98ad658b wp-block-group-is-layout-flow\" style=\"margin-top:var(--wp--preset--spacing--30);margin-bottom:var(--wp--preset--spacing--30)\">\n<div class=\"wp-block-group is-layout-flow wp-container-core-group-is-layout-4d6465e4 wp-block-group-is-layout-flow\" style=\"margin-top:0;margin-bottom:0;padding-top:10px;padding-bottom:10px\">\n<div class=\"wp-block-group is-vertical is-content-justification-center is-layout-flex wp-container-core-group-is-layout-de19a45c wp-block-group-is-layout-flex\">\n<figure class=\"wp-block-image size-full is-resized is-style-rounded img-mini-autoridad\"><img loading=\"lazy\" decoding=\"async\" width=\"624\" height=\"586\" src=\"https:\/\/www.usal.edu.ar\/publicaciones\/wp-content\/uploads\/sites\/17\/2024\/10\/SoledadHerrera.png\" alt=\"\" class=\"wp-image-37\" style=\"object-fit:cover;width:120px;height:120px\" srcset=\"https:\/\/www.usal.edu.ar\/publicaciones\/wp-content\/uploads\/sites\/17\/2024\/10\/SoledadHerrera.png 624w, https:\/\/www.usal.edu.ar\/publicaciones\/wp-content\/uploads\/sites\/17\/2024\/10\/SoledadHerrera-300x282.png 300w\" sizes=\"auto, (max-width: 624px) 100vw, 624px\" \/><\/figure>\n\n\n\n<p class=\"has-text-align-center\"><strong>Soledad Herrera<\/strong><br>Direcci\u00f3n de Publicaciones Cient\u00edficas<\/p>\n<\/div>\n\n\n\n<div class=\"wp-block-group is-content-justification-center is-layout-flex wp-container-core-group-is-layout-d1461617 wp-block-group-is-layout-flex\">\n<div class=\"wp-block-group is-vertical is-content-justification-center is-nowrap is-layout-flex wp-container-core-group-is-layout-d6dda7ba wp-block-group-is-layout-flex\">\n<figure class=\"wp-block-image size-full is-resized is-style-rounded img-mini-autoridad\"><img loading=\"lazy\" decoding=\"async\" width=\"100\" height=\"100\" src=\"https:\/\/www.usal.edu.ar\/publicaciones\/wp-content\/uploads\/sites\/17\/2024\/10\/gabyf.jpg\" alt=\"\" class=\"wp-image-48\" style=\"object-fit:contain;width:120px;height:120px\"\/><\/figure>\n\n\n\n<p class=\"has-text-align-center\"><strong>Gabriela Caniffi<\/strong><br>Colaboradora Acad\u00e9mica<\/p>\n<\/div>\n\n\n\n<div class=\"wp-block-group is-vertical is-content-justification-center is-layout-flex wp-container-core-group-is-layout-30f53129 wp-block-group-is-layout-flex\" style=\"padding-top:0;padding-bottom:0\">\n<figure class=\"wp-block-image size-full is-resized is-style-rounded img-mini-autoridad\"><img loading=\"lazy\" decoding=\"async\" width=\"623\" height=\"695\" src=\"https:\/\/www.usal.edu.ar\/publicaciones\/wp-content\/uploads\/sites\/17\/2024\/10\/GabrielaCaniffi.png\" alt=\"\" class=\"wp-image-38\" style=\"object-fit:contain;width:120px;height:120px\" srcset=\"https:\/\/www.usal.edu.ar\/publicaciones\/wp-content\/uploads\/sites\/17\/2024\/10\/GabrielaCaniffi.png 623w, https:\/\/www.usal.edu.ar\/publicaciones\/wp-content\/uploads\/sites\/17\/2024\/10\/GabrielaCaniffi-269x300.png 269w\" sizes=\"auto, (max-width: 623px) 100vw, 623px\" \/><\/figure>\n\n\n\n<p class=\"has-text-align-center\"><strong>Mariana Casas<\/strong><br>Colaboradora&nbsp;<br>Acad\u00e9mica<\/p>\n<\/div>\n\n\n\n<div class=\"wp-block-group is-vertical is-content-justification-center is-layout-flex wp-container-core-group-is-layout-de19a45c wp-block-group-is-layout-flex\">\n<figure class=\"wp-block-image size-full is-resized is-style-rounded img-mini-autoridad\"><img loading=\"lazy\" decoding=\"async\" width=\"621\" height=\"619\" src=\"https:\/\/www.usal.edu.ar\/publicaciones\/wp-content\/uploads\/sites\/17\/2024\/10\/PabloLonardi.png\" alt=\"\" class=\"wp-image-39\" style=\"object-fit:cover;width:120px;height:120px\" srcset=\"https:\/\/www.usal.edu.ar\/publicaciones\/wp-content\/uploads\/sites\/17\/2024\/10\/PabloLonardi.png 621w, https:\/\/www.usal.edu.ar\/publicaciones\/wp-content\/uploads\/sites\/17\/2024\/10\/PabloLonardi-300x300.png 300w, https:\/\/www.usal.edu.ar\/publicaciones\/wp-content\/uploads\/sites\/17\/2024\/10\/PabloLonardi-150x150.png 150w\" sizes=\"auto, (max-width: 621px) 100vw, 621px\" \/><\/figure>\n\n\n\n<p class=\"has-text-align-center\"><strong>Pablo Lonardi<\/strong><br>Colaborador Acad\u00e9mico<\/p>\n<\/div>\n<\/div>\n\n\n\n<div class=\"wp-block-group is-content-justification-center is-layout-flex wp-container-core-group-is-layout-d1461617 wp-block-group-is-layout-flex\">\n<div class=\"wp-block-group is-vertical is-content-justification-center is-nowrap is-layout-flex wp-container-core-group-is-layout-d6dda7ba wp-block-group-is-layout-flex\">\n<figure class=\"wp-block-image size-full is-resized is-style-rounded img-mini-autoridad\"><img loading=\"lazy\" decoding=\"async\" width=\"1339\" height=\"1274\" src=\"https:\/\/www.usal.edu.ar\/publicaciones\/wp-content\/uploads\/sites\/17\/2024\/10\/GladysCid.jpg\" alt=\"\" class=\"wp-image-41\" style=\"object-fit:contain;width:120px;height:120px\" srcset=\"https:\/\/www.usal.edu.ar\/publicaciones\/wp-content\/uploads\/sites\/17\/2024\/10\/GladysCid.jpg 1339w, https:\/\/www.usal.edu.ar\/publicaciones\/wp-content\/uploads\/sites\/17\/2024\/10\/GladysCid-300x285.jpg 300w, https:\/\/www.usal.edu.ar\/publicaciones\/wp-content\/uploads\/sites\/17\/2024\/10\/GladysCid-1024x974.jpg 1024w, https:\/\/www.usal.edu.ar\/publicaciones\/wp-content\/uploads\/sites\/17\/2024\/10\/GladysCid-768x731.jpg 768w\" sizes=\"auto, (max-width: 1339px) 100vw, 1339px\" \/><\/figure>\n\n\n\n<p class=\"has-text-align-center\"><strong>Gladys Cid<\/strong><br>Secretaria Administrativa<\/p>\n<\/div>\n\n\n\n<div class=\"wp-block-group is-vertical is-content-justification-center is-layout-flex wp-container-core-group-is-layout-de19a45c wp-block-group-is-layout-flex\">\n<figure class=\"wp-block-image size-full is-resized is-style-rounded img-mini-autoridad\"><img loading=\"lazy\" decoding=\"async\" width=\"206\" height=\"205\" src=\"https:\/\/www.usal.edu.ar\/publicaciones\/wp-content\/uploads\/sites\/17\/2024\/10\/jami.jpg\" alt=\"\" class=\"wp-image-42\" style=\"object-fit:cover;width:120px;height:120px\" srcset=\"https:\/\/www.usal.edu.ar\/publicaciones\/wp-content\/uploads\/sites\/17\/2024\/10\/jami.jpg 206w, https:\/\/www.usal.edu.ar\/publicaciones\/wp-content\/uploads\/sites\/17\/2024\/10\/jami-150x150.jpg 150w\" sizes=\"auto, (max-width: 206px) 100vw, 206px\" \/><\/figure>\n\n\n\n<p class=\"has-text-align-center\"><strong>Jos\u00e9 Marcucci<\/strong><br>Colaborador Acad\u00e9mico<\/p>\n<\/div>\n<\/div>\n<\/div>\n<\/div>\n","protected":false},"excerpt":{"rendered":"<p>Soledad HerreraDirecci\u00f3n de Publicaciones Cient\u00edficas Gabriela CaniffiColaboradora Acad\u00e9mica Mariana CasasColaboradora&nbsp;Acad\u00e9mica Pablo LonardiColaborador Acad\u00e9mico Gladys CidSecretaria Administrativa Jos\u00e9 MarcucciColaborador Acad\u00e9mico<\/p>\n","protected":false},"author":5,"featured_media":0,"parent":0,"menu_order":0,"comment_status":"closed","ping_status":"closed","template":"","meta":{"_acf_changed":false,"footnotes":""},"class_list":["post-36","page","type-page","status-publish","hentry"],"acf":[],"_links":{"self":[{"href":"https:\/\/www.usal.edu.ar\/publicaciones\/wp-json\/wp\/v2\/pages\/36","targetHints":{"allow":["GET"]}}],"collection":[{"href":"https:\/\/www.usal.edu.ar\/publicaciones\/wp-json\/wp\/v2\/pages"}],"about":[{"href":"https:\/\/www.usal.edu.ar\/publicaciones\/wp-json\/wp\/v2\/types\/page"}],"author":[{"embeddable":true,"href":"https:\/\/www.usal.edu.ar\/publicaciones\/wp-json\/wp\/v2\/users\/5"}],"replies":[{"embeddable":true,"href":"https:\/\/www.usal.edu.ar\/publicaciones\/wp-json\/wp\/v2\/comments?post=36"}],"version-history":[{"count":4,"href":"https:\/\/www.usal.edu.ar\/publicaciones\/wp-json\/wp\/v2\/pages\/36\/revisions"}],"predecessor-version":[{"id":74,"href":"https:\/\/www.usal.edu.ar\/publicaciones\/wp-json\/wp\/v2\/pages\/36\/revisions\/74"}],"wp:attachment":[{"href":"https:\/\/www.usal.edu.ar\/publicaciones\/wp-json\/wp\/v2\/media?parent=36"}],"curies":[{"name":"wp","href":"https:\/\/api.w.org\/{rel}","templated":true}]}}