{"id":50,"date":"2024-10-08T15:51:15","date_gmt":"2024-10-08T18:51:15","guid":{"rendered":"https:\/\/www.usal.edu.ar\/publicaciones\/?page_id=50"},"modified":"2024-10-08T15:52:32","modified_gmt":"2024-10-08T18:52:32","slug":"indexaciones","status":"publish","type":"page","link":"https:\/\/www.usal.edu.ar\/publicaciones\/indexaciones\/","title":{"rendered":"Indexaciones"},"content":{"rendered":"\n<div class=\"wp-block-group has-global-padding is-layout-constrained wp-container-core-group-is-layout-92b9201d wp-block-group-is-layout-constrained\">\n<h4 class=\"wp-block-heading\">Criterios b\u00e1sicos para la indexaci\u00f3n de revistas cient\u00edficas en l\u00ednea<\/h4>\n\n\n\n<p>Existen diversos portales y directorios con est\u00e1ndares de calidad editorial y acad\u00e9mica que agrupan revistas cient\u00edficas en l\u00ednea de diferentes disciplinas. Lograr indexar una revista en diferentes portales reconocidos es garant\u00eda de la seriedad de la publicaci\u00f3n, lo que aporta valor agregado a la revista, que no solo se traduce en visualizaciones y prestigio, sino en la posibilidad de que m\u00e1s autores quieran presentar sus trabajos en ese espacio.<\/p>\n\n\n\n<p>Si bien cada portal o directorio tiene sus propios requisitos de indexaci\u00f3n (algunos son muy rigurosos y otros presentan menos exigencias), aqu\u00ed les compartimos algunos criterios b\u00e1sicos que una revista debe cumplir para solicitarla:<\/p>\n\n\n\n<ol class=\"wp-block-list\">\n<li>Su contenido debe representar un aporte a la comunidad cient\u00edfica, con art\u00edculos originales de investigaci\u00f3n o monogr\u00e1ficos. Tambi\u00e9n pueden incluirse otros tipos de comunicaci\u00f3n cient\u00edfica (como rese\u00f1as, res\u00famenes de jornadas, etc.), pero los art\u00edculos deben predominar.<\/li>\n\n\n\n<li>Tener registrado su ISSN.<\/li>\n\n\n\n<li>Definir una periodicidad de publicaci\u00f3n, explicitarla en la p\u00e1gina de la revista y cumplirla.<\/li>\n\n\n\n<li>Contar con un comit\u00e9 acad\u00e9mico variado (cada miembro con su filiaci\u00f3n institucional), que pueda consultarse en la p\u00e1gina de la publicaci\u00f3n.<\/li>\n\n\n\n<li>Los art\u00edculos deben atravesar un proceso de evaluaci\u00f3n que garantice su calidad y originalidad.<\/li>\n\n\n\n<li>Adem\u00e1s de la revisi\u00f3n de evaluadores, los art\u00edculos deben atravesar el proceso de correcci\u00f3n de estilo y cumplir con normas internacionales de publicaci\u00f3n (las normas APA, en el caso de las publicaciones peri\u00f3dicas de las Universidad del Salvador).<\/li>\n\n\n\n<li>Las normas para autores deben poder consultarse en la p\u00e1gina, as\u00ed como la pol\u00edtica antiplagio y el c\u00f3digo \u00e9tico de la revista.<\/li>\n\n\n\n<li>Adherir a las pol\u00edticas del acceso abierto.<\/li>\n\n\n\n<li>Publicar sus contenidos bajo las licencias Creative Commons.<\/li>\n\n\n\n<li>No perseguir fines comerciales ni representar intereses empresariales.<\/li>\n<\/ol>\n<\/div>\n","protected":false},"excerpt":{"rendered":"<p>Criterios b\u00e1sicos para la indexaci\u00f3n de revistas cient\u00edficas en l\u00ednea Existen diversos portales y directorios con est\u00e1ndares de calidad editorial y acad\u00e9mica que agrupan revistas cient\u00edficas en l\u00ednea de diferentes disciplinas. Lograr indexar una revista en diferentes portales reconocidos es garant\u00eda de la seriedad de la publicaci\u00f3n, lo que aporta valor agregado a la revista, [&hellip;]<\/p>\n","protected":false},"author":5,"featured_media":0,"parent":0,"menu_order":0,"comment_status":"closed","ping_status":"closed","template":"","meta":{"_acf_changed":false,"footnotes":""},"class_list":["post-50","page","type-page","status-publish","hentry"],"acf":[],"_links":{"self":[{"href":"https:\/\/www.usal.edu.ar\/publicaciones\/wp-json\/wp\/v2\/pages\/50","targetHints":{"allow":["GET"]}}],"collection":[{"href":"https:\/\/www.usal.edu.ar\/publicaciones\/wp-json\/wp\/v2\/pages"}],"about":[{"href":"https:\/\/www.usal.edu.ar\/publicaciones\/wp-json\/wp\/v2\/types\/page"}],"author":[{"embeddable":true,"href":"https:\/\/www.usal.edu.ar\/publicaciones\/wp-json\/wp\/v2\/users\/5"}],"replies":[{"embeddable":true,"href":"https:\/\/www.usal.edu.ar\/publicaciones\/wp-json\/wp\/v2\/comments?post=50"}],"version-history":[{"count":2,"href":"https:\/\/www.usal.edu.ar\/publicaciones\/wp-json\/wp\/v2\/pages\/50\/revisions"}],"predecessor-version":[{"id":53,"href":"https:\/\/www.usal.edu.ar\/publicaciones\/wp-json\/wp\/v2\/pages\/50\/revisions\/53"}],"wp:attachment":[{"href":"https:\/\/www.usal.edu.ar\/publicaciones\/wp-json\/wp\/v2\/media?parent=50"}],"curies":[{"name":"wp","href":"https:\/\/api.w.org\/{rel}","templated":true}]}}