{"id":69,"date":"2025-03-26T17:53:58","date_gmt":"2025-03-26T20:53:58","guid":{"rendered":"https:\/\/www.usal.edu.ar\/publicaciones\/?page_id=69"},"modified":"2025-04-21T18:06:42","modified_gmt":"2025-04-21T21:06:42","slug":"novedades","status":"publish","type":"page","link":"https:\/\/www.usal.edu.ar\/publicaciones\/novedades\/","title":{"rendered":"Novedades"},"content":{"rendered":"\n<div class=\"wp-block-group alignwide novedades has-global-padding is-layout-constrained wp-block-group-is-layout-constrained\">\n<div class=\"wp-block-query alignwide is-layout-flow wp-block-query-is-layout-flow\"><ul class=\"columns-3 alignwide wp-block-post-template is-layout-grid wp-container-core-post-template-is-layout-2d080239 wp-block-post-template-is-layout-grid\"><li class=\"wp-block-post post-433 post type-post status-publish format-standard has-post-thumbnail hentry category-novedades\">\n<figure style=\"aspect-ratio:auto;height:150px;\" class=\"alignwide wp-block-post-featured-image\"><a href=\"https:\/\/www.usal.edu.ar\/publicaciones\/se-encuentra-disponible-el-vol-5-num-5-2025-de-interacciones\/\" target=\"_self\"  style=\"height:150px\"><img loading=\"lazy\" decoding=\"async\" width=\"408\" height=\"543\" src=\"https:\/\/www.usal.edu.ar\/publicaciones\/wp-content\/uploads\/sites\/17\/2026\/02\/Interacciones-5.png\" class=\"attachment-post-thumbnail size-post-thumbnail wp-post-image\" alt=\"Disponible en l\u00ednea el vol. 5, n\u00fam. 5 (2025) de Interacciones\" style=\"width:100%;height:100%;object-fit:contain;\" srcset=\"https:\/\/www.usal.edu.ar\/publicaciones\/wp-content\/uploads\/sites\/17\/2026\/02\/Interacciones-5.png 408w, https:\/\/www.usal.edu.ar\/publicaciones\/wp-content\/uploads\/sites\/17\/2026\/02\/Interacciones-5-225x300.png 225w\" sizes=\"auto, (max-width: 408px) 100vw, 408px\" \/><\/a><\/figure>\n\n<h2 style=\"line-height:1.1;\" class=\"has-text-align-center wp-block-post-title has-small-font-size\"><a href=\"https:\/\/www.usal.edu.ar\/publicaciones\/se-encuentra-disponible-el-vol-5-num-5-2025-de-interacciones\/\" target=\"_self\" >Disponible en l\u00ednea el vol. 5, n\u00fam. 5 (2025) de Interacciones<\/a><\/h2>\n<\/li><li class=\"wp-block-post post-423 post type-post status-publish format-standard has-post-thumbnail hentry category-novedades\">\n<figure style=\"aspect-ratio:auto;height:150px;\" class=\"alignwide wp-block-post-featured-image\"><a href=\"https:\/\/www.usal.edu.ar\/publicaciones\/ya-se-encuentra-disponible-el-numero-2-de-vestigium\/\" target=\"_self\"  style=\"height:150px\"><img loading=\"lazy\" decoding=\"async\" width=\"1241\" height=\"1754\" src=\"https:\/\/www.usal.edu.ar\/publicaciones\/wp-content\/uploads\/sites\/17\/2026\/02\/Vestigium-2-con-tapa_page-0001.jpg\" class=\"attachment-post-thumbnail size-post-thumbnail wp-post-image\" alt=\"Ya se encuentra disponible el n\u00famero 2 de Vestigium\" style=\"width:100%;height:100%;object-fit:contain;\" srcset=\"https:\/\/www.usal.edu.ar\/publicaciones\/wp-content\/uploads\/sites\/17\/2026\/02\/Vestigium-2-con-tapa_page-0001.jpg 1241w, https:\/\/www.usal.edu.ar\/publicaciones\/wp-content\/uploads\/sites\/17\/2026\/02\/Vestigium-2-con-tapa_page-0001-212x300.jpg 212w, https:\/\/www.usal.edu.ar\/publicaciones\/wp-content\/uploads\/sites\/17\/2026\/02\/Vestigium-2-con-tapa_page-0001-725x1024.jpg 725w, https:\/\/www.usal.edu.ar\/publicaciones\/wp-content\/uploads\/sites\/17\/2026\/02\/Vestigium-2-con-tapa_page-0001-768x1085.jpg 768w, https:\/\/www.usal.edu.ar\/publicaciones\/wp-content\/uploads\/sites\/17\/2026\/02\/Vestigium-2-con-tapa_page-0001-1087x1536.jpg 1087w\" sizes=\"auto, (max-width: 1241px) 100vw, 1241px\" \/><\/a><\/figure>\n\n<h2 style=\"line-height:1.1;\" class=\"has-text-align-center wp-block-post-title has-small-font-size\"><a href=\"https:\/\/www.usal.edu.ar\/publicaciones\/ya-se-encuentra-disponible-el-numero-2-de-vestigium\/\" target=\"_self\" >Ya se encuentra disponible el n\u00famero 2 de Vestigium<\/a><\/h2>\n<\/li><li class=\"wp-block-post post-416 post type-post status-publish format-standard has-post-thumbnail hentry category-novedades\">\n<figure style=\"aspect-ratio:auto;height:150px;\" class=\"alignwide wp-block-post-featured-image\"><a href=\"https:\/\/www.usal.edu.ar\/publicaciones\/se-encuentra-disponible-el-numero-19-de-epocas-dossier-historia-de-la-educacion-en-brasil-desde-el-siglo-xx-hasta-la-actualidad\/\" target=\"_self\"  style=\"height:150px\"><img loading=\"lazy\" decoding=\"async\" width=\"150\" height=\"205\" src=\"https:\/\/www.usal.edu.ar\/publicaciones\/wp-content\/uploads\/sites\/17\/2025\/12\/journalThumbnail_es_ES-1.jpg\" class=\"attachment-post-thumbnail size-post-thumbnail wp-post-image\" alt=\"Se encuentra disponible el n\u00famero 29 de \u00c9pocas (2025). Dossier: Historia de la Educaci\u00f3n en Brasil desde el siglo XX hasta la actualidad\" style=\"width:100%;height:100%;object-fit:contain;\" \/><\/a><\/figure>\n\n<h2 style=\"line-height:1.1;\" class=\"has-text-align-center wp-block-post-title has-small-font-size\"><a href=\"https:\/\/www.usal.edu.ar\/publicaciones\/se-encuentra-disponible-el-numero-19-de-epocas-dossier-historia-de-la-educacion-en-brasil-desde-el-siglo-xx-hasta-la-actualidad\/\" target=\"_self\" >Se encuentra disponible el n\u00famero 29 de \u00c9pocas (2025). Dossier: Historia de la Educaci\u00f3n en Brasil desde el siglo XX hasta la actualidad<\/a><\/h2>\n<\/li><li class=\"wp-block-post post-411 post type-post status-publish format-standard has-post-thumbnail hentry category-novedades\">\n<figure style=\"aspect-ratio:auto;height:150px;\" class=\"alignwide wp-block-post-featured-image\"><a href=\"https:\/\/www.usal.edu.ar\/publicaciones\/se-encuentra-disponible-el-numero-26-2025-de-nuevo-pensamiento\/\" target=\"_self\"  style=\"height:150px\"><img loading=\"lazy\" decoding=\"async\" width=\"217\" height=\"313\" src=\"https:\/\/www.usal.edu.ar\/publicaciones\/wp-content\/uploads\/sites\/17\/2025\/12\/journalThumbnail_es_ES.jpg\" class=\"attachment-post-thumbnail size-post-thumbnail wp-post-image\" alt=\"Se encuentra disponible el n\u00famero 26 (2025) de Nuevo Pensamiento\" style=\"width:100%;height:100%;object-fit:contain;\" srcset=\"https:\/\/www.usal.edu.ar\/publicaciones\/wp-content\/uploads\/sites\/17\/2025\/12\/journalThumbnail_es_ES.jpg 217w, https:\/\/www.usal.edu.ar\/publicaciones\/wp-content\/uploads\/sites\/17\/2025\/12\/journalThumbnail_es_ES-208x300.jpg 208w\" sizes=\"auto, (max-width: 217px) 100vw, 217px\" \/><\/a><\/figure>\n\n<h2 style=\"line-height:1.1;\" class=\"has-text-align-center wp-block-post-title has-small-font-size\"><a href=\"https:\/\/www.usal.edu.ar\/publicaciones\/se-encuentra-disponible-el-numero-26-2025-de-nuevo-pensamiento\/\" target=\"_self\" >Se encuentra disponible el n\u00famero 26 (2025) de Nuevo Pensamiento<\/a><\/h2>\n<\/li><li class=\"wp-block-post post-405 post type-post status-publish format-standard has-post-thumbnail hentry category-novedades\">\n<figure style=\"aspect-ratio:auto;height:150px;\" class=\"alignwide wp-block-post-featured-image\"><a href=\"https:\/\/www.usal.edu.ar\/publicaciones\/ya-se-encuentra-disponible-el-numero-10-2025-de-revista-de-psicologia-psicopedagogia\/\" target=\"_self\"  style=\"height:150px\"><img loading=\"lazy\" decoding=\"async\" width=\"1991\" height=\"2560\" src=\"https:\/\/www.usal.edu.ar\/publicaciones\/wp-content\/uploads\/sites\/17\/2025\/12\/00_PORTADA_page-0001-scaled.jpg\" class=\"attachment-post-thumbnail size-post-thumbnail wp-post-image\" alt=\"Ya se encuentra disponible el n\u00famero 10 (2025) de Revista de Psicolog\u00eda &amp; Psicopedagog\u00eda\" style=\"width:100%;height:100%;object-fit:contain;\" srcset=\"https:\/\/www.usal.edu.ar\/publicaciones\/wp-content\/uploads\/sites\/17\/2025\/12\/00_PORTADA_page-0001-scaled.jpg 1991w, https:\/\/www.usal.edu.ar\/publicaciones\/wp-content\/uploads\/sites\/17\/2025\/12\/00_PORTADA_page-0001-233x300.jpg 233w, https:\/\/www.usal.edu.ar\/publicaciones\/wp-content\/uploads\/sites\/17\/2025\/12\/00_PORTADA_page-0001-796x1024.jpg 796w, https:\/\/www.usal.edu.ar\/publicaciones\/wp-content\/uploads\/sites\/17\/2025\/12\/00_PORTADA_page-0001-768x987.jpg 768w, https:\/\/www.usal.edu.ar\/publicaciones\/wp-content\/uploads\/sites\/17\/2025\/12\/00_PORTADA_page-0001-1195x1536.jpg 1195w, https:\/\/www.usal.edu.ar\/publicaciones\/wp-content\/uploads\/sites\/17\/2025\/12\/00_PORTADA_page-0001-1593x2048.jpg 1593w\" sizes=\"auto, (max-width: 1991px) 100vw, 1991px\" \/><\/a><\/figure>\n\n<h2 style=\"line-height:1.1;\" class=\"has-text-align-center wp-block-post-title has-small-font-size\"><a href=\"https:\/\/www.usal.edu.ar\/publicaciones\/ya-se-encuentra-disponible-el-numero-10-2025-de-revista-de-psicologia-psicopedagogia\/\" target=\"_self\" >Ya se encuentra disponible el n\u00famero 10 (2025) de Revista de Psicolog\u00eda &amp; Psicopedagog\u00eda<\/a><\/h2>\n<\/li><li class=\"wp-block-post post-362 post type-post status-publish format-standard has-post-thumbnail hentry category-novedades\">\n<figure style=\"aspect-ratio:auto;height:150px;\" class=\"alignwide wp-block-post-featured-image\"><a href=\"https:\/\/www.usal.edu.ar\/publicaciones\/ya-se-encuentra-en-linea-el-num-21-de-miriada-2025-dossier-geopolitica-de-asia-pacifico-e-india-en-america-latina\/\" target=\"_self\"  style=\"height:150px\"><img loading=\"lazy\" decoding=\"async\" width=\"894\" height=\"1270\" src=\"https:\/\/www.usal.edu.ar\/publicaciones\/wp-content\/uploads\/sites\/17\/2025\/10\/tapa-miriada-2025-imagen.jpg\" class=\"attachment-post-thumbnail size-post-thumbnail wp-post-image\" alt=\"Disponible en l\u00ednea el n\u00fam. 21 de Mir\u00edada (2025).  Dossier: Geopol\u00edtica de Asia Pac\u00edfico e India en Am\u00e9rica Latina\" style=\"width:100%;height:100%;object-fit:contain;\" srcset=\"https:\/\/www.usal.edu.ar\/publicaciones\/wp-content\/uploads\/sites\/17\/2025\/10\/tapa-miriada-2025-imagen.jpg 894w, https:\/\/www.usal.edu.ar\/publicaciones\/wp-content\/uploads\/sites\/17\/2025\/10\/tapa-miriada-2025-imagen-211x300.jpg 211w, https:\/\/www.usal.edu.ar\/publicaciones\/wp-content\/uploads\/sites\/17\/2025\/10\/tapa-miriada-2025-imagen-721x1024.jpg 721w, https:\/\/www.usal.edu.ar\/publicaciones\/wp-content\/uploads\/sites\/17\/2025\/10\/tapa-miriada-2025-imagen-768x1091.jpg 768w\" sizes=\"auto, (max-width: 894px) 100vw, 894px\" \/><\/a><\/figure>\n\n<h2 style=\"line-height:1.1;\" class=\"has-text-align-center wp-block-post-title has-small-font-size\"><a href=\"https:\/\/www.usal.edu.ar\/publicaciones\/ya-se-encuentra-en-linea-el-num-21-de-miriada-2025-dossier-geopolitica-de-asia-pacifico-e-india-en-america-latina\/\" target=\"_self\" >Disponible en l\u00ednea el n\u00fam. 21 de Mir\u00edada (2025).  Dossier: Geopol\u00edtica de Asia Pac\u00edfico e India en Am\u00e9rica Latina<\/a><\/h2>\n<\/li><li class=\"wp-block-post post-310 post type-post status-publish format-standard has-post-thumbnail hentry category-novedades\">\n<figure style=\"aspect-ratio:auto;height:150px;\" class=\"alignwide wp-block-post-featured-image\"><a href=\"https:\/\/www.usal.edu.ar\/publicaciones\/nueva-publicacion\/\" target=\"_self\"  style=\"height:150px\"><img loading=\"lazy\" decoding=\"async\" width=\"426\" height=\"567\" src=\"https:\/\/www.usal.edu.ar\/publicaciones\/wp-content\/uploads\/sites\/17\/2025\/10\/tapa-gramma-74-2.png\" class=\"attachment-post-thumbnail size-post-thumbnail wp-post-image\" alt=\"Nuevo n\u00famero disponible de Gramma, vol. 36, n\u00fam. 74 (2025): Dossier: Di\u00e1logos de investigaci\u00f3n: Mujeres latinoamericanas y argentinas en la revista Sur\" style=\"width:100%;height:100%;object-fit:contain;\" srcset=\"https:\/\/www.usal.edu.ar\/publicaciones\/wp-content\/uploads\/sites\/17\/2025\/10\/tapa-gramma-74-2.png 426w, https:\/\/www.usal.edu.ar\/publicaciones\/wp-content\/uploads\/sites\/17\/2025\/10\/tapa-gramma-74-2-225x300.png 225w\" sizes=\"auto, (max-width: 426px) 100vw, 426px\" \/><\/a><\/figure>\n\n<h2 style=\"line-height:1.1;\" class=\"has-text-align-center wp-block-post-title has-small-font-size\"><a href=\"https:\/\/www.usal.edu.ar\/publicaciones\/nueva-publicacion\/\" target=\"_self\" >Nuevo n\u00famero disponible de Gramma, vol. 36, n\u00fam. 74 (2025): Dossier: Di\u00e1logos de investigaci\u00f3n: Mujeres latinoamericanas y argentinas en la revista Sur<\/a><\/h2>\n<\/li><li class=\"wp-block-post post-295 post type-post status-publish format-standard has-post-thumbnail hentry category-novedades\">\n<figure style=\"aspect-ratio:auto;height:150px;\" class=\"alignwide wp-block-post-featured-image\"><a href=\"https:\/\/www.usal.edu.ar\/publicaciones\/295-2\/\" target=\"_self\"  style=\"height:150px\"><img loading=\"lazy\" decoding=\"async\" width=\"1652\" height=\"2207\" src=\"https:\/\/www.usal.edu.ar\/publicaciones\/wp-content\/uploads\/sites\/17\/2025\/10\/TapaAnuarioInvestigacion_20250211.jpg\" class=\"attachment-post-thumbnail size-post-thumbnail wp-post-image\" alt=\"Ya se encuentra disponible el n\u00famero 11 del Anuario de Investigaci\u00f3n\" style=\"width:100%;height:100%;object-fit:contain;\" srcset=\"https:\/\/www.usal.edu.ar\/publicaciones\/wp-content\/uploads\/sites\/17\/2025\/10\/TapaAnuarioInvestigacion_20250211.jpg 1652w, https:\/\/www.usal.edu.ar\/publicaciones\/wp-content\/uploads\/sites\/17\/2025\/10\/TapaAnuarioInvestigacion_20250211-225x300.jpg 225w, https:\/\/www.usal.edu.ar\/publicaciones\/wp-content\/uploads\/sites\/17\/2025\/10\/TapaAnuarioInvestigacion_20250211-766x1024.jpg 766w, https:\/\/www.usal.edu.ar\/publicaciones\/wp-content\/uploads\/sites\/17\/2025\/10\/TapaAnuarioInvestigacion_20250211-768x1026.jpg 768w, https:\/\/www.usal.edu.ar\/publicaciones\/wp-content\/uploads\/sites\/17\/2025\/10\/TapaAnuarioInvestigacion_20250211-1150x1536.jpg 1150w, https:\/\/www.usal.edu.ar\/publicaciones\/wp-content\/uploads\/sites\/17\/2025\/10\/TapaAnuarioInvestigacion_20250211-1533x2048.jpg 1533w\" sizes=\"auto, (max-width: 1652px) 100vw, 1652px\" \/><\/a><\/figure>\n\n<h2 style=\"line-height:1.1;\" class=\"has-text-align-center wp-block-post-title has-small-font-size\"><a href=\"https:\/\/www.usal.edu.ar\/publicaciones\/295-2\/\" target=\"_self\" >Ya se encuentra disponible el n\u00famero 11 del Anuario de Investigaci\u00f3n<\/a><\/h2>\n<\/li><\/ul>\n\n<\/div>\n<\/div>\n","protected":false},"excerpt":{"rendered":"","protected":false},"author":1,"featured_media":0,"parent":0,"menu_order":0,"comment_status":"closed","ping_status":"closed","template":"","meta":{"_acf_changed":false,"footnotes":""},"class_list":["post-69","page","type-page","status-publish","hentry"],"acf":[],"_links":{"self":[{"href":"https:\/\/www.usal.edu.ar\/publicaciones\/wp-json\/wp\/v2\/pages\/69","targetHints":{"allow":["GET"]}}],"collection":[{"href":"https:\/\/www.usal.edu.ar\/publicaciones\/wp-json\/wp\/v2\/pages"}],"about":[{"href":"https:\/\/www.usal.edu.ar\/publicaciones\/wp-json\/wp\/v2\/types\/page"}],"author":[{"embeddable":true,"href":"https:\/\/www.usal.edu.ar\/publicaciones\/wp-json\/wp\/v2\/users\/1"}],"replies":[{"embeddable":true,"href":"https:\/\/www.usal.edu.ar\/publicaciones\/wp-json\/wp\/v2\/comments?post=69"}],"version-history":[{"count":2,"href":"https:\/\/www.usal.edu.ar\/publicaciones\/wp-json\/wp\/v2\/pages\/69\/revisions"}],"predecessor-version":[{"id":83,"href":"https:\/\/www.usal.edu.ar\/publicaciones\/wp-json\/wp\/v2\/pages\/69\/revisions\/83"}],"wp:attachment":[{"href":"https:\/\/www.usal.edu.ar\/publicaciones\/wp-json\/wp\/v2\/media?parent=69"}],"curies":[{"name":"wp","href":"https:\/\/api.w.org\/{rel}","templated":true}]}}