{"id":10,"date":"2026-04-16T11:59:20","date_gmt":"2026-04-16T14:59:20","guid":{"rendered":"https:\/\/www.usal.edu.ar\/virasoro\/?page_id=10"},"modified":"2026-04-24T17:53:47","modified_gmt":"2026-04-24T20:53:47","slug":"campus-san-roque-gonzalez-de-santa-cruz","status":"publish","type":"page","link":"https:\/\/www.usal.edu.ar\/virasoro\/","title":{"rendered":"Campus San Roque Gonz\u00e1lez de Santa Cruz"},"content":{"rendered":"\n<p>A 20 km de la ciudad de Gobernador Virasoro, en la provincia de Corrientes, se ubica el Campus San Roque Gonz\u00e1lez de Santa Cruz de la Universidad del Salvador, fundado el 22 de septiembre de 1990, cuando se coloc\u00f3 la piedra fundamental.<\/p>\n\n\n\n<p>En 1991 inician las clases de la carrera de <strong>Agronom\u00eda<\/strong>, y en 1997 inician las clases de la carrera de <strong>Veterinaria.<\/strong><\/p>\n\n\n\n<p>El predio comprende 110 ha, y dentro de \u00e9l se ubican las aulas, los laboratorios, la biblioteca, el comedor estudiantil, las salas de necropsia y de simulaci\u00f3n y el aula magna. Tambi\u00e9n los sectores did\u00e1cticos: la huerta, el invern\u00e1culo, el rodeo did\u00e1ctico, el bosque de especies nativas y el yerbal, entre otros.<\/p>\n\n\n\n<div class=\"wp-block-group has-global-padding is-layout-constrained wp-block-group-is-layout-constrained\">\n<div class=\"wp-block-group alignfull is-layout-flow wp-block-group-is-layout-flow\" style=\"padding-top:0;padding-bottom:0\">\n<div class=\"wp-block-group has-global-padding is-layout-constrained wp-block-group-is-layout-constrained\" style=\"margin-top:var(--wp--preset--spacing--30);margin-bottom:var(--wp--preset--spacing--30)\">\n<h2 class=\"wp-block-heading has-text-align-center\" style=\"font-style:normal;font-weight:600;letter-spacing:-2px\">Novedades<\/h2>\n\n\n\n<hr class=\"wp-block-separator has-text-color has-alpha-channel-opacity has-background linea-base-titulo\" style=\"margin-bottom:var(--wp--preset--spacing--30);background-color:#007c85;color:#007c85\" \/>\n<\/div>\n\n\n\r\n<section class=\"novedades splide\" data-splide='{\"type\":\"slide\"}' aria-label=\"Slider de Novedades\">\r\n  <div class=\"splide__track\">\r\n\t<ul class=\"splide__list\"><li class=\"splide__slide\"><div class=\"novedad-container\" data-link=\"https:\/\/www.usal.edu.ar\/virasoro\/primera-actividad-de-simulacion-en-grandes-animales\/\"><div class=\"img-container\"><img decoding=\"async\" loading=\"lazy\" class=\"novedad-img\" src=\"https:\/\/www.usal.edu.ar\/virasoro\/wp-content\/uploads\/sites\/23\/2026\/04\/1IMG_28811-scaled.jpg\"><\/div><div class=\"titulo-container\"><p class=\"titulo\">Primera actividad de \u201cSimulaci\u00f3n en Grandes Animales\u201d<\/p><\/div><\/div><\/li>\r\n\t<\/ul>\r\n  <\/div>\r\n<\/section>\r\n\t\n<\/div>\n<\/div>\n","protected":false},"excerpt":{"rendered":"<p>A 20 km de la ciudad de Gobernador Virasoro, en la provincia de Corrientes, se ubica el Campus San Roque Gonz\u00e1lez de Santa Cruz de la Universidad del Salvador, fundado el 22 de septiembre de 1990, cuando se coloc\u00f3 la piedra fundamental. En 1991 inician las clases de la carrera de Agronom\u00eda, y en 1997 [&hellip;]<\/p>\n","protected":false},"author":5,"featured_media":24,"parent":0,"menu_order":0,"comment_status":"closed","ping_status":"closed","template":"","meta":{"footnotes":""},"class_list":["post-10","page","type-page","status-publish","has-post-thumbnail","hentry"],"_links":{"self":[{"href":"https:\/\/www.usal.edu.ar\/virasoro\/wp-json\/wp\/v2\/pages\/10","targetHints":{"allow":["GET"]}}],"collection":[{"href":"https:\/\/www.usal.edu.ar\/virasoro\/wp-json\/wp\/v2\/pages"}],"about":[{"href":"https:\/\/www.usal.edu.ar\/virasoro\/wp-json\/wp\/v2\/types\/page"}],"author":[{"embeddable":true,"href":"https:\/\/www.usal.edu.ar\/virasoro\/wp-json\/wp\/v2\/users\/5"}],"replies":[{"embeddable":true,"href":"https:\/\/www.usal.edu.ar\/virasoro\/wp-json\/wp\/v2\/comments?post=10"}],"version-history":[{"count":8,"href":"https:\/\/www.usal.edu.ar\/virasoro\/wp-json\/wp\/v2\/pages\/10\/revisions"}],"predecessor-version":[{"id":67,"href":"https:\/\/www.usal.edu.ar\/virasoro\/wp-json\/wp\/v2\/pages\/10\/revisions\/67"}],"wp:featuredmedia":[{"embeddable":true,"href":"https:\/\/www.usal.edu.ar\/virasoro\/wp-json\/wp\/v2\/media\/24"}],"wp:attachment":[{"href":"https:\/\/www.usal.edu.ar\/virasoro\/wp-json\/wp\/v2\/media?parent=10"}],"curies":[{"name":"wp","href":"https:\/\/api.w.org\/{rel}","templated":true}]}}