{"id":12,"date":"2026-04-16T12:00:31","date_gmt":"2026-04-16T15:00:31","guid":{"rendered":"https:\/\/www.usal.edu.ar\/virasoro\/?page_id=12"},"modified":"2026-04-16T15:15:43","modified_gmt":"2026-04-16T18:15:43","slug":"carreras","status":"publish","type":"page","link":"https:\/\/www.usal.edu.ar\/virasoro\/carreras\/","title":{"rendered":"Carreras"},"content":{"rendered":"<div class=\"unidad-titulo-propuestas collapsible\" id=\"Unidad_102\" style=\"background-color: #737438;\"><span class=\"icon-wrapper\"><span class=\"svg-wrapper\"><svg xmlns=\"https:\/\/www.w3.org\/2000\/svg\" width=\"12\" height=\"12\" viewBox=\"0 0 448 512\" fill=\"#FF0000\"><path d=\"M0 96C0 60.65 28.65 32 64 32H384C419.3 32 448 60.65 448 96V416C448 451.3 419.3 480 384 480H64C28.65 480 0 451.3 0 416V96z\" style=\"fill:#FFFFFF;\"><\/path><\/svg><\/span><\/span><span class=\"nombre-unidad\">Facultad de Ciencias Agrarias y Veterinarias<\/span><\/div><div class=\"propuestas-wrapper\" style=\"background-color: #7374380F;\"><div class=\"propuesta-item clickeable\"><div class=\"propuesta_nombre\"><a href=\"https:\/\/www.usal.edu.ar\/ingreso\/propuesta\/agronomia\/\" target=\"_blank\">Agronom\u00eda<\/a><\/div><div class='propuesta_tipos'>   <\/div><\/div><div class=\"propuesta-item clickeable\"><div class=\"propuesta_nombre\"><a href=\"https:\/\/www.usal.edu.ar\/ingreso\/propuesta\/veterinaria\/\" target=\"_blank\">Veterinaria<\/a><\/div><div class='propuesta_tipos'>   <\/div><\/div><\/div><div class=\"unidad-titulo-propuestas collapsible\" id=\"Unidad_135\" style=\"background-color: #007c85;\"><span class=\"icon-wrapper\"><span class=\"svg-wrapper\"><svg xmlns=\"https:\/\/www.w3.org\/2000\/svg\" width=\"12\" height=\"12\" viewBox=\"0 0 448 512\" fill=\"#FF0000\"><path d=\"M0 96C0 60.65 28.65 32 64 32H384C419.3 32 448 60.65 448 96V416C448 451.3 419.3 480 384 480H64C28.65 480 0 451.3 0 416V96z\" style=\"fill:#FFFFFF;\"><\/path><\/svg><\/span><\/span><span class=\"nombre-unidad\">Facultad de Ingenier\u00eda<\/span><\/div><div class=\"propuestas-wrapper\" style=\"background-color: #007c850F;\"><div class=\"propuesta-item clickeable\"><div class=\"propuesta_nombre\"><a href=\"https:\/\/www.usal.edu.ar\/ingreso\/propuesta\/higiene-y-seguridad-en-el-trabajo-ciclo-de-complementacion-curricular\/\" target=\"_blank\">Higiene y Seguridad en el Trabajo - Ciclo de Complementaci\u00f3n Curricular<\/a><\/div><div class='propuesta_tipos'>   <\/div><\/div><div class=\"propuesta-item\" style=\"visibility: hidden;\"><\/div><\/div><div class=\"unidad-titulo-propuestas collapsible\" id=\"Unidad_33641\" style=\"background-color: #9e28b6;\"><span class=\"icon-wrapper\"><span class=\"svg-wrapper\"><svg xmlns=\"https:\/\/www.w3.org\/2000\/svg\" width=\"12\" height=\"12\" viewBox=\"0 0 448 512\" fill=\"#FF0000\"><path d=\"M0 96C0 60.65 28.65 32 64 32H384C419.3 32 448 60.65 448 96V416C448 451.3 419.3 480 384 480H64C28.65 480 0 451.3 0 416V96z\" style=\"fill:#FFFFFF;\"><\/path><\/svg><\/span><\/span><span class=\"nombre-unidad\">Facultad de Ciencias Sociales, Educaci\u00f3n y Comunicaci\u00f3n<\/span><\/div><div class=\"propuestas-wrapper\" style=\"background-color: #9e28b60F;\"><div class=\"propuesta-item clickeable\"><div class=\"propuesta_nombre\"><a href=\"https:\/\/www.usal.edu.ar\/ingreso\/propuesta\/licenciatura-en-ciencia-de-la-educacion-ciclo-de-complementacion-curricular\/\" target=\"_blank\">Licenciatura en Ciencia de la Educaci\u00f3n - Ciclo de Complementaci\u00f3n Curricular<\/a><\/div><div class='propuesta_tipos'>   <\/div><\/div><div class=\"propuesta-item clickeable\"><div class=\"propuesta_nombre\"><a href=\"https:\/\/www.usal.edu.ar\/ingreso\/propuesta\/licenciatura-en-educacion-especial-ciclo-de-complementacion-curricular\/\" target=\"_blank\">Licenciatura en Educaci\u00f3n Especial - Ciclo de Complementaci\u00f3n Curricular<\/a><\/div><div class='propuesta_tipos'>   <\/div><\/div><div class=\"propuesta-item clickeable\"><div class=\"propuesta_nombre\"><a href=\"https:\/\/www.usal.edu.ar\/ingreso\/propuesta\/licenciatura-en-gestion-de-la-educacion-ciclo-de-complementacion-curricular\/\" target=\"_blank\">Licenciatura en Gesti\u00f3n de la Educaci\u00f3n - Ciclo de Complementaci\u00f3n Curricular<\/a><\/div><div class='propuesta_tipos'>   <\/div><\/div><div class=\"propuesta-item\" style=\"visibility: hidden;\"><\/div><\/div>\n","protected":false},"excerpt":{"rendered":"","protected":false},"author":5,"featured_media":0,"parent":0,"menu_order":0,"comment_status":"closed","ping_status":"closed","template":"","meta":{"footnotes":""},"class_list":["post-12","page","type-page","status-publish","hentry"],"_links":{"self":[{"href":"https:\/\/www.usal.edu.ar\/virasoro\/wp-json\/wp\/v2\/pages\/12","targetHints":{"allow":["GET"]}}],"collection":[{"href":"https:\/\/www.usal.edu.ar\/virasoro\/wp-json\/wp\/v2\/pages"}],"about":[{"href":"https:\/\/www.usal.edu.ar\/virasoro\/wp-json\/wp\/v2\/types\/page"}],"author":[{"embeddable":true,"href":"https:\/\/www.usal.edu.ar\/virasoro\/wp-json\/wp\/v2\/users\/5"}],"replies":[{"embeddable":true,"href":"https:\/\/www.usal.edu.ar\/virasoro\/wp-json\/wp\/v2\/comments?post=12"}],"version-history":[{"count":1,"href":"https:\/\/www.usal.edu.ar\/virasoro\/wp-json\/wp\/v2\/pages\/12\/revisions"}],"predecessor-version":[{"id":13,"href":"https:\/\/www.usal.edu.ar\/virasoro\/wp-json\/wp\/v2\/pages\/12\/revisions\/13"}],"wp:attachment":[{"href":"https:\/\/www.usal.edu.ar\/virasoro\/wp-json\/wp\/v2\/media?parent=12"}],"curies":[{"name":"wp","href":"https:\/\/api.w.org\/{rel}","templated":true}]}}