{"id":14,"date":"2026-04-16T12:03:31","date_gmt":"2026-04-16T15:03:31","guid":{"rendered":"https:\/\/www.usal.edu.ar\/virasoro\/?page_id=14"},"modified":"2026-04-16T16:27:04","modified_gmt":"2026-04-16T19:27:04","slug":"instalaciones","status":"publish","type":"page","link":"https:\/\/www.usal.edu.ar\/virasoro\/instalaciones\/","title":{"rendered":"Instalaciones"},"content":{"rendered":"\n<p>El campus cuenta con aulas, aula magna, biblioteca, comedor estudiantil, laboratorios, sala de necropsia, sala de simulaci\u00f3n, cl\u00ednica de peque\u00f1os animales, barrio universitario y m\u00e1s. <\/p>\n\n\n\n<div class=\"wp-block-group has-global-padding is-layout-constrained wp-block-group-is-layout-constrained\">\n<div class=\"wp-block-group titulo1 has-global-padding is-layout-constrained wp-block-group-is-layout-constrained\" style=\"margin-top:var(--wp--preset--spacing--30);margin-bottom:var(--wp--preset--spacing--30)\">\n<h3 class=\"wp-block-heading has-text-align-center\" style=\"font-style:normal;font-weight:600;letter-spacing:-1.5px\">Aulas<\/h3>\n\n\n\n<hr class=\"wp-block-separator has-text-color has-primary-color has-alpha-channel-opacity has-primary-background-color has-background linea-base-titulo is-style-default\" style=\"margin-bottom:var(--wp--preset--spacing--30)\" \/>\n<\/div>\n\n\n\n<p>El <strong>Campus San Roque Gonz\u00e1lez de Santa Cruz (Sede Virasoro) de la Universidad del Salvador<\/strong> cuenta con <strong>7 aulas destinadas al dictado de clases<\/strong>, dise\u00f1adas para el desarrollo de actividades acad\u00e9micas y la formaci\u00f3n universitaria de los estudiantes.<\/p>\n\n\n\n<p>Las aulas se distribuyen a lo largo del edificio y se encuentran <strong>conectadas mediante galer\u00edas internas<\/strong>, lo que facilita la circulaci\u00f3n entre los distintos espacios educativos del campus.<\/p>\n\n\n\n<figure class=\"wp-block-gallery has-nested-images columns-default is-cropped wp-block-gallery-1 is-layout-flex wp-block-gallery-is-layout-flex\">\n<figure class=\"wp-block-image size-full\"><img loading=\"lazy\" decoding=\"async\" width=\"600\" height=\"412\" data-id=\"34\" src=\"https:\/\/www.usal.edu.ar\/virasoro\/wp-content\/uploads\/sites\/23\/2026\/04\/i1.jpg\" alt=\"\" class=\"wp-image-34\" srcset=\"https:\/\/www.usal.edu.ar\/virasoro\/wp-content\/uploads\/sites\/23\/2026\/04\/i1.jpg 600w, https:\/\/www.usal.edu.ar\/virasoro\/wp-content\/uploads\/sites\/23\/2026\/04\/i1-300x206.jpg 300w\" sizes=\"auto, (max-width: 600px) 100vw, 600px\" \/><\/figure>\n\n\n\n<figure class=\"wp-block-image size-full\"><img loading=\"lazy\" decoding=\"async\" width=\"600\" height=\"265\" data-id=\"33\" src=\"https:\/\/www.usal.edu.ar\/virasoro\/wp-content\/uploads\/sites\/23\/2026\/04\/i2.jpg\" alt=\"\" class=\"wp-image-33\" srcset=\"https:\/\/www.usal.edu.ar\/virasoro\/wp-content\/uploads\/sites\/23\/2026\/04\/i2.jpg 600w, https:\/\/www.usal.edu.ar\/virasoro\/wp-content\/uploads\/sites\/23\/2026\/04\/i2-300x133.jpg 300w\" sizes=\"auto, (max-width: 600px) 100vw, 600px\" \/><\/figure>\n<\/figure>\n<\/div>\n\n\n\n<div class=\"wp-block-group has-global-padding is-layout-constrained wp-block-group-is-layout-constrained\">\n<div class=\"wp-block-group titulo1 has-global-padding is-layout-constrained wp-block-group-is-layout-constrained\" style=\"margin-top:var(--wp--preset--spacing--30);margin-bottom:var(--wp--preset--spacing--30)\">\n<h3 class=\"wp-block-heading has-text-align-center\" style=\"font-style:normal;font-weight:600;letter-spacing:-1.5px\">Laboratorios<\/h3>\n\n\n\n<hr class=\"wp-block-separator has-text-color has-primary-color has-alpha-channel-opacity has-primary-background-color has-background linea-base-titulo\" style=\"margin-bottom:var(--wp--preset--spacing--30)\" \/>\n<\/div>\n\n\n\n<p>El <strong>Campus San Roque Gonz\u00e1lez de Santa Cruz (Sede Virasoro) de la Universidad del Salvador<\/strong> dispone de <strong>3 laboratorios completamente equipados para la formaci\u00f3n pr\u00e1ctica de los estudiantes<\/strong>.<\/p>\n\n\n\n<p>Estos espacios permiten que los alumnos <strong>realicen pr\u00e1cticas acad\u00e9micas y apliquen los conocimientos te\u00f3ricos adquiridos en clase<\/strong>, fortaleciendo su formaci\u00f3n profesional mediante actividades experimentales y trabajo pr\u00e1ctico.<\/p>\n\n\n\n<figure class=\"wp-block-gallery has-nested-images columns-default is-cropped wp-block-gallery-2 is-layout-flex wp-block-gallery-is-layout-flex\">\n<figure class=\"wp-block-image size-full\"><img loading=\"lazy\" decoding=\"async\" width=\"600\" height=\"403\" data-id=\"32\" src=\"https:\/\/www.usal.edu.ar\/virasoro\/wp-content\/uploads\/sites\/23\/2026\/04\/i3.jpg\" alt=\"\" class=\"wp-image-32\" srcset=\"https:\/\/www.usal.edu.ar\/virasoro\/wp-content\/uploads\/sites\/23\/2026\/04\/i3.jpg 600w, https:\/\/www.usal.edu.ar\/virasoro\/wp-content\/uploads\/sites\/23\/2026\/04\/i3-300x202.jpg 300w\" sizes=\"auto, (max-width: 600px) 100vw, 600px\" \/><\/figure>\n\n\n\n<figure class=\"wp-block-image size-full\"><img loading=\"lazy\" decoding=\"async\" width=\"600\" height=\"403\" data-id=\"31\" src=\"https:\/\/www.usal.edu.ar\/virasoro\/wp-content\/uploads\/sites\/23\/2026\/04\/i4.jpg\" alt=\"\" class=\"wp-image-31\" srcset=\"https:\/\/www.usal.edu.ar\/virasoro\/wp-content\/uploads\/sites\/23\/2026\/04\/i4.jpg 600w, https:\/\/www.usal.edu.ar\/virasoro\/wp-content\/uploads\/sites\/23\/2026\/04\/i4-300x202.jpg 300w\" sizes=\"auto, (max-width: 600px) 100vw, 600px\" \/><\/figure>\n<\/figure>\n<\/div>\n\n\n\n<div class=\"wp-block-group has-global-padding is-layout-constrained wp-block-group-is-layout-constrained\">\n<div class=\"wp-block-group titulo1 has-global-padding is-layout-constrained wp-block-group-is-layout-constrained\" style=\"margin-top:var(--wp--preset--spacing--30);margin-bottom:var(--wp--preset--spacing--30)\">\n<h3 class=\"wp-block-heading has-text-align-center\" style=\"font-style:normal;font-weight:600;letter-spacing:-1.5px\">Biblioteca<\/h3>\n\n\n\n<hr class=\"wp-block-separator has-text-color has-primary-color has-alpha-channel-opacity has-primary-background-color has-background linea-base-titulo\" style=\"margin-bottom:var(--wp--preset--spacing--30)\" \/>\n<\/div>\n\n\n\n<p>El <strong>Campus San Roque Gonz\u00e1lez de Santa Cruz (Sede Virasoro) de la Universidad del Salvador<\/strong> cuenta con una <strong>biblioteca universitaria con recursos acad\u00e9micos y espacios de estudio para estudiantes<\/strong>.<\/p>\n\n\n\n<p>La biblioteca ofrece <strong>estanter\u00eda abierta<\/strong>, lo que permite a los alumnos acceder libremente a la bibliograf\u00eda disponible. Tambi\u00e9n dispone de <strong>terminales de autoconsulta<\/strong> con acceso al <strong>cat\u00e1logo en l\u00ednea, bases de datos digitales y distintos recursos de informaci\u00f3n acad\u00e9mica<\/strong>.<\/p>\n\n\n\n<p>Adem\u00e1s, el espacio incluye <strong>diferentes \u00e1reas de estudio<\/strong>, entre ellas:<\/p>\n\n\n\n<ul class=\"wp-block-list\">\n<li><strong>sala parlante<\/strong>, destinada al trabajo grupal<\/li>\n\n\n\n<li><strong>sala de lectura<\/strong>, para estudio individual<\/li>\n\n\n\n<li><strong>sala de Internet<\/strong>, con acceso a recursos digitales<\/li>\n<\/ul>\n\n\n\n<p>Estos espacios generan <strong>un entorno adecuado para el estudio, la investigaci\u00f3n y el trabajo colaborativo de los estudiantes<\/strong>.<\/p>\n\n\n\n<figure class=\"wp-block-gallery has-nested-images columns-default is-cropped wp-block-gallery-3 is-layout-flex wp-block-gallery-is-layout-flex\">\n<figure class=\"wp-block-image size-full\"><img loading=\"lazy\" decoding=\"async\" width=\"600\" height=\"330\" data-id=\"30\" src=\"https:\/\/www.usal.edu.ar\/virasoro\/wp-content\/uploads\/sites\/23\/2026\/04\/i5.jpg\" alt=\"\" class=\"wp-image-30\" srcset=\"https:\/\/www.usal.edu.ar\/virasoro\/wp-content\/uploads\/sites\/23\/2026\/04\/i5.jpg 600w, https:\/\/www.usal.edu.ar\/virasoro\/wp-content\/uploads\/sites\/23\/2026\/04\/i5-300x165.jpg 300w\" sizes=\"auto, (max-width: 600px) 100vw, 600px\" \/><\/figure>\n\n\n\n<figure class=\"wp-block-image size-full\"><img loading=\"lazy\" decoding=\"async\" width=\"600\" height=\"305\" data-id=\"29\" src=\"https:\/\/www.usal.edu.ar\/virasoro\/wp-content\/uploads\/sites\/23\/2026\/04\/i6.jpg\" alt=\"\" class=\"wp-image-29\" srcset=\"https:\/\/www.usal.edu.ar\/virasoro\/wp-content\/uploads\/sites\/23\/2026\/04\/i6.jpg 600w, https:\/\/www.usal.edu.ar\/virasoro\/wp-content\/uploads\/sites\/23\/2026\/04\/i6-300x153.jpg 300w\" sizes=\"auto, (max-width: 600px) 100vw, 600px\" \/><\/figure>\n\n\n\n<figure class=\"wp-block-image size-full\"><img loading=\"lazy\" decoding=\"async\" width=\"600\" height=\"292\" data-id=\"28\" src=\"https:\/\/www.usal.edu.ar\/virasoro\/wp-content\/uploads\/sites\/23\/2026\/04\/i7.jpg\" alt=\"\" class=\"wp-image-28\" srcset=\"https:\/\/www.usal.edu.ar\/virasoro\/wp-content\/uploads\/sites\/23\/2026\/04\/i7.jpg 600w, https:\/\/www.usal.edu.ar\/virasoro\/wp-content\/uploads\/sites\/23\/2026\/04\/i7-300x146.jpg 300w\" sizes=\"auto, (max-width: 600px) 100vw, 600px\" \/><\/figure>\n<\/figure>\n\n\n\n<figure class=\"wp-block-gallery has-nested-images columns-default is-cropped wp-block-gallery-4 is-layout-flex wp-block-gallery-is-layout-flex\">\n<figure class=\"wp-block-image size-full\"><img loading=\"lazy\" decoding=\"async\" width=\"600\" height=\"403\" data-id=\"27\" src=\"https:\/\/www.usal.edu.ar\/virasoro\/wp-content\/uploads\/sites\/23\/2026\/04\/i8.jpg\" alt=\"\" class=\"wp-image-27\" srcset=\"https:\/\/www.usal.edu.ar\/virasoro\/wp-content\/uploads\/sites\/23\/2026\/04\/i8.jpg 600w, https:\/\/www.usal.edu.ar\/virasoro\/wp-content\/uploads\/sites\/23\/2026\/04\/i8-300x202.jpg 300w\" sizes=\"auto, (max-width: 600px) 100vw, 600px\" \/><\/figure>\n\n\n\n<figure class=\"wp-block-image size-full\"><img loading=\"lazy\" decoding=\"async\" width=\"600\" height=\"403\" data-id=\"26\" src=\"https:\/\/www.usal.edu.ar\/virasoro\/wp-content\/uploads\/sites\/23\/2026\/04\/i9.jpg\" alt=\"\" class=\"wp-image-26\" srcset=\"https:\/\/www.usal.edu.ar\/virasoro\/wp-content\/uploads\/sites\/23\/2026\/04\/i9.jpg 600w, https:\/\/www.usal.edu.ar\/virasoro\/wp-content\/uploads\/sites\/23\/2026\/04\/i9-300x202.jpg 300w\" sizes=\"auto, (max-width: 600px) 100vw, 600px\" \/><\/figure>\n\n\n\n<figure class=\"wp-block-image size-full\"><img loading=\"lazy\" decoding=\"async\" width=\"600\" height=\"372\" data-id=\"25\" src=\"https:\/\/www.usal.edu.ar\/virasoro\/wp-content\/uploads\/sites\/23\/2026\/04\/i10.jpg\" alt=\"\" class=\"wp-image-25\" srcset=\"https:\/\/www.usal.edu.ar\/virasoro\/wp-content\/uploads\/sites\/23\/2026\/04\/i10.jpg 600w, https:\/\/www.usal.edu.ar\/virasoro\/wp-content\/uploads\/sites\/23\/2026\/04\/i10-300x186.jpg 300w\" sizes=\"auto, (max-width: 600px) 100vw, 600px\" \/><\/figure>\n<\/figure>\n<\/div>\n\n\n\n<p><\/p>\n","protected":false},"excerpt":{"rendered":"<p>El campus cuenta con aulas, aula magna, biblioteca, comedor estudiantil, laboratorios, sala de necropsia, sala de simulaci\u00f3n, cl\u00ednica de peque\u00f1os animales, barrio universitario y m\u00e1s. Aulas El Campus San Roque Gonz\u00e1lez de Santa Cruz (Sede Virasoro) de la Universidad del Salvador cuenta con 7 aulas destinadas al dictado de clases, dise\u00f1adas para el desarrollo de [&hellip;]<\/p>\n","protected":false},"author":5,"featured_media":0,"parent":0,"menu_order":0,"comment_status":"closed","ping_status":"closed","template":"","meta":{"footnotes":""},"class_list":["post-14","page","type-page","status-publish","hentry"],"_links":{"self":[{"href":"https:\/\/www.usal.edu.ar\/virasoro\/wp-json\/wp\/v2\/pages\/14","targetHints":{"allow":["GET"]}}],"collection":[{"href":"https:\/\/www.usal.edu.ar\/virasoro\/wp-json\/wp\/v2\/pages"}],"about":[{"href":"https:\/\/www.usal.edu.ar\/virasoro\/wp-json\/wp\/v2\/types\/page"}],"author":[{"embeddable":true,"href":"https:\/\/www.usal.edu.ar\/virasoro\/wp-json\/wp\/v2\/users\/5"}],"replies":[{"embeddable":true,"href":"https:\/\/www.usal.edu.ar\/virasoro\/wp-json\/wp\/v2\/comments?post=14"}],"version-history":[{"count":4,"href":"https:\/\/www.usal.edu.ar\/virasoro\/wp-json\/wp\/v2\/pages\/14\/revisions"}],"predecessor-version":[{"id":60,"href":"https:\/\/www.usal.edu.ar\/virasoro\/wp-json\/wp\/v2\/pages\/14\/revisions\/60"}],"wp:attachment":[{"href":"https:\/\/www.usal.edu.ar\/virasoro\/wp-json\/wp\/v2\/media?parent=14"}],"curies":[{"name":"wp","href":"https:\/\/api.w.org\/{rel}","templated":true}]}}