{"id":2,"date":"2026-04-16T16:48:52","date_gmt":"2026-04-16T14:48:52","guid":{"rendered":"https:\/\/www.usal.edu.ar\/virasoro\/?page_id=2"},"modified":"2026-04-16T16:48:49","modified_gmt":"2026-04-16T19:48:49","slug":"pagina-ejemplo","status":"publish","type":"page","link":"https:\/\/www.usal.edu.ar\/virasoro\/pagina-ejemplo\/","title":{"rendered":"Autoridades"},"content":{"rendered":"\n<div id=\"pagina-autoridades\" class=\"wp-block-group has-global-padding is-layout-constrained wp-block-group-is-layout-constrained\">\n<div class=\"wp-block-group is-layout-flow wp-container-core-group-is-layout-98ad658b wp-block-group-is-layout-flow\" style=\"margin-top:var(--wp--preset--spacing--30);margin-bottom:var(--wp--preset--spacing--30)\">\n<div class=\"wp-block-group is-layout-flow wp-container-core-group-is-layout-4d6465e4 wp-block-group-is-layout-flow\" style=\"margin-top:0;margin-bottom:0;padding-top:10px;padding-bottom:10px\">\n<div class=\"wp-block-group is-vertical is-content-justification-center is-layout-flex wp-container-core-group-is-layout-de19a45c wp-block-group-is-layout-flex\">\n<figure class=\"wp-block-image size-thumbnail is-resized is-style-rounded img-mini-autoridad\"><img loading=\"lazy\" decoding=\"async\" width=\"150\" height=\"150\" src=\"https:\/\/www.usal.edu.ar\/virasoro\/wp-content\/uploads\/sites\/23\/2026\/04\/MS-scaled-1-150x150.jpg\" alt=\"\" class=\"wp-image-55\" style=\"width:100px\" \/><\/figure>\n\n\n\n<p class=\"has-text-align-center\"><strong>Dra. Marina Julia Sansi\u00f1ena<br><\/strong>Decana Facultad de Ciencias Agrarias y Veterinarias<\/p>\n<\/div>\n\n\n\n<div class=\"wp-block-group is-vertical is-content-justification-center is-layout-flex wp-container-core-group-is-layout-de19a45c wp-block-group-is-layout-flex\">\n<figure class=\"wp-block-image size-full is-resized is-style-rounded img-mini-autoridad\"><img loading=\"lazy\" decoding=\"async\" width=\"360\" height=\"360\" src=\"https:\/\/www.usal.edu.ar\/virasoro\/wp-content\/uploads\/sites\/23\/2026\/04\/imagen-anonimo.png\" alt=\"\" class=\"wp-image-8\" style=\"width:100px\" srcset=\"https:\/\/www.usal.edu.ar\/virasoro\/wp-content\/uploads\/sites\/23\/2026\/04\/imagen-anonimo.png 360w, https:\/\/www.usal.edu.ar\/virasoro\/wp-content\/uploads\/sites\/23\/2026\/04\/imagen-anonimo-300x300.png 300w, https:\/\/www.usal.edu.ar\/virasoro\/wp-content\/uploads\/sites\/23\/2026\/04\/imagen-anonimo-150x150.png 150w\" sizes=\"auto, (max-width: 360px) 100vw, 360px\" \/><\/figure>\n\n\n\n<p class=\"has-text-align-center\"><strong>Ing. Ftal. Marcelo Vallejo<br><\/strong>Director de Administraci\u00f3n Campus San Roque Gonz\u00e1lez de Santa Cruz<\/p>\n<\/div>\n\n\n\n<div class=\"wp-block-group is-vertical is-content-justification-center is-layout-flex wp-container-core-group-is-layout-de19a45c wp-block-group-is-layout-flex\">\n<figure class=\"wp-block-image size-full is-resized is-style-rounded img-mini-autoridad\"><img loading=\"lazy\" decoding=\"async\" width=\"360\" height=\"360\" src=\"https:\/\/www.usal.edu.ar\/virasoro\/wp-content\/uploads\/sites\/23\/2026\/04\/imagen-anonimo.png\" alt=\"\" class=\"wp-image-8\" style=\"width:100px\" srcset=\"https:\/\/www.usal.edu.ar\/virasoro\/wp-content\/uploads\/sites\/23\/2026\/04\/imagen-anonimo.png 360w, https:\/\/www.usal.edu.ar\/virasoro\/wp-content\/uploads\/sites\/23\/2026\/04\/imagen-anonimo-300x300.png 300w, https:\/\/www.usal.edu.ar\/virasoro\/wp-content\/uploads\/sites\/23\/2026\/04\/imagen-anonimo-150x150.png 150w\" sizes=\"auto, (max-width: 360px) 100vw, 360px\" \/><\/figure>\n\n\n\n<p class=\"has-text-align-center\"><strong>M. V.  Juli\u00e1n Ascue<br><\/strong>Intendente del Campus San Roque Gonz\u00e1lez de Santa Cruz<\/p>\n<\/div>\n\n\n\n<div class=\"wp-block-group is-vertical is-content-justification-center is-layout-flex wp-container-core-group-is-layout-de19a45c wp-block-group-is-layout-flex\">\n<figure class=\"wp-block-image size-thumbnail is-resized is-style-rounded img-mini-autoridad\"><img loading=\"lazy\" decoding=\"async\" width=\"150\" height=\"150\" src=\"https:\/\/www.usal.edu.ar\/virasoro\/wp-content\/uploads\/sites\/23\/2026\/04\/Myriam-297x300-1-150x150.jpg\" alt=\"\" class=\"wp-image-56\" style=\"width:100px\" \/><\/figure>\n\n\n\n<p class=\"has-text-align-center\"><strong>M. V. Myriam Elizabeth Rojas<br><\/strong>Directora Carrera de Veterinaria<\/p>\n<\/div>\n\n\n\n<div class=\"wp-block-group is-vertical is-content-justification-center is-layout-flex wp-container-core-group-is-layout-de19a45c wp-block-group-is-layout-flex\">\n<figure class=\"wp-block-image size-thumbnail is-resized is-style-rounded img-mini-autoridad\"><img loading=\"lazy\" decoding=\"async\" width=\"150\" height=\"150\" src=\"https:\/\/www.usal.edu.ar\/virasoro\/wp-content\/uploads\/sites\/23\/2026\/04\/BR-1-300x290-1-150x150.jpg\" alt=\"\" class=\"wp-image-57\" style=\"width:100px\" \/><\/figure>\n\n\n\n<p class=\"has-text-align-center\"><strong>Ing. Agr. Mar\u00eda Bel\u00e9n Rossner<br><\/strong>Directora Carrera de Agronomia<\/p>\n<\/div>\n\n\n\n<div class=\"wp-block-group is-vertical is-content-justification-center is-layout-flex wp-container-core-group-is-layout-de19a45c wp-block-group-is-layout-flex\">\n<figure class=\"wp-block-image size-full is-resized is-style-rounded img-mini-autoridad\"><img loading=\"lazy\" decoding=\"async\" width=\"360\" height=\"360\" src=\"https:\/\/www.usal.edu.ar\/virasoro\/wp-content\/uploads\/sites\/23\/2026\/04\/imagen-anonimo.png\" alt=\"\" class=\"wp-image-8\" style=\"width:100px\" srcset=\"https:\/\/www.usal.edu.ar\/virasoro\/wp-content\/uploads\/sites\/23\/2026\/04\/imagen-anonimo.png 360w, https:\/\/www.usal.edu.ar\/virasoro\/wp-content\/uploads\/sites\/23\/2026\/04\/imagen-anonimo-300x300.png 300w, https:\/\/www.usal.edu.ar\/virasoro\/wp-content\/uploads\/sites\/23\/2026\/04\/imagen-anonimo-150x150.png 150w\" sizes=\"auto, (max-width: 360px) 100vw, 360px\" \/><\/figure>\n\n\n\n<p class=\"has-text-align-center\"><strong>Ing. Agr. Mariana Mathot<br><\/strong>Secretaria Acad\u00e9mica de la Delegaci\u00f3n<\/p>\n<\/div>\n\n\n\n<div class=\"wp-block-group is-vertical is-content-justification-center is-layout-flex wp-container-core-group-is-layout-de19a45c wp-block-group-is-layout-flex\">\n<figure class=\"wp-block-image size-full is-resized is-style-rounded img-mini-autoridad\"><img loading=\"lazy\" decoding=\"async\" width=\"360\" height=\"360\" src=\"https:\/\/www.usal.edu.ar\/virasoro\/wp-content\/uploads\/sites\/23\/2026\/04\/imagen-anonimo.png\" alt=\"\" class=\"wp-image-8\" style=\"width:100px\" srcset=\"https:\/\/www.usal.edu.ar\/virasoro\/wp-content\/uploads\/sites\/23\/2026\/04\/imagen-anonimo.png 360w, https:\/\/www.usal.edu.ar\/virasoro\/wp-content\/uploads\/sites\/23\/2026\/04\/imagen-anonimo-300x300.png 300w, https:\/\/www.usal.edu.ar\/virasoro\/wp-content\/uploads\/sites\/23\/2026\/04\/imagen-anonimo-150x150.png 150w\" sizes=\"auto, (max-width: 360px) 100vw, 360px\" \/><\/figure>\n\n\n\n<p class=\"has-text-align-center\"><strong>Sra. Karin Vanesa Reichelt<br><\/strong>Secretaria Administrativa<\/p>\n<\/div>\n<\/div>\n<\/div>\n<\/div>\n","protected":false},"excerpt":{"rendered":"<p>Dra. Marina Julia Sansi\u00f1enaDecana Facultad de Ciencias Agrarias y Veterinarias Ing. Ftal. Marcelo VallejoDirector de Administraci\u00f3n Campus San Roque Gonz\u00e1lez de Santa Cruz M. V. Juli\u00e1n AscueIntendente del Campus San Roque Gonz\u00e1lez de Santa Cruz M. V. Myriam Elizabeth RojasDirectora Carrera de Veterinaria Ing. Agr. Mar\u00eda Bel\u00e9n RossnerDirectora Carrera de Agronomia Ing. Agr. Mariana MathotSecretaria [&hellip;]<\/p>\n","protected":false},"author":5,"featured_media":0,"parent":0,"menu_order":0,"comment_status":"closed","ping_status":"open","template":"","meta":{"footnotes":""},"class_list":["post-2","page","type-page","status-publish","hentry"],"_links":{"self":[{"href":"https:\/\/www.usal.edu.ar\/virasoro\/wp-json\/wp\/v2\/pages\/2","targetHints":{"allow":["GET"]}}],"collection":[{"href":"https:\/\/www.usal.edu.ar\/virasoro\/wp-json\/wp\/v2\/pages"}],"about":[{"href":"https:\/\/www.usal.edu.ar\/virasoro\/wp-json\/wp\/v2\/types\/page"}],"author":[{"embeddable":true,"href":"https:\/\/www.usal.edu.ar\/virasoro\/wp-json\/wp\/v2\/users\/5"}],"replies":[{"embeddable":true,"href":"https:\/\/www.usal.edu.ar\/virasoro\/wp-json\/wp\/v2\/comments?post=2"}],"version-history":[{"count":6,"href":"https:\/\/www.usal.edu.ar\/virasoro\/wp-json\/wp\/v2\/pages\/2\/revisions"}],"predecessor-version":[{"id":62,"href":"https:\/\/www.usal.edu.ar\/virasoro\/wp-json\/wp\/v2\/pages\/2\/revisions\/62"}],"wp:attachment":[{"href":"https:\/\/www.usal.edu.ar\/virasoro\/wp-json\/wp\/v2\/media?parent=2"}],"curies":[{"name":"wp","href":"https:\/\/api.w.org\/{rel}","templated":true}]}}